{"id":29318,"date":"2026-03-11T22:15:15","date_gmt":"2026-03-11T20:15:15","guid":{"rendered":"https:\/\/aivie.ch\/product\/mautic-crm-mobile-app-mautic-crm-liikkeellae-mukana\/"},"modified":"2026-04-08T19:45:34","modified_gmt":"2026-04-08T17:45:34","slug":"mautic-crm-mobile-app-mautic-crm-liikkeellae-mukana","status":"publish","type":"product","link":"https:\/\/aivie.ch\/fi\/tuote\/mautic-crm-mobile-app-mautic-crm-liikkeellae-mukana\/","title":{"rendered":"Aivie Mautic App \u2013 Mautic CRM liikkeell\u00e4 ollessasi"},"content":{"rendered":"<p data-start=\"353\" data-end=\"554\"><strong data-start=\"361\" data-end=\"382\">Aivien Mautic-sovellus<\/strong> tekee <strong data-start=\"403\" data-end=\"417\">Mautic CRM<\/strong>:st\u00e4 <strong data-start=\"403\" data-end=\"417\">todella<\/strong> mobiilin. Hallinnoi yhteystietoja, kirjoita muistiinpanoja tai s\u00e4\u00e4d\u00e4 liidien tilaa \u2013 kaikki suoraan \u00e4lypuhelimesta tai tabletista. <\/p>\n<p data-start=\"556\" data-end=\"858\">Monet markkinointi- ja myyntitiimit eiv\u00e4t en\u00e4\u00e4 ty\u00f6skentele vain ty\u00f6p\u00f6yd\u00e4n \u00e4\u00e4ress\u00e4. Keskustelut asiakkaiden kanssa, tapahtumat tai spontaanit tapaamiset tapahtuvat liikkeell\u00e4. Juuri t\u00e4ss\u00e4 kohtaa Mauticin mobiilisovellus tulee kuvaan: se tuo Mautic CRM:n t\u00e4rkeimm\u00e4t toiminnot selke\u00e4\u00e4n, mobiilik\u00e4ytt\u00f6\u00f6n optimoituun k\u00e4ytt\u00f6liittym\u00e4\u00e4n.  <\/p>\n<p data-start=\"860\" data-end=\"1088\">Asiakastapaamisen j\u00e4lkeen voit heti tallentaa muistiinpanon, p\u00e4ivitt\u00e4\u00e4 suppilon tilan tai m\u00e4\u00e4ritt\u00e4\u00e4 vastuullisen omistajan. N\u00e4in CRM-tietosi pysyv\u00e4t ajan tasalla ja tiimisi ty\u00f6skentelee samojen tietojen pohjalta. <\/p>\n<p data-start=\"1090\" data-end=\"1298\">Sovellus voidaan asentaa verkkosovelluksena \u00e4lypuhelimeesi, ja se tuntuu natiivilta sovellukselta. T\u00e4m\u00e4 tarkoittaa, ett\u00e4 sinulla on Mautic CRM aina k\u00e4sill\u00e4si \u2013 olitpa sitten toimistossa, junassa tai asiakkaan luona. <\/p>\n<h2 data-section-id=\"1ylugqj\" data-start=\"1305\" data-end=\"1349\">Mautic-sovelluksen t\u00e4rke\u00e4t toiminnot<\/h2>\n<p data-start=\"1351\" data-end=\"1473\"><strong data-start=\"1351\" data-end=\"1378\">Etsi yhteystietoja nopeasti<\/strong><br data-start=\"1378\" data-end=\"1381\">Etsi yhteystietoja nopealla tyyppihauilla ja avaa niiden tiedot vain muutamalla napsautuksella.<\/p>\n<p data-start=\"1475\" data-end=\"1631\"><strong data-start=\"1475\" data-end=\"1510\">Yhteydenottotoiminnot yhdell\u00e4 silm\u00e4yksell\u00e4<\/strong><br data-start=\"1510\" data-end=\"1513\">N\u00e4yt\u00e4 merkitykselliset toiminnot, kuten s\u00e4hk\u00f6postivuorovaikutukset, sivuk\u00e4ynnit tai lomaketoiminnot, selke\u00e4sti ajan mittaan.<\/p>\n<p data-start=\"1633\" data-end=\"1765\"><strong data-start=\"1633\" data-end=\"1673\">Tallenna muistiinpanot suoraan yhteystiedoista<\/strong><br data-start=\"1673\" data-end=\"1676\">Tallenna puhelun muistiinpanot heti kokouksen j\u00e4lkeen ja muokkaa niit\u00e4 tarvittaessa my\u00f6hemmin.<\/p>\n<p data-start=\"1767\" data-end=\"1892\"><strong data-start=\"1767\" data-end=\"1804\">Hallitse myyntisuppiloa ja vaiheita<\/strong><br data-start=\"1804\" data-end=\"1807\">Muuta liidien tilaa nopeasti ja helposti optimoidun vaihevalinnan avulla.<\/p>\n<p data-start=\"1894\" data-end=\"2016\"><strong data-start=\"1894\" data-end=\"1944\">Vaihda omistajaa ja s\u00e4\u00e4d\u00e4 vastuualueita<\/strong><br data-start=\"1944\" data-end=\"1947\">M\u00e4\u00e4rit\u00e4 yhteystiedot toiselle omistajalle suoraan mobiilin\u00e4kym\u00e4st\u00e4.<\/p>\n<p data-start=\"2018\" data-end=\"2176\"><strong data-start=\"2018\" data-end=\"2049\">Hallitse tunnisteita ja segmenttej\u00e4<\/strong><br data-start=\"2049\" data-end=\"2052\">Lis\u00e4\u00e4 tai poista tunnisteita \u00e4lykk\u00e4\u00e4n haun avulla. Yhteystietoja voidaan my\u00f6s lis\u00e4t\u00e4 suoraan segmentteihin. <\/p>\n<p data-start=\"2178\" data-end=\"2285\"><strong data-start=\"2178\" data-end=\"2205\">Muokkaa yhteystietoja<\/strong><br data-start=\"2205\" data-end=\"2208\">Muokkaa t\u00e4rkeit\u00e4 kentti\u00e4, kuten nime\u00e4, s\u00e4hk\u00f6postia tai muita yhteystietoja.<\/p>\n<p data-start=\"2287\" data-end=\"2399\"><strong data-start=\"2287\" data-end=\"2312\">Avaa osoite suoraan<\/strong><br data-start=\"2312\" data-end=\"2315\">Avaa tallennetut osoitteet suoraan Google Mapsissa ja siirry seuraavaan tapaamiseen.<\/p>\n<p data-start=\"2401\" data-end=\"2513\"><strong data-start=\"2401\" data-end=\"2442\">Komentopaletti nopeita toimintoja varten<\/strong><br data-start=\"2442\" data-end=\"2445\">T\u00e4rkeisiin toimintoihin p\u00e4\u00e4see nopeasti k\u00e4skypaletin avulla.<\/p>\n<p data-start=\"2515\" data-end=\"2641\"><strong data-start=\"2515\" data-end=\"2544\">Asennettava mobiilisovellus<\/strong><br data-start=\"2544\" data-end=\"2547\">Sovellus voidaan asentaa \u00e4lypuhelimeen, ja se k\u00e4ytt\u00e4ytyy kuin natiivisovellus.<\/p>\n<p data-start=\"2515\" data-end=\"2641\">Rikastuta <strong>yhteystietoja teko\u00e4lyll\u00e4<\/strong><br \/>\nOta t\u00e4ydelliset yhteystiedot Aivie Contact Enrichment with Gemini AI:n avulla.<\/p>\n<h2 data-section-id=\"vmvucs\" data-start=\"0\" data-end=\"60\">Ymm\u00e4rr\u00e4 todella yhteystietojasi \u2013 ilman manuaalista ty\u00f6t\u00e4<\/h2>\n<p data-start=\"62\" data-end=\"561\">Puutteelliset yhteystiedot vaikeuttavat kohdennettuja kampanjoita ja viev\u00e4t aikaa manuaaliseen tutkimukseen. Gemini AI:hen perustuvan Aivie Contact Enrichment -ominaisuuden avulla yhteystietosi rikastetaan automaattisesti merkityksellisill\u00e4 tiedoilla ja laajennetaan mielekk\u00e4iksi profiileiksi. N\u00e4in voit paremmin segmentoida, personoida ja tehd\u00e4 tietoon perustuvia p\u00e4\u00e4t\u00f6ksi\u00e4 \u2013 ilman ylim\u00e4\u00e4r\u00e4ist\u00e4 vaivaa ja suoraan nykyisiss\u00e4 markkinointiprosesseissasi.  <\/p>\n<h2 data-section-id=\"113mv85\" data-start=\"2648\" data-end=\"2692\">Miksi Mautic-sovellus on j\u00e4rkev\u00e4<\/h2>\n<p data-start=\"2694\" data-end=\"2851\">Monet yritykset k\u00e4ytt\u00e4v\u00e4t Mauticia menestyksekk\u00e4\u00e4sti markkinoinnin automatisointiin. Arkiel\u00e4m\u00e4ss\u00e4 ei kuitenkaan useinkaan ole yksinkertaista tapaa k\u00e4sitell\u00e4 yhteystietoja liikkeell\u00e4 ollessa. <\/p>\n<p data-start=\"2853\" data-end=\"2989\">Mautic Mobile App t\u00e4ytt\u00e4\u00e4 juuri t\u00e4m\u00e4n puutteen. Se t\u00e4ydent\u00e4\u00e4 <strong data-start=\"2921\" data-end=\"2935\">Mautic CRM:<\/strong> \u00e4\u00e4si myynnin ja markkinoinnin <strong data-start=\"2921\" data-end=\"2935\">mobiilik\u00e4ytt\u00f6liittym\u00e4ll\u00e4.<\/strong>  <\/p>\n<p data-start=\"2991\" data-end=\"3004\">T\u00e4m\u00e4 johtaa:<\/p>\n<ul data-start=\"3006\" data-end=\"3162\">\n<li data-section-id=\"yr1au4\" data-start=\"3006\" data-end=\"3031\">\n<p data-start=\"3008\" data-end=\"3031\">ajantasaisemmat CRM-tiedot<\/p>\n<\/li>\n<li data-section-id=\"bjx36p\" data-start=\"3032\" data-end=\"3069\">\n<p data-start=\"3034\" data-end=\"3069\">johtolankojen nopeampi k\u00e4sittely<\/p>\n<\/li>\n<li data-section-id=\"3e0nh1\" data-start=\"3070\" data-end=\"3129\">\n<p data-start=\"3072\" data-end=\"3129\">parempi yhteisty\u00f6 markkinoinnin ja myynnin v\u00e4lill\u00e4<\/p>\n<\/li>\n<li data-section-id=\"s7y1yh\" data-start=\"3130\" data-end=\"3162\">\n<p data-start=\"3132\" data-end=\"3162\">v\u00e4hemm\u00e4n unohdettuja seurantak\u00e4yntej\u00e4<\/p>\n<\/li>\n<\/ul>\n<h2 data-section-id=\"qmxusn\" data-start=\"3169\" data-end=\"3214\">Kenelle Mautic-sovellus sopii?<\/h2>\n<p data-start=\"3216\" data-end=\"3264\">Mautic Mobile -sovellus soveltuu erityisesti:<\/p>\n<ul data-start=\"3266\" data-end=\"3514\">\n<li data-section-id=\"19u3jkq\" data-start=\"3266\" data-end=\"3321\">\n<p data-start=\"3268\" data-end=\"3321\">Markkinointip\u00e4\u00e4llik\u00f6t, jotka hoitavat liidit ja yhteystiedot<\/p>\n<\/li>\n<li data-section-id=\"hge5mz\" data-start=\"3322\" data-end=\"3378\">\n<p data-start=\"3324\" data-end=\"3378\">Myyntitiimit pit\u00e4v\u00e4t asiakastapaamisia tien p\u00e4\u00e4ll\u00e4<\/p>\n<\/li>\n<li data-section-id=\"1188po8\" data-start=\"3379\" data-end=\"3448\">\n<p data-start=\"3381\" data-end=\"3448\">Yritykset, jotka k\u00e4ytt\u00e4v\u00e4t <strong data-start=\"3402\" data-end=\"3416\">Mautic CRM:<\/strong> \u00e4\u00e4 aktiivisesti <strong data-start=\"3402\" data-end=\"3416\">myyntiprosessissa.<\/strong> <\/p>\n<\/li>\n<li data-section-id=\"8n4j6x\" data-start=\"3449\" data-end=\"3514\">\n<p data-start=\"3451\" data-end=\"3514\">Tiimit, jotka haluavat p\u00e4ivitt\u00e4\u00e4 CRM-tietoja suoraan kokousten j\u00e4lkeen.<\/p>\n<\/li>\n<\/ul>\n<h2 data-section-id=\"zvf36w\" data-start=\"3521\" data-end=\"3536\">Lisenssimalli<\/h2>\n<p data-start=\"3538\" data-end=\"3621\"><strong data-start=\"3542\" data-end=\"3563\">Mautic Mobile App<\/strong> -sovellusta <strong data-start=\"3542\" data-end=\"3563\">tarjotaan<\/strong> <strong data-start=\"3573\" data-end=\"3610\">k\u00e4ytt\u00e4j\u00e4kohtaisena ja kuukausittaisena lisenssin\u00e4.<\/strong> <\/p>\n<p data-start=\"3623\" data-end=\"3834\">Jokainen henkil\u00f6, joka k\u00e4ytt\u00e4\u00e4 sovellusta ja jolla on p\u00e4\u00e4sy Mautic CRM -sovellukseen, tarvitsee oman lisenssin. N\u00e4in k\u00e4ytt\u00f6 pysyy l\u00e4pin\u00e4kyv\u00e4n\u00e4 ja sit\u00e4 voidaan mukauttaa joustavasti tiimisi kokoon. <\/p>\n<p data-start=\"3836\" data-end=\"3904\">Lisenssien m\u00e4\u00e4r\u00e4\u00e4 voidaan lis\u00e4t\u00e4 tai v\u00e4hent\u00e4\u00e4 milloin tahansa.<\/p>\n<p data-start=\"3836\" data-end=\"3904\"><a href=\"https:\/\/aivie.ch\/fi\/yleiset-ehdot\/\" target=\"_blank\" rel=\"noopener noreferrer\">Sovelletaan yleisi\u00e4<\/a> k\u00e4ytt\u00f6ehtojamme.<\/p>\n","protected":false},"excerpt":{"rendered":"<p>Aivie Mautic -sovelluksen avulla voit k\u00e4ytt\u00e4\u00e4 Mautic CRM:\u00e4\u00e4si my\u00f6s matkalla. P\u00e4\u00e4set k\u00e4siksi yhteystietoihin, voit p\u00e4ivitt\u00e4\u00e4 liidit, kirjata muistiinpanoja tapaamisten j\u00e4lkeen ja pit\u00e4\u00e4 myyntisuppiloasi aina silm\u00e4ll\u00e4 \u2013 optimoitu \u00e4lypuhelimille ja tableteille. <\/p>\n","protected":false},"featured_media":29319,"comment_status":"closed","ping_status":"closed","template":"","meta":{"_acf_changed":false},"product_brand":[],"product_cat":[1275,968,1375],"product_tag":[1644,972,1643,973],"class_list":{"0":"post-29318","1":"product","2":"type-product","3":"status-publish","4":"has-post-thumbnail","6":"product_cat-lisaeosa","7":"product_cat-mautic-liitaennaeinen","8":"product_cat-valkoinen-etiketti","9":"product_tag-app","10":"product_tag-crm-fi","11":"product_tag-mobiili","12":"product_tag-myynti","14":"first","15":"instock","16":"virtual","17":"taxable","18":"purchasable","19":"product-type-subscription"},"acf":[],"featured_image_urls_v2":{"full":["https:\/\/cdn.aivie.ch\/media\/wp\/2026\/03\/11221449\/mobile-crm-mautic-aivie-app-robert.png",1200,800,false],"thumbnail":["https:\/\/cdn.aivie.ch\/media\/wp\/2026\/03\/11221449\/mobile-crm-mautic-aivie-app-robert-240x240.png",240,240,true],"medium":["https:\/\/cdn.aivie.ch\/media\/wp\/2026\/03\/11221449\/mobile-crm-mautic-aivie-app-robert-960x640.png",960,640,true],"medium_large":["https:\/\/cdn.aivie.ch\/media\/wp\/2026\/03\/11221449\/mobile-crm-mautic-aivie-app-robert-768x512.png",768,512,true],"large":["https:\/\/cdn.aivie.ch\/media\/wp\/2026\/03\/11221449\/mobile-crm-mautic-aivie-app-robert.png",990,660,false],"post-thumbnail":["https:\/\/cdn.aivie.ch\/media\/wp\/2026\/03\/11221449\/mobile-crm-mautic-aivie-app-robert.png",1200,800,false],"aiv_480w":["https:\/\/cdn.aivie.ch\/media\/wp\/2026\/03\/11221449\/mobile-crm-mautic-aivie-app-robert-480x320.png",480,320,true],"woocommerce_thumbnail":["https:\/\/cdn.aivie.ch\/media\/wp\/2026\/03\/11221449\/mobile-crm-mautic-aivie-app-robert-240x240.png",240,240,true],"woocommerce_single":["https:\/\/cdn.aivie.ch\/media\/wp\/2026\/03\/11221449\/mobile-crm-mautic-aivie-app-robert-960x640.png",960,640,true],"woocommerce_gallery_thumbnail":["https:\/\/cdn.aivie.ch\/media\/wp\/2026\/03\/11221449\/mobile-crm-mautic-aivie-app-robert-240x240.png",240,240,true]},"post_excerpt_stackable_v2":"<p>Aivie Mautic -sovelluksen avulla voit k\u00e4ytt\u00e4\u00e4 Mautic CRM:\u00e4\u00e4si my\u00f6s matkalla. P\u00e4\u00e4set k\u00e4siksi yhteystietoihin, voit p\u00e4ivitt\u00e4\u00e4 liidit, kirjata muistiinpanoja tapaamisten j\u00e4lkeen ja pit\u00e4\u00e4 myyntisuppiloasi aina silm\u00e4ll\u00e4 \u2013 optimoitu \u00e4lypuhelimille ja tableteille. <\/p>\n","category_list_v2":"","author_info_v2":{"name":"","url":""},"comments_num_v2":"0 comments","_links":{"self":[{"href":"https:\/\/aivie.ch\/fi\/wp-json\/wp\/v2\/product\/29318","targetHints":{"allow":["GET"]}}],"collection":[{"href":"https:\/\/aivie.ch\/fi\/wp-json\/wp\/v2\/product"}],"about":[{"href":"https:\/\/aivie.ch\/fi\/wp-json\/wp\/v2\/types\/product"}],"replies":[{"embeddable":true,"href":"https:\/\/aivie.ch\/fi\/wp-json\/wp\/v2\/comments?post=29318"}],"wp:featuredmedia":[{"embeddable":true,"href":"https:\/\/aivie.ch\/fi\/wp-json\/wp\/v2\/media\/29319"}],"wp:attachment":[{"href":"https:\/\/aivie.ch\/fi\/wp-json\/wp\/v2\/media?parent=29318"}],"wp:term":[{"taxonomy":"product_brand","embeddable":true,"href":"https:\/\/aivie.ch\/fi\/wp-json\/wp\/v2\/product_brand?post=29318"},{"taxonomy":"product_cat","embeddable":true,"href":"https:\/\/aivie.ch\/fi\/wp-json\/wp\/v2\/product_cat?post=29318"},{"taxonomy":"product_tag","embeddable":true,"href":"https:\/\/aivie.ch\/fi\/wp-json\/wp\/v2\/product_tag?post=29318"}],"curies":[{"name":"wp","href":"https:\/\/api.w.org\/{rel}","templated":true}]}}