{"id":29063,"date":"2026-02-27T17:55:20","date_gmt":"2026-02-27T15:55:20","guid":{"rendered":"https:\/\/aivie.ch\/product\/lisaeosa-aivie-big-query-integraatio\/"},"modified":"2026-03-11T22:29:35","modified_gmt":"2026-03-11T20:29:35","slug":"lisaeosa-aivie-big-query-integraatio","status":"publish","type":"product","link":"https:\/\/aivie.ch\/fi\/tuote\/lisaeosa-aivie-big-query-integraatio\/","title":{"rendered":"Lis\u00e4osa: Aivie BigQuery integraatio"},"content":{"rendered":"<p data-start=\"30\" data-end=\"128\">K\u00e4yt\u00e4 Aivie-tietojasi suoraan Google BigQueryss\u00e4 analysointiin, raportointiin ja konversioseurantaan.<\/p>\n<p data-start=\"130\" data-end=\"375\">Aivie BigQuery -integraation avulla markkinoinnin automaation tiedot ovat saatavilla j\u00e4sennellyss\u00e4 muodossa Google BigQueryss\u00e4. N\u00e4in voit joustavasti analysoida kampanjoita, yhteystietoja, tapahtumia ja konversioita sek\u00e4 yhdist\u00e4\u00e4 niit\u00e4 muihin tietol\u00e4hteisiin. <\/p>\n<p data-start=\"377\" data-end=\"559\">Integraatio on suunnattu teknisesti taitaville markkinoijille, datatiimeille ja suorituskyvyn johtajille, jotka haluavat paitsi n\u00e4hd\u00e4 markkinointitietonsa my\u00f6s k\u00e4ytt\u00e4\u00e4 niit\u00e4 strategisesti.<\/p>\n<h2 data-start=\"0\" data-end=\"17\">Mik\u00e4 on BigQuery?<\/h2>\n<p data-start=\"19\" data-end=\"532\" data-is-last-node=\"\" data-is-only-node=\"\">BigQuery on Google Cloudin palvelimet\u00f6n tietovarasto. Sen avulla voidaan analysoida suuria m\u00e4\u00e4ri\u00e4 strukturoitua markkinointi- ja liiketoimintatietoa sekunneissa. <\/p>\n<p data-start=\"19\" data-end=\"532\" data-is-last-node=\"\" data-is-only-node=\"\">Aivien yhteydess\u00e4 t\u00e4m\u00e4 tarkoittaa, ett\u00e4 kampanjat, yhteystiedot, tapahtumat ja konversiotiedot voidaan vied\u00e4 j\u00e4sennellysti ja yhdist\u00e4\u00e4 muihin tietol\u00e4hteisiin, kuten Google Ads, Meta Ads, web-analytiikka, CRM- tai ERP-j\u00e4rjestelmiin. N\u00e4in luodaan keskitetty, konsolidoitu markkinointitietokanta. <\/p>\n<h2 data-start=\"561\" data-end=\"592\">Mit\u00e4 Aivie BigQuery -integraatio mahdollistaa?<\/h2>\n<p data-start=\"594\" data-end=\"878\">\u2013 Aivie-tietojen vienti Google BigQueryyn<br data-start=\"639\" data-end=\"642\">\u2013 Tietojen k\u00e4ytt\u00f6 kojelautaty\u00f6kaluissa, kuten Looker Studiossa<br data-start=\"693\" data-end=\"696\">\u2013 Synkronointi Google Sheetsiss\u00e4<br data-start=\"733\" data-end=\"736\">\u2013 Yhdist\u00e4minen Google Ads, GA4, CRM- tai ERP-tietoihin<br data-start=\"789\" data-end=\"792\">\u2013 Omien attribuutiomallien rakentaminen<br data-start=\"828\" data-end=\"831\">\u2013 Yksil\u00f6lliset SQL-analyysit raakadatan perusteella.<\/p>\n<h2 data-start=\"880\" data-end=\"910\">Tietosuoja ja PII-peitt\u00e4minen<\/h2>\n<p data-start=\"912\" data-end=\"1033\">Keskeinen etu on mahdollisuus anonymisoida tai pseudonymisoida henkil\u00f6tietoja hallitusti.<\/p>\n<p data-start=\"1035\" data-end=\"1310\">\u2013 S\u00e4hk\u00f6postiosoitteet voidaan hajauttaa<br data-start=\"1075\" data-end=\"1078\">\u2013 Henkil\u00f6tiedot voidaan peitt\u00e4\u00e4 tai v\u00e4hent\u00e4\u00e4<br data-start=\"1140\" data-end=\"1143\">\u2013 Konversion kannalta merkitykselliset tunnisteet, kuten gclid, voidaan k\u00e4sitell\u00e4 puhtaasti<br data-start=\"1219\" data-end=\"1222\">\u2013 Hajautusarvot voidaan siirt\u00e4\u00e4 suoraan mainosalustoihin, kuten Google Ads, tehostettua konversioseurantaa varten.<\/p>\n<p data-start=\"1312\" data-end=\"1462\">N\u00e4in voidaan yhdist\u00e4\u00e4 markkinoinnin tehokkuus ja tietosuoja. Konversioseuranta pysyy t\u00e4sm\u00e4llisen\u00e4, kun taas arkaluonteiset tiedot ovat suojattuja. <\/p>\n<h2 data-start=\"1464\" data-end=\"1479\">Liiketoiminnan edut<\/h2>\n<p data-start=\"1481\" data-end=\"1529\">Paremmat tiedot johtavat parempiin p\u00e4\u00e4t\u00f6ksiin.<\/p>\n<p data-start=\"1531\" data-end=\"1576\">Aivie BigQuery -integraation avulla voit:<\/p>\n<p data-start=\"1578\" data-end=\"1851\">\u2013 Mittaa markkinoinnin ROI tarkasti<br data-start=\"1608\" data-end=\"1611\">\u2013 Analysoi kampanjan suorituskyky\u00e4 eri kanavissa<br data-start=\"1664\" data-end=\"1667\">\u2013 Jaa budjetti tehokkaammin<br data-start=\"1697\" data-end=\"1700\">\u2013 Kehit\u00e4 omia KPI:it\u00e4 ja tulostusmalleja<br data-start=\"1742\" data-end=\"1745\">\u2013 M\u00e4\u00e4rit\u00e4 attribuutio riippumattomasti vakioty\u00f6kaluista<br data-start=\"1797\" data-end=\"1800\">\u2013 Tarjoa johdon kojelautoja reaaliajassa.<\/p>\n<p data-start=\"1853\" data-end=\"1938\">Erillisten raporttien sijaan luodaan keskitetty markkinointitietokanta.<\/p>\n<h2 data-start=\"1940\" data-end=\"1964\">Tyypilliset k\u00e4ytt\u00f6tapaukset<\/h2>\n<p data-start=\"1966\" data-end=\"2233\">\u2013 Markkinoinnin suorituskykyraportointi Looker Studion avulla<br data-start=\"2017\" data-end=\"2020\">\u2013 Aivien liidien yhdist\u00e4minen Google Ads -kustannuksiin<br data-start=\"2075\" data-end=\"2078\">\u2013 Oman asiakkaan elinkaariarvomallin rakentaminen<br data-start=\"2132\" data-end=\"2135\">\u2013 Markkinoinnin tietovarastostrategia<br data-start=\"2175\" data-end=\"2178\">\u2013 Datan valmistelu BI:t\u00e4 tai koneoppimista varten.<\/p>\n<h2 data-start=\"2235\" data-end=\"2265\">Asennus ja saatavuus<\/h2>\n<p data-start=\"2267\" data-end=\"2349\">Integrointi r\u00e4\u00e4t\u00e4l\u00f6id\u00e4\u00e4n sinun asetuksiisi sopivaksi. Aivie tukee sinua: <\/p>\n<p data-start=\"2351\" data-end=\"2510\">\u2013 Arkkitehtuurin suunnittelu<br data-start=\"2371\" data-end=\"2374\">\u2013 BigQuery-tietokokonaisuuden rakenne<br data-start=\"2401\" data-end=\"2404\">\u2013 Kenttien kartoitus ja hash-strategia<br data-start=\"2437\" data-end=\"2440\">\u2013 Tietosuojauskonsepti<br data-start=\"2464\" data-end=\"2467\">\u2013 Automaattisen viennin m\u00e4\u00e4ritt\u00e4minen.<\/p>\n<h2 data-start=\"2512\" data-end=\"2522\">Kohderyhm\u00e4<\/h2>\n<p data-start=\"2524\" data-end=\"2729\">\u2013 Google Ads -mainoksiin keskittyv\u00e4t markkinoijat<br data-start=\"2567\" data-end=\"2570\">\u2013 Markkinointitoimintojen tiimit<br data-start=\"2598\" data-end=\"2601\">\u2013 Markkinoinnin data-analyytikot<br data-start=\"2629\" data-end=\"2632\">\u2013 Yritykset, joilla on tietovarastostrategia<br data-start=\"2674\" data-end=\"2677\">\u2013 Organisaatiot, joilla on lis\u00e4\u00e4ntyneet tietosuojavaatimukset.<\/p>\n<p data-start=\"2731\" data-end=\"2872\" data-is-last-node=\"\" data-is-only-node=\"\">Aivie BigQuery -integraatio tekee markkinointiautomaation tiedoista strategisen voimavaran eik\u00e4 vain raportoinnin sivutuotetta.<\/p>\n<p data-start=\"2731\" data-end=\"2872\" data-is-last-node=\"\" data-is-only-node=\"\"><a href=\"https:\/\/aivie.ch\/fi\/yleiset-ehdot\/\" target=\"_blank\" rel=\"noopener noreferrer\">Sovelletaan yleisi\u00e4<\/a> k\u00e4ytt\u00f6ehtojamme.<\/p>\n<p data-start=\"2731\" data-end=\"2872\" data-is-last-node=\"\" data-is-only-node=\"\">\n<div class=\"alignfull wp-block-ugb-columns ugb-columns ugb-091e990 ugb-columns--design-plain ugb-columns--columns-2 ugb-main-block ugb-main-block--inner-center ugb--has-block-background\"><style>.ugb-091e990-content-wrapper{grid-column-gap:60px !important}.ugb-091e990.ugb-columns{background-color:#cfe7e1}.ugb-091e990.ugb-columns:before{background-color:#cfe7e1}<\/style><div class=\"ugb-inner-block ugb-inner-block--center\"><div class=\"ugb-block-content\"><div class=\"ugb-columns__item ugb-091e990-content-wrapper\">\n<div class=\"wp-block-ugb-column ugb-column ugb-d6f33f0 ugb-column--design-plain ugb-main-block\"><style>@media screen and (min-width:768px){.ugb-d6f33f0.ugb-column{margin-top:0px !important}.ugb-d6f33f0 > .ugb-inner-block > .ugb-block-content > *{justify-content:flex-end}}.ugb-d6f33f0 > .ugb-inner-block > .ugb-block-content > *{justify-content:flex-end !important}@media screen and (min-width:768px){.ugb-d6f33f0 > .ugb-inner-block > .ugb-block-content > *{padding-top:0px !important;padding-bottom:0px !important;padding-right:0px !important;padding-left:0px !important}}<\/style><div class=\"ugb-inner-block\"><div class=\"ugb-block-content\"><div class=\"ugb-column__item ugb-d6f33f0-column-wrapper\"><div class=\"ugb-column__content-wrapper\">\n<div class=\"wp-block-ugb-heading ugb-heading ugb-48550e9 ugb-main-block\"><div class=\"ugb-inner-block\"><div class=\"ugb-block-content\"><h2 class=\"ugb-heading__title\"><span style=\"color: #e63312;\" class=\"stk-highlight\">Lass deine Kontakte nicht warten.<\/span><\/h2><\/div><\/div><\/div>\n\n\n\n<figure class=\"wp-block-image size-full is-style-default\"><img decoding=\"async\" src=\"https:\/\/cdn.aivie.ch\/media\/wp\/2022\/09\/06100554\/Aivie-Free.webp\" alt=\"Marketing Automation Aivie-Free\" class=\"wp-image-11417\" title=\"\"><\/figure>\n<\/div><\/div><\/div><\/div><\/div>\n\n\n\n<div class=\"wp-block-ugb-column ugb-column ugb-6da6590 ugb-column--design-plain ugb-main-block\"><div class=\"ugb-inner-block\"><div class=\"ugb-block-content\"><div class=\"ugb-column__item ugb-6da6590-column-wrapper\"><div class=\"ugb-column__content-wrapper\">\n<div class=\"wp-block-ugb-heading ugb-heading ugb-dab8255 ugb-main-block\"><style>.ugb-dab8255 .ugb-heading__title{color:#283e4c}<\/style><div class=\"ugb-inner-block\"><div class=\"ugb-block-content\"><h2 class=\"ugb-heading__title\"><span style=\"color: #283e4c;\" class=\"ugb-highlight\">Kostenlos mit Aivie starten<\/span>.<\/h2><p class=\"ugb-heading__subtitle\">Nutze Aivie 30 Tage lang kostenlos und pr\u00fcfe wie du dank Aivie deine Kontakte gezielt erreichen kannst. Aivie bietet dir schon im Trial alle M\u00f6glichkeiten der Vollversion.<br><br>Probier es jetzt einfach aus.<\/p><\/div><\/div><\/div>\n\n\n\n<div class=\"wp-block-ugb-button ugb-button-wrapper ugb-f7ceaee ugb-main-block\"><style>.ugb-f7ceaee .ugb-block-content{justify-content:flex-start !important}.ugb-f7ceaee .ugb-inner-block{text-align:left}<\/style><div class=\"ugb-inner-block\"><div class=\"ugb-block-content\"><div class=\"ugb-button-container\"><a class=\"ugb-button1 ugb-button ugb-button--size-normal\" href=\"https:\/\/aivie.ch\/preise-pakete\/#price\" rel=\"\" title=\"\"><span class=\"ugb-button--inner\">Kostenlos starten<\/span><\/a><\/div><div class=\"ugb-button-container\"><a class=\"ugb-button2 ugb-button ugb-button--size-normal ugb-button--design-plain\" href=\"https:\/\/aivie.ch\/author\/martin\/\" rel=\"\" title=\"\"><span class=\"ugb-button--inner\">Demo vereinbaren<\/span><\/a><\/div><\/div><\/div><\/div>\n<\/div><\/div><\/div><\/div><\/div>\n<\/div><\/div><\/div><\/div>\n<\/p>\n","protected":false},"excerpt":{"rendered":"<p>Aivie BigQuery -integraatio tekee markkinointidatasta analysoitavaa tietosuojas\u00e4\u00e4nn\u00f6sten mukaisesti ja suoraan hy\u00f6dynnett\u00e4viss\u00e4 tarkkaan raportointiin, attribuutioon ja konversioseurantaan kaikissa kanavissa. Tietosuojasta tinkim\u00e4tt\u00e4. <\/p>\n","protected":false},"featured_media":29070,"comment_status":"closed","ping_status":"closed","template":"","meta":{"_acf_changed":false},"product_brand":[],"product_cat":[1275],"product_tag":[1624,1625,1626],"class_list":{"0":"post-29063","1":"product","2":"type-product","3":"status-publish","4":"has-post-thumbnail","6":"product_cat-lisaeosa","7":"product_tag-big-query","8":"product_tag-integrointi","9":"product_tag-kojelauta","11":"first","12":"instock","13":"virtual","14":"taxable","15":"purchasable","16":"product-type-subscription"},"acf":[],"featured_image_urls_v2":{"full":["https:\/\/cdn.aivie.ch\/media\/wp\/2026\/02\/27180509\/aivie-big-query-integration.jpg",1200,800,false],"thumbnail":["https:\/\/cdn.aivie.ch\/media\/wp\/2026\/02\/27180509\/aivie-big-query-integration-240x240.jpg",240,240,true],"medium":["https:\/\/cdn.aivie.ch\/media\/wp\/2026\/02\/27180509\/aivie-big-query-integration-960x640.jpg",960,640,true],"medium_large":["https:\/\/cdn.aivie.ch\/media\/wp\/2026\/02\/27180509\/aivie-big-query-integration-768x512.jpg",768,512,true],"large":["https:\/\/cdn.aivie.ch\/media\/wp\/2026\/02\/27180509\/aivie-big-query-integration.jpg",990,660,false],"post-thumbnail":["https:\/\/cdn.aivie.ch\/media\/wp\/2026\/02\/27180509\/aivie-big-query-integration.jpg",1200,800,false],"aiv_480w":["https:\/\/cdn.aivie.ch\/media\/wp\/2026\/02\/27180509\/aivie-big-query-integration-480x320.jpg",480,320,true],"woocommerce_thumbnail":["https:\/\/cdn.aivie.ch\/media\/wp\/2026\/02\/27180509\/aivie-big-query-integration-240x240.jpg",240,240,true],"woocommerce_single":["https:\/\/cdn.aivie.ch\/media\/wp\/2026\/02\/27180509\/aivie-big-query-integration-960x640.jpg",960,640,true],"woocommerce_gallery_thumbnail":["https:\/\/cdn.aivie.ch\/media\/wp\/2026\/02\/27180509\/aivie-big-query-integration-240x240.jpg",240,240,true]},"post_excerpt_stackable_v2":"<p>Aivie BigQuery -integraatio tekee markkinointidatasta analysoitavaa tietosuojas\u00e4\u00e4nn\u00f6sten mukaisesti ja suoraan hy\u00f6dynnett\u00e4viss\u00e4 tarkkaan raportointiin, attribuutioon ja konversioseurantaan kaikissa kanavissa. Tietosuojasta tinkim\u00e4tt\u00e4. <\/p>\n","category_list_v2":"","author_info_v2":{"name":"","url":""},"comments_num_v2":"0 comments","_links":{"self":[{"href":"https:\/\/aivie.ch\/fi\/wp-json\/wp\/v2\/product\/29063","targetHints":{"allow":["GET"]}}],"collection":[{"href":"https:\/\/aivie.ch\/fi\/wp-json\/wp\/v2\/product"}],"about":[{"href":"https:\/\/aivie.ch\/fi\/wp-json\/wp\/v2\/types\/product"}],"replies":[{"embeddable":true,"href":"https:\/\/aivie.ch\/fi\/wp-json\/wp\/v2\/comments?post=29063"}],"wp:featuredmedia":[{"embeddable":true,"href":"https:\/\/aivie.ch\/fi\/wp-json\/wp\/v2\/media\/29070"}],"wp:attachment":[{"href":"https:\/\/aivie.ch\/fi\/wp-json\/wp\/v2\/media?parent=29063"}],"wp:term":[{"taxonomy":"product_brand","embeddable":true,"href":"https:\/\/aivie.ch\/fi\/wp-json\/wp\/v2\/product_brand?post=29063"},{"taxonomy":"product_cat","embeddable":true,"href":"https:\/\/aivie.ch\/fi\/wp-json\/wp\/v2\/product_cat?post=29063"},{"taxonomy":"product_tag","embeddable":true,"href":"https:\/\/aivie.ch\/fi\/wp-json\/wp\/v2\/product_tag?post=29063"}],"curies":[{"name":"wp","href":"https:\/\/api.w.org\/{rel}","templated":true}]}}