{"id":28862,"date":"2026-02-24T11:34:28","date_gmt":"2026-02-24T09:34:28","guid":{"rendered":"https:\/\/aivie.ch\/product\/mautic-recaptcha-plugin-suojaa-lomakkeesi-spamilta\/"},"modified":"2026-02-24T12:00:05","modified_gmt":"2026-02-24T10:00:05","slug":"mautic-recaptcha-plugin-suojaa-lomakkeesi-spamilta","status":"publish","type":"product","link":"https:\/\/aivie.ch\/fi\/tuote\/mautic-recaptcha-plugin-suojaa-lomakkeesi-spamilta\/","title":{"rendered":"Mautic ReCaptcha plugin: Suojaa lomakkeesi SPAMilta"},"content":{"rendered":"<h2 data-start=\"27\" data-end=\"80\">Suojaa Mautic-lomakkeet luotettavasti SPAM:ia vastaan<\/h2>\n<p data-start=\"82\" data-end=\"359\">Mautic ReCaptcha -laajennus suojaa Mautic-lomakkeesi tehokkaasti automaattisilta SPAM-kirjoituksilta ja bottien hy\u00f6kk\u00e4yksilt\u00e4. Se integroi Google reCAPTCHA Enterprisen saumattomasti olemassa olevaan Mautic-asennukseesi ja varmistaa, ett\u00e4 j\u00e4rjestelm\u00e4\u00e4si p\u00e4\u00e4tyv\u00e4t vain aidot yhteystiedot. <\/p>\n<p data-start=\"361\" data-end=\"608\">Tietojen laatu on ratkaisevan t\u00e4rke\u00e4\u00e4 erityisesti markkinoinnin automaatiossa. Roskaposti v\u00e4\u00e4rist\u00e4\u00e4 raportteja, k\u00e4ynnist\u00e4\u00e4 tarpeettomia kampanjoita ja aiheuttaa kustannuksia. T\u00e4m\u00e4n laajennuksen avulla voit varmistaa, ett\u00e4 lomakkeesi pysyv\u00e4t puhtaina, turvallisina ja suorituskykyisin\u00e4.  <\/p>\n<h2 data-start=\"610\" data-end=\"633\">Toiminnot yhdell\u00e4 silm\u00e4yksell\u00e4<\/h2>\n<ul>\n<li data-start=\"635\" data-end=\"961\">Google reCAPTCHA v3 Enterprise -integraatio<\/li>\n<li data-start=\"635\" data-end=\"961\">Automaattinen suojaus taustalla<\/li>\n<li data-start=\"635\" data-end=\"961\">Ei \u00e4rsytt\u00e4vi\u00e4 kysymyksi\u00e4 k\u00e4ytt\u00e4j\u00e4lle<\/li>\n<li data-start=\"635\" data-end=\"961\">Mautisten muotojen suojaaminen<\/li>\n<li data-start=\"635\" data-end=\"961\">Joustava konfigurointi Mauticissa<\/li>\n<li data-start=\"635\" data-end=\"961\">Yksinkertainen asennus lis\u00e4osana<\/li>\n<li data-start=\"635\" data-end=\"961\">Suojaus bottien rekister\u00f6intej\u00e4, skriptihy\u00f6kk\u00e4yksi\u00e4 ja automatisoituja lomakkeiden l\u00e4hetyksi\u00e4 vastaan.<\/li>\n<\/ul>\n<h2 data-start=\"963\" data-end=\"983\">Miksi k\u00e4ytt\u00e4\u00e4 Mautic ReCaptcha -lis\u00e4osaa?<\/h2>\n<p data-start=\"985\" data-end=\"1008\">Roskapostikontaktit tarkoittavat:<\/p>\n<ul>\n<li data-start=\"1010\" data-end=\"1134\">Virheelliset ilmoitukset yrityskontakteille<\/li>\n<li data-start=\"1010\" data-end=\"1134\">V\u00e4\u00e4rennetyt muuntokurssit<\/li>\n<li data-start=\"1010\" data-end=\"1134\">Tarpeettomat s\u00e4hk\u00f6postikulut<\/li>\n<li data-start=\"1010\" data-end=\"1134\">Huonompi lyijyn laatu<\/li>\n<li data-start=\"1010\" data-end=\"1134\">Lis\u00e4puhdistusty\u00f6<\/li>\n<\/ul>\n<p data-start=\"1136\" data-end=\"1230\">Mautic ReCaptcha -laajennuksen avulla suojaat markkinointi-infrastruktuurisi suoraan l\u00e4hteell\u00e4.<\/p>\n<p data-start=\"1232\" data-end=\"1262\">Asennus ja saatavuus<\/p>\n<p data-start=\"1264\" data-end=\"1382\">Lis\u00e4osa on jo esiasennettuna kaikille Aivie-asiakkaille.<br data-start=\"1324\" data-end=\"1327\">Kaikille muille se on saatavilla ilmaiseksi GitHubista.<\/p>\n<p data-start=\"1384\" data-end=\"1456\">GitHub-repositori:<br data-start=\"1402\" data-end=\"1405\"><a class=\"decorated-link\" href=\"https:\/\/github.com\/aiviemarketing\/aivie-recaptcha\" target=\"_blank\" rel=\"noopener\" data-start=\"1405\" data-end=\"1454\"> https:\/\/github.com\/aiviemarketing\/aivie-recaptcha<\/a><\/p>\n<p data-start=\"1458\" data-end=\"1534\">Pakkaaja:<br data-start=\"1468\" data-end=\"1471\"><a href=\"https:\/\/packagist.org\/packages\/aiviemarketing\/mautic-recaptcha\" target=\"_blank\" rel=\"noopener\"> https:\/\/packagist.org\/packages\/aiviemarketing\/mautic-recaptcha<\/a><\/p>\n<h2 data-start=\"1536\" data-end=\"1560\">Aivien installaatio<\/h2>\n<p>Hallittuna Mautic-hosting-palveluntarjoajana Aivie varmistaa, ett\u00e4 j\u00e4rjestelm\u00e4si toimii turvallisesti, tehokkaasti ja oikein konfiguroituna. ReCaptcha-liit\u00e4nn\u00e4inen asennetaan sinulle maksutta. <\/p>\n<p data-start=\"1562\" data-end=\"1730\">Is\u00e4nn\u00f6itk\u00f6 Mauticia itse, mutta et halua huolehtia Mautic ReCaptcha -laajennuksen asennuksesta itse?<br data-start=\"1620\" data-end=\"1623\">Aivie huolehtii puolestasi Google reCAPTCHA:n ammattimaisesta asennuksesta, konfiguroinnista ja liitt\u00e4misest\u00e4.<\/p>\n<p data-start=\"1562\" data-end=\"1730\"><a href=\"https:\/\/aivie.ch\/fi\/ota-yhteyttae\/\">Ota yhteytt\u00e4 saadaksesi<\/a> lis\u00e4tietoja.<\/p>\n<h2 data-start=\"1938\" data-end=\"1948\">Kohderyhm\u00e4<\/h2>\n<ul>\n<li data-start=\"1950\" data-end=\"2138\">Yritykset, joiden lomakkeet ovat julkisesti saatavilla<\/li>\n<li data-start=\"1950\" data-end=\"2138\">Markkinointitiimit, joilla on suuri lyijyvolyymi<\/li>\n<li data-start=\"1950\" data-end=\"2138\">Kampanjan aloitussivujen operaattori<\/li>\n<li data-start=\"1950\" data-end=\"2138\">Organisaatiot, joilla on lis\u00e4\u00e4ntyneet turvallisuusvaatimukset<\/li>\n<\/ul>\n<p data-start=\"2140\" data-end=\"2253\" data-is-last-node=\"\" data-is-only-node=\"\">Suojaa Mautic-lomakkeesi nyt automaattisilta hy\u00f6kk\u00e4yksilt\u00e4 ja paranna tietojen laatua kest\u00e4v\u00e4sti.<\/p>\n<p data-start=\"2140\" data-end=\"2253\" data-is-last-node=\"\" data-is-only-node=\"\">\n<div class=\"alignfull wp-block-ugb-columns ugb-columns ugb-091e990 ugb-columns--design-plain ugb-columns--columns-2 ugb-main-block ugb-main-block--inner-center ugb--has-block-background\"><style>.ugb-091e990-content-wrapper{grid-column-gap:60px !important}.ugb-091e990.ugb-columns{background-color:#cfe7e1}.ugb-091e990.ugb-columns:before{background-color:#cfe7e1}<\/style><div class=\"ugb-inner-block ugb-inner-block--center\"><div class=\"ugb-block-content\"><div class=\"ugb-columns__item ugb-091e990-content-wrapper\">\n<div class=\"wp-block-ugb-column ugb-column ugb-d6f33f0 ugb-column--design-plain ugb-main-block\"><style>@media screen and (min-width:768px){.ugb-d6f33f0.ugb-column{margin-top:0px !important}.ugb-d6f33f0 > .ugb-inner-block > .ugb-block-content > *{justify-content:flex-end}}.ugb-d6f33f0 > .ugb-inner-block > .ugb-block-content > *{justify-content:flex-end !important}@media screen and (min-width:768px){.ugb-d6f33f0 > .ugb-inner-block > .ugb-block-content > *{padding-top:0px !important;padding-bottom:0px !important;padding-right:0px !important;padding-left:0px !important}}<\/style><div class=\"ugb-inner-block\"><div class=\"ugb-block-content\"><div class=\"ugb-column__item ugb-d6f33f0-column-wrapper\"><div class=\"ugb-column__content-wrapper\">\n<div class=\"wp-block-ugb-heading ugb-heading ugb-48550e9 ugb-main-block\"><div class=\"ugb-inner-block\"><div class=\"ugb-block-content\"><h2 class=\"ugb-heading__title\"><span style=\"color: #e63312;\" class=\"stk-highlight\">Lass deine Kontakte nicht warten.<\/span><\/h2><\/div><\/div><\/div>\n\n\n\n<figure class=\"wp-block-image size-full is-style-default\"><img decoding=\"async\" src=\"https:\/\/cdn.aivie.ch\/media\/wp\/2022\/09\/06100554\/Aivie-Free.webp\" alt=\"Marketing Automation Aivie-Free\" class=\"wp-image-11417\" title=\"\"><\/figure>\n<\/div><\/div><\/div><\/div><\/div>\n\n\n\n<div class=\"wp-block-ugb-column ugb-column ugb-6da6590 ugb-column--design-plain ugb-main-block\"><div class=\"ugb-inner-block\"><div class=\"ugb-block-content\"><div class=\"ugb-column__item ugb-6da6590-column-wrapper\"><div class=\"ugb-column__content-wrapper\">\n<div class=\"wp-block-ugb-heading ugb-heading ugb-dab8255 ugb-main-block\"><style>.ugb-dab8255 .ugb-heading__title{color:#283e4c}<\/style><div class=\"ugb-inner-block\"><div class=\"ugb-block-content\"><h2 class=\"ugb-heading__title\"><span style=\"color: #283e4c;\" class=\"ugb-highlight\">Kostenlos mit Aivie starten<\/span>.<\/h2><p class=\"ugb-heading__subtitle\">Nutze Aivie 30 Tage lang kostenlos und pr\u00fcfe wie du dank Aivie deine Kontakte gezielt erreichen kannst. Aivie bietet dir schon im Trial alle M\u00f6glichkeiten der Vollversion.<br><br>Probier es jetzt einfach aus.<\/p><\/div><\/div><\/div>\n\n\n\n<div class=\"wp-block-ugb-button ugb-button-wrapper ugb-f7ceaee ugb-main-block\"><style>.ugb-f7ceaee .ugb-block-content{justify-content:flex-start !important}.ugb-f7ceaee .ugb-inner-block{text-align:left}<\/style><div class=\"ugb-inner-block\"><div class=\"ugb-block-content\"><div class=\"ugb-button-container\"><a class=\"ugb-button1 ugb-button ugb-button--size-normal\" href=\"https:\/\/aivie.ch\/preise-pakete\/#price\" rel=\"\" title=\"\"><span class=\"ugb-button--inner\">Kostenlos starten<\/span><\/a><\/div><div class=\"ugb-button-container\"><a class=\"ugb-button2 ugb-button ugb-button--size-normal ugb-button--design-plain\" href=\"https:\/\/aivie.ch\/author\/martin\/\" rel=\"\" title=\"\"><span class=\"ugb-button--inner\">Demo vereinbaren<\/span><\/a><\/div><\/div><\/div><\/div>\n<\/div><\/div><\/div><\/div><\/div>\n<\/div><\/div><\/div><\/div>\n<\/p>\n","protected":false},"excerpt":{"rendered":"<p>Aivien Mautic ReCaptcha -lis\u00e4osan avulla voit suojata Mautic-lomakkeesi SPAMilta.<\/p>\n","protected":false},"featured_media":28868,"comment_status":"closed","ping_status":"closed","template":"","meta":{"_acf_changed":false},"product_brand":[],"product_cat":[968],"product_tag":[1596,1358],"class_list":{"0":"post-28862","1":"product","2":"type-product","3":"status-publish","4":"has-post-thumbnail","6":"product_cat-mautic-liitaennaeinen","7":"product_tag-recaptcha","8":"product_tag-roskaposti","10":"first","11":"instock","12":"virtual","13":"taxable","14":"purchasable","15":"product-type-simple"},"acf":[],"featured_image_urls_v2":{"full":["https:\/\/cdn.aivie.ch\/media\/wp\/2026\/02\/24114935\/protect-forms-with-aivies-mautic-plugin-recaptcha.jpg",1200,800,false],"thumbnail":["https:\/\/cdn.aivie.ch\/media\/wp\/2026\/02\/24114935\/protect-forms-with-aivies-mautic-plugin-recaptcha-240x240.jpg",240,240,true],"medium":["https:\/\/cdn.aivie.ch\/media\/wp\/2026\/02\/24114935\/protect-forms-with-aivies-mautic-plugin-recaptcha-960x640.jpg",960,640,true],"medium_large":["https:\/\/cdn.aivie.ch\/media\/wp\/2026\/02\/24114935\/protect-forms-with-aivies-mautic-plugin-recaptcha-768x512.jpg",768,512,true],"large":["https:\/\/cdn.aivie.ch\/media\/wp\/2026\/02\/24114935\/protect-forms-with-aivies-mautic-plugin-recaptcha.jpg",990,660,false],"post-thumbnail":["https:\/\/cdn.aivie.ch\/media\/wp\/2026\/02\/24114935\/protect-forms-with-aivies-mautic-plugin-recaptcha.jpg",1200,800,false],"aiv_480w":["https:\/\/cdn.aivie.ch\/media\/wp\/2026\/02\/24114935\/protect-forms-with-aivies-mautic-plugin-recaptcha-480x320.jpg",480,320,true],"woocommerce_thumbnail":["https:\/\/cdn.aivie.ch\/media\/wp\/2026\/02\/24114935\/protect-forms-with-aivies-mautic-plugin-recaptcha-240x240.jpg",240,240,true],"woocommerce_single":["https:\/\/cdn.aivie.ch\/media\/wp\/2026\/02\/24114935\/protect-forms-with-aivies-mautic-plugin-recaptcha-960x640.jpg",960,640,true],"woocommerce_gallery_thumbnail":["https:\/\/cdn.aivie.ch\/media\/wp\/2026\/02\/24114935\/protect-forms-with-aivies-mautic-plugin-recaptcha-240x240.jpg",240,240,true]},"post_excerpt_stackable_v2":"<p>Aivien Mautic ReCaptcha -lis\u00e4osan avulla voit suojata Mautic-lomakkeesi SPAMilta.<\/p>\n","category_list_v2":"","author_info_v2":{"name":"","url":""},"comments_num_v2":"0 comments","_links":{"self":[{"href":"https:\/\/aivie.ch\/fi\/wp-json\/wp\/v2\/product\/28862","targetHints":{"allow":["GET"]}}],"collection":[{"href":"https:\/\/aivie.ch\/fi\/wp-json\/wp\/v2\/product"}],"about":[{"href":"https:\/\/aivie.ch\/fi\/wp-json\/wp\/v2\/types\/product"}],"replies":[{"embeddable":true,"href":"https:\/\/aivie.ch\/fi\/wp-json\/wp\/v2\/comments?post=28862"}],"wp:featuredmedia":[{"embeddable":true,"href":"https:\/\/aivie.ch\/fi\/wp-json\/wp\/v2\/media\/28868"}],"wp:attachment":[{"href":"https:\/\/aivie.ch\/fi\/wp-json\/wp\/v2\/media?parent=28862"}],"wp:term":[{"taxonomy":"product_brand","embeddable":true,"href":"https:\/\/aivie.ch\/fi\/wp-json\/wp\/v2\/product_brand?post=28862"},{"taxonomy":"product_cat","embeddable":true,"href":"https:\/\/aivie.ch\/fi\/wp-json\/wp\/v2\/product_cat?post=28862"},{"taxonomy":"product_tag","embeddable":true,"href":"https:\/\/aivie.ch\/fi\/wp-json\/wp\/v2\/product_tag?post=28862"}],"curies":[{"name":"wp","href":"https:\/\/api.w.org\/{rel}","templated":true}]}}