{"id":27348,"date":"2022-08-05T14:42:34","date_gmt":"2022-08-05T12:42:34","guid":{"rendered":"https:\/\/aivie.ch\/product\/syntymaepaeivaeonnittelut-kaeyttoetapauspaketti\/"},"modified":"2026-01-11T14:52:32","modified_gmt":"2026-01-11T12:52:32","slug":"syntymaepaeivaeonnittelut-kaeyttoetapauspaketti","status":"publish","type":"product","link":"https:\/\/aivie.ch\/fi\/tuote\/syntymaepaeivaeonnittelut-kaeyttoetapauspaketti\/","title":{"rendered":"Syntym\u00e4p\u00e4iv\u00e4onnittelut k\u00e4ytt\u00f6tapauspaketti"},"content":{"rendered":"<h2>Syntt\u00e4ritervehdysten k\u00e4ytt\u00f6tapauspaketti<\/h2>\n<p>Syntt\u00e4ritervehdysten k\u00e4ytt\u00f6tapauspaketti auttaa yrityksi\u00e4 vahvistamaan asiakassuhteita l\u00e4hett\u00e4m\u00e4ll\u00e4 automaattisia syntt\u00e4ritervehdyksi\u00e4 s\u00e4hk\u00f6postitse tai tekstiviestill\u00e4. Henkil\u00f6kohtainen ja emotionaalinen l\u00e4hestymistapa saa asiakkaat tuntemaan itsens\u00e4 arvostetuiksi, mik\u00e4 lis\u00e4\u00e4 kest\u00e4v\u00e4sti br\u00e4ndiuskollisuutta ja uudelleenostojen m\u00e4\u00e4r\u00e4\u00e4. <\/p>\n<h3>Edut yrityksellesi<\/h3>\n<p>Syntt\u00e4ritervehdysten k\u00e4ytt\u00f6tapauspaketin avulla yritykset voivat ottaa asiakkaansa emotionaalisesti mukaansa, rakentaa pitk\u00e4aikaisia suhteita ja hy\u00f6dynt\u00e4\u00e4 samalla kohdennettua myyntipotentiaalia.<\/p>\n<ul>\n<li>Vahvempi asiakasuskollisuus: henkil\u00f6kohtainen l\u00e4hestymistapa luo l\u00e4heisyytt\u00e4 ja lis\u00e4\u00e4 uskollisuutta.<\/li>\n<li>Lis\u00e4\u00e4ntynyt ostohalukkuus: eksklusiiviset syntym\u00e4p\u00e4iv\u00e4tarjoukset edist\u00e4v\u00e4t lis\u00e4myynti\u00e4.<\/li>\n<li>Automaatio s\u00e4\u00e4st\u00e4\u00e4 aikaa: kun kampanja on kerran perustettu, se toimii luotettavasti taustalla.<\/li>\n<li>Mitattavissa oleva menestys: sitoutumisen, lunastusten ja myynnin kasvun seuranta.<\/li>\n<\/ul>\n<h3>Sis\u00e4lt\u00f6<\/h3>\n<p>Markkinoinnin automatisoinnin k\u00e4ytt\u00f6tapauspaketti <strong>Birthday Greetings sis\u00e4lt\u00e4\u00e4<\/strong> seuraavat palvelut: <\/p>\n<ul>\n<li>S\u00e4hk\u00f6postimalli<\/li>\n<li>Kampanja<\/li>\n<li>Segmentit<\/li>\n<li>K\u00e4ytt\u00e4j\u00e4n m\u00e4\u00e4rittelem\u00e4t kent\u00e4t<\/li>\n<li>Tuo malli<\/li>\n<li>Setup s\u00e4estys<\/li>\n<\/ul>\n<p><a href=\"https:\/\/aivie.ch\/fi\/yleiset-ehdot\/\" target=\"_blank\" rel=\"noopener noreferrer\">Sovelletaan yleisi\u00e4<\/a> k\u00e4ytt\u00f6ehtojamme.<\/p>\n","protected":false},"excerpt":{"rendered":"<p>Syntym\u00e4p\u00e4iv\u00e4onnittelujen k\u00e4ytt\u00f6tapauspaketti: Henkil\u00f6kohtainen asiakasuskollisuus automaattisten onnittelujen avulla<\/p>\n","protected":false},"featured_media":26572,"comment_status":"closed","ping_status":"closed","template":"","meta":{"_acf_changed":false},"product_brand":[],"product_cat":[1235,1233],"product_tag":[],"class_list":{"0":"post-27348","1":"product","2":"type-product","3":"status-publish","4":"has-post-thumbnail","6":"product_cat-kaeyttoetapauspaketti","7":"product_cat-markkinoinnin-automaatiopalvelut","9":"first","10":"instock","11":"taxable","12":"shipping-taxable","13":"purchasable","14":"product-type-simple"},"acf":[],"featured_image_urls_v2":{"full":["https:\/\/aivie.ch\/wp-content\/uploads\/2021\/06\/Nurturing-Quick-Starter-Aivie-2.webp",800,800,false],"thumbnail":["https:\/\/aivie.ch\/wp-content\/uploads\/2021\/06\/Nurturing-Quick-Starter-Aivie-2-240x240.webp",240,240,true],"medium":["https:\/\/aivie.ch\/wp-content\/uploads\/2021\/06\/Nurturing-Quick-Starter-Aivie-2.webp",800,800,false],"medium_large":["https:\/\/aivie.ch\/wp-content\/uploads\/2021\/06\/Nurturing-Quick-Starter-Aivie-2-768x768.webp",768,768,true],"large":["https:\/\/aivie.ch\/wp-content\/uploads\/2021\/06\/Nurturing-Quick-Starter-Aivie-2.webp",800,800,false],"post-thumbnail":["https:\/\/aivie.ch\/wp-content\/uploads\/2021\/06\/Nurturing-Quick-Starter-Aivie-2.webp",800,800,false],"aiv_480w":["https:\/\/aivie.ch\/wp-content\/uploads\/2021\/06\/Nurturing-Quick-Starter-Aivie-2-480x480.webp",480,480,true],"woocommerce_thumbnail":["https:\/\/aivie.ch\/wp-content\/uploads\/2021\/06\/Nurturing-Quick-Starter-Aivie-2-240x240.webp",240,240,true],"woocommerce_single":["https:\/\/aivie.ch\/wp-content\/uploads\/2021\/06\/Nurturing-Quick-Starter-Aivie-2.webp",800,800,false],"woocommerce_gallery_thumbnail":["https:\/\/aivie.ch\/wp-content\/uploads\/2021\/06\/Nurturing-Quick-Starter-Aivie-2-240x240.webp",240,240,true]},"post_excerpt_stackable_v2":"<p>Syntym\u00e4p\u00e4iv\u00e4onnittelujen k\u00e4ytt\u00f6tapauspaketti: Henkil\u00f6kohtainen asiakasuskollisuus automaattisten onnittelujen avulla<\/p>\n","category_list_v2":"","author_info_v2":{"name":"","url":""},"comments_num_v2":"0 comments","_links":{"self":[{"href":"https:\/\/aivie.ch\/fi\/wp-json\/wp\/v2\/product\/27348","targetHints":{"allow":["GET"]}}],"collection":[{"href":"https:\/\/aivie.ch\/fi\/wp-json\/wp\/v2\/product"}],"about":[{"href":"https:\/\/aivie.ch\/fi\/wp-json\/wp\/v2\/types\/product"}],"replies":[{"embeddable":true,"href":"https:\/\/aivie.ch\/fi\/wp-json\/wp\/v2\/comments?post=27348"}],"wp:featuredmedia":[{"embeddable":true,"href":"https:\/\/aivie.ch\/fi\/wp-json\/wp\/v2\/media\/26572"}],"wp:attachment":[{"href":"https:\/\/aivie.ch\/fi\/wp-json\/wp\/v2\/media?parent=27348"}],"wp:term":[{"taxonomy":"product_brand","embeddable":true,"href":"https:\/\/aivie.ch\/fi\/wp-json\/wp\/v2\/product_brand?post=27348"},{"taxonomy":"product_cat","embeddable":true,"href":"https:\/\/aivie.ch\/fi\/wp-json\/wp\/v2\/product_cat?post=27348"},{"taxonomy":"product_tag","embeddable":true,"href":"https:\/\/aivie.ch\/fi\/wp-json\/wp\/v2\/product_tag?post=27348"}],"curies":[{"name":"wp","href":"https:\/\/api.w.org\/{rel}","templated":true}]}}