{"id":27201,"date":"2022-08-11T17:03:16","date_gmt":"2022-08-11T15:03:16","guid":{"rendered":"https:\/\/aivie.ch\/product\/lisaeosa-useiden-verkkotunnusten-ja-verkkosivustojen-hallinta\/"},"modified":"2026-01-11T14:50:11","modified_gmt":"2026-01-11T12:50:11","slug":"lisaeosa-useiden-verkkotunnusten-ja-verkkosivustojen-hallinta","status":"publish","type":"product","link":"https:\/\/aivie.ch\/fi\/tuote\/lisaeosa-useiden-verkkotunnusten-ja-verkkosivustojen-hallinta\/","title":{"rendered":"Lis\u00e4osa: Useiden verkkotunnusten ja verkkosivustojen hallinta"},"content":{"rendered":"<p>Onko yrityksell\u00e4si useampi kuin yksi verkkosivusto ja l\u00e4het\u00e4tk\u00f6 s\u00e4hk\u00f6posteja usean verkkotunnuksen kautta? Se ei ole ongelma. <\/p>\n<p>Aivie Pro- tai Aivie Enterprise -palvelun avulla voit hallita useita verkkotunnuksia ja seurata useiden verkkosivustojen liikennett\u00e4. N\u00e4in voit yhdist\u00e4\u00e4 asiakkaan matkan useilla verkkotunnuksilla Aiviessa. <\/p>\n<p>Voit my\u00f6s vahvistaa useita l\u00e4hett\u00e4j\u00e4verkkotunnuksia ja siten viesti\u00e4 eri tuotemerkkien kautta yhdest\u00e4 Aiviest\u00e4.<\/p>\n<p><strong><a href=\"https:\/\/aivie.ch\/fi\/ota-yhteyttae\/\">Ota meihin yhteytt\u00e4<\/a> <\/strong>saadaksesi lis\u00e4tietoja.<\/p>\n","protected":false},"excerpt":{"rendered":"<p>Seuraa yhteystietojasi useilla verkkosivustoilla ja l\u00e4het\u00e4 s\u00e4hk\u00f6posteja useiden verkkotunnusten kautta.<\/p>\n","protected":false},"featured_media":22348,"comment_status":"open","ping_status":"closed","template":"","meta":{"_acf_changed":false},"product_brand":[],"product_cat":[1275],"product_tag":[],"class_list":{"0":"post-27201","1":"product","2":"type-product","3":"status-publish","4":"has-post-thumbnail","6":"product_cat-lisaeosa","8":"first","9":"instock","10":"taxable","11":"shipping-taxable","12":"purchasable","13":"product-type-variable-subscription"},"acf":[],"featured_image_urls_v2":{"full":["https:\/\/cdn.aivie.ch\/media\/wp\/2022\/06\/15161631\/angela-smile-working-on-aivie-marketing-automation-1920w-960x640-1.webp",800,800,false],"thumbnail":["https:\/\/cdn.aivie.ch\/media\/wp\/2022\/06\/15161631\/angela-smile-working-on-aivie-marketing-automation-1920w-960x640-1-240x240.webp",240,240,true],"medium":["https:\/\/cdn.aivie.ch\/media\/wp\/2022\/06\/15161631\/angela-smile-working-on-aivie-marketing-automation-1920w-960x640-1.webp",800,800,false],"medium_large":["https:\/\/cdn.aivie.ch\/media\/wp\/2022\/06\/15161631\/angela-smile-working-on-aivie-marketing-automation-1920w-960x640-1-768x768.webp",768,768,true],"large":["https:\/\/cdn.aivie.ch\/media\/wp\/2022\/06\/15161631\/angela-smile-working-on-aivie-marketing-automation-1920w-960x640-1.webp",800,800,false],"post-thumbnail":["https:\/\/cdn.aivie.ch\/media\/wp\/2022\/06\/15161631\/angela-smile-working-on-aivie-marketing-automation-1920w-960x640-1.webp",800,800,false],"aiv_480w":["https:\/\/cdn.aivie.ch\/media\/wp\/2022\/06\/15161631\/angela-smile-working-on-aivie-marketing-automation-1920w-960x640-1-480x480.webp",480,480,true],"woocommerce_thumbnail":["https:\/\/cdn.aivie.ch\/media\/wp\/2022\/06\/15161631\/angela-smile-working-on-aivie-marketing-automation-1920w-960x640-1-240x240.webp",240,240,true],"woocommerce_single":["https:\/\/cdn.aivie.ch\/media\/wp\/2022\/06\/15161631\/angela-smile-working-on-aivie-marketing-automation-1920w-960x640-1.webp",800,800,false],"woocommerce_gallery_thumbnail":["https:\/\/cdn.aivie.ch\/media\/wp\/2022\/06\/15161631\/angela-smile-working-on-aivie-marketing-automation-1920w-960x640-1-240x240.webp",240,240,true]},"post_excerpt_stackable_v2":"<p>Seuraa yhteystietojasi useilla verkkosivustoilla ja l\u00e4het\u00e4 s\u00e4hk\u00f6posteja useiden verkkotunnusten kautta.<\/p>\n","category_list_v2":"","author_info_v2":{"name":"","url":""},"comments_num_v2":"0 comments","_links":{"self":[{"href":"https:\/\/aivie.ch\/fi\/wp-json\/wp\/v2\/product\/27201","targetHints":{"allow":["GET"]}}],"collection":[{"href":"https:\/\/aivie.ch\/fi\/wp-json\/wp\/v2\/product"}],"about":[{"href":"https:\/\/aivie.ch\/fi\/wp-json\/wp\/v2\/types\/product"}],"replies":[{"embeddable":true,"href":"https:\/\/aivie.ch\/fi\/wp-json\/wp\/v2\/comments?post=27201"}],"wp:featuredmedia":[{"embeddable":true,"href":"https:\/\/aivie.ch\/fi\/wp-json\/wp\/v2\/media\/22348"}],"wp:attachment":[{"href":"https:\/\/aivie.ch\/fi\/wp-json\/wp\/v2\/media?parent=27201"}],"wp:term":[{"taxonomy":"product_brand","embeddable":true,"href":"https:\/\/aivie.ch\/fi\/wp-json\/wp\/v2\/product_brand?post=27201"},{"taxonomy":"product_cat","embeddable":true,"href":"https:\/\/aivie.ch\/fi\/wp-json\/wp\/v2\/product_cat?post=27201"},{"taxonomy":"product_tag","embeddable":true,"href":"https:\/\/aivie.ch\/fi\/wp-json\/wp\/v2\/product_tag?post=27201"}],"curies":[{"name":"wp","href":"https:\/\/api.w.org\/{rel}","templated":true}]}}