{"id":27196,"date":"2023-03-17T10:43:58","date_gmt":"2023-03-17T08:43:58","guid":{"rendered":"https:\/\/aivie.ch\/product\/vaelittoemaen-palvelun-evaestebanneri-gdpr-ja-revdsg-yhteensopiva\/"},"modified":"2026-01-11T14:49:54","modified_gmt":"2026-01-11T12:49:54","slug":"vaelittoemaen-palvelun-evaestebanneri-gdpr-ja-revdsg-yhteensopiva","status":"publish","type":"product","link":"https:\/\/aivie.ch\/fi\/tuote\/vaelittoemaen-palvelun-evaestebanneri-gdpr-ja-revdsg-yhteensopiva\/","title":{"rendered":"V\u00e4litt\u00f6m\u00e4n palvelun ev\u00e4stebanneri GDPR- ja revDSG-yhteensopiva"},"content":{"rendered":"<p>Eik\u00f6 verkkosivustollasi ole viel\u00e4 GDPR:n ja revDSG:n mukaista ev\u00e4stebanneria?<\/p>\n<p>Jokainen verkkosivusto edellytt\u00e4\u00e4 verkkosivuston k\u00e4vij\u00e4n nimenomaista suostumusta kaikkiin ev\u00e4steisiin. Ilmoitus, kuten &#8221;Verkkosivustomme k\u00e4ytt\u00e4\u00e4 ev\u00e4steit\u00e4. Jatkamalla sen k\u00e4ytt\u00f6\u00e4 hyv\u00e4ksyt sen.\u201d. ei riit\u00e4. <\/p>\n<p>Sveitsin uuden tietosuojalain (revDSG) my\u00f6t\u00e4 Sveitsiss\u00e4 tulee voimaan uusi tietosuojalaki. T\u00e4m\u00e4 lis\u00e4\u00e4 tietosuojan mukaisen ev\u00e4stebannerin merkityst\u00e4. <\/p>\n<p>Me teemme sen puolestasi:<\/p>\n<ol>\n<li>GDPR-vaatimusten mukaisen ev\u00e4stebannerin ja suostumuksen hallinnan asennus verkkosivustollesi.<\/li>\n<li>Olemassa oleviin ev\u00e4steisiin perustuva konfigurointi<\/li>\n<li>Viimeiset testit ja varmistus siit\u00e4, ett\u00e4 kaikki toimii.<\/li>\n<\/ol>\n<p>&nbsp;<\/p>\n","protected":false},"excerpt":{"rendered":"<p>Eik\u00f6 verkkosivustollasi ole viel\u00e4 GDPR:n ja revDSG:n mukaista ev\u00e4stebanneria? Jokainen verkkosivusto edellytt\u00e4\u00e4 verkkosivuston k\u00e4vij\u00e4n nimenomaista suostumusta kaikkiin ev\u00e4steisiin. Ilmoitus, kuten &#8221;Verkkosivustomme k\u00e4ytt\u00e4\u00e4 ev\u00e4steit\u00e4. Jatkamalla sen k\u00e4ytt\u00f6\u00e4 hyv\u00e4ksyt sen.\u201d. ei riit\u00e4. Sveitsin uuden tietosuojalain (revDSG) my\u00f6t\u00e4 Sveitsiss\u00e4 tulee voimaan uusi tietosuojalaki. T\u00e4m\u00e4 lis\u00e4\u00e4 tietosuojan mukaisen ev\u00e4stebannerin merkityst\u00e4. Me teemme sen puolestasi: GDPR-vaatimusten mukaisen ev\u00e4stebannerin ja suostumuksen &hellip; <a href=\"https:\/\/aivie.ch\/fi\/tuote\/vaelittoemaen-palvelun-evaestebanneri-gdpr-ja-revdsg-yhteensopiva\/\" class=\"more-link\">Jatka lukemista <span class=\"screen-reader-text\">V\u00e4litt\u00f6m\u00e4n palvelun ev\u00e4stebanneri GDPR- ja revDSG-yhteensopiva<\/span><\/a><\/p>\n","protected":false},"featured_media":27197,"comment_status":"open","ping_status":"closed","template":"","meta":{"_acf_changed":false},"product_brand":[],"product_cat":[1284,1227],"product_tag":[],"class_list":{"0":"post-27196","1":"product","2":"type-product","3":"status-publish","4":"has-post-thumbnail","6":"product_cat-vaelittoemaet-palvelut","7":"product_cat-tietosuoja","9":"first","10":"instock","11":"virtual","12":"taxable","13":"purchasable","14":"product-type-simple"},"acf":[],"featured_image_urls_v2":{"full":["https:\/\/cdn.aivie.ch\/media\/wp\/2023\/02\/09110026\/Instant-Service-Cookie-Banner-DSGVO-konform.png",800,800,false],"thumbnail":["https:\/\/cdn.aivie.ch\/media\/wp\/2023\/02\/09110026\/Instant-Service-Cookie-Banner-DSGVO-konform-240x240.png",240,240,true],"medium":["https:\/\/cdn.aivie.ch\/media\/wp\/2023\/02\/09110026\/Instant-Service-Cookie-Banner-DSGVO-konform.png",800,800,false],"medium_large":["https:\/\/cdn.aivie.ch\/media\/wp\/2023\/02\/09110026\/Instant-Service-Cookie-Banner-DSGVO-konform-768x768.png",768,768,true],"large":["https:\/\/cdn.aivie.ch\/media\/wp\/2023\/02\/09110026\/Instant-Service-Cookie-Banner-DSGVO-konform.png",800,800,false],"post-thumbnail":["https:\/\/cdn.aivie.ch\/media\/wp\/2023\/02\/09110026\/Instant-Service-Cookie-Banner-DSGVO-konform.png",800,800,false],"aiv_480w":["https:\/\/cdn.aivie.ch\/media\/wp\/2023\/02\/09110026\/Instant-Service-Cookie-Banner-DSGVO-konform-480x480.png",480,480,true],"woocommerce_thumbnail":["https:\/\/cdn.aivie.ch\/media\/wp\/2023\/02\/09110026\/Instant-Service-Cookie-Banner-DSGVO-konform-240x240.png",240,240,true],"woocommerce_single":["https:\/\/cdn.aivie.ch\/media\/wp\/2023\/02\/09110026\/Instant-Service-Cookie-Banner-DSGVO-konform.png",800,800,false],"woocommerce_gallery_thumbnail":["https:\/\/cdn.aivie.ch\/media\/wp\/2023\/02\/09110026\/Instant-Service-Cookie-Banner-DSGVO-konform-240x240.png",240,240,true]},"post_excerpt_stackable_v2":"<p>Eik\u00f6 verkkosivustollasi ole viel\u00e4 GDPR:n ja revDSG:n mukaista ev\u00e4stebanneria? Jokainen verkkosivusto edellytt\u00e4\u00e4 verkkosivuston k\u00e4vij\u00e4n nimenomaista suostumusta kaikkiin ev\u00e4steisiin. Ilmoitus, kuten &#8221;Verkkosivustomme k\u00e4ytt\u00e4\u00e4 ev\u00e4steit\u00e4. Jatkamalla sen k\u00e4ytt\u00f6\u00e4 hyv\u00e4ksyt sen.\u201d. ei riit\u00e4. Sveitsin uuden tietosuojalain (revDSG) my\u00f6t\u00e4 Sveitsiss\u00e4 tulee voimaan uusi tietosuojalaki. T\u00e4m\u00e4 lis\u00e4\u00e4 tietosuojan mukaisen ev\u00e4stebannerin merkityst\u00e4. Me teemme sen puolestasi: GDPR-vaatimusten mukaisen ev\u00e4stebannerin ja suostumuksen hallinnan asennus verkkosivustollesi. Olemassa oleviin ev\u00e4steisiin perustuva konfigurointi Viimeiset testit ja varmistus siit\u00e4, ett\u00e4 kaikki toimii. &nbsp;<\/p>\n","category_list_v2":"","author_info_v2":{"name":"","url":""},"comments_num_v2":"0 comments","_links":{"self":[{"href":"https:\/\/aivie.ch\/fi\/wp-json\/wp\/v2\/product\/27196","targetHints":{"allow":["GET"]}}],"collection":[{"href":"https:\/\/aivie.ch\/fi\/wp-json\/wp\/v2\/product"}],"about":[{"href":"https:\/\/aivie.ch\/fi\/wp-json\/wp\/v2\/types\/product"}],"replies":[{"embeddable":true,"href":"https:\/\/aivie.ch\/fi\/wp-json\/wp\/v2\/comments?post=27196"}],"wp:featuredmedia":[{"embeddable":true,"href":"https:\/\/aivie.ch\/fi\/wp-json\/wp\/v2\/media\/27197"}],"wp:attachment":[{"href":"https:\/\/aivie.ch\/fi\/wp-json\/wp\/v2\/media?parent=27196"}],"wp:term":[{"taxonomy":"product_brand","embeddable":true,"href":"https:\/\/aivie.ch\/fi\/wp-json\/wp\/v2\/product_brand?post=27196"},{"taxonomy":"product_cat","embeddable":true,"href":"https:\/\/aivie.ch\/fi\/wp-json\/wp\/v2\/product_cat?post=27196"},{"taxonomy":"product_tag","embeddable":true,"href":"https:\/\/aivie.ch\/fi\/wp-json\/wp\/v2\/product_tag?post=27196"}],"curies":[{"name":"wp","href":"https:\/\/api.w.org\/{rel}","templated":true}]}}