{"id":27191,"date":"2023-03-28T14:22:57","date_gmt":"2023-03-28T12:22:57","guid":{"rendered":"https:\/\/aivie.ch\/product\/lexr-sivuston-tietosuojapaketti\/"},"modified":"2026-01-11T14:49:43","modified_gmt":"2026-01-11T12:49:43","slug":"lexr-sivuston-tietosuojapaketti","status":"publish","type":"product","link":"https:\/\/aivie.ch\/fi\/tuote\/lexr-sivuston-tietosuojapaketti\/","title":{"rendered":"LEXR-sivuston tietosuojapaketti"},"content":{"rendered":"<p>Verkkosivustojen tietosuojaan eiv\u00e4t keskity ainoastaan valvontaviranomaiset vaan my\u00f6s verkkosivuston k\u00e4vij\u00e4t. Tarkistamme, ett\u00e4 yrityksen verkkosivusto t\u00e4ytt\u00e4\u00e4 yleisen tietosuoja-asetuksen ja Sveitsin uuden tietosuojalain tietosuojavaatimukset, ja laadimme tarvittavat asiakirjat. <\/p>\n<p>Paketti sis\u00e4lt\u00e4\u00e4:<\/p>\n<ul>\n<li>30 minuutin tapaaminen lakiasiantuntijoidemme kanssa, jossa analysoimme yhdess\u00e4 muutostarpeen ja hankimme kaikki tarvittavat tiedot asiakirjojen laatimista varten.<\/li>\n<li>Verkkosivuston tietosuojak\u00e4yt\u00e4nn\u00f6n luominen tai mukauttaminen.<\/li>\n<li>Ev\u00e4stek\u00e4yt\u00e4nn\u00f6n luominen tai mukauttaminen ja, jos k\u00e4ytet\u00e4\u00e4n ev\u00e4stebanneria, tarvittava teksti.<\/li>\n<li>J\u00e4ljen luominen.<\/li>\n<li>30 minuutin loppukeskustelu mahdollisten kysymysten selvitt\u00e4miseksi.<\/li>\n<\/ul>\n<p><a href=\"https:\/\/www.lexr.com\/de-ch\/allgemeine-geschaeftsbedingungen\/\" target=\"_blank\" rel=\"noopener\">Sovelletaan LEXR:n yleisi\u00e4 sopimusehtoja<\/a><\/p>\n","protected":false},"excerpt":{"rendered":"<p>Kaikki yrityksen verkkosivuston tietosuoja-asiat t\u00e4ydellisen\u00e4 pakettina \u2013 yksityisyysk\u00e4yt\u00e4nn\u00f6st\u00e4 ev\u00e4stek\u00e4yt\u00e4nt\u00f6\u00f6n ja oikeudelliseen ilmoitukseen.<\/p>\n","protected":false},"featured_media":27192,"comment_status":"open","ping_status":"closed","template":"","meta":{"_acf_changed":false},"product_brand":[],"product_cat":[1227],"product_tag":[],"class_list":{"0":"post-27191","1":"product","2":"type-product","3":"status-publish","4":"has-post-thumbnail","6":"product_cat-tietosuoja","8":"first","9":"instock","10":"taxable","11":"shipping-taxable","12":"purchasable","13":"product-type-simple"},"acf":[],"featured_image_urls_v2":{"full":["https:\/\/cdn.aivie.ch\/media\/wp\/2023\/03\/14104239\/LEXR-Visual-1.png",800,800,false],"thumbnail":["https:\/\/cdn.aivie.ch\/media\/wp\/2023\/03\/14104239\/LEXR-Visual-1-240x240.png",240,240,true],"medium":["https:\/\/cdn.aivie.ch\/media\/wp\/2023\/03\/14104239\/LEXR-Visual-1.png",800,800,false],"medium_large":["https:\/\/cdn.aivie.ch\/media\/wp\/2023\/03\/14104239\/LEXR-Visual-1-768x768.png",768,768,true],"large":["https:\/\/cdn.aivie.ch\/media\/wp\/2023\/03\/14104239\/LEXR-Visual-1.png",800,800,false],"post-thumbnail":["https:\/\/cdn.aivie.ch\/media\/wp\/2023\/03\/14104239\/LEXR-Visual-1.png",800,800,false],"aiv_480w":["https:\/\/cdn.aivie.ch\/media\/wp\/2023\/03\/14104239\/LEXR-Visual-1-480x480.png",480,480,true],"woocommerce_thumbnail":["https:\/\/cdn.aivie.ch\/media\/wp\/2023\/03\/14104239\/LEXR-Visual-1-240x240.png",240,240,true],"woocommerce_single":["https:\/\/cdn.aivie.ch\/media\/wp\/2023\/03\/14104239\/LEXR-Visual-1.png",800,800,false],"woocommerce_gallery_thumbnail":["https:\/\/cdn.aivie.ch\/media\/wp\/2023\/03\/14104239\/LEXR-Visual-1-240x240.png",240,240,true]},"post_excerpt_stackable_v2":"<p>Kaikki yrityksen verkkosivuston tietosuoja-asiat t\u00e4ydellisen\u00e4 pakettina \u2013 yksityisyysk\u00e4yt\u00e4nn\u00f6st\u00e4 ev\u00e4stek\u00e4yt\u00e4nt\u00f6\u00f6n ja oikeudelliseen ilmoitukseen.<\/p>\n","category_list_v2":"","author_info_v2":{"name":"","url":""},"comments_num_v2":"0 comments","_links":{"self":[{"href":"https:\/\/aivie.ch\/fi\/wp-json\/wp\/v2\/product\/27191","targetHints":{"allow":["GET"]}}],"collection":[{"href":"https:\/\/aivie.ch\/fi\/wp-json\/wp\/v2\/product"}],"about":[{"href":"https:\/\/aivie.ch\/fi\/wp-json\/wp\/v2\/types\/product"}],"replies":[{"embeddable":true,"href":"https:\/\/aivie.ch\/fi\/wp-json\/wp\/v2\/comments?post=27191"}],"wp:featuredmedia":[{"embeddable":true,"href":"https:\/\/aivie.ch\/fi\/wp-json\/wp\/v2\/media\/27192"}],"wp:attachment":[{"href":"https:\/\/aivie.ch\/fi\/wp-json\/wp\/v2\/media?parent=27191"}],"wp:term":[{"taxonomy":"product_brand","embeddable":true,"href":"https:\/\/aivie.ch\/fi\/wp-json\/wp\/v2\/product_brand?post=27191"},{"taxonomy":"product_cat","embeddable":true,"href":"https:\/\/aivie.ch\/fi\/wp-json\/wp\/v2\/product_cat?post=27191"},{"taxonomy":"product_tag","embeddable":true,"href":"https:\/\/aivie.ch\/fi\/wp-json\/wp\/v2\/product_tag?post=27191"}],"curies":[{"name":"wp","href":"https:\/\/api.w.org\/{rel}","templated":true}]}}