{"id":27189,"date":"2023-04-14T10:43:48","date_gmt":"2023-04-14T08:43:48","guid":{"rendered":"https:\/\/aivie.ch\/product\/tietosuojan-arviointi-ja-kaeyttoeoenottopaketti-advanced-package\/"},"modified":"2026-01-11T14:49:39","modified_gmt":"2026-01-11T12:49:39","slug":"tietosuojan-arviointi-ja-kaeyttoeoenottopaketti-advanced-package","status":"publish","type":"product","link":"https:\/\/aivie.ch\/fi\/tuote\/tietosuojan-arviointi-ja-kaeyttoeoenottopaketti-advanced-package\/","title":{"rendered":"Tietosuojan arviointi- ja k\u00e4ytt\u00f6\u00f6nottopaketti Advanced Package"},"content":{"rendered":"<p>Oikea paketti kaikille, jotka haluavat kattavan analyysin tietosuojan t\u00e4yt\u00e4nt\u00f6\u00f6npanon nykytilasta yrityksess\u00e4. Toteuttamamme kattava GAP-analyysi toimitetaan selke\u00e4ss\u00e4 PDF-muodossa, joka dokumentoi tietosuojan tilan my\u00f6s ulkoisesti (esim. tulevia auditointeja tai due diligence -analyysej\u00e4 varten). Saat my\u00f6s r\u00e4\u00e4t\u00e4l\u00f6ityj\u00e4 ja yksil\u00f6llisi\u00e4 parhaita k\u00e4yt\u00e4nt\u00f6j\u00e4 koskevia ohjeita.  <\/p>\n<p style=\"font-weight: 400;\">Paketti sis\u00e4lt\u00e4\u00e4:<\/p>\n<ul style=\"font-weight: 400;\">\n<li>Tunnin mittainen aloitusty\u00f6paja LEXR-asiantuntijan kanssa alustavan tilannekatsauksen tekemiseksi. T\u00e4h\u00e4n sis\u00e4ltyy nykytilanteen analysointi, yrityksen riskiprofiilien m\u00e4\u00e4rittely ja hankkeen seuraavien vaiheiden koordinointi asianomaisten sidosryhmien kanssa. <\/li>\n<li>Laaja GAP-analyysi nykytilanteesta ja selke\u00e4t, riskiperusteiset toimintaohjeet, joihin osallistuvat t\u00e4rkeimm\u00e4t sidosryhm\u00e4t muun muassa markkinoinnin ja henkil\u00f6st\u00f6hallinnon aloilta.<\/li>\n<li>Etenemissuunnitelma ja aikahorisontti havaittujen riskien nopeaa poistamista varten.<\/li>\n<li>Tietosuojaselosteen ja ev\u00e4stek\u00e4yt\u00e4nn\u00f6n mukauttaminen tarvittaessa.<\/li>\n<li>Seuraavien yrityskohtaisten suuntaviivojen toimittaminen yrityksille mukautettuna\n<ul>\n<li>Tietosuojaloukkausten k\u00e4sittely\u00e4 koskeva politiikka<\/li>\n<li>Tietosuojapyynt\u00f6jen k\u00e4sittely\u00e4 koskeva politiikka<\/li>\n<li>Ohjeet markkinoinnin lainmukaista k\u00e4sittely\u00e4 varten<\/li>\n<li>Jalostushakemiston malli, mukaan lukien t\u00e4ydennystuki <\/li>\n<li>Yrityksen yleinen tietosuojak\u00e4yt\u00e4nt\u00f6<\/li>\n<li>Malli tilausk\u00e4sittelysopimusta varten (GDPR:n ja Sveitsin tietosuojalain mukainen).<\/li>\n<\/ul>\n<\/li>\n<li>Keskustelu tuloksista tunnin mittaisessa ty\u00f6pajassa LEXR-asiantuntijan kanssa sek\u00e4 avointen kysymysten ja tulevaisuudenn\u00e4kymien selvitt\u00e4minen.<\/li>\n<\/ul>\n<p><a href=\"https:\/\/www.lexr.com\/de-ch\/allgemeine-geschaeftsbedingungen\/\" target=\"_blank\" rel=\"noopener\">Sovelletaan LEXR:n yleisi\u00e4 sopimusehtoja<\/a><\/p>\n","protected":false},"excerpt":{"rendered":"<p>K\u00e4yt\u00e4nn\u00f6nl\u00e4heisten oikeudellisten neuvonantajiemme kattavan oikeudellisen analyysin avulla voit nopeasti ja helposti tunnistaa tietosuojalains\u00e4\u00e4d\u00e4nn\u00f6n puutteet ja saada riskiperusteisia ratkaisuehdotuksia tarvittaviin vaatimustenmukaisuusvaatimuksiin.<\/p>\n","protected":false},"featured_media":26765,"comment_status":"open","ping_status":"closed","template":"","meta":{"_acf_changed":false},"product_brand":[],"product_cat":[1227],"product_tag":[],"class_list":{"0":"post-27189","1":"product","2":"type-product","3":"status-publish","4":"has-post-thumbnail","6":"product_cat-tietosuoja","8":"first","9":"instock","10":"taxable","11":"shipping-taxable","12":"purchasable","13":"product-type-simple"},"acf":[],"featured_image_urls_v2":{"full":["https:\/\/cdn.aivie.ch\/media\/wp\/2023\/03\/14104129\/LEXR-Visual-2.png",800,800,false],"thumbnail":["https:\/\/cdn.aivie.ch\/media\/wp\/2023\/03\/14104129\/LEXR-Visual-2-240x240.png",240,240,true],"medium":["https:\/\/cdn.aivie.ch\/media\/wp\/2023\/03\/14104129\/LEXR-Visual-2.png",800,800,false],"medium_large":["https:\/\/cdn.aivie.ch\/media\/wp\/2023\/03\/14104129\/LEXR-Visual-2-768x768.png",768,768,true],"large":["https:\/\/cdn.aivie.ch\/media\/wp\/2023\/03\/14104129\/LEXR-Visual-2.png",800,800,false],"post-thumbnail":["https:\/\/cdn.aivie.ch\/media\/wp\/2023\/03\/14104129\/LEXR-Visual-2.png",800,800,false],"aiv_480w":["https:\/\/cdn.aivie.ch\/media\/wp\/2023\/03\/14104129\/LEXR-Visual-2-480x480.png",480,480,true],"woocommerce_thumbnail":["https:\/\/cdn.aivie.ch\/media\/wp\/2023\/03\/14104129\/LEXR-Visual-2-240x240.png",240,240,true],"woocommerce_single":["https:\/\/cdn.aivie.ch\/media\/wp\/2023\/03\/14104129\/LEXR-Visual-2.png",800,800,false],"woocommerce_gallery_thumbnail":["https:\/\/cdn.aivie.ch\/media\/wp\/2023\/03\/14104129\/LEXR-Visual-2-240x240.png",240,240,true]},"post_excerpt_stackable_v2":"<p>K\u00e4yt\u00e4nn\u00f6nl\u00e4heisten oikeudellisten neuvonantajiemme kattavan oikeudellisen analyysin avulla voit nopeasti ja helposti tunnistaa tietosuojalains\u00e4\u00e4d\u00e4nn\u00f6n puutteet ja saada riskiperusteisia ratkaisuehdotuksia tarvittaviin vaatimustenmukaisuusvaatimuksiin.<\/p>\n","category_list_v2":"","author_info_v2":{"name":"","url":""},"comments_num_v2":"0 comments","_links":{"self":[{"href":"https:\/\/aivie.ch\/fi\/wp-json\/wp\/v2\/product\/27189","targetHints":{"allow":["GET"]}}],"collection":[{"href":"https:\/\/aivie.ch\/fi\/wp-json\/wp\/v2\/product"}],"about":[{"href":"https:\/\/aivie.ch\/fi\/wp-json\/wp\/v2\/types\/product"}],"replies":[{"embeddable":true,"href":"https:\/\/aivie.ch\/fi\/wp-json\/wp\/v2\/comments?post=27189"}],"wp:featuredmedia":[{"embeddable":true,"href":"https:\/\/aivie.ch\/fi\/wp-json\/wp\/v2\/media\/26765"}],"wp:attachment":[{"href":"https:\/\/aivie.ch\/fi\/wp-json\/wp\/v2\/media?parent=27189"}],"wp:term":[{"taxonomy":"product_brand","embeddable":true,"href":"https:\/\/aivie.ch\/fi\/wp-json\/wp\/v2\/product_brand?post=27189"},{"taxonomy":"product_cat","embeddable":true,"href":"https:\/\/aivie.ch\/fi\/wp-json\/wp\/v2\/product_cat?post=27189"},{"taxonomy":"product_tag","embeddable":true,"href":"https:\/\/aivie.ch\/fi\/wp-json\/wp\/v2\/product_tag?post=27189"}],"curies":[{"name":"wp","href":"https:\/\/api.w.org\/{rel}","templated":true}]}}