{"id":27169,"date":"2024-02-27T19:36:36","date_gmt":"2024-02-28T11:41:07","guid":{"rendered":"https:\/\/aivie.ch\/product\/kampanjoiden-paeivittaeminen-useammin\/"},"modified":"2026-01-11T14:48:52","modified_gmt":"2026-01-11T12:48:52","slug":"kampanjoiden-paeivittaeminen-useammin","status":"publish","type":"product","link":"https:\/\/aivie.ch\/fi\/tuote\/kampanjoiden-paeivittaeminen-useammin\/","title":{"rendered":"Kampanjoiden p\u00e4ivitt\u00e4minen useammin"},"content":{"rendered":"<p>Vaikka 15 minuutin p\u00e4ivitys saattaa riitt\u00e4\u00e4 monille k\u00e4ytt\u00e4jille, markkinoinnin ammattilaiset, joilla on korkeammat vaatimukset, tunnistavat nopeasti sen rajat. Nopeatempoisessa digitaalisessa maailmassa, jossa jokainen sekunti on t\u00e4rke\u00e4, pienetkin viiveet voivat merkit\u00e4 menestyksen ja menetetyn tilaisuuden v\u00e4list\u00e4 eroa. Kyvytt\u00f6myys reagoida nopeasti vuorovaikutukseen voi johtaa kilpailuhaittaan.  <\/p>\n<p>Lis\u00e4osamme on t\u00e4ydellinen ratkaisu kaikille, jotka odottavat enemm\u00e4n ja ovat valmiita investoimaan t\u00e4h\u00e4n etuun. T\u00e4m\u00e4 lis\u00e4osa tarjoaa vertaansa vailla olevan reagointikyvyn, sill\u00e4 se voi suorittaa cronjobeja minuutin tai kahden minuutin v\u00e4lein. <\/p>\n<p>Voit mukauttaa kampanjasi l\u00e4hes reaaliaikaisesti, reagoida v\u00e4litt\u00f6m\u00e4sti asiakkaiden vuorovaikutukseen ja maksimoida n\u00e4in markkinointistrategioiden tehokkuuden.<\/p>\n<p>Sano hyv\u00e4stit 15 minuutin v\u00e4lein tapahtuville rajoituksille ja hy\u00f6dynn\u00e4 nopeiden p\u00e4ivitysten voima. Ota askel, investoi lis\u00e4osaan ja n\u00e4e kampanjoidesi ja liiketoimintasi menestyksen nousevan uusiin korkeuksiin! <\/p>\n<p>Hinnat ilman arvonlis\u00e4veroa. Jopa 10 000 kontaktia. <a href=\"https:\/\/aivie.ch\/fi\/yleiset-ehdot\/\" target=\"_blank\" rel=\"noopener noreferrer\">Yleisten sopimusehtojemme mukaisesti .<\/a>   <\/p>\n","protected":false},"excerpt":{"rendered":"<p>Vie markkinoinnin automaatiokampanjasi seuraavalle tasolle ja siirry tavallisesta 15 minuutin syklist\u00e4 l\u00e4hes reaaliaikaisiin p\u00e4ivityksiin.<\/p>\n","protected":false},"featured_media":26727,"comment_status":"closed","ping_status":"closed","template":"","meta":{"_acf_changed":false},"product_brand":[],"product_cat":[1275],"product_tag":[],"class_list":{"0":"post-27169","1":"product","2":"type-product","3":"status-publish","4":"has-post-thumbnail","6":"product_cat-lisaeosa","8":"first","9":"instock","10":"taxable","11":"shipping-taxable","12":"purchasable","13":"product-type-variable-subscription","14":"has-default-attributes"},"acf":[],"featured_image_urls_v2":{"full":["https:\/\/cdn.aivie.ch\/media\/wp\/2024\/02\/28133208\/more-marketing-automation-campaign-speed.jpg",800,800,false],"thumbnail":["https:\/\/cdn.aivie.ch\/media\/wp\/2024\/02\/28133208\/more-marketing-automation-campaign-speed-240x240.jpg",240,240,true],"medium":["https:\/\/cdn.aivie.ch\/media\/wp\/2024\/02\/28133208\/more-marketing-automation-campaign-speed.jpg",800,800,false],"medium_large":["https:\/\/cdn.aivie.ch\/media\/wp\/2024\/02\/28133208\/more-marketing-automation-campaign-speed-768x768.jpg",768,768,true],"large":["https:\/\/cdn.aivie.ch\/media\/wp\/2024\/02\/28133208\/more-marketing-automation-campaign-speed.jpg",800,800,false],"post-thumbnail":["https:\/\/cdn.aivie.ch\/media\/wp\/2024\/02\/28133208\/more-marketing-automation-campaign-speed.jpg",800,800,false],"aiv_480w":["https:\/\/cdn.aivie.ch\/media\/wp\/2024\/02\/28133208\/more-marketing-automation-campaign-speed-480x480.jpg",480,480,true],"woocommerce_thumbnail":["https:\/\/cdn.aivie.ch\/media\/wp\/2024\/02\/28133208\/more-marketing-automation-campaign-speed-240x240.jpg",240,240,true],"woocommerce_single":["https:\/\/cdn.aivie.ch\/media\/wp\/2024\/02\/28133208\/more-marketing-automation-campaign-speed.jpg",800,800,false],"woocommerce_gallery_thumbnail":["https:\/\/cdn.aivie.ch\/media\/wp\/2024\/02\/28133208\/more-marketing-automation-campaign-speed-240x240.jpg",240,240,true]},"post_excerpt_stackable_v2":"<p>Vie markkinoinnin automaatiokampanjasi seuraavalle tasolle ja siirry tavallisesta 15 minuutin syklist\u00e4 l\u00e4hes reaaliaikaisiin p\u00e4ivityksiin.<\/p>\n","category_list_v2":"","author_info_v2":{"name":"","url":""},"comments_num_v2":"0 comments","_links":{"self":[{"href":"https:\/\/aivie.ch\/fi\/wp-json\/wp\/v2\/product\/27169","targetHints":{"allow":["GET"]}}],"collection":[{"href":"https:\/\/aivie.ch\/fi\/wp-json\/wp\/v2\/product"}],"about":[{"href":"https:\/\/aivie.ch\/fi\/wp-json\/wp\/v2\/types\/product"}],"replies":[{"embeddable":true,"href":"https:\/\/aivie.ch\/fi\/wp-json\/wp\/v2\/comments?post=27169"}],"wp:featuredmedia":[{"embeddable":true,"href":"https:\/\/aivie.ch\/fi\/wp-json\/wp\/v2\/media\/26727"}],"wp:attachment":[{"href":"https:\/\/aivie.ch\/fi\/wp-json\/wp\/v2\/media?parent=27169"}],"wp:term":[{"taxonomy":"product_brand","embeddable":true,"href":"https:\/\/aivie.ch\/fi\/wp-json\/wp\/v2\/product_brand?post=27169"},{"taxonomy":"product_cat","embeddable":true,"href":"https:\/\/aivie.ch\/fi\/wp-json\/wp\/v2\/product_cat?post=27169"},{"taxonomy":"product_tag","embeddable":true,"href":"https:\/\/aivie.ch\/fi\/wp-json\/wp\/v2\/product_tag?post=27169"}],"curies":[{"name":"wp","href":"https:\/\/api.w.org\/{rel}","templated":true}]}}