{"id":27163,"date":"2025-02-07T12:03:57","date_gmt":"2025-02-07T10:03:57","guid":{"rendered":"https:\/\/aivie.ch\/product\/luo-cname-dkim-ja-spf-dns-merkinnaet\/"},"modified":"2026-01-11T14:48:04","modified_gmt":"2026-01-11T12:48:04","slug":"luo-cname-dkim-ja-spf-dns-merkinnaet","status":"publish","type":"product","link":"https:\/\/aivie.ch\/fi\/tuote\/luo-cname-dkim-ja-spf-dns-merkinnaet\/","title":{"rendered":"Luo CNAME-, DKIM- ja SPF DNS-merkinn\u00e4t."},"content":{"rendered":"<h2>T\u00e4ydellinen s\u00e4hk\u00f6postin toimitus: m\u00e4\u00e4rit\u00e4 CNAME, DKIM ja SPF DNS oikein<\/h2>\n<p>CNAME-, DKIM- ja SPF DNS-merkint\u00f6jen oikea m\u00e4\u00e4ritt\u00e4minen voi olla haasteellista. Virheelliset asetukset johtavat usein siihen, ett\u00e4 s\u00e4hk\u00f6postit p\u00e4\u00e4tyv\u00e4t roskapostikansioon tai niit\u00e4 ei toimiteta lainkaan. Ilman oikeaa todennusta on vaarana paitsi huono toimitusaste my\u00f6s kielteinen vaikutus verkkotunnuksen maineeseen.  <\/p>\n<p>Sen perustaminen on ty\u00f6l\u00e4st\u00e4 ja teknisesti vaikeaa. Asetukset vaihtelevat DNS-palveluntarjoajan mukaan, mik\u00e4 voi tehd\u00e4 m\u00e4\u00e4rityksest\u00e4 viel\u00e4kin monimutkaisempaa. <\/p>\n<h2>Aivie tekee siit\u00e4 helppoa: CNAME-, DKIM- ja SPF DNS:n m\u00e4\u00e4ritt\u00e4minen.<\/h2>\n<p>Aivien asiantuntijoiden tuella t\u00e4m\u00e4 ongelma kuuluu menneisyyteen. Me huolehdimme CNAME-, DKIM- ja SPF DNS-tietueiden m\u00e4\u00e4ritt\u00e4misest\u00e4, jotta s\u00e4hk\u00f6postisi toimitetaan turvallisesti ja luotettavasti. T\u00e4m\u00e4 ei ainoastaan paranna toimitettavuutta, vaan my\u00f6s suojaa br\u00e4ndi\u00e4si v\u00e4\u00e4rink\u00e4yt\u00f6ksilt\u00e4 ja phishing-yrityksilt\u00e4.  <\/p>\n<p>J\u00e4t\u00e4 tekniikka meille ja keskity markkinointiin. Aivien kanssa sinulla on kumppani, joka auttaa sinua toteuttamaan kampanjasi onnistuneesti ja ilman teknisi\u00e4 esteit\u00e4. <\/p>\n<h2>Menettely<\/h2>\n<ol>\n<li>Osta t\u00e4m\u00e4 palvelu.<\/li>\n<li>Varaa tapaaminen keskustellaksesi tarpeistasi.<\/li>\n<li>Aivie m\u00e4\u00e4ritt\u00e4\u00e4 DNS-merkinn\u00e4t puolestasi ja tarkistaa ne.<\/li>\n<li>Osallistumisesi julkaistaan enint\u00e4\u00e4n 24 tunnin kuluttua.<\/li>\n<\/ol>\n","protected":false},"excerpt":{"rendered":"<p>Aivie huolehtii <strong>CNAME-, DKIM- ja SPF DNS-tietueiden<\/strong> oikeasta m\u00e4\u00e4rityksest\u00e4 DNS-palveluntarjoajasta <strong>riippumatta<\/strong> ja varmistaa siten turvallisen s\u00e4hk\u00f6postin toimituksen ilman teknisi\u00e4 esteit\u00e4.<\/p>\n","protected":false},"featured_media":26247,"comment_status":"closed","ping_status":"closed","template":"","meta":{"_acf_changed":false},"product_brand":[],"product_cat":[1284],"product_tag":[1355,1354,1357,1358,1356],"class_list":{"0":"post-27163","1":"product","2":"type-product","3":"status-publish","4":"has-post-thumbnail","6":"product_cat-vaelittoemaet-palvelut","7":"product_tag-cname","8":"product_tag-dkim","9":"product_tag-dns","10":"product_tag-roskaposti","11":"product_tag-spf","13":"first","14":"instock","15":"downloadable","16":"virtual","17":"taxable","18":"purchasable","19":"product-type-simple"},"acf":[],"featured_image_urls_v2":{"full":["https:\/\/cdn.aivie.ch\/media\/wp\/2022\/11\/16122426\/6.webp",800,800,false],"thumbnail":["https:\/\/cdn.aivie.ch\/media\/wp\/2022\/11\/16122426\/6-240x240.webp",240,240,true],"medium":["https:\/\/cdn.aivie.ch\/media\/wp\/2022\/11\/16122426\/6.webp",800,800,false],"medium_large":["https:\/\/cdn.aivie.ch\/media\/wp\/2022\/11\/16122426\/6-768x768.webp",768,768,true],"large":["https:\/\/cdn.aivie.ch\/media\/wp\/2022\/11\/16122426\/6.webp",800,800,false],"post-thumbnail":["https:\/\/cdn.aivie.ch\/media\/wp\/2022\/11\/16122426\/6.webp",800,800,false],"aiv_480w":["https:\/\/cdn.aivie.ch\/media\/wp\/2022\/11\/16122426\/6-480x480.webp",480,480,true],"woocommerce_thumbnail":["https:\/\/cdn.aivie.ch\/media\/wp\/2022\/11\/16122426\/6-240x240.webp",240,240,true],"woocommerce_single":["https:\/\/cdn.aivie.ch\/media\/wp\/2022\/11\/16122426\/6.webp",800,800,false],"woocommerce_gallery_thumbnail":["https:\/\/cdn.aivie.ch\/media\/wp\/2022\/11\/16122426\/6-240x240.webp",240,240,true]},"post_excerpt_stackable_v2":"<p>Aivie huolehtii <strong>CNAME-, DKIM- ja SPF DNS-tietueiden<\/strong> oikeasta m\u00e4\u00e4rityksest\u00e4 DNS-palveluntarjoajasta <strong>riippumatta<\/strong> ja varmistaa siten turvallisen s\u00e4hk\u00f6postin toimituksen ilman teknisi\u00e4 esteit\u00e4.<\/p>\n","category_list_v2":"","author_info_v2":{"name":"","url":""},"comments_num_v2":"0 comments","_links":{"self":[{"href":"https:\/\/aivie.ch\/fi\/wp-json\/wp\/v2\/product\/27163","targetHints":{"allow":["GET"]}}],"collection":[{"href":"https:\/\/aivie.ch\/fi\/wp-json\/wp\/v2\/product"}],"about":[{"href":"https:\/\/aivie.ch\/fi\/wp-json\/wp\/v2\/types\/product"}],"replies":[{"embeddable":true,"href":"https:\/\/aivie.ch\/fi\/wp-json\/wp\/v2\/comments?post=27163"}],"wp:featuredmedia":[{"embeddable":true,"href":"https:\/\/aivie.ch\/fi\/wp-json\/wp\/v2\/media\/26247"}],"wp:attachment":[{"href":"https:\/\/aivie.ch\/fi\/wp-json\/wp\/v2\/media?parent=27163"}],"wp:term":[{"taxonomy":"product_brand","embeddable":true,"href":"https:\/\/aivie.ch\/fi\/wp-json\/wp\/v2\/product_brand?post=27163"},{"taxonomy":"product_cat","embeddable":true,"href":"https:\/\/aivie.ch\/fi\/wp-json\/wp\/v2\/product_cat?post=27163"},{"taxonomy":"product_tag","embeddable":true,"href":"https:\/\/aivie.ch\/fi\/wp-json\/wp\/v2\/product_tag?post=27163"}],"curies":[{"name":"wp","href":"https:\/\/api.w.org\/{rel}","templated":true}]}}