{"id":27161,"date":"2025-04-01T06:25:17","date_gmt":"2025-04-01T04:25:17","guid":{"rendered":"https:\/\/aivie.ch\/product\/uutiskirjeen-kaeyttoetapauspaketti\/"},"modified":"2026-03-11T22:29:32","modified_gmt":"2026-03-11T20:29:32","slug":"uutiskirjeen-kaeyttoetapauspaketti","status":"publish","type":"product","link":"https:\/\/aivie.ch\/fi\/tuote\/uutiskirjeen-kaeyttoetapauspaketti\/","title":{"rendered":"Uutiskirjeen k\u00e4ytt\u00f6tapauspaketti"},"content":{"rendered":"<h2>Uutiskirjeen k\u00e4ytt\u00f6tapauspaketti<\/h2>\n<p>Uutiskirjepaketti (aloituspaketti) tarjoaa kaiken, mit\u00e4 yritykset tarvitsevat ammattimaisten uutiskirjeiden l\u00e4hett\u00e4miseen \u2013 yksinkertaista, kohdennettua ja omalla ulkoasullaan. Ihanteellinen alkuun s\u00e4\u00e4nn\u00f6llisen s\u00e4hk\u00f6postiviestinn\u00e4n aloittamiseen asiakkaiden ja kiinnostuneiden tahojen kanssa. <\/p>\n<h3>Edut yrityksellesi<\/h3>\n<p>Uutiskirjeen k\u00e4ytt\u00f6tapauspaketti luo perustan onnistuneelle s\u00e4hk\u00f6postiviestinn\u00e4lle \u2013 ilman kiertoteit\u00e4, ilman roskapostin riski\u00e4, mutta t\u00e4ydell\u00e4 teholla.<\/p>\n<ul>\n<li>Ammattimainen ulkon\u00e4k\u00f6: CI\/CD:n r\u00e4\u00e4t\u00e4l\u00f6idyt s\u00e4hk\u00f6postimallit varmistavat tunnistettavuuden ja luottamuksen.<\/li>\n<li>Kohdennettu l\u00e4hestymistapa: \u00e4lykk\u00e4\u00e4t segmentit auttavat suunnittelemaan sis\u00e4ll\u00f6n kohderyhm\u00e4lle sopivaksi.<\/li>\n<li>Lains\u00e4\u00e4d\u00e4nn\u00f6n mukainen l\u00e4hetys: rekister\u00f6inti- ja preferenssilomakkeet (DE\/EN), mukaan lukien kaksinkertainen opt-in ja preferenssikeskus. <\/li>\n<li>Optimoitu toimitettavuus: tuki kaikkien DNS-merkint\u00f6jen (SPF, DKIM, DMARC) m\u00e4\u00e4ritt\u00e4miselle, jotta postilaatikko saadaan sijoitettua parhaalla mahdollisella tavalla.<\/li>\n<li>Tehokas k\u00e4ynnistys: henkil\u00f6kohtainen tuki ja selke\u00e4 raportti kampanjan alussa.<\/li>\n<\/ul>\n<h3>Sis\u00e4lt\u00f6<\/h3>\n<p><strong>Uutiskirjeen markkinoinnin<\/strong> automaation k\u00e4ytt\u00f6tapauspaketti sis\u00e4lt\u00e4\u00e4 seuraavat palvelut: <\/p>\n<ul>\n<li>S\u00e4hk\u00f6postimallit CI\/CD:ss\u00e4<\/li>\n<li>Kohderyhm\u00e4n m\u00e4\u00e4rittelyn segmentit<\/li>\n<li>Etusijaj\u00e4rjestyslomake (etusijaj\u00e4rjestyskeskus) DE\/EN<\/li>\n<li>Rekister\u00f6intilomake, jossa on kaksinkertainen opt-in DE\/EN<\/li>\n<li>Tuki asennuksen aikana<\/li>\n<li>Raportti, jossa on tietoa suorituskyvyst\u00e4<\/li>\n<li>DNS-konfigurointi (SPF, DKIM, DMARC)<\/li>\n<\/ul>\n<p><a href=\"https:\/\/aivie.ch\/allgemeine-geschaeftsbedingungen\/\" target=\"_blank\" rel=\"noopener noreferrer\">Sovelletaan yleisi\u00e4<\/a> k\u00e4ytt\u00f6ehtojamme.<\/p>\n<h3>Suosittelu Corinne Brecher<\/h3>\n<p><img loading=\"lazy\" decoding=\"async\" class=\"alignnone wp-image-21967\" src=\"https:\/\/cdn.aivie.ch\/media\/wp\/2025\/02\/28093147\/kunden-interview-corinne-brecher-960x540.jpg\" alt=\"\" width=\"512\" height=\"288\" title=\"\" srcset=\"https:\/\/cdn.aivie.ch\/media\/wp\/2025\/02\/28093147\/kunden-interview-corinne-brecher-960x540.jpg 960w, https:\/\/cdn.aivie.ch\/media\/wp\/2025\/02\/28093147\/kunden-interview-corinne-brecher-768x432.jpg 768w, https:\/\/cdn.aivie.ch\/media\/wp\/2025\/02\/28093147\/kunden-interview-corinne-brecher-1200x675.jpg 1200w, https:\/\/cdn.aivie.ch\/media\/wp\/2025\/02\/28093147\/kunden-interview-corinne-brecher-480x270.jpg 480w, https:\/\/cdn.aivie.ch\/media\/wp\/2025\/02\/28093147\/kunden-interview-corinne-brecher.jpg 1280w\" sizes=\"auto, (max-width: 512px) 100vw, 512px\" \/><\/p>\n<p><a class=\"PersonalisierteE-Mails\" href=\"http:\/\/PersonalisierteE-Mails\">Toista Corinne Brecherin videohaastattelu<\/a><\/p>\n\n\t<div class=\"wp-video-popup-wrapper\" data-wp-video-popup-id=\"PersonalisierteE-Mails\">\n\t\t<div class=\"wp-video-popup-close\"><\/div>\n\t\t\n\t\t\t<iframe class=\"wp-video-popup-video is-hosted is-landscape is-resizable\" src=\"\" data-wp-video-popup-url=\"https:\/\/www.youtube.com\/embed\/OCS4NYjWwiM?autoplay=1&#038;rel=0\" frameborder=\"0\" allowfullscreen allow=\"autoplay\">\n\t\t\t<\/iframe>\n\t\t\n\t<\/div>\n\t\n\n<div class=\"alignfull wp-block-ugb-columns ugb-columns ugb-091e990 ugb-columns--design-plain ugb-columns--columns-2 ugb-main-block ugb-main-block--inner-center ugb--has-block-background\"><style>.ugb-091e990-content-wrapper{grid-column-gap:60px !important}.ugb-091e990.ugb-columns{background-color:#cfe7e1}.ugb-091e990.ugb-columns:before{background-color:#cfe7e1}<\/style><div class=\"ugb-inner-block ugb-inner-block--center\"><div class=\"ugb-block-content\"><div class=\"ugb-columns__item ugb-091e990-content-wrapper\">\n<div class=\"wp-block-ugb-column ugb-column ugb-d6f33f0 ugb-column--design-plain ugb-main-block\"><style>@media screen and (min-width:768px){.ugb-d6f33f0.ugb-column{margin-top:0px !important}.ugb-d6f33f0 > .ugb-inner-block > .ugb-block-content > *{justify-content:flex-end}}.ugb-d6f33f0 > .ugb-inner-block > .ugb-block-content > *{justify-content:flex-end !important}@media screen and (min-width:768px){.ugb-d6f33f0 > .ugb-inner-block > .ugb-block-content > *{padding-top:0px !important;padding-bottom:0px !important;padding-right:0px !important;padding-left:0px !important}}<\/style><div class=\"ugb-inner-block\"><div class=\"ugb-block-content\"><div class=\"ugb-column__item ugb-d6f33f0-column-wrapper\"><div class=\"ugb-column__content-wrapper\">\n<div class=\"wp-block-ugb-heading ugb-heading ugb-48550e9 ugb-main-block\"><div class=\"ugb-inner-block\"><div class=\"ugb-block-content\"><h2 class=\"ugb-heading__title\"><span style=\"color: #e63312;\" class=\"stk-highlight\">Lass deine Kontakte nicht warten.<\/span><\/h2><\/div><\/div><\/div>\n\n\n\n<figure class=\"wp-block-image size-full is-style-default\"><img decoding=\"async\" src=\"https:\/\/cdn.aivie.ch\/media\/wp\/2022\/09\/06100554\/Aivie-Free.webp\" alt=\"Marketing Automation Aivie-Free\" class=\"wp-image-11417\" title=\"\"><\/figure>\n<\/div><\/div><\/div><\/div><\/div>\n\n\n\n<div class=\"wp-block-ugb-column ugb-column ugb-6da6590 ugb-column--design-plain ugb-main-block\"><div class=\"ugb-inner-block\"><div class=\"ugb-block-content\"><div class=\"ugb-column__item ugb-6da6590-column-wrapper\"><div class=\"ugb-column__content-wrapper\">\n<div class=\"wp-block-ugb-heading ugb-heading ugb-dab8255 ugb-main-block\"><style>.ugb-dab8255 .ugb-heading__title{color:#283e4c}<\/style><div class=\"ugb-inner-block\"><div class=\"ugb-block-content\"><h2 class=\"ugb-heading__title\"><span style=\"color: #283e4c;\" class=\"ugb-highlight\">Kostenlos mit Aivie starten<\/span>.<\/h2><p class=\"ugb-heading__subtitle\">Nutze Aivie 30 Tage lang kostenlos und pr\u00fcfe wie du dank Aivie deine Kontakte gezielt erreichen kannst. Aivie bietet dir schon im Trial alle M\u00f6glichkeiten der Vollversion.<br><br>Probier es jetzt einfach aus.<\/p><\/div><\/div><\/div>\n\n\n\n<div class=\"wp-block-ugb-button ugb-button-wrapper ugb-f7ceaee ugb-main-block\"><style>.ugb-f7ceaee .ugb-block-content{justify-content:flex-start !important}.ugb-f7ceaee .ugb-inner-block{text-align:left}<\/style><div class=\"ugb-inner-block\"><div class=\"ugb-block-content\"><div class=\"ugb-button-container\"><a class=\"ugb-button1 ugb-button ugb-button--size-normal\" href=\"https:\/\/aivie.ch\/preise-pakete\/#price\" rel=\"\" title=\"\"><span class=\"ugb-button--inner\">Kostenlos starten<\/span><\/a><\/div><div class=\"ugb-button-container\"><a class=\"ugb-button2 ugb-button ugb-button--size-normal ugb-button--design-plain\" href=\"https:\/\/aivie.ch\/author\/martin\/\" rel=\"\" title=\"\"><span class=\"ugb-button--inner\">Demo vereinbaren<\/span><\/a><\/div><\/div><\/div><\/div>\n<\/div><\/div><\/div><\/div><\/div>\n<\/div><\/div><\/div><\/div>\n\n","protected":false},"excerpt":{"rendered":"<p>T\u00e4ydellinen paketti ammattimaiseen uutiskirjeen julkaisuun \u2013 mukaan lukien mallit, lomakkeet, segmentit ja tekniset asetukset.<\/p>\n","protected":false},"featured_media":26529,"comment_status":"closed","ping_status":"closed","template":"","meta":{"_acf_changed":false},"product_brand":[],"product_cat":[1235,1233],"product_tag":[],"class_list":{"0":"post-27161","1":"product","2":"type-product","3":"status-publish","4":"has-post-thumbnail","6":"product_cat-kaeyttoetapauspaketti","7":"product_cat-markkinoinnin-automaatiopalvelut","9":"first","10":"instock","11":"virtual","12":"taxable","13":"purchasable","14":"product-type-simple"},"acf":[],"featured_image_urls_v2":{"full":["https:\/\/aivie.ch\/wp-content\/uploads\/2021\/06\/Woocommerce-Product-Pic-Mautic-Email-Template.webp",800,800,false],"thumbnail":["https:\/\/aivie.ch\/wp-content\/uploads\/2021\/06\/Woocommerce-Product-Pic-Mautic-Email-Template-240x240.webp",240,240,true],"medium":["https:\/\/aivie.ch\/wp-content\/uploads\/2021\/06\/Woocommerce-Product-Pic-Mautic-Email-Template.webp",800,800,false],"medium_large":["https:\/\/aivie.ch\/wp-content\/uploads\/2021\/06\/Woocommerce-Product-Pic-Mautic-Email-Template-768x768.webp",768,768,true],"large":["https:\/\/aivie.ch\/wp-content\/uploads\/2021\/06\/Woocommerce-Product-Pic-Mautic-Email-Template.webp",800,800,false],"post-thumbnail":["https:\/\/aivie.ch\/wp-content\/uploads\/2021\/06\/Woocommerce-Product-Pic-Mautic-Email-Template.webp",800,800,false],"aiv_480w":["https:\/\/aivie.ch\/wp-content\/uploads\/2021\/06\/Woocommerce-Product-Pic-Mautic-Email-Template-480x480.webp",480,480,true],"woocommerce_thumbnail":["https:\/\/aivie.ch\/wp-content\/uploads\/2021\/06\/Woocommerce-Product-Pic-Mautic-Email-Template-240x240.webp",240,240,true],"woocommerce_single":["https:\/\/aivie.ch\/wp-content\/uploads\/2021\/06\/Woocommerce-Product-Pic-Mautic-Email-Template.webp",800,800,false],"woocommerce_gallery_thumbnail":["https:\/\/aivie.ch\/wp-content\/uploads\/2021\/06\/Woocommerce-Product-Pic-Mautic-Email-Template-240x240.webp",240,240,true]},"post_excerpt_stackable_v2":"<p>T\u00e4ydellinen paketti ammattimaiseen uutiskirjeen julkaisuun \u2013 mukaan lukien mallit, lomakkeet, segmentit ja tekniset asetukset.<\/p>\n","category_list_v2":"","author_info_v2":{"name":"","url":""},"comments_num_v2":"0 comments","_links":{"self":[{"href":"https:\/\/aivie.ch\/fi\/wp-json\/wp\/v2\/product\/27161","targetHints":{"allow":["GET"]}}],"collection":[{"href":"https:\/\/aivie.ch\/fi\/wp-json\/wp\/v2\/product"}],"about":[{"href":"https:\/\/aivie.ch\/fi\/wp-json\/wp\/v2\/types\/product"}],"replies":[{"embeddable":true,"href":"https:\/\/aivie.ch\/fi\/wp-json\/wp\/v2\/comments?post=27161"}],"wp:featuredmedia":[{"embeddable":true,"href":"https:\/\/aivie.ch\/fi\/wp-json\/wp\/v2\/media\/26529"}],"wp:attachment":[{"href":"https:\/\/aivie.ch\/fi\/wp-json\/wp\/v2\/media?parent=27161"}],"wp:term":[{"taxonomy":"product_brand","embeddable":true,"href":"https:\/\/aivie.ch\/fi\/wp-json\/wp\/v2\/product_brand?post=27161"},{"taxonomy":"product_cat","embeddable":true,"href":"https:\/\/aivie.ch\/fi\/wp-json\/wp\/v2\/product_cat?post=27161"},{"taxonomy":"product_tag","embeddable":true,"href":"https:\/\/aivie.ch\/fi\/wp-json\/wp\/v2\/product_tag?post=27161"}],"curies":[{"name":"wp","href":"https:\/\/api.w.org\/{rel}","templated":true}]}}