{"id":27157,"date":"2025-08-19T14:38:19","date_gmt":"2025-08-19T12:38:19","guid":{"rendered":"https:\/\/aivie.ch\/product\/kasvupalvelut\/"},"modified":"2026-01-11T14:47:43","modified_gmt":"2026-01-11T12:47:43","slug":"kasvupalvelut","status":"publish","type":"product","link":"https:\/\/aivie.ch\/fi\/tuote\/kasvupalvelut\/","title":{"rendered":"Kasvupalvelut"},"content":{"rendered":"<p><span style=\"font-weight: 400;\">Verkkopalvelusta on tullut yksi t\u00e4rkeimmist\u00e4 kanavista nykyp\u00e4iv\u00e4n yritysmaailmassa.<\/span><\/p>\n<p><span style=\"font-weight: 400;\">Kasvupalveluidemme avulla tarjoamme asiakkaillemme varmuuden siit\u00e4, ett\u00e4 joku huolehtii heid\u00e4n verkkol\u00e4sn\u00e4olostaan ja varmistaa, ett\u00e4 ne edist\u00e4v\u00e4t heid\u00e4n liiketoimintatavoitteitaan.<\/span><\/p>\n<p><span style=\"font-weight: 400;\">Paketteja tarjotaan kolmessa vakiomuodossa, mutta ne voidaan r\u00e4\u00e4t\u00e4l\u00f6id\u00e4 kunkin yrityksen erityistarpeiden mukaan.  <\/span><\/p>\n<h2><b>Sis\u00e4lt\u00f6 Kasvupalvelut<\/b><\/h2>\n<ul>\n<li style=\"font-weight: 400;\" aria-level=\"1\"><b>Strateginen neuvonta ja tuki: <\/b><span style=\"font-weight: 400;\">Jotta sinulla olisi digitaalinen yhteyshenkil\u00f6, joka tuntee yrityksesi l\u00e4pikotaisin.<\/span><\/li>\n<li style=\"font-weight: 400;\" aria-level=\"1\"><b>Verkkomarkkinointi: <\/b><span style=\"font-weight: 400;\">Jotta sinulla olisi relevanttia mainontaa siell\u00e4, miss\u00e4 asiakkaasi ovat.<\/span><\/li>\n<li style=\"font-weight: 400;\" aria-level=\"1\"><b>Sis\u00e4lt\u00f6markkinointi: <\/b><span style=\"font-weight: 400;\">Hakukoneiden kautta saat tasaista liidien virtaa. <\/span> <\/li>\n<li style=\"font-weight: 400;\" aria-level=\"1\"><b>Markkinoinnin automatisointi: <\/b><span style=\"font-weight: 400;\">Jotta voit tavoittaa asiakkaasi henkil\u00f6kohtaisella sis\u00e4ll\u00f6ll\u00e4.<\/span><\/li>\n<li style=\"font-weight: 400;\" aria-level=\"1\"><b>Analyysit ja raportit: <\/b><span style=\"font-weight: 400;\">Jotta tied\u00e4t, miten digitaalinen liiketoimintasi edistyy<\/span><\/li>\n<li style=\"font-weight: 400;\" aria-level=\"1\"><b>Verkkosivuston toimivuus ja korjaukset:<\/b><span style=\"font-weight: 400;\"> Jotta voimme py\u00f6ritt\u00e4\u00e4 digitaalista liiketoimintaasi ja parantaa sit\u00e4 jatkuvasti,<\/span><\/li>\n<\/ul>\n","protected":false},"excerpt":{"rendered":"<p>Verkkopalvelusta on tullut yksi t\u00e4rkeimmist\u00e4 kanavista nykyp\u00e4iv\u00e4n yritysmaailmassa. Kasvupalveluidemme avulla tarjoamme asiakkaillemme varmuuden siit\u00e4, ett\u00e4 joku huolehtii heid\u00e4n verkkol\u00e4sn\u00e4olostaan ja varmistaa, ett\u00e4 ne edist\u00e4v\u00e4t heid\u00e4n liiketoimintatavoitteitaan. Paketteja tarjotaan kolmessa vakiomuodossa, mutta ne voidaan r\u00e4\u00e4t\u00e4l\u00f6id\u00e4 kunkin yrityksen erityistarpeiden mukaan. Sis\u00e4lt\u00f6 Kasvupalvelut Strateginen neuvonta ja tuki: Jotta sinulla olisi digitaalinen yhteyshenkil\u00f6, joka tuntee yrityksesi l\u00e4pikotaisin. Verkkomarkkinointi: Jotta &hellip; <a href=\"https:\/\/aivie.ch\/fi\/tuote\/kasvupalvelut\/\" class=\"more-link\">Jatka lukemista <span class=\"screen-reader-text\">Kasvupalvelut<\/span><\/a><\/p>\n","protected":false},"featured_media":0,"comment_status":"closed","ping_status":"closed","template":"","meta":{"_acf_changed":false},"product_brand":[],"product_cat":[1351],"product_tag":[],"class_list":{"0":"post-27157","1":"product","2":"type-product","3":"status-publish","5":"product_cat-luokittelematon","7":"first","8":"instock","9":"virtual","10":"taxable","11":"purchasable","12":"product-type-simple"},"acf":[],"featured_image_urls_v2":{"full":"","thumbnail":"","medium":"","medium_large":"","large":"","post-thumbnail":"","aiv_480w":"","woocommerce_thumbnail":"","woocommerce_single":"","woocommerce_gallery_thumbnail":""},"post_excerpt_stackable_v2":"<p>Verkkopalvelusta on tullut yksi t\u00e4rkeimmist\u00e4 kanavista nykyp\u00e4iv\u00e4n yritysmaailmassa. Kasvupalveluidemme avulla tarjoamme asiakkaillemme varmuuden siit\u00e4, ett\u00e4 joku huolehtii heid\u00e4n verkkol\u00e4sn\u00e4olostaan ja varmistaa, ett\u00e4 ne edist\u00e4v\u00e4t heid\u00e4n liiketoimintatavoitteitaan. Paketteja tarjotaan kolmessa vakiomuodossa, mutta ne voidaan r\u00e4\u00e4t\u00e4l\u00f6id\u00e4 kunkin yrityksen erityistarpeiden mukaan. Sis\u00e4lt\u00f6 Kasvupalvelut Strateginen neuvonta ja tuki: Jotta sinulla olisi digitaalinen yhteyshenkil\u00f6, joka tuntee yrityksesi l\u00e4pikotaisin. Verkkomarkkinointi: Jotta sinulla olisi relevanttia mainontaa siell\u00e4, miss\u00e4 asiakkaasi ovat. Sis\u00e4lt\u00f6markkinointi: Hakukoneiden kautta saat tasaista liidien virtaa. Markkinoinnin automatisointi: Jotta voit tavoittaa asiakkaasi henkil\u00f6kohtaisella sis\u00e4ll\u00f6ll\u00e4. Analyysit ja raportit: Jotta tied\u00e4t, miten digitaalinen liiketoimintasi edistyy Verkkosivuston toimivuus ja korjaukset: Jotta voimme py\u00f6ritt\u00e4\u00e4 digitaalista liiketoimintaasi ja parantaa sit\u00e4 jatkuvasti,<\/p>\n","category_list_v2":"","author_info_v2":{"name":"","url":""},"comments_num_v2":"0 comments","_links":{"self":[{"href":"https:\/\/aivie.ch\/fi\/wp-json\/wp\/v2\/product\/27157","targetHints":{"allow":["GET"]}}],"collection":[{"href":"https:\/\/aivie.ch\/fi\/wp-json\/wp\/v2\/product"}],"about":[{"href":"https:\/\/aivie.ch\/fi\/wp-json\/wp\/v2\/types\/product"}],"replies":[{"embeddable":true,"href":"https:\/\/aivie.ch\/fi\/wp-json\/wp\/v2\/comments?post=27157"}],"wp:attachment":[{"href":"https:\/\/aivie.ch\/fi\/wp-json\/wp\/v2\/media?parent=27157"}],"wp:term":[{"taxonomy":"product_brand","embeddable":true,"href":"https:\/\/aivie.ch\/fi\/wp-json\/wp\/v2\/product_brand?post=27157"},{"taxonomy":"product_cat","embeddable":true,"href":"https:\/\/aivie.ch\/fi\/wp-json\/wp\/v2\/product_cat?post=27157"},{"taxonomy":"product_tag","embeddable":true,"href":"https:\/\/aivie.ch\/fi\/wp-json\/wp\/v2\/product_tag?post=27157"}],"curies":[{"name":"wp","href":"https:\/\/api.w.org\/{rel}","templated":true}]}}