{"id":27135,"date":"2021-06-23T07:30:32","date_gmt":"2021-06-23T05:30:32","guid":{"rendered":"https:\/\/aivie.ch\/product\/3-mautic-uutiskirjeen-saehkoepostimallia-mautic-theme\/"},"modified":"2026-01-11T14:44:14","modified_gmt":"2026-01-11T12:44:14","slug":"3-mautic-uutiskirjeen-saehkoepostimallia-mautic-theme","status":"publish","type":"product","link":"https:\/\/aivie.ch\/fi\/tuote\/3-mautic-uutiskirjeen-saehkoepostimallia-mautic-theme\/","title":{"rendered":"3 Mautic uutiskirjeen s\u00e4hk\u00f6postimallia (Mautic Theme)"},"content":{"rendered":"<p>S\u00e4\u00e4st\u00e4 aikaa ilman, ett\u00e4 sinun tarvitsee uhrata monipuolisuutta ja luovuutta. Valitse useista <em>uutiskirje-s\u00e4hk\u00f6postimalleista<\/em> tai Mautic-teemasta ja luo haluamasi s\u00e4hk\u00f6posti nopeasti ja helposti. <\/p>\n<p>Saat 4 s\u00e4hk\u00f6postimallia Mautic Theme ZIP-tiedostona.<\/p>\n<p>Mallit on optimoitu kaikille yleisimmille s\u00e4hk\u00f6postiohjelmille, ja ne n\u00e4ytt\u00e4v\u00e4t hyv\u00e4lt\u00e4. Jopa Outlookin kanssa. Kaikki sis\u00e4lt\u00f6 on suunniteltu n\u00e4ytt\u00e4m\u00e4\u00e4n hyv\u00e4lt\u00e4 kaikilla laitteilla. Ne ovat responsiivisia ja optimoitu n\u00e4ytett\u00e4v\u00e4ksi Retina-n\u00e4yt\u00f6ill\u00e4.   <\/p>\n<p>S\u00e4hk\u00f6postimallit on kehitetty viimeisimpien standardien ja parhaiden k\u00e4yt\u00e4nt\u00f6jen mukaisesti, ja ne on testattu laadullisesti.<\/p>\n<p>Erityist\u00e4 huomiota kiinnitet\u00e4\u00e4n siihen, etteiv\u00e4t ne aiheuta tarpeetonta roskapostiep\u00e4ily\u00e4.<\/p>\n<p>Mallien yksinkertainen muokkaaminen ja laajentaminen on taattu.<\/p>\n<p><em>Newsletter \/<\/em> Mautic Themes -s\u00e4hk\u00f6postimallit on testattu kaikille p\u00e4\u00e4telaitteille. T\u00e4\u00e4ll\u00e4 voit<a href=\"https:\/\/cdn.aivie.ch\/media\/wp\/2021\/06\/13160615\/blank-download-9a86efde-272d-4567-8e2e-e4e0d3d17493-2.zip\"><strong> ladata esikatselun mallista eri laitteilla.<\/strong><\/a> <\/p>\n<h3>Sinun etusi<\/h3>\n<ul>\n<li>Optimoitu Mautic 4 E-Mail Builderille (GrapesJs, MJML).<\/li>\n<li>Luo s\u00e4hk\u00f6posteja nopeasti ja helposti.<\/li>\n<li>Paras k\u00e4ytt\u00e4j\u00e4kokemus<\/li>\n<li>S\u00e4hk\u00f6postit n\u00e4ytt\u00e4v\u00e4t hyv\u00e4lt\u00e4 suosituissa s\u00e4hk\u00f6postiohjelmissa (Responsiivinen)<\/li>\n<li>Tuki korkean resoluution Retina-kuville<\/li>\n<li>Laadukas MJML\/HTML<\/li>\n<li>Optimoitu SPAM-ep\u00e4ilyjen v\u00e4hent\u00e4miseksi.<\/li>\n<li>6 kuukautta ilmaisia p\u00e4ivityksi\u00e4 ja tukea<\/li>\n<li>IT-asiantuntijaa tai koodin tuntemusta ei tarvita<\/li>\n<\/ul>\n<h3>Mahdollisimman nopeasti uusiin Mautic-s\u00e4hk\u00f6postimalleihin.<\/h3>\n<ol>\n<li>Osta 3 Mautic-s\u00e4hk\u00f6postimallisi &#8221;Simple\u201d.<\/li>\n<li>Tee asianmukaiset m\u00e4\u00e4ritykset v\u00e4rien, logon, fontin jne. osalta.<\/li>\n<li>Asennamme sen pyyt\u00e4m\u00e4ss\u00e4si ajassa (tai l\u00e4het\u00e4mme sinulle ZIP-tiedoston itsen\u00e4ist\u00e4 asennusta varten, jos hosting ei ole meill\u00e4).<\/li>\n<li>Luodaan uusia, hienoja s\u00e4hk\u00f6posteja<\/li>\n<\/ol>\n<p><a href=\"https:\/\/www.idea2.ch\/allgemeine-geschaeftsbedingungen\/\" target=\"_blank\" rel=\"noopener noreferrer\">Sovelletaan yleisi\u00e4<\/a> k\u00e4ytt\u00f6ehtojamme.<\/p>\n","protected":false},"excerpt":{"rendered":"<p>Uutiskirjeit\u00e4 varten optimoidut Mautic-s\u00e4hk\u00f6postimallit<\/p>\n","protected":false},"featured_media":26529,"comment_status":"closed","ping_status":"closed","template":"","meta":{"_acf_changed":false},"product_brand":[],"product_cat":[1228],"product_tag":[],"class_list":{"0":"post-27135","1":"product","2":"type-product","3":"status-publish","4":"has-post-thumbnail","6":"product_cat-mautic-e-mail-mallit-teemat","8":"first","9":"instock","10":"virtual","11":"taxable","12":"purchasable","13":"product-type-simple"},"acf":[],"featured_image_urls_v2":{"full":["https:\/\/aivie.ch\/wp-content\/uploads\/2021\/06\/Woocommerce-Product-Pic-Mautic-Email-Template.webp",800,800,false],"thumbnail":["https:\/\/aivie.ch\/wp-content\/uploads\/2021\/06\/Woocommerce-Product-Pic-Mautic-Email-Template-240x240.webp",240,240,true],"medium":["https:\/\/aivie.ch\/wp-content\/uploads\/2021\/06\/Woocommerce-Product-Pic-Mautic-Email-Template.webp",800,800,false],"medium_large":["https:\/\/aivie.ch\/wp-content\/uploads\/2021\/06\/Woocommerce-Product-Pic-Mautic-Email-Template-768x768.webp",768,768,true],"large":["https:\/\/aivie.ch\/wp-content\/uploads\/2021\/06\/Woocommerce-Product-Pic-Mautic-Email-Template.webp",800,800,false],"post-thumbnail":["https:\/\/aivie.ch\/wp-content\/uploads\/2021\/06\/Woocommerce-Product-Pic-Mautic-Email-Template.webp",800,800,false],"aiv_480w":["https:\/\/aivie.ch\/wp-content\/uploads\/2021\/06\/Woocommerce-Product-Pic-Mautic-Email-Template-480x480.webp",480,480,true],"woocommerce_thumbnail":["https:\/\/aivie.ch\/wp-content\/uploads\/2021\/06\/Woocommerce-Product-Pic-Mautic-Email-Template-240x240.webp",240,240,true],"woocommerce_single":["https:\/\/aivie.ch\/wp-content\/uploads\/2021\/06\/Woocommerce-Product-Pic-Mautic-Email-Template.webp",800,800,false],"woocommerce_gallery_thumbnail":["https:\/\/aivie.ch\/wp-content\/uploads\/2021\/06\/Woocommerce-Product-Pic-Mautic-Email-Template-240x240.webp",240,240,true]},"post_excerpt_stackable_v2":"<p>Uutiskirjeit\u00e4 varten optimoidut Mautic-s\u00e4hk\u00f6postimallit<\/p>\n","category_list_v2":"","author_info_v2":{"name":"","url":""},"comments_num_v2":"0 comments","_links":{"self":[{"href":"https:\/\/aivie.ch\/fi\/wp-json\/wp\/v2\/product\/27135","targetHints":{"allow":["GET"]}}],"collection":[{"href":"https:\/\/aivie.ch\/fi\/wp-json\/wp\/v2\/product"}],"about":[{"href":"https:\/\/aivie.ch\/fi\/wp-json\/wp\/v2\/types\/product"}],"replies":[{"embeddable":true,"href":"https:\/\/aivie.ch\/fi\/wp-json\/wp\/v2\/comments?post=27135"}],"wp:featuredmedia":[{"embeddable":true,"href":"https:\/\/aivie.ch\/fi\/wp-json\/wp\/v2\/media\/26529"}],"wp:attachment":[{"href":"https:\/\/aivie.ch\/fi\/wp-json\/wp\/v2\/media?parent=27135"}],"wp:term":[{"taxonomy":"product_brand","embeddable":true,"href":"https:\/\/aivie.ch\/fi\/wp-json\/wp\/v2\/product_brand?post=27135"},{"taxonomy":"product_cat","embeddable":true,"href":"https:\/\/aivie.ch\/fi\/wp-json\/wp\/v2\/product_cat?post=27135"},{"taxonomy":"product_tag","embeddable":true,"href":"https:\/\/aivie.ch\/fi\/wp-json\/wp\/v2\/product_tag?post=27135"}],"curies":[{"name":"wp","href":"https:\/\/api.w.org\/{rel}","templated":true}]}}