{"id":26881,"date":"2021-06-23T07:33:10","date_gmt":"2021-06-23T05:33:10","guid":{"rendered":"https:\/\/aivie.ch\/product\/mailchimp-aivie-migration\/"},"modified":"2026-01-11T14:29:09","modified_gmt":"2026-01-11T12:29:09","slug":"mailchimp-aivie-migration","status":"publish","type":"product","link":"https:\/\/aivie.ch\/fi\/tuote\/mailchimp-aivie-migration\/","title":{"rendered":"Mailchimp Aivie Migration"},"content":{"rendered":"<h2>Siirry Mailchimpist\u00e4 Aivieen<\/h2>\n<p>Siirry Mailchimpist\u00e4 Aivieen nyt ja pid\u00e4 tietosi hallinnassa. Kaikki asiakastiedot s\u00e4ilytet\u00e4\u00e4n pyynn\u00f6st\u00e4si Sveitsiss\u00e4 tai Saksassa. <\/p>\n<p>Siirry Mailchimpist\u00e4 yksinkertaisesti Aivieen. Ilman laadun tai mukavuuden menetyst\u00e4. Ilman mit\u00e4\u00e4n vaivaa. Me huolehdimme koko siirtymisest\u00e4 puolestasi. Sen j\u00e4lkeen voit luoda uusia uutiskirjeit\u00e4 Aivie-s\u00e4hk\u00f6postirakentajassa yksinkertaisesti vet\u00e4m\u00e4ll\u00e4 ja pudottamalla. Eik\u00e4 siin\u00e4 viel\u00e4 kaikki: Aivie antaa sinulle my\u00f6s lis\u00e4\u00e4 vaihtoehtoja.     <\/p>\n<h2>Aivien k\u00e4ytt\u00f6tapaukset<\/h2>\n<ul>\n<li><a href=\"https:\/\/aivie.ch\/fi\/liidien-luominen-verkkosivuston-kautta\/\">Liidien luominen verkkosivuston kautta<\/a><\/li>\n<li><a href=\"https:\/\/aivie.ch\/fi\/automatisoi-markkinointiprosessit\/\">Automatisoi markkinointiprosessit<\/a><\/li>\n<li><a href=\"https:\/\/aivie.ch\/fi\/henkiloekohtaiset-saehkoepostit\/\">Henkil\u00f6kohtaiset s\u00e4hk\u00f6postit<\/a><\/li>\n<li><a href=\"https:\/\/aivie.ch\/fi\/lead-management-crm\/\">Lead Management (CRM)<\/a><\/li>\n<li><a href=\"https:\/\/aivie.ch\/fi\/markkinointiraportointi\/\">Markkinointiraportointi<\/a><\/li>\n<\/ul>\n<h2>Mailchimp-siirtym\u00e4<\/h2>\n<p>Kolmen siirtopakettimme avulla siirtyminen Mailchimpist\u00e4 Aivieen on helppoa. Valitse paketti kertaluonteista siirtymist\u00e4 varten. Sen j\u00e4lkeen maksat vain Aivie <a href=\"https:\/\/aivie.ch\/fi\/hinnat-ja-paketit\/\">-hostingista.<\/a>  <\/p>\n<h3>Lite: 98.<\/h3>\n<ul>\n<li>Vie yhteystiedot Mailchimpist\u00e4 ja tuo ne Aivieen lainmukaisella tavalla.<\/li>\n<\/ul>\n<h3>Edistyneet: 298.-<\/h3>\n<ul>\n<li>Vie yhteystiedot Mailchimpist\u00e4 ja tuo ne Aivieen lainmukaisella tavalla.<\/li>\n<li>3 mukautetun kent\u00e4n siirtyminen<\/li>\n<li>1 s\u00e4hk\u00f6postimalli, joka on luotu suunnittelemassasi mallissa mallina.<\/li>\n<\/ul>\n<h3>Asiantuntija: 998.-<\/h3>\n<ul>\n<li>Vie yhteystiedot Mailchimpist\u00e4 ja tuo ne Aivieen lainmukaisella tavalla.<\/li>\n<li>10 mukautetun kent\u00e4n siirtyminen<\/li>\n<li>3 s\u00e4hk\u00f6postipohjaa, jotka on luotu mallina suunnittelemallasi mallilla.<\/li>\n<li>Raporttien ja tilastojen vienti ja laatiminen Mailchimpist\u00e4<\/li>\n<\/ul>\n","protected":false},"excerpt":{"rendered":"<p>Siirry Mailchimpist\u00e4 Aivieen Siirry Mailchimpist\u00e4 Aivieen nyt ja pid\u00e4 tietosi hallinnassa. Kaikki asiakastiedot s\u00e4ilytet\u00e4\u00e4n pyynn\u00f6st\u00e4si Sveitsiss\u00e4 tai Saksassa. Siirry Mailchimpist\u00e4 yksinkertaisesti Aivieen. Ilman laadun tai mukavuuden menetyst\u00e4. Ilman mit\u00e4\u00e4n vaivaa. Me huolehdimme koko siirtymisest\u00e4 puolestasi. Sen j\u00e4lkeen voit luoda uusia uutiskirjeit\u00e4 Aivie-s\u00e4hk\u00f6postirakentajassa yksinkertaisesti vet\u00e4m\u00e4ll\u00e4 ja pudottamalla. Eik\u00e4 siin\u00e4 viel\u00e4 kaikki: Aivie antaa sinulle my\u00f6s lis\u00e4\u00e4 &hellip; <a href=\"https:\/\/aivie.ch\/fi\/tuote\/mailchimp-aivie-migration\/\" class=\"more-link\">Jatka lukemista <span class=\"screen-reader-text\">Mailchimp Aivie Migration<\/span><\/a><\/p>\n","protected":false},"featured_media":26883,"comment_status":"closed","ping_status":"closed","template":"","meta":{"_acf_changed":false},"product_brand":[],"product_cat":[1279,1233],"product_tag":[],"class_list":{"0":"post-26881","1":"product","2":"type-product","3":"status-publish","4":"has-post-thumbnail","6":"product_cat-aivie-muuttoliike","7":"product_cat-markkinoinnin-automaatiopalvelut","9":"first","10":"instock","11":"taxable","12":"shipping-taxable","13":"purchasable","14":"product-type-variable","15":"has-default-attributes"},"acf":[],"featured_image_urls_v2":{"full":["https:\/\/cdn.aivie.ch\/media\/wp\/2021\/06\/22095844\/Mailchimp-Aivie-Migrationspaket.webp",800,800,false],"thumbnail":["https:\/\/cdn.aivie.ch\/media\/wp\/2021\/06\/22095844\/Mailchimp-Aivie-Migrationspaket-240x240.webp",240,240,true],"medium":["https:\/\/cdn.aivie.ch\/media\/wp\/2021\/06\/22095844\/Mailchimp-Aivie-Migrationspaket.webp",800,800,false],"medium_large":["https:\/\/cdn.aivie.ch\/media\/wp\/2021\/06\/22095844\/Mailchimp-Aivie-Migrationspaket-768x768.webp",768,768,true],"large":["https:\/\/cdn.aivie.ch\/media\/wp\/2021\/06\/22095844\/Mailchimp-Aivie-Migrationspaket.webp",800,800,false],"post-thumbnail":["https:\/\/cdn.aivie.ch\/media\/wp\/2021\/06\/22095844\/Mailchimp-Aivie-Migrationspaket.webp",800,800,false],"aiv_480w":["https:\/\/cdn.aivie.ch\/media\/wp\/2021\/06\/22095844\/Mailchimp-Aivie-Migrationspaket-480x480.webp",480,480,true],"woocommerce_thumbnail":["https:\/\/cdn.aivie.ch\/media\/wp\/2021\/06\/22095844\/Mailchimp-Aivie-Migrationspaket-240x240.webp",240,240,true],"woocommerce_single":["https:\/\/cdn.aivie.ch\/media\/wp\/2021\/06\/22095844\/Mailchimp-Aivie-Migrationspaket.webp",800,800,false],"woocommerce_gallery_thumbnail":["https:\/\/cdn.aivie.ch\/media\/wp\/2021\/06\/22095844\/Mailchimp-Aivie-Migrationspaket-240x240.webp",240,240,true]},"post_excerpt_stackable_v2":"<p>Siirry Mailchimpist\u00e4 Aivieen Siirry Mailchimpist\u00e4 Aivieen nyt ja pid\u00e4 tietosi hallinnassa. Kaikki asiakastiedot s\u00e4ilytet\u00e4\u00e4n pyynn\u00f6st\u00e4si Sveitsiss\u00e4 tai Saksassa. Siirry Mailchimpist\u00e4 yksinkertaisesti Aivieen. Ilman laadun tai mukavuuden menetyst\u00e4. Ilman mit\u00e4\u00e4n vaivaa. Me huolehdimme koko siirtymisest\u00e4 puolestasi. Sen j\u00e4lkeen voit luoda uusia uutiskirjeit\u00e4 Aivie-s\u00e4hk\u00f6postirakentajassa yksinkertaisesti vet\u00e4m\u00e4ll\u00e4 ja pudottamalla. Eik\u00e4 siin\u00e4 viel\u00e4 kaikki: Aivie antaa sinulle my\u00f6s lis\u00e4\u00e4 vaihtoehtoja. Aivien k\u00e4ytt\u00f6tapaukset Liidien luominen verkkosivuston kautta Automatisoi markkinointiprosessit Henkil\u00f6kohtaiset s\u00e4hk\u00f6postit Lead Management (CRM) Markkinointiraportointi Mailchimp-siirtym\u00e4 Kolmen siirtopakettimme avulla siirtyminen Mailchimpist\u00e4 Aivieen on helppoa. Valitse paketti kertaluonteista siirtymist\u00e4 varten. Sen j\u00e4lkeen maksat vain Aivie -hostingista. Lite: 98. Vie yhteystiedot Mailchimpist\u00e4 ja tuo ne Aivieen lainmukaisella\u2026<\/p>\n","category_list_v2":"","author_info_v2":{"name":"","url":""},"comments_num_v2":"0 comments","_links":{"self":[{"href":"https:\/\/aivie.ch\/fi\/wp-json\/wp\/v2\/product\/26881","targetHints":{"allow":["GET"]}}],"collection":[{"href":"https:\/\/aivie.ch\/fi\/wp-json\/wp\/v2\/product"}],"about":[{"href":"https:\/\/aivie.ch\/fi\/wp-json\/wp\/v2\/types\/product"}],"replies":[{"embeddable":true,"href":"https:\/\/aivie.ch\/fi\/wp-json\/wp\/v2\/comments?post=26881"}],"wp:featuredmedia":[{"embeddable":true,"href":"https:\/\/aivie.ch\/fi\/wp-json\/wp\/v2\/media\/26883"}],"wp:attachment":[{"href":"https:\/\/aivie.ch\/fi\/wp-json\/wp\/v2\/media?parent=26881"}],"wp:term":[{"taxonomy":"product_brand","embeddable":true,"href":"https:\/\/aivie.ch\/fi\/wp-json\/wp\/v2\/product_brand?post=26881"},{"taxonomy":"product_cat","embeddable":true,"href":"https:\/\/aivie.ch\/fi\/wp-json\/wp\/v2\/product_cat?post=26881"},{"taxonomy":"product_tag","embeddable":true,"href":"https:\/\/aivie.ch\/fi\/wp-json\/wp\/v2\/product_tag?post=26881"}],"curies":[{"name":"wp","href":"https:\/\/api.w.org\/{rel}","templated":true}]}}