{"id":26860,"date":"2021-06-30T13:18:52","date_gmt":"2021-06-30T11:18:52","guid":{"rendered":"https:\/\/aivie.ch\/product\/mautic-tuki\/"},"modified":"2026-01-11T14:29:00","modified_gmt":"2026-01-11T12:29:00","slug":"mautic-tuki","status":"publish","type":"product","link":"https:\/\/aivie.ch\/fi\/tuote\/mautic-tuki\/","title":{"rendered":"Mautic-tuki"},"content":{"rendered":"<p>Onko sinulla oma Mautic-instanssi? Mautic-tukemme tarjoaa nopeita vastauksia avoimen l\u00e4hdekoodin Mautic-ratkaisua koskeviin kysymyksiisi. Vastaamme sinulle mahdollisimman nopeasti tiketill\u00e4 tai s\u00e4hk\u00f6postitse. 48 tunnin kuluessa. Yleens\u00e4 paljon nopeammin Sveitsin toimiston aukioloaikoina.    <\/p>\n<p>Aivie-asiakkaille t\u00e4m\u00e4 tuki sis\u00e4ltyy jo <a href=\"https:\/\/aivie.ch\/fi\/hinnat-ja-paketit\/\">tilaukseen.<\/a> <\/p>\n<p>Kuukausi- ja ty\u00f6ntekij\u00e4kohtaiset hinnat ilman arvonlis\u00e4veroa, voidaan peruuttaa milloin tahansa. <a href=\"https:\/\/aivie.ch\/fi\/yleiset-ehdot\/\" target=\"_blank\" rel=\"noopener noreferrer\">Sovelletaan yleisi\u00e4<\/a> sopimusehtojamme.<\/p>\n","protected":false},"excerpt":{"rendered":"<p>Nopea ja asiantunteva Mautic-tuki<\/p>\n","protected":false},"featured_media":26861,"comment_status":"closed","ping_status":"closed","template":"","meta":{"_acf_changed":false},"product_brand":[],"product_cat":[1231],"product_tag":[],"class_list":{"0":"post-26860","1":"product","2":"type-product","3":"status-publish","4":"has-post-thumbnail","6":"product_cat-aivie-mautic-tuki","8":"first","9":"instock","10":"virtual","11":"taxable","12":"purchasable","13":"product-type-subscription"},"acf":[],"featured_image_urls_v2":{"full":["https:\/\/cdn.aivie.ch\/media\/wp\/2021\/06\/22113356\/Intensive-Mautic-Support-Business.webp",800,800,false],"thumbnail":["https:\/\/cdn.aivie.ch\/media\/wp\/2021\/06\/22113356\/Intensive-Mautic-Support-Business-240x240.webp",240,240,true],"medium":["https:\/\/cdn.aivie.ch\/media\/wp\/2021\/06\/22113356\/Intensive-Mautic-Support-Business.webp",800,800,false],"medium_large":["https:\/\/cdn.aivie.ch\/media\/wp\/2021\/06\/22113356\/Intensive-Mautic-Support-Business-768x768.webp",768,768,true],"large":["https:\/\/cdn.aivie.ch\/media\/wp\/2021\/06\/22113356\/Intensive-Mautic-Support-Business.webp",800,800,false],"post-thumbnail":["https:\/\/cdn.aivie.ch\/media\/wp\/2021\/06\/22113356\/Intensive-Mautic-Support-Business.webp",800,800,false],"aiv_480w":["https:\/\/cdn.aivie.ch\/media\/wp\/2021\/06\/22113356\/Intensive-Mautic-Support-Business-480x480.webp",480,480,true],"woocommerce_thumbnail":["https:\/\/cdn.aivie.ch\/media\/wp\/2021\/06\/22113356\/Intensive-Mautic-Support-Business-240x240.webp",240,240,true],"woocommerce_single":["https:\/\/cdn.aivie.ch\/media\/wp\/2021\/06\/22113356\/Intensive-Mautic-Support-Business.webp",800,800,false],"woocommerce_gallery_thumbnail":["https:\/\/cdn.aivie.ch\/media\/wp\/2021\/06\/22113356\/Intensive-Mautic-Support-Business-240x240.webp",240,240,true]},"post_excerpt_stackable_v2":"<p>Nopea ja asiantunteva Mautic-tuki<\/p>\n","category_list_v2":"","author_info_v2":{"name":"","url":""},"comments_num_v2":"0 comments","_links":{"self":[{"href":"https:\/\/aivie.ch\/fi\/wp-json\/wp\/v2\/product\/26860","targetHints":{"allow":["GET"]}}],"collection":[{"href":"https:\/\/aivie.ch\/fi\/wp-json\/wp\/v2\/product"}],"about":[{"href":"https:\/\/aivie.ch\/fi\/wp-json\/wp\/v2\/types\/product"}],"replies":[{"embeddable":true,"href":"https:\/\/aivie.ch\/fi\/wp-json\/wp\/v2\/comments?post=26860"}],"wp:featuredmedia":[{"embeddable":true,"href":"https:\/\/aivie.ch\/fi\/wp-json\/wp\/v2\/media\/26861"}],"wp:attachment":[{"href":"https:\/\/aivie.ch\/fi\/wp-json\/wp\/v2\/media?parent=26860"}],"wp:term":[{"taxonomy":"product_brand","embeddable":true,"href":"https:\/\/aivie.ch\/fi\/wp-json\/wp\/v2\/product_brand?post=26860"},{"taxonomy":"product_cat","embeddable":true,"href":"https:\/\/aivie.ch\/fi\/wp-json\/wp\/v2\/product_cat?post=26860"},{"taxonomy":"product_tag","embeddable":true,"href":"https:\/\/aivie.ch\/fi\/wp-json\/wp\/v2\/product_tag?post=26860"}],"curies":[{"name":"wp","href":"https:\/\/api.w.org\/{rel}","templated":true}]}}