{"id":26859,"date":"2021-10-22T18:39:53","date_gmt":"2021-10-22T16:39:53","guid":{"rendered":"https:\/\/aivie.ch\/product\/videotesti-tawny\/"},"modified":"2026-01-11T14:29:00","modified_gmt":"2026-01-11T12:29:00","slug":"videotesti-tawny","status":"publish","type":"product","link":"https:\/\/aivie.ch\/fi\/tuote\/videotesti-tawny\/","title":{"rendered":"Videotesti Tawny"},"content":{"rendered":"<p><span style=\"font-weight: 400;\">Mittaa <\/span><b>vaikutus <\/b><span style=\"font-weight: 400;\">sinun <\/span><b>mainosvideon<\/b><span style=\"font-weight: 400;\">osoitteessa <\/span><b>TV-mainos<\/b><span style=\"font-weight: 400;\"> tai <\/span><b>tuote-esittelysi<\/b><span style=\"font-weight: 400;\">. TAWNY Emotion AI -teknologia antaa sinulle ennenn\u00e4kem\u00e4tt\u00f6m\u00e4n hyv\u00e4n k\u00e4sityksen videoidesi emotionaalisesta vaikutuksesta.<\/span><\/p>\n<p>Aivien kanssa hy\u00f6dyt t\u00e4st\u00e4 yksinoikeustarjouksesta, joka on saatavilla vain t\u00e4\u00e4ll\u00e4!<\/p>\n<p><span style=\"font-weight: 400;\">TAWNY-videotestiss\u00e4 mittaamme seuraavien perusteella <\/span><b>Hook-Peak-End-mallia:<\/b><\/p>\n<ul>\n<li style=\"font-weight: 400;\" aria-level=\"1\"><span style=\"font-weight: 400;\">Halusitpa sitten luoda tunnekoukun (<\/span><b>koukku<\/b><span style=\"font-weight: 400;\">) mainoksellasi,<\/span><\/li>\n<li style=\"font-weight: 400;\" aria-level=\"1\"><span style=\"font-weight: 400;\">Onko videollasi korkeat ja matalat kohdat (<\/span><b>huiput<\/b><span style=\"font-weight: 400;\">) voi vangita katsojan huomion ja tunnesiteen ja <\/span> <\/li>\n<li style=\"font-weight: 400;\" aria-level=\"1\"><span style=\"font-weight: 400;\">Halusitpa sitten p\u00e4\u00e4tt\u00e4\u00e4 tunteikkaaseen loppuratkaisuun (<\/span><b>ending<\/b><span style=\"font-weight: 400;\">) j\u00e4\u00e4 positiivisesti katsojiesi mieleen.<\/span><\/li>\n<\/ul>\n<p><img loading=\"lazy\" decoding=\"async\" class=\"alignnone wp-image-3069 size-medium\" src=\"https:\/\/cdn.aivie.ch\/media\/wp\/2021\/10\/19131504\/Tawny-Emotional-Video-Test-HPE-Aivie-1920w-960x657.jpg\" alt=\"Emotionaalinen videotesti HPE Tawny Aivie\" width=\"960\" height=\"657\" title=\"\" srcset=\"https:\/\/cdn.aivie.ch\/media\/wp\/2021\/10\/19131504\/Tawny-Emotional-Video-Test-HPE-Aivie-1920w-960x657.jpg 960w, https:\/\/cdn.aivie.ch\/media\/wp\/2021\/10\/19131504\/Tawny-Emotional-Video-Test-HPE-Aivie-1920w-768x526.jpg 768w, https:\/\/cdn.aivie.ch\/media\/wp\/2021\/10\/19131504\/Tawny-Emotional-Video-Test-HPE-Aivie-1920w-1200x821.jpg 1200w, https:\/\/cdn.aivie.ch\/media\/wp\/2021\/10\/19131504\/Tawny-Emotional-Video-Test-HPE-Aivie-1920w-480x329.jpg 480w, https:\/\/cdn.aivie.ch\/media\/wp\/2021\/10\/19131504\/Tawny-Emotional-Video-Test-HPE-Aivie-1920w-600x411.jpg 600w, https:\/\/cdn.aivie.ch\/media\/wp\/2021\/10\/19131504\/Tawny-Emotional-Video-Test-HPE-Aivie-1920w.jpg 1920w\" sizes=\"auto, (max-width: 960px) 100vw, 960px\" \/><\/p>\n<p><b>Miten se toimii? Yksinkertaista! <\/b><\/p>\n<ol>\n<li style=\"font-weight: 400;\" aria-level=\"1\"><span style=\"font-weight: 400;\">L\u00e4het\u00e4t videosi TAWNYlle Aivien kautta.<\/span><\/li>\n<li style=\"font-weight: 400;\" aria-level=\"1\"><span style=\"font-weight: 400;\">TAWNY valmistelee videotallenteen ja l\u00e4hett\u00e4\u00e4 linkin takaisin sinulle.<\/span><\/li>\n<li style=\"font-weight: 400;\" aria-level=\"1\"><span style=\"font-weight: 400;\">L\u00e4het\u00e4t testilinkin haluamallesi kohderyhm\u00e4lle tai testisegmentillesi Aivien kautta (v\u00e4hint\u00e4\u00e4n 20 osallistujaa).<\/span><\/li>\n<li style=\"font-weight: 400;\" aria-level=\"1\"><span style=\"font-weight: 400;\">Osallistujat katsovat videosi ja nauhoitetaan (suostumuksellasi) web-kameran v\u00e4lityksell\u00e4.<\/span><\/li>\n<li style=\"font-weight: 400;\" aria-level=\"1\"><span style=\"font-weight: 400;\">Tallenteet analysoidaan automaattisesti TAWNY Emotion Analytics -ohjelmistossa.  <\/span><\/li>\n<li style=\"font-weight: 400;\" aria-level=\"1\"><span style=\"font-weight: 400;\">TAWNY analysoi tiedot helposti ymm\u00e4rrett\u00e4v\u00e4ll\u00e4 tavalla koukku-huippu-p\u00e4\u00e4te-menetelm\u00e4\u00e4 k\u00e4ytt\u00e4en ja n\u00e4ytt\u00e4\u00e4, mitk\u00e4 kriteerit t\u00e4yttyv\u00e4t ja miss\u00e4 on parantamisen varaa.<\/span><\/li>\n<\/ol>\n<p><b>Sinun etusi: <\/b><span style=\"font-weight: 400;\">Maksimoi mainosvaikutuksesi TAWNY Video Testin avulla. <\/span><b>mainonnan vaikutus <\/b><span style=\"font-weight: 400;\">ja lis\u00e4\u00e4 <\/span><b>ROAS <\/b> <span style=\"font-weight: 400;\">(Mainoskulujen tuotto). Testaa raakaleikkauksia, keskity videon kohokohtiin, m\u00e4\u00e4rittele mainoksen optimaalinen pituus ja <\/span><b>  Sijoita mediabudjettisi erityisesti kannattaviin mainoksiin.<\/b><\/p>\n<p>&nbsp;<\/p>\n<p>Mit\u00e4 asiakkaat sanovat:<\/p>\n<p><strong>&#8221;Seuraavan sukupolven mediatestaus\u201d<\/strong><\/p>\n<p><img loading=\"lazy\" decoding=\"async\" class=\"alignnone size-thumbnail wp-image-3765\" src=\"https:\/\/aivie.ch\/wp-content\/uploads\/2021\/10\/Aivie_Tawny-Testimonial_Christian-van-den-Brincken_Managing-Director_Stro%CC%88er-240x240.jpg\" alt=\"Aivie_Tawny Testimonial_Christian van den Brincken_Toimitusjohtaja_Str\u00f6er\" width=\"240\" height=\"240\" title=\"\" srcset=\"https:\/\/cdn.aivie.ch\/media\/wp\/2021\/10\/19131438\/Aivie_Tawny-Testimonial_Christian-van-den-Brincken_Managing-Director_Stro%CC%88er-240x240.jpg 240w, https:\/\/cdn.aivie.ch\/media\/wp\/2021\/10\/19131438\/Aivie_Tawny-Testimonial_Christian-van-den-Brincken_Managing-Director_Stro%CC%88er-960x960.jpg 960w, https:\/\/cdn.aivie.ch\/media\/wp\/2021\/10\/19131438\/Aivie_Tawny-Testimonial_Christian-van-den-Brincken_Managing-Director_Stro%CC%88er-768x768.jpg 768w, https:\/\/cdn.aivie.ch\/media\/wp\/2021\/10\/19131438\/Aivie_Tawny-Testimonial_Christian-van-den-Brincken_Managing-Director_Stro%CC%88er-480x480.jpg 480w, https:\/\/cdn.aivie.ch\/media\/wp\/2021\/10\/19131438\/Aivie_Tawny-Testimonial_Christian-van-den-Brincken_Managing-Director_Stro%CC%88er-600x600.jpg 600w, https:\/\/cdn.aivie.ch\/media\/wp\/2021\/10\/19131438\/Aivie_Tawny-Testimonial_Christian-van-den-Brincken_Managing-Director_Stro%CC%88er-300x300.jpg 300w, https:\/\/cdn.aivie.ch\/media\/wp\/2021\/10\/19131438\/Aivie_Tawny-Testimonial_Christian-van-den-Brincken_Managing-Director_Stro%CC%88er-100x100.jpg 100w, https:\/\/cdn.aivie.ch\/media\/wp\/2021\/10\/19131438\/Aivie_Tawny-Testimonial_Christian-van-den-Brincken_Managing-Director_Stro%CC%88er.jpg 1024w\" sizes=\"auto, (max-width: 240px) 100vw, 240px\" \/><\/p>\n<p><strong>Christian van den Brincken<\/strong><\/p>\n<p>Toimitusjohtaja, Str\u00f6er<\/p>\n<p>&nbsp;<\/p>\n<p>My\u00f6s sin\u00e4 voit hy\u00f6ty\u00e4 vuoden tulokkaista markkinatutkimuksen alalla!<\/p>\n<p>&nbsp;<\/p>\n<p><b><a href=\"https:\/\/www.tawny.ai\/terms-of-use\" target=\"_blank\" rel=\"noopener\">Tawny GTC sovelletaan<\/a><\/b><\/p>\n","protected":false},"excerpt":{"rendered":"<p>TAWNY analysoi videoita emotionaalisen teko\u00e4lyn avulla.  <span style=\"font-weight: 400;\">  TAWNY Emotion AI -teknologia antaa sinulle ennenn\u00e4kem\u00e4t\u00f6nt\u00e4 tietoa videoidesi emotionaalisesta vaikutuksesta.<\/span><\/p>\n","protected":false},"featured_media":26868,"comment_status":"closed","ping_status":"closed","template":"","meta":{"_acf_changed":false},"product_brand":[],"product_cat":[1284],"product_tag":[1300,1299,1298],"class_list":{"0":"post-26859","1":"product","2":"type-product","3":"status-publish","4":"has-post-thumbnail","6":"product_cat-vaelittoemaet-palvelut","7":"product_tag-testaus","8":"product_tag-ux","9":"product_tag-video","11":"first","12":"instock","13":"sale","14":"sold-individually","15":"taxable","16":"shipping-taxable","17":"purchasable","18":"product-type-variable","19":"has-default-attributes"},"acf":[],"featured_image_urls_v2":{"full":["https:\/\/cdn.aivie.ch\/media\/wp\/2021\/10\/22111640\/Emotional-Video-Test-Facemash-Tawny-Aivie.webp",800,800,false],"thumbnail":["https:\/\/cdn.aivie.ch\/media\/wp\/2021\/10\/22111640\/Emotional-Video-Test-Facemash-Tawny-Aivie-240x240.webp",240,240,true],"medium":["https:\/\/cdn.aivie.ch\/media\/wp\/2021\/10\/22111640\/Emotional-Video-Test-Facemash-Tawny-Aivie.webp",800,800,false],"medium_large":["https:\/\/cdn.aivie.ch\/media\/wp\/2021\/10\/22111640\/Emotional-Video-Test-Facemash-Tawny-Aivie-768x768.webp",768,768,true],"large":["https:\/\/cdn.aivie.ch\/media\/wp\/2021\/10\/22111640\/Emotional-Video-Test-Facemash-Tawny-Aivie.webp",800,800,false],"post-thumbnail":["https:\/\/cdn.aivie.ch\/media\/wp\/2021\/10\/22111640\/Emotional-Video-Test-Facemash-Tawny-Aivie.webp",800,800,false],"aiv_480w":["https:\/\/cdn.aivie.ch\/media\/wp\/2021\/10\/22111640\/Emotional-Video-Test-Facemash-Tawny-Aivie-480x480.webp",480,480,true],"woocommerce_thumbnail":["https:\/\/cdn.aivie.ch\/media\/wp\/2021\/10\/22111640\/Emotional-Video-Test-Facemash-Tawny-Aivie-240x240.webp",240,240,true],"woocommerce_single":["https:\/\/cdn.aivie.ch\/media\/wp\/2021\/10\/22111640\/Emotional-Video-Test-Facemash-Tawny-Aivie.webp",800,800,false],"woocommerce_gallery_thumbnail":["https:\/\/cdn.aivie.ch\/media\/wp\/2021\/10\/22111640\/Emotional-Video-Test-Facemash-Tawny-Aivie-240x240.webp",240,240,true]},"post_excerpt_stackable_v2":"<p>TAWNY analysoi videoita emotionaalisen teko\u00e4lyn avulla.  <span style=\"font-weight: 400;\">  TAWNY Emotion AI -teknologia antaa sinulle ennenn\u00e4kem\u00e4t\u00f6nt\u00e4 tietoa videoidesi emotionaalisesta vaikutuksesta.<\/span><\/p>\n","category_list_v2":"","author_info_v2":{"name":"","url":""},"comments_num_v2":"0 comments","_links":{"self":[{"href":"https:\/\/aivie.ch\/fi\/wp-json\/wp\/v2\/product\/26859","targetHints":{"allow":["GET"]}}],"collection":[{"href":"https:\/\/aivie.ch\/fi\/wp-json\/wp\/v2\/product"}],"about":[{"href":"https:\/\/aivie.ch\/fi\/wp-json\/wp\/v2\/types\/product"}],"replies":[{"embeddable":true,"href":"https:\/\/aivie.ch\/fi\/wp-json\/wp\/v2\/comments?post=26859"}],"wp:featuredmedia":[{"embeddable":true,"href":"https:\/\/aivie.ch\/fi\/wp-json\/wp\/v2\/media\/26868"}],"wp:attachment":[{"href":"https:\/\/aivie.ch\/fi\/wp-json\/wp\/v2\/media?parent=26859"}],"wp:term":[{"taxonomy":"product_brand","embeddable":true,"href":"https:\/\/aivie.ch\/fi\/wp-json\/wp\/v2\/product_brand?post=26859"},{"taxonomy":"product_cat","embeddable":true,"href":"https:\/\/aivie.ch\/fi\/wp-json\/wp\/v2\/product_cat?post=26859"},{"taxonomy":"product_tag","embeddable":true,"href":"https:\/\/aivie.ch\/fi\/wp-json\/wp\/v2\/product_tag?post=26859"}],"curies":[{"name":"wp","href":"https:\/\/api.w.org\/{rel}","templated":true}]}}