{"id":26837,"date":"2021-10-25T16:07:26","date_gmt":"2021-10-25T14:07:26","guid":{"rendered":"https:\/\/aivie.ch\/product\/hanki-verkkosivusi-ammattilainen-perustaa-sen-wordpressin-avulla\/"},"modified":"2026-03-16T10:29:57","modified_gmt":"2026-03-16T08:29:57","slug":"hanki-verkkosivusi-ammattilainen-perustaa-sen-wordpressin-avulla","status":"publish","type":"product","link":"https:\/\/aivie.ch\/fi\/tuote\/hanki-verkkosivusi-ammattilainen-perustaa-sen-wordpressin-avulla\/","title":{"rendered":"Hanki verkkosivusi \u2013 ammattilainen perustaa sen WordPressin avulla."},"content":{"rendered":"<p><span style=\"font-weight: 400;\">Verkkosivuston luominen on henkil\u00f6kohtainen asia \u2013 loppujen lopuksi se on virtuaalinen k\u00e4yntikorttisi: sosiaalinen media, mainokset, laskeutumissivut, s\u00e4hk\u00f6postimarkkinointi, kaikki perustuu viime k\u00e4dess\u00e4 verkkosivustoon tai laskeutumissivuun.  <\/span><span style=\"font-weight: 400;\">Se on ideasi tai yrityksesi selk\u00e4ranka.  <\/span><\/p>\n<p><span style=\"font-weight: 400;\">Luomme WordPress-sivuston <\/span> <span style=\"font-weight: 400;\">r\u00e4\u00e4t\u00e4l\u00f6ity sinulle viikon sis\u00e4ll\u00e4! Voit jopa valita kahdesta vaihtoehdosta.  <\/span><\/p>\n<h2>Luo WordPress-sivusto<\/h2>\n<p>WordPress on niin yksinkertainen&#8230; \u2013 Miksi sinun kannattaa silti k\u00e4\u00e4nty\u00e4 asiantuntijan puoleen:<\/p>\n<p><span style=\"font-weight: 400;\"><a href=\"https:\/\/wordpress.org\/\" target=\"_blank\" rel=\"noopener noreferrer\">WordPress on<\/a> tehnyt monista asioista helpompia, erityisesti versiossa 5. My\u00f6s kirurgiassa on tapahtunut huomattavaa edistyst\u00e4, mutta silti vain kirurgit leikkaavat \u2013 vai mit\u00e4? Anna nyt asiantuntijoiden ottaa ohjat k\u00e4siins\u00e4, kun kyse on &#8221;nettirunkostasi\u201d!<br \/>\n<\/span><\/p>\n<p><span style=\"font-weight: 400;\">Kotisivuja luotaessa her\u00e4\u00e4 kysymyksi\u00e4, jotka maksavat sinulle paljon arvokasta potentiaalia, aikaa ja rahaa:  <\/span><span style=\"font-weight: 400;\">Mik\u00e4 malli? Onko siin\u00e4 tarvittavat toiminnot, jotka sopivat minulle? Pit\u00e4isik\u00f6 siihen sis\u00e4llytt\u00e4\u00e4 blogi vai ei, millainen aloitussivun rakenteen pit\u00e4isi olla? Miksi mainoksillani ei ole toivottua vaikutusta? Miten optimoin konversioluvun? Ent\u00e4 k\u00e4ytt\u00e4j\u00e4kokemus?      Ja palvelin on edelleen&#8230;  <\/span><\/p>\n<p><span style=\"font-weight: 400;\">Kuten me kaikki tied\u00e4mme, aika on rahaa. T\u00e4ss\u00e4 tapauksessa jopa kaksinkertaisessa mieless\u00e4, jos ajattelemme esimerkiksi riitt\u00e4m\u00e4tt\u00f6m\u00e4sti konvertoitujen mainosten tai kampanjoiden kustannuksia. T\u00e4m\u00e4 on viel\u00e4 t\u00e4rke\u00e4mp\u00e4\u00e4 aloittavalle yritykselle.<br \/>\n<\/span><\/p>\n<h2>Mit\u00e4 tarjoamme sinulle asiantuntijoina:<\/h2>\n<ul>\n<li style=\"font-weight: 400;\"><span style=\"font-weight: 400;\">Aloitamme yksityiskohtaisella, henkil\u00f6kohtaisella keskustelulla kanssasi. N\u00e4in voimme luoda verkkosivuston, joka on r\u00e4\u00e4t\u00e4l\u00f6ity juuri sinulle eik\u00e4 p\u00e4invastoin.  T\u00e4m\u00e4 on toinen riski, jolle maallikko altistuu ja josta monet eiv\u00e4t ole tietoisia.  <\/span><\/li>\n<li style=\"font-weight: 400;\"><span style=\"font-weight: 400;\">Saat kaksi erityist\u00e4 ehdotusta, joista voit valita.  <\/span><\/li>\n<li style=\"font-weight: 400;\"><span style=\"font-weight: 400;\">Pystymme luomaan lopullisen verkkosivuston sinulle kahden viikon kuluessa.  <\/span><\/li>\n<li style=\"font-weight: 400;\"><span style=\"font-weight: 400;\">Avoimen l\u00e4hdekoodin tekniikoiden k\u00e4yt\u00f6n ansiosta verkkosivustosi on joustava. Se voi kasvaa ideasi mukana. Sinulla ei ole huolia tai ongelmia my\u00f6hempien j\u00e4rjestelm\u00e4muutosten tai yhteensopimattomuuksien vuoksi.  <\/span><\/li>\n<li><span style=\"font-weight: 400;\">Paras mahdollinen kohdentaminen ja seuranta: T\u00e4ydellisen SEO-optimoinnin (hakukoneoptimointi) avulla kohderyhm\u00e4si l\u00f6yt\u00e4\u00e4 sinut nopeasti, ja oikeiden seurantaty\u00f6kalujen avulla voit arvioida kampanjasi nopeasti ja helposti. M\u00e4\u00e4rit\u00e4mme ja selit\u00e4mme sinulle molemmat <\/span><span style=\"font-weight: 400;\">.  <\/span><\/li>\n<li style=\"font-weight: 400;\"><span style=\"font-weight: 400;\">Henkil\u00f6kohtainen yhteyshenkil\u00f6 koko keston ajan, kun luomme WordPress-sivuston tai aloitussivun.<br \/>\n<\/span><\/li>\n<\/ul>\n<p><a href=\"https:\/\/www.idea2.ch\/allgemeine-geschaeftsbedingungen\/\" target=\"_blank\" rel=\"noopener noreferrer\">Sovelletaan yleisi\u00e4<\/a> k\u00e4ytt\u00f6ehtojamme.<\/p>\n<h2 style=\"text-align: center;\">Suosittelu<\/h2>\n<p>Adrian ja Aivie ovat perustaneet huippuluokan verkkokaupan, jonka avulla voin tavoittaa asiakkaani suoraan ja tarjota antiikkia. Arvostin erityisesti tapaa, jolla h\u00e4n reagoi tavoitteisiini ja toteutti ne. H\u00e4nen tapansa ajatella rakentavasti ja tehd\u00e4 hy\u00f6dyllisi\u00e4 ehdotuksia oli ensiluokkainen.  <\/p>\n<p><img loading=\"lazy\" decoding=\"async\" class=\"testimonial-img alignnone wp-image-19111\" src=\"https:\/\/cdn.aivie.ch\/media\/wp\/2021\/06\/19131653\/rutishauser.jpg\" alt=\"\" width=\"100\" height=\"100\" title=\"\"><\/p>\n<p>Marcel Rutishauser, <a href=\"https:\/\/www.rutishauserantiquitaeten.ch\" target=\"_blank\" rel=\"noopener noreferrer\">Rutishauser Antiques Kreuzlingen<\/a><\/p>\n","protected":false},"excerpt":{"rendered":"<p>R\u00e4\u00e4t\u00e4l\u00f6ity verkkosivusi \u2013 jotta ideasi voi kasvaa, mik\u00e4 on menestyksesi t\u00e4rkein perusta.<\/p>\n","protected":false},"featured_media":25912,"comment_status":"closed","ping_status":"closed","template":"","meta":{"_acf_changed":false},"product_brand":[],"product_cat":[1284],"product_tag":[1218,1290,1291],"class_list":{"0":"post-26837","1":"product","2":"type-product","3":"status-publish","4":"has-post-thumbnail","6":"product_cat-vaelittoemaet-palvelut","7":"product_tag-aloitussivu","8":"product_tag-verkkosivusto","9":"product_tag-wordpress","11":"first","12":"instock","13":"taxable","14":"shipping-taxable","15":"purchasable","16":"product-type-variable","17":"has-default-attributes"},"acf":[],"featured_image_urls_v2":{"full":["https:\/\/cdn.aivie.ch\/media\/wp\/2023\/11\/27151421\/Marketing-Automation-mit-WordPress.png",1200,800,false],"thumbnail":["https:\/\/cdn.aivie.ch\/media\/wp\/2023\/11\/27151421\/Marketing-Automation-mit-WordPress-240x240.png",240,240,true],"medium":["https:\/\/cdn.aivie.ch\/media\/wp\/2023\/11\/27151421\/Marketing-Automation-mit-WordPress-960x640.png",960,640,true],"medium_large":["https:\/\/cdn.aivie.ch\/media\/wp\/2023\/11\/27151421\/Marketing-Automation-mit-WordPress-768x512.png",768,512,true],"large":["https:\/\/cdn.aivie.ch\/media\/wp\/2023\/11\/27151421\/Marketing-Automation-mit-WordPress.png",990,660,false],"post-thumbnail":["https:\/\/cdn.aivie.ch\/media\/wp\/2023\/11\/27151421\/Marketing-Automation-mit-WordPress.png",1200,800,false],"aiv_480w":["https:\/\/cdn.aivie.ch\/media\/wp\/2023\/11\/27151421\/Marketing-Automation-mit-WordPress-480x320.png",480,320,true],"woocommerce_thumbnail":["https:\/\/cdn.aivie.ch\/media\/wp\/2023\/11\/27151421\/Marketing-Automation-mit-WordPress-240x240.png",240,240,true],"woocommerce_single":["https:\/\/cdn.aivie.ch\/media\/wp\/2023\/11\/27151421\/Marketing-Automation-mit-WordPress-960x640.png",960,640,true],"woocommerce_gallery_thumbnail":["https:\/\/cdn.aivie.ch\/media\/wp\/2023\/11\/27151421\/Marketing-Automation-mit-WordPress-240x240.png",240,240,true]},"post_excerpt_stackable_v2":"<p>R\u00e4\u00e4t\u00e4l\u00f6ity verkkosivusi \u2013 jotta ideasi voi kasvaa, mik\u00e4 on menestyksesi t\u00e4rkein perusta.<\/p>\n","category_list_v2":"","author_info_v2":{"name":"","url":""},"comments_num_v2":"0 comments","_links":{"self":[{"href":"https:\/\/aivie.ch\/fi\/wp-json\/wp\/v2\/product\/26837","targetHints":{"allow":["GET"]}}],"collection":[{"href":"https:\/\/aivie.ch\/fi\/wp-json\/wp\/v2\/product"}],"about":[{"href":"https:\/\/aivie.ch\/fi\/wp-json\/wp\/v2\/types\/product"}],"replies":[{"embeddable":true,"href":"https:\/\/aivie.ch\/fi\/wp-json\/wp\/v2\/comments?post=26837"}],"wp:featuredmedia":[{"embeddable":true,"href":"https:\/\/aivie.ch\/fi\/wp-json\/wp\/v2\/media\/25912"}],"wp:attachment":[{"href":"https:\/\/aivie.ch\/fi\/wp-json\/wp\/v2\/media?parent=26837"}],"wp:term":[{"taxonomy":"product_brand","embeddable":true,"href":"https:\/\/aivie.ch\/fi\/wp-json\/wp\/v2\/product_brand?post=26837"},{"taxonomy":"product_cat","embeddable":true,"href":"https:\/\/aivie.ch\/fi\/wp-json\/wp\/v2\/product_cat?post=26837"},{"taxonomy":"product_tag","embeddable":true,"href":"https:\/\/aivie.ch\/fi\/wp-json\/wp\/v2\/product_tag?post=26837"}],"curies":[{"name":"wp","href":"https:\/\/api.w.org\/{rel}","templated":true}]}}