{"id":26825,"date":"2021-11-08T15:57:11","date_gmt":"2021-11-08T13:57:11","guid":{"rendered":"https:\/\/aivie.ch\/product\/aivie-mautic-saehkoepostimallien-mukautus-custom\/"},"modified":"2026-01-11T14:27:53","modified_gmt":"2026-01-11T12:27:53","slug":"aivie-mautic-saehkoepostimallien-mukautus-custom","status":"publish","type":"product","link":"https:\/\/aivie.ch\/fi\/tuote\/aivie-mautic-saehkoepostimallien-mukautus-custom\/","title":{"rendered":"Aivie\/Mautic S\u00e4hk\u00f6postimallien mukautus Custom"},"content":{"rendered":"<h3>Sinulle r\u00e4\u00e4t\u00e4l\u00f6idyt s\u00e4hk\u00f6postipohjat (teemat)<\/h3>\n<p>Luomme yhden <em>r\u00e4\u00e4t\u00e4l\u00f6idyist\u00e4 Aivie\/Mautic-<\/em> s\u00e4hk\u00f6postimalleista tai Mautic-teemoista, joka vastaa t\u00e4sm\u00e4lleen ideoitasi ja on t\u00e4sm\u00e4lleen CI\/CD:ss\u00e4si. Anna luovuutesi valloilleen. <\/p>\n<p>Varmistamme, ett\u00e4 kaikki on viimeisint\u00e4 tekniikkaa ja n\u00e4ytt\u00e4\u00e4 hyv\u00e4lt\u00e4 kaikissa suosituissa s\u00e4hk\u00f6postiohjelmissa. S\u00e4hk\u00f6postisi n\u00e4ytt\u00e4v\u00e4t hyv\u00e4lt\u00e4 jopa Outlookissa. <\/p>\n<ul>\n<li>MJML-malli CI\/CD:ss\u00e4si<\/li>\n<li>N\u00e4ytt\u00e4\u00e4 hyv\u00e4lt\u00e4 kaikissa suosituissa s\u00e4hk\u00f6postiohjelmissa (mukaan lukien Outlook).<\/li>\n<li>Responsiivinen<\/li>\n<li>Retina-valmis<\/li>\n<li>Alhainen roskapostipistem\u00e4\u00e4r\u00e4<\/li>\n<li>6 kuukautta ilmaisia p\u00e4ivityksi\u00e4 ja tukea<\/li>\n<\/ul>\n<p>&nbsp;<\/p>\n<h3>Mahdollisimman nopeasti Aivie\/Mautic-s\u00e4hk\u00f6postimallisi <em>mukautettuun tai<\/em> Mautic-teemaan.<\/h3>\n<ol>\n<li>Kerro, milt\u00e4 mallin pit\u00e4isi n\u00e4ytt\u00e4\u00e4 (kuva, HTML).<\/li>\n<li>Luomme mukautetun Aivie- tai Mautic-s\u00e4hk\u00f6postimallin\/teeman.<\/li>\n<li>L\u00e4het\u00e4mme sinulle zip-tiedoston valmiin mallin kanssa helppoa asennusta varten (vain Mautic-asiakkaille).<\/li>\n<li>Teemme yhteisen tarkastelun<\/li>\n<li>L\u00e4het\u00e4t hienoja s\u00e4hk\u00f6posteja mukautetulla mallilla<\/li>\n<\/ol>\n<p><a href=\"https:\/\/www.idea2.ch\/allgemeine-geschaeftsbedingungen\/\" target=\"_blank\" rel=\"noopener noreferrer\">Sovelletaan yleisi\u00e4<\/a> k\u00e4ytt\u00f6ehtojamme.<\/p>\n","protected":false},"excerpt":{"rendered":"<p>Sinulle r\u00e4\u00e4t\u00e4l\u00f6idyt s\u00e4hk\u00f6postipohjat (teemat) Luomme yhden r\u00e4\u00e4t\u00e4l\u00f6idyist\u00e4 Aivie\/Mautic- s\u00e4hk\u00f6postimalleista tai Mautic-teemoista, joka vastaa t\u00e4sm\u00e4lleen ideoitasi ja on t\u00e4sm\u00e4lleen CI\/CD:ss\u00e4si. Anna luovuutesi valloilleen. Varmistamme, ett\u00e4 kaikki on viimeisint\u00e4 tekniikkaa ja n\u00e4ytt\u00e4\u00e4 hyv\u00e4lt\u00e4 kaikissa suosituissa s\u00e4hk\u00f6postiohjelmissa. S\u00e4hk\u00f6postisi n\u00e4ytt\u00e4v\u00e4t hyv\u00e4lt\u00e4 jopa Outlookissa. MJML-malli CI\/CD:ss\u00e4si N\u00e4ytt\u00e4\u00e4 hyv\u00e4lt\u00e4 kaikissa suosituissa s\u00e4hk\u00f6postiohjelmissa (mukaan lukien Outlook). Responsiivinen Retina-valmis Alhainen roskapostipistem\u00e4\u00e4r\u00e4 6 kuukautta &hellip; <a href=\"https:\/\/aivie.ch\/fi\/tuote\/aivie-mautic-saehkoepostimallien-mukautus-custom\/\" class=\"more-link\">Jatka lukemista <span class=\"screen-reader-text\">Aivie\/Mautic S\u00e4hk\u00f6postimallien mukautus Custom<\/span><\/a><\/p>\n","protected":false},"featured_media":26326,"comment_status":"open","ping_status":"closed","template":"","meta":{"_acf_changed":false},"product_brand":[],"product_cat":[1228],"product_tag":[],"class_list":{"0":"post-26825","1":"product","2":"type-product","3":"status-publish","4":"has-post-thumbnail","6":"product_cat-mautic-e-mail-mallit-teemat","7":"pa_brand-aivie","8":"pa_manufacturer-idea2","10":"first","11":"instock","12":"taxable","13":"shipping-taxable","14":"purchasable","15":"product-type-variable","16":"has-default-attributes"},"acf":[],"featured_image_urls_v2":{"full":["https:\/\/cdn.aivie.ch\/media\/wp\/2022\/06\/14155542\/E-Mail-Senden-Aivie-Marketing-Automation.webp",800,1000,false],"thumbnail":["https:\/\/cdn.aivie.ch\/media\/wp\/2022\/06\/14155542\/E-Mail-Senden-Aivie-Marketing-Automation-240x240.webp",240,240,true],"medium":["https:\/\/cdn.aivie.ch\/media\/wp\/2022\/06\/14155542\/E-Mail-Senden-Aivie-Marketing-Automation.webp",800,1000,false],"medium_large":["https:\/\/cdn.aivie.ch\/media\/wp\/2022\/06\/14155542\/E-Mail-Senden-Aivie-Marketing-Automation-768x960.webp",768,960,true],"large":["https:\/\/cdn.aivie.ch\/media\/wp\/2022\/06\/14155542\/E-Mail-Senden-Aivie-Marketing-Automation.webp",800,1000,false],"post-thumbnail":["https:\/\/cdn.aivie.ch\/media\/wp\/2022\/06\/14155542\/E-Mail-Senden-Aivie-Marketing-Automation.webp",800,1000,false],"aiv_480w":["https:\/\/cdn.aivie.ch\/media\/wp\/2022\/06\/14155542\/E-Mail-Senden-Aivie-Marketing-Automation-480x600.webp",480,600,true],"woocommerce_thumbnail":["https:\/\/cdn.aivie.ch\/media\/wp\/2022\/06\/14155542\/E-Mail-Senden-Aivie-Marketing-Automation-240x240.webp",240,240,true],"woocommerce_single":["https:\/\/cdn.aivie.ch\/media\/wp\/2022\/06\/14155542\/E-Mail-Senden-Aivie-Marketing-Automation.webp",800,1000,false],"woocommerce_gallery_thumbnail":["https:\/\/cdn.aivie.ch\/media\/wp\/2022\/06\/14155542\/E-Mail-Senden-Aivie-Marketing-Automation-240x240.webp",240,240,true]},"post_excerpt_stackable_v2":"<p>Sinulle r\u00e4\u00e4t\u00e4l\u00f6idyt s\u00e4hk\u00f6postipohjat (teemat) Luomme yhden r\u00e4\u00e4t\u00e4l\u00f6idyist\u00e4 Aivie\/Mautic- s\u00e4hk\u00f6postimalleista tai Mautic-teemoista, joka vastaa t\u00e4sm\u00e4lleen ideoitasi ja on t\u00e4sm\u00e4lleen CI\/CD:ss\u00e4si. Anna luovuutesi valloilleen. Varmistamme, ett\u00e4 kaikki on viimeisint\u00e4 tekniikkaa ja n\u00e4ytt\u00e4\u00e4 hyv\u00e4lt\u00e4 kaikissa suosituissa s\u00e4hk\u00f6postiohjelmissa. S\u00e4hk\u00f6postisi n\u00e4ytt\u00e4v\u00e4t hyv\u00e4lt\u00e4 jopa Outlookissa. MJML-malli CI\/CD:ss\u00e4si N\u00e4ytt\u00e4\u00e4 hyv\u00e4lt\u00e4 kaikissa suosituissa s\u00e4hk\u00f6postiohjelmissa (mukaan lukien Outlook). Responsiivinen Retina-valmis Alhainen roskapostipistem\u00e4\u00e4r\u00e4 6 kuukautta ilmaisia p\u00e4ivityksi\u00e4 ja tukea &nbsp; Mahdollisimman nopeasti Aivie\/Mautic-s\u00e4hk\u00f6postimallisi mukautettuun tai Mautic-teemaan. Kerro, milt\u00e4 mallin pit\u00e4isi n\u00e4ytt\u00e4\u00e4 (kuva, HTML). Luomme mukautetun Aivie- tai Mautic-s\u00e4hk\u00f6postimallin\/teeman. L\u00e4het\u00e4mme sinulle zip-tiedoston valmiin mallin kanssa helppoa asennusta varten (vain Mautic-asiakkaille). Teemme yhteisen tarkastelun L\u00e4het\u00e4t hienoja s\u00e4hk\u00f6posteja mukautetulla mallilla Sovelletaan yleisi\u00e4 k\u00e4ytt\u00f6ehtojamme.<\/p>\n","category_list_v2":"","author_info_v2":{"name":"","url":""},"comments_num_v2":"0 comments","_links":{"self":[{"href":"https:\/\/aivie.ch\/fi\/wp-json\/wp\/v2\/product\/26825","targetHints":{"allow":["GET"]}}],"collection":[{"href":"https:\/\/aivie.ch\/fi\/wp-json\/wp\/v2\/product"}],"about":[{"href":"https:\/\/aivie.ch\/fi\/wp-json\/wp\/v2\/types\/product"}],"replies":[{"embeddable":true,"href":"https:\/\/aivie.ch\/fi\/wp-json\/wp\/v2\/comments?post=26825"}],"wp:featuredmedia":[{"embeddable":true,"href":"https:\/\/aivie.ch\/fi\/wp-json\/wp\/v2\/media\/26326"}],"wp:attachment":[{"href":"https:\/\/aivie.ch\/fi\/wp-json\/wp\/v2\/media?parent=26825"}],"wp:term":[{"taxonomy":"product_brand","embeddable":true,"href":"https:\/\/aivie.ch\/fi\/wp-json\/wp\/v2\/product_brand?post=26825"},{"taxonomy":"product_cat","embeddable":true,"href":"https:\/\/aivie.ch\/fi\/wp-json\/wp\/v2\/product_cat?post=26825"},{"taxonomy":"product_tag","embeddable":true,"href":"https:\/\/aivie.ch\/fi\/wp-json\/wp\/v2\/product_tag?post=26825"}],"curies":[{"name":"wp","href":"https:\/\/api.w.org\/{rel}","templated":true}]}}