{"id":26821,"date":"2022-03-17T10:14:27","date_gmt":"2022-03-17T08:14:27","guid":{"rendered":"https:\/\/aivie.ch\/product\/oma-videomalli\/"},"modified":"2026-01-11T14:27:48","modified_gmt":"2026-01-11T12:27:48","slug":"oma-videomalli","status":"publish","type":"product","link":"https:\/\/aivie.ch\/fi\/tuote\/oma-videomalli\/","title":{"rendered":"Oma videomalli"},"content":{"rendered":"<p>Voit:<\/p>\n<ul>\n<li>Valitse tekstipalkin sijainti (vasemmalle tai oikealle).<\/li>\n<li>Palkin v\u00e4rin m\u00e4\u00e4ritt\u00e4minen<\/li>\n<li>Valitse otsikko (enint\u00e4\u00e4n 3 rivi\u00e4, enint\u00e4\u00e4n 17 merkki\u00e4 per rivi).<\/li>\n<li>Valitse alateksti (enint\u00e4\u00e4n 6 rivi\u00e4, enint\u00e4\u00e4n 35 merkki\u00e4 per rivi).<\/li>\n<li>Valitse vikateksti (enint\u00e4\u00e4n 3 rivi\u00e4, enint\u00e4\u00e4n 12 merkki\u00e4 per rivi).<\/li>\n<li>Valitse h\u00e4irint\u00e4laitteen v\u00e4ri<\/li>\n<li>Lis\u00e4\u00e4 oma kuva tai video<\/li>\n<li>K\u00e4yt\u00e4 logoasi<\/li>\n<li>Kesto 10 \u2013 20 sekuntia<\/li>\n<\/ul>\n<p>L\u00e4het\u00e4 meille vain logosi, fonttisi ja<br \/>\nv\u00e4risi, niin me hoidamme loput.<\/p>\n<p>Sinun etusi:<\/p>\n<ul>\n<li>Tehokkuus<\/li>\n<li>Yksinkertainen<\/li>\n<li>Suotuisa<\/li>\n<li>R\u00e4\u00e4t\u00e4l\u00f6ity CI\/CD:hen<\/li>\n<\/ul>\n<p>Lis\u00e4tietoja:<\/p>\n<ul>\n<li>Suunnittelu on ennalta m\u00e4\u00e4ritetty<\/li>\n<li>R\u00e4\u00e4t\u00e4l\u00f6idyt mallit tarjouspyynt\u00f6\u00e4 vastaan<\/li>\n<li>Yksi palautekierros sis\u00e4ltyy hintaan<br \/>\n(tietyll\u00e4 mallilla).<\/li>\n<li>Fontti, kuva tai video on toimitettava<\/li>\n<\/ul>\n<p>Edellytys: Sinulla on oikeudet fontteihin, kuviin<br \/>\nja videoihin (muuten autamme sinua mielell\u00e4mme).<\/p>\n","protected":false},"excerpt":{"rendered":"<p>Luo video yrityksesi CI\/CD:st\u00e4.<\/p>\n<p>Luo oma videosi v\u00e4reill\u00e4si, fonteillasi ja<br \/>\n-logollasi. Nopeasti ja helposti. <\/p>\n","protected":false},"featured_media":26823,"comment_status":"open","ping_status":"closed","template":"","meta":{"_acf_changed":false},"product_brand":[],"product_cat":[1284],"product_tag":[],"class_list":{"0":"post-26821","1":"product","2":"type-product","3":"status-publish","4":"has-post-thumbnail","6":"product_cat-vaelittoemaet-palvelut","8":"first","9":"instock","10":"taxable","11":"shipping-taxable","12":"purchasable","13":"product-type-simple"},"acf":[],"featured_image_urls_v2":{"full":["https:\/\/cdn.aivie.ch\/media\/wp\/2022\/03\/15203228\/ReiheachtVideo.png",800,800,false],"thumbnail":["https:\/\/cdn.aivie.ch\/media\/wp\/2022\/03\/15203228\/ReiheachtVideo-240x240.png",240,240,true],"medium":["https:\/\/cdn.aivie.ch\/media\/wp\/2022\/03\/15203228\/ReiheachtVideo.png",800,800,false],"medium_large":["https:\/\/cdn.aivie.ch\/media\/wp\/2022\/03\/15203228\/ReiheachtVideo-768x768.png",768,768,true],"large":["https:\/\/cdn.aivie.ch\/media\/wp\/2022\/03\/15203228\/ReiheachtVideo.png",800,800,false],"post-thumbnail":["https:\/\/cdn.aivie.ch\/media\/wp\/2022\/03\/15203228\/ReiheachtVideo.png",800,800,false],"aiv_480w":["https:\/\/cdn.aivie.ch\/media\/wp\/2022\/03\/15203228\/ReiheachtVideo-480x480.png",480,480,true],"woocommerce_thumbnail":["https:\/\/cdn.aivie.ch\/media\/wp\/2022\/03\/15203228\/ReiheachtVideo-240x240.png",240,240,true],"woocommerce_single":["https:\/\/cdn.aivie.ch\/media\/wp\/2022\/03\/15203228\/ReiheachtVideo.png",800,800,false],"woocommerce_gallery_thumbnail":["https:\/\/cdn.aivie.ch\/media\/wp\/2022\/03\/15203228\/ReiheachtVideo-240x240.png",240,240,true]},"post_excerpt_stackable_v2":"<p>Luo video yrityksesi CI\/CD:st\u00e4.<\/p>\n<p>Luo oma videosi v\u00e4reill\u00e4si, fonteillasi ja<br \/>\n-logollasi. Nopeasti ja helposti. <\/p>\n","category_list_v2":"","author_info_v2":{"name":"","url":""},"comments_num_v2":"0 comments","_links":{"self":[{"href":"https:\/\/aivie.ch\/fi\/wp-json\/wp\/v2\/product\/26821","targetHints":{"allow":["GET"]}}],"collection":[{"href":"https:\/\/aivie.ch\/fi\/wp-json\/wp\/v2\/product"}],"about":[{"href":"https:\/\/aivie.ch\/fi\/wp-json\/wp\/v2\/types\/product"}],"replies":[{"embeddable":true,"href":"https:\/\/aivie.ch\/fi\/wp-json\/wp\/v2\/comments?post=26821"}],"wp:featuredmedia":[{"embeddable":true,"href":"https:\/\/aivie.ch\/fi\/wp-json\/wp\/v2\/media\/26823"}],"wp:attachment":[{"href":"https:\/\/aivie.ch\/fi\/wp-json\/wp\/v2\/media?parent=26821"}],"wp:term":[{"taxonomy":"product_brand","embeddable":true,"href":"https:\/\/aivie.ch\/fi\/wp-json\/wp\/v2\/product_brand?post=26821"},{"taxonomy":"product_cat","embeddable":true,"href":"https:\/\/aivie.ch\/fi\/wp-json\/wp\/v2\/product_cat?post=26821"},{"taxonomy":"product_tag","embeddable":true,"href":"https:\/\/aivie.ch\/fi\/wp-json\/wp\/v2\/product_tag?post=26821"}],"curies":[{"name":"wp","href":"https:\/\/api.w.org\/{rel}","templated":true}]}}