{"id":26810,"date":"2022-05-05T15:59:54","date_gmt":"2022-05-05T13:59:54","guid":{"rendered":"https:\/\/aivie.ch\/product\/google-mainokset-ammattilaiselta\/"},"modified":"2026-01-11T14:27:23","modified_gmt":"2026-01-11T12:27:23","slug":"google-mainokset-ammattilaiselta","status":"publish","type":"product","link":"https:\/\/aivie.ch\/fi\/tuote\/google-mainokset-ammattilaiselta\/","title":{"rendered":"Google-mainokset ammattilaiselta"},"content":{"rendered":"<p>P\u00e4\u00e4st\u00e4 kaikki tehosi irti ja yhdist\u00e4 markkinoinnin automaatio ja Google Ads. Aivien avulla saat k\u00e4ytt\u00f6\u00f6si CloudWEBin asiantuntijat. T\u00e4m\u00e4 ratkaisu on ihanteellinen pk-yrityksille.  <\/p>\n<p>N\u00e4in voit ker\u00e4t\u00e4 yhteystietosi onnistuneesti Google-mainosten kautta ja k\u00e4sitell\u00e4 niit\u00e4 sitten henkil\u00f6kohtaisesti Aivie-ohjelmassa. CloudWEB Servicesin ja Aivien yhdistelm\u00e4ll\u00e4 t\u00e4m\u00e4 on mahdollista \u2013 t\u00e4ysin automaattisesti! <\/p>\n<p><a href=\"https:\/\/www.cloudweb.ch\/\" target=\"_blank\" rel=\"noopener\">CloudWEB tarjoaa<\/a> sinulle kaiken, mit\u00e4 tarvitset Google-mainonnan optimointiin. Yksitt\u00e4isist\u00e4 teht\u00e4vist\u00e4, kuten ostoskampanjan perustamisesta, dynaamisen uudelleenmarkkinointikampanjan perustamisesta tai optimointivihjeist\u00e4. Aivie-ohjelmassa tallennat kaikkien kontaktien ja liidien tiedot, jotta voit analysoida niit\u00e4 ja k\u00e4sitell\u00e4 niit\u00e4 edelleen koko asiakaspolun ajan.  <\/p>\n<p>Toistuvat kustannukset ovat kuukausikohtaisia. Etk\u00f6 halua toistuvia kustannuksia? Ei h\u00e4t\u00e4\u00e4, voimme my\u00f6s yksinkertaisesti perustaa tilisi puolestasi ja sitten voit hallita sit\u00e4 itse &#x1f642; Yleens\u00e4 tuki kannattaa erityisesti ensimm\u00e4isten kuukausien aikana, koska optimointi on erityisen t\u00e4rke\u00e4\u00e4 t\u00e4n\u00e4 aikana. Sin\u00e4 p\u00e4\u00e4t\u00e4t, kuinka kauan haluat meid\u00e4n hallinnoivan kampanjasi. Pakettimme voi peruuttaa milloin tahansa. Koska olemme vakuuttuneita siit\u00e4, ett\u00e4 menestyksek\u00e4s pitk\u00e4aikainen yhteisty\u00f6 perustuu siihen, ett\u00e4 menestymme yhdess\u00e4.      <\/p>\n","protected":false},"excerpt":{"rendered":"<p>Ammattilaisen tekem\u00e4t Google-mainokset. Kaikkia palveluja sis\u00e4lt\u00e4v\u00e4\u00e4n hintaan. <\/p>\n","protected":false},"featured_media":26813,"comment_status":"open","ping_status":"closed","template":"","meta":{"_acf_changed":false},"product_brand":[],"product_cat":[1284],"product_tag":[],"class_list":{"0":"post-26810","1":"product","2":"type-product","3":"status-publish","4":"has-post-thumbnail","6":"product_cat-vaelittoemaet-palvelut","8":"first","9":"instock","10":"taxable","11":"shipping-taxable","12":"purchasable","13":"product-type-variable-subscription"},"acf":[],"featured_image_urls_v2":{"full":["https:\/\/cdn.aivie.ch\/media\/wp\/2022\/05\/22105713\/Woocommerce-Product-Pic-8.jpeg",800,800,false],"thumbnail":["https:\/\/cdn.aivie.ch\/media\/wp\/2022\/05\/22105713\/Woocommerce-Product-Pic-8-240x240.jpeg",240,240,true],"medium":["https:\/\/cdn.aivie.ch\/media\/wp\/2022\/05\/22105713\/Woocommerce-Product-Pic-8.jpeg",800,800,false],"medium_large":["https:\/\/cdn.aivie.ch\/media\/wp\/2022\/05\/22105713\/Woocommerce-Product-Pic-8-768x768.jpeg",768,768,true],"large":["https:\/\/cdn.aivie.ch\/media\/wp\/2022\/05\/22105713\/Woocommerce-Product-Pic-8.jpeg",800,800,false],"post-thumbnail":["https:\/\/cdn.aivie.ch\/media\/wp\/2022\/05\/22105713\/Woocommerce-Product-Pic-8.jpeg",800,800,false],"aiv_480w":["https:\/\/cdn.aivie.ch\/media\/wp\/2022\/05\/22105713\/Woocommerce-Product-Pic-8-480x480.jpeg",480,480,true],"woocommerce_thumbnail":["https:\/\/cdn.aivie.ch\/media\/wp\/2022\/05\/22105713\/Woocommerce-Product-Pic-8-240x240.jpeg",240,240,true],"woocommerce_single":["https:\/\/cdn.aivie.ch\/media\/wp\/2022\/05\/22105713\/Woocommerce-Product-Pic-8.jpeg",800,800,false],"woocommerce_gallery_thumbnail":["https:\/\/cdn.aivie.ch\/media\/wp\/2022\/05\/22105713\/Woocommerce-Product-Pic-8-240x240.jpeg",240,240,true]},"post_excerpt_stackable_v2":"<p>Ammattilaisen tekem\u00e4t Google-mainokset. Kaikkia palveluja sis\u00e4lt\u00e4v\u00e4\u00e4n hintaan. <\/p>\n","category_list_v2":"","author_info_v2":{"name":"","url":""},"comments_num_v2":"0 comments","_links":{"self":[{"href":"https:\/\/aivie.ch\/fi\/wp-json\/wp\/v2\/product\/26810","targetHints":{"allow":["GET"]}}],"collection":[{"href":"https:\/\/aivie.ch\/fi\/wp-json\/wp\/v2\/product"}],"about":[{"href":"https:\/\/aivie.ch\/fi\/wp-json\/wp\/v2\/types\/product"}],"replies":[{"embeddable":true,"href":"https:\/\/aivie.ch\/fi\/wp-json\/wp\/v2\/comments?post=26810"}],"wp:featuredmedia":[{"embeddable":true,"href":"https:\/\/aivie.ch\/fi\/wp-json\/wp\/v2\/media\/26813"}],"wp:attachment":[{"href":"https:\/\/aivie.ch\/fi\/wp-json\/wp\/v2\/media?parent=26810"}],"wp:term":[{"taxonomy":"product_brand","embeddable":true,"href":"https:\/\/aivie.ch\/fi\/wp-json\/wp\/v2\/product_brand?post=26810"},{"taxonomy":"product_cat","embeddable":true,"href":"https:\/\/aivie.ch\/fi\/wp-json\/wp\/v2\/product_cat?post=26810"},{"taxonomy":"product_tag","embeddable":true,"href":"https:\/\/aivie.ch\/fi\/wp-json\/wp\/v2\/product_tag?post=26810"}],"curies":[{"name":"wp","href":"https:\/\/api.w.org\/{rel}","templated":true}]}}