{"id":26808,"date":"2022-05-12T14:52:54","date_gmt":"2022-05-12T12:52:54","guid":{"rendered":"https:\/\/aivie.ch\/product\/luova-kampanja-digitaaliseen-ja-painettuun-muotoon\/"},"modified":"2026-01-11T14:27:20","modified_gmt":"2026-01-11T12:27:20","slug":"luova-kampanja-digitaaliseen-ja-painettuun-muotoon","status":"publish","type":"product","link":"https:\/\/aivie.ch\/fi\/tuote\/luova-kampanja-digitaaliseen-ja-painettuun-muotoon\/","title":{"rendered":"Luova kampanja digitaaliseen ja painettuun muotoon"},"content":{"rendered":"<p><span style=\"font-weight: 400;\">T\u00e4m\u00e4n tuloksena saat parhaan k\u00e4yt\u00e4nn\u00f6n online-offline <\/span><span style=\"font-weight: 400;\">kampanja:<\/span><\/p>\n<ul>\n<li aria-level=\"1\">Automatisoitu kampanjalogiikka asiakkaan matkan varrella<\/li>\n<li style=\"font-weight: 400;\" aria-level=\"1\"><span style=\"font-weight: 400;\">Sis\u00e4lt\u00e4\u00e4 enint\u00e4\u00e4n 3 aloitussivua osana kampanjaa. <\/span><\/li>\n<li style=\"font-weight: 400;\" aria-level=\"1\"><span style=\"font-weight: 400;\">Kolme <\/span><span style=\"font-weight: 400;\">r\u00e4\u00e4t\u00e4l\u00f6it\u00e4viss\u00e4 olevaa postitus- <\/span>tai postikorttimallia (korjaussilmukalla).<\/li>\n<li aria-level=\"1\"><span style=\"font-weight: 400;\">Laskeutumissivujen, s\u00e4hk\u00f6postien ja painettujen postimerkkien\/postikorttien suunnittelu ja tekstien kirjoittaminen.<\/span><\/li>\n<li style=\"font-weight: 400;\" aria-level=\"1\"><span style=\"font-weight: 400;\">Visuals for sharepics for postaukset\/mainokset omien kanavien kautta<\/span><\/li>\n<li style=\"font-weight: 400;\" aria-level=\"1\"><span style=\"font-weight: 400;\">Jopa 3 kuukauden k\u00e4ytt\u00f6aika<\/span><\/li>\n<li style=\"font-weight: 400;\" aria-level=\"1\"><span style=\"font-weight: 400;\">Jopa 1000 kontaktia<\/span><\/li>\n<\/ul>\n<p>&nbsp;<\/p>\n","protected":false},"excerpt":{"rendered":"<p>Tinkerbelle ja Aivie kehitt\u00e4v\u00e4t kanssasi markkinoinnin automaatiokampanjan, joka yhdist\u00e4\u00e4 verkkomaailman ja offline-maailman.<\/p>\n","protected":false},"featured_media":26809,"comment_status":"open","ping_status":"closed","template":"","meta":{"_acf_changed":false},"product_brand":[],"product_cat":[1284],"product_tag":[1287],"class_list":{"0":"post-26808","1":"product","2":"type-product","3":"status-publish","4":"has-post-thumbnail","6":"product_cat-vaelittoemaet-palvelut","7":"product_tag-tulosta-postitus","9":"first","10":"instock","11":"virtual","12":"taxable","13":"purchasable","14":"product-type-simple"},"acf":[],"featured_image_urls_v2":{"full":["https:\/\/cdn.aivie.ch\/media\/wp\/2022\/05\/16165819\/Kreative-Kampagne-fu%CC%88r-Digital-und-Print.png",800,800,false],"thumbnail":["https:\/\/cdn.aivie.ch\/media\/wp\/2022\/05\/16165819\/Kreative-Kampagne-fu%CC%88r-Digital-und-Print-240x240.png",240,240,true],"medium":["https:\/\/cdn.aivie.ch\/media\/wp\/2022\/05\/16165819\/Kreative-Kampagne-fu%CC%88r-Digital-und-Print.png",800,800,false],"medium_large":["https:\/\/cdn.aivie.ch\/media\/wp\/2022\/05\/16165819\/Kreative-Kampagne-fu%CC%88r-Digital-und-Print-768x768.png",768,768,true],"large":["https:\/\/cdn.aivie.ch\/media\/wp\/2022\/05\/16165819\/Kreative-Kampagne-fu%CC%88r-Digital-und-Print.png",800,800,false],"post-thumbnail":["https:\/\/cdn.aivie.ch\/media\/wp\/2022\/05\/16165819\/Kreative-Kampagne-fu%CC%88r-Digital-und-Print.png",800,800,false],"aiv_480w":["https:\/\/cdn.aivie.ch\/media\/wp\/2022\/05\/16165819\/Kreative-Kampagne-fu%CC%88r-Digital-und-Print-480x480.png",480,480,true],"woocommerce_thumbnail":["https:\/\/cdn.aivie.ch\/media\/wp\/2022\/05\/16165819\/Kreative-Kampagne-fu%CC%88r-Digital-und-Print-240x240.png",240,240,true],"woocommerce_single":["https:\/\/cdn.aivie.ch\/media\/wp\/2022\/05\/16165819\/Kreative-Kampagne-fu%CC%88r-Digital-und-Print.png",800,800,false],"woocommerce_gallery_thumbnail":["https:\/\/cdn.aivie.ch\/media\/wp\/2022\/05\/16165819\/Kreative-Kampagne-fu%CC%88r-Digital-und-Print-240x240.png",240,240,true]},"post_excerpt_stackable_v2":"<p>Tinkerbelle ja Aivie kehitt\u00e4v\u00e4t kanssasi markkinoinnin automaatiokampanjan, joka yhdist\u00e4\u00e4 verkkomaailman ja offline-maailman.<\/p>\n","category_list_v2":"","author_info_v2":{"name":"","url":""},"comments_num_v2":"0 comments","_links":{"self":[{"href":"https:\/\/aivie.ch\/fi\/wp-json\/wp\/v2\/product\/26808","targetHints":{"allow":["GET"]}}],"collection":[{"href":"https:\/\/aivie.ch\/fi\/wp-json\/wp\/v2\/product"}],"about":[{"href":"https:\/\/aivie.ch\/fi\/wp-json\/wp\/v2\/types\/product"}],"replies":[{"embeddable":true,"href":"https:\/\/aivie.ch\/fi\/wp-json\/wp\/v2\/comments?post=26808"}],"wp:featuredmedia":[{"embeddable":true,"href":"https:\/\/aivie.ch\/fi\/wp-json\/wp\/v2\/media\/26809"}],"wp:attachment":[{"href":"https:\/\/aivie.ch\/fi\/wp-json\/wp\/v2\/media?parent=26808"}],"wp:term":[{"taxonomy":"product_brand","embeddable":true,"href":"https:\/\/aivie.ch\/fi\/wp-json\/wp\/v2\/product_brand?post=26808"},{"taxonomy":"product_cat","embeddable":true,"href":"https:\/\/aivie.ch\/fi\/wp-json\/wp\/v2\/product_cat?post=26808"},{"taxonomy":"product_tag","embeddable":true,"href":"https:\/\/aivie.ch\/fi\/wp-json\/wp\/v2\/product_tag?post=26808"}],"curies":[{"name":"wp","href":"https:\/\/api.w.org\/{rel}","templated":true}]}}