{"id":26800,"date":"2022-06-08T17:02:40","date_gmt":"2022-06-08T15:02:40","guid":{"rendered":"https:\/\/aivie.ch\/product\/lisaeosa-oma-ip-osoite\/"},"modified":"2026-01-11T14:26:44","modified_gmt":"2026-01-11T12:26:44","slug":"lisaeosa-oma-ip-osoite","status":"publish","type":"product","link":"https:\/\/aivie.ch\/fi\/tuote\/lisaeosa-oma-ip-osoite\/","title":{"rendered":"Lis\u00e4osa: Oma IP-osoite"},"content":{"rendered":"<p>Aivie Pro -palvelun avulla l\u00e4het\u00e4t s\u00e4hk\u00f6postisi jo oman l\u00e4hett\u00e4j\u00e4verkkotunnuksesi kautta.<\/p>\n<p>Jos haluat hallita roskapostipistem\u00e4\u00e4r\u00e4\u00e4si mahdollisimman hyvin, suosittelemme my\u00f6s oman IP-osoitteesi k\u00e4ytt\u00e4mist\u00e4.<\/p>\n<p>T\u00e4m\u00e4 antaa sinulle maksimaalisen hallinnan, ja uutiskirjeesi ja s\u00e4hk\u00f6postisi saapuvat postilaatikkoosi luotettavammin.<\/p>\n<p>Oman IP-osoitteen edut ovat seuraavat<\/p>\n<ul>\n<li>Automaattinen skaalautuminen Internet-palveluntarjoajakohtaisesti (ISP)<\/li>\n<li>IP-osoitteen l\u00e4mmitt\u00e4minen ISP:n mukaan<\/li>\n<li>Mukautuva l\u00e4mmittely ISP:t\u00e4 kohti oman tehokkaan l\u00e4hetysmallin mukaan.<\/li>\n<li>Jos palveluntarjoajakohtainen raja saavutetaan, loput s\u00e4hk\u00f6postit l\u00e4hetet\u00e4\u00e4n jaetun IP-osoitteen kautta tai viiveell\u00e4.<\/li>\n<\/ul>\n<p>Hintaan sis\u00e4ltyy 1 miljoona s\u00e4hk\u00f6postia kuukaudessa.<\/p>\n","protected":false},"excerpt":{"rendered":"<p>Paranna roskapostipisteit\u00e4si omalla IP-osoitteellasi.<\/p>\n","protected":false},"featured_media":26801,"comment_status":"closed","ping_status":"closed","template":"","meta":{"_acf_changed":false},"product_brand":[],"product_cat":[1275],"product_tag":[],"class_list":{"0":"post-26800","1":"product","2":"type-product","3":"status-publish","4":"has-post-thumbnail","6":"product_cat-lisaeosa","8":"first","9":"instock","10":"virtual","11":"taxable","12":"purchasable","13":"product-type-subscription"},"acf":[],"featured_image_urls_v2":{"full":["https:\/\/cdn.aivie.ch\/media\/wp\/2022\/06\/28114312\/Eigene-IP.webp",800,800,false],"thumbnail":["https:\/\/cdn.aivie.ch\/media\/wp\/2022\/06\/28114312\/Eigene-IP-240x240.webp",240,240,true],"medium":["https:\/\/cdn.aivie.ch\/media\/wp\/2022\/06\/28114312\/Eigene-IP.webp",800,800,false],"medium_large":["https:\/\/cdn.aivie.ch\/media\/wp\/2022\/06\/28114312\/Eigene-IP-768x768.webp",768,768,true],"large":["https:\/\/cdn.aivie.ch\/media\/wp\/2022\/06\/28114312\/Eigene-IP.webp",800,800,false],"post-thumbnail":["https:\/\/cdn.aivie.ch\/media\/wp\/2022\/06\/28114312\/Eigene-IP.webp",800,800,false],"aiv_480w":["https:\/\/cdn.aivie.ch\/media\/wp\/2022\/06\/28114312\/Eigene-IP-480x480.webp",480,480,true],"woocommerce_thumbnail":["https:\/\/cdn.aivie.ch\/media\/wp\/2022\/06\/28114312\/Eigene-IP-240x240.webp",240,240,true],"woocommerce_single":["https:\/\/cdn.aivie.ch\/media\/wp\/2022\/06\/28114312\/Eigene-IP.webp",800,800,false],"woocommerce_gallery_thumbnail":["https:\/\/cdn.aivie.ch\/media\/wp\/2022\/06\/28114312\/Eigene-IP-240x240.webp",240,240,true]},"post_excerpt_stackable_v2":"<p>Paranna roskapostipisteit\u00e4si omalla IP-osoitteellasi.<\/p>\n","category_list_v2":"","author_info_v2":{"name":"","url":""},"comments_num_v2":"0 comments","_links":{"self":[{"href":"https:\/\/aivie.ch\/fi\/wp-json\/wp\/v2\/product\/26800","targetHints":{"allow":["GET"]}}],"collection":[{"href":"https:\/\/aivie.ch\/fi\/wp-json\/wp\/v2\/product"}],"about":[{"href":"https:\/\/aivie.ch\/fi\/wp-json\/wp\/v2\/types\/product"}],"replies":[{"embeddable":true,"href":"https:\/\/aivie.ch\/fi\/wp-json\/wp\/v2\/comments?post=26800"}],"wp:featuredmedia":[{"embeddable":true,"href":"https:\/\/aivie.ch\/fi\/wp-json\/wp\/v2\/media\/26801"}],"wp:attachment":[{"href":"https:\/\/aivie.ch\/fi\/wp-json\/wp\/v2\/media?parent=26800"}],"wp:term":[{"taxonomy":"product_brand","embeddable":true,"href":"https:\/\/aivie.ch\/fi\/wp-json\/wp\/v2\/product_brand?post=26800"},{"taxonomy":"product_cat","embeddable":true,"href":"https:\/\/aivie.ch\/fi\/wp-json\/wp\/v2\/product_cat?post=26800"},{"taxonomy":"product_tag","embeddable":true,"href":"https:\/\/aivie.ch\/fi\/wp-json\/wp\/v2\/product_tag?post=26800"}],"curies":[{"name":"wp","href":"https:\/\/api.w.org\/{rel}","templated":true}]}}