{"id":26794,"date":"2022-08-05T09:09:58","date_gmt":"2022-08-05T07:09:58","guid":{"rendered":"https:\/\/aivie.ch\/product\/lisaeosa-aivie-tiedot-google-looker-studiossa\/"},"modified":"2026-01-11T14:26:15","modified_gmt":"2026-01-11T12:26:15","slug":"lisaeosa-aivie-tiedot-google-looker-studiossa","status":"publish","type":"product","link":"https:\/\/aivie.ch\/fi\/tuote\/lisaeosa-aivie-tiedot-google-looker-studiossa\/","title":{"rendered":"Lis\u00e4osa: Aivie-tiedot Google Looker Studiossa"},"content":{"rendered":"<p data-pm-slice=\"1 1 []\">Vie data-analyysi seuraavalle tasolle. P\u00e4\u00e4set suoraan k\u00e4siksi Aivie-instanssin raakadataan. Yhdist\u00e4 Googlen tiedot Aivie-tietoihisi entist\u00e4 parempien oivallusten saamiseksi ja luo kattavia raportteja Google Looker Studiossa (entinen Google Data Studio).  <\/p>\n<p data-pm-slice=\"1 1 []\">\n","protected":false},"excerpt":{"rendered":"<p>Tietosi ovat k\u00e4siss\u00e4si.<\/p>\n","protected":false},"featured_media":26795,"comment_status":"closed","ping_status":"closed","template":"","meta":{"_acf_changed":false},"product_brand":[],"product_cat":[1275],"product_tag":[],"class_list":{"0":"post-26794","1":"product","2":"type-product","3":"status-publish","4":"has-post-thumbnail","6":"product_cat-lisaeosa","8":"first","9":"instock","10":"virtual","11":"taxable","12":"purchasable","13":"product-type-subscription"},"acf":[],"featured_image_urls_v2":{"full":["https:\/\/aivie.ch\/wp-content\/uploads\/2022\/07\/Direkter-Zugriff-auf-die-Datenbank-von-Google-Data-Studio.webp",800,800,false],"thumbnail":["https:\/\/aivie.ch\/wp-content\/uploads\/2022\/07\/Direkter-Zugriff-auf-die-Datenbank-von-Google-Data-Studio-240x240.webp",240,240,true],"medium":["https:\/\/aivie.ch\/wp-content\/uploads\/2022\/07\/Direkter-Zugriff-auf-die-Datenbank-von-Google-Data-Studio.webp",800,800,false],"medium_large":["https:\/\/aivie.ch\/wp-content\/uploads\/2022\/07\/Direkter-Zugriff-auf-die-Datenbank-von-Google-Data-Studio-768x768.webp",768,768,true],"large":["https:\/\/aivie.ch\/wp-content\/uploads\/2022\/07\/Direkter-Zugriff-auf-die-Datenbank-von-Google-Data-Studio.webp",800,800,false],"post-thumbnail":["https:\/\/aivie.ch\/wp-content\/uploads\/2022\/07\/Direkter-Zugriff-auf-die-Datenbank-von-Google-Data-Studio.webp",800,800,false],"aiv_480w":["https:\/\/aivie.ch\/wp-content\/uploads\/2022\/07\/Direkter-Zugriff-auf-die-Datenbank-von-Google-Data-Studio-480x480.webp",480,480,true],"woocommerce_thumbnail":["https:\/\/aivie.ch\/wp-content\/uploads\/2022\/07\/Direkter-Zugriff-auf-die-Datenbank-von-Google-Data-Studio-240x240.webp",240,240,true],"woocommerce_single":["https:\/\/aivie.ch\/wp-content\/uploads\/2022\/07\/Direkter-Zugriff-auf-die-Datenbank-von-Google-Data-Studio.webp",800,800,false],"woocommerce_gallery_thumbnail":["https:\/\/aivie.ch\/wp-content\/uploads\/2022\/07\/Direkter-Zugriff-auf-die-Datenbank-von-Google-Data-Studio-240x240.webp",240,240,true]},"post_excerpt_stackable_v2":"<p>Tietosi ovat k\u00e4siss\u00e4si.<\/p>\n","category_list_v2":"","author_info_v2":{"name":"","url":""},"comments_num_v2":"0 comments","_links":{"self":[{"href":"https:\/\/aivie.ch\/fi\/wp-json\/wp\/v2\/product\/26794","targetHints":{"allow":["GET"]}}],"collection":[{"href":"https:\/\/aivie.ch\/fi\/wp-json\/wp\/v2\/product"}],"about":[{"href":"https:\/\/aivie.ch\/fi\/wp-json\/wp\/v2\/types\/product"}],"replies":[{"embeddable":true,"href":"https:\/\/aivie.ch\/fi\/wp-json\/wp\/v2\/comments?post=26794"}],"wp:featuredmedia":[{"embeddable":true,"href":"https:\/\/aivie.ch\/fi\/wp-json\/wp\/v2\/media\/26795"}],"wp:attachment":[{"href":"https:\/\/aivie.ch\/fi\/wp-json\/wp\/v2\/media?parent=26794"}],"wp:term":[{"taxonomy":"product_brand","embeddable":true,"href":"https:\/\/aivie.ch\/fi\/wp-json\/wp\/v2\/product_brand?post=26794"},{"taxonomy":"product_cat","embeddable":true,"href":"https:\/\/aivie.ch\/fi\/wp-json\/wp\/v2\/product_cat?post=26794"},{"taxonomy":"product_tag","embeddable":true,"href":"https:\/\/aivie.ch\/fi\/wp-json\/wp\/v2\/product_tag?post=26794"}],"curies":[{"name":"wp","href":"https:\/\/api.w.org\/{rel}","templated":true}]}}