{"id":26793,"date":"2022-08-05T09:15:53","date_gmt":"2022-08-05T07:15:53","guid":{"rendered":"https:\/\/aivie.ch\/product\/aivie-mautic-zapier-make-tai-n8n-integraation-maeaerittaeminen\/"},"modified":"2026-01-11T14:26:14","modified_gmt":"2026-01-11T12:26:14","slug":"aivie-mautic-zapier-make-tai-n8n-integraation-maeaerittaeminen","status":"publish","type":"product","link":"https:\/\/aivie.ch\/fi\/tuote\/aivie-mautic-zapier-make-tai-n8n-integraation-maeaerittaeminen\/","title":{"rendered":"Aivie\/Mautic Zapier-, Make- tai n8n-integraation m\u00e4\u00e4ritt\u00e4minen"},"content":{"rendered":"<p>Etk\u00f6 ole aivan varma, miten muut ty\u00f6kalut liitet\u00e4\u00e4n Aivieen? Esim. CRM-, ERP-, webinaari-, lippu- tai postitusty\u00f6kalusi? Katsomme tarpeesi, teemme asetukset ja testaamme kaiken puolestasi.  <\/p>\n<p>Saat:<\/p>\n<ul class=\"ak-ul\">\n<li>Optimaalinen integrointi Zapierin, Make- tai n8n-j\u00e4rjestelm\u00e4n kautta<\/li>\n<li>Yksitt\u00e4iset segmentit (esim. v\u00e4liin j\u00e4\u00e4nyt webinaari, suoritettu webinaari).<\/li>\n<li>Yhteystietojen rakenne k\u00e4ytt\u00e4j\u00e4n m\u00e4\u00e4rittelemien kenttien ja\/tai tunnisteiden avulla.<\/li>\n<\/ul>\n","protected":false},"excerpt":{"rendered":"<p>Suoraan integroitu Aivie-j\u00e4rjestelm\u00e4\u00e4n.<\/p>\n","protected":false},"featured_media":26797,"comment_status":"closed","ping_status":"closed","template":"","meta":{"_acf_changed":false},"product_brand":[],"product_cat":[1284],"product_tag":[],"class_list":{"0":"post-26793","1":"product","2":"type-product","3":"status-publish","4":"has-post-thumbnail","6":"product_cat-vaelittoemaet-palvelut","8":"first","9":"instock","10":"virtual","11":"taxable","12":"purchasable","13":"product-type-simple"},"acf":[],"featured_image_urls_v2":{"full":["https:\/\/cdn.aivie.ch\/media\/wp\/2022\/07\/28151147\/Aivie-Marketing-Automation-Mautic-Zapier-Verbindung-aufsetzen-.webp",800,800,false],"thumbnail":["https:\/\/cdn.aivie.ch\/media\/wp\/2022\/07\/28151147\/Aivie-Marketing-Automation-Mautic-Zapier-Verbindung-aufsetzen--240x240.webp",240,240,true],"medium":["https:\/\/cdn.aivie.ch\/media\/wp\/2022\/07\/28151147\/Aivie-Marketing-Automation-Mautic-Zapier-Verbindung-aufsetzen-.webp",800,800,false],"medium_large":["https:\/\/cdn.aivie.ch\/media\/wp\/2022\/07\/28151147\/Aivie-Marketing-Automation-Mautic-Zapier-Verbindung-aufsetzen--768x768.webp",768,768,true],"large":["https:\/\/cdn.aivie.ch\/media\/wp\/2022\/07\/28151147\/Aivie-Marketing-Automation-Mautic-Zapier-Verbindung-aufsetzen-.webp",800,800,false],"post-thumbnail":["https:\/\/cdn.aivie.ch\/media\/wp\/2022\/07\/28151147\/Aivie-Marketing-Automation-Mautic-Zapier-Verbindung-aufsetzen-.webp",800,800,false],"aiv_480w":["https:\/\/cdn.aivie.ch\/media\/wp\/2022\/07\/28151147\/Aivie-Marketing-Automation-Mautic-Zapier-Verbindung-aufsetzen--480x480.webp",480,480,true],"woocommerce_thumbnail":["https:\/\/cdn.aivie.ch\/media\/wp\/2022\/07\/28151147\/Aivie-Marketing-Automation-Mautic-Zapier-Verbindung-aufsetzen--240x240.webp",240,240,true],"woocommerce_single":["https:\/\/cdn.aivie.ch\/media\/wp\/2022\/07\/28151147\/Aivie-Marketing-Automation-Mautic-Zapier-Verbindung-aufsetzen-.webp",800,800,false],"woocommerce_gallery_thumbnail":["https:\/\/cdn.aivie.ch\/media\/wp\/2022\/07\/28151147\/Aivie-Marketing-Automation-Mautic-Zapier-Verbindung-aufsetzen--240x240.webp",240,240,true]},"post_excerpt_stackable_v2":"<p>Suoraan integroitu Aivie-j\u00e4rjestelm\u00e4\u00e4n.<\/p>\n","category_list_v2":"","author_info_v2":{"name":"","url":""},"comments_num_v2":"0 comments","_links":{"self":[{"href":"https:\/\/aivie.ch\/fi\/wp-json\/wp\/v2\/product\/26793","targetHints":{"allow":["GET"]}}],"collection":[{"href":"https:\/\/aivie.ch\/fi\/wp-json\/wp\/v2\/product"}],"about":[{"href":"https:\/\/aivie.ch\/fi\/wp-json\/wp\/v2\/types\/product"}],"replies":[{"embeddable":true,"href":"https:\/\/aivie.ch\/fi\/wp-json\/wp\/v2\/comments?post=26793"}],"wp:featuredmedia":[{"embeddable":true,"href":"https:\/\/aivie.ch\/fi\/wp-json\/wp\/v2\/media\/26797"}],"wp:attachment":[{"href":"https:\/\/aivie.ch\/fi\/wp-json\/wp\/v2\/media?parent=26793"}],"wp:term":[{"taxonomy":"product_brand","embeddable":true,"href":"https:\/\/aivie.ch\/fi\/wp-json\/wp\/v2\/product_brand?post=26793"},{"taxonomy":"product_cat","embeddable":true,"href":"https:\/\/aivie.ch\/fi\/wp-json\/wp\/v2\/product_cat?post=26793"},{"taxonomy":"product_tag","embeddable":true,"href":"https:\/\/aivie.ch\/fi\/wp-json\/wp\/v2\/product_tag?post=26793"}],"curies":[{"name":"wp","href":"https:\/\/api.w.org\/{rel}","templated":true}]}}