{"id":26773,"date":"2023-03-23T18:14:27","date_gmt":"2023-03-23T16:14:27","guid":{"rendered":"https:\/\/aivie.ch\/product\/tietosuojan-kaeyttoetapauspaketti-revdsg\/"},"modified":"2026-01-11T14:24:29","modified_gmt":"2026-01-11T12:24:29","slug":"tietosuojan-kaeyttoetapauspaketti-revdsg","status":"publish","type":"product","link":"https:\/\/aivie.ch\/fi\/tuote\/tietosuojan-kaeyttoetapauspaketti-revdsg\/","title":{"rendered":"Tietosuojan k\u00e4ytt\u00f6tapauspaketti revDSG"},"content":{"rendered":"<h2><strong>Tietosuojaa noudatetaan &#8221;k\u00e4den ulottuvilla\u201d.<\/strong><\/h2>\n<p class=\"p1\">The <span class=\"s1\"><b>Tietosuojan k\u00e4ytt\u00f6tapauspaketti (revDSG)<\/b><\/span> tukee yrityksi\u00e4 Sveitsin uudistetun tietosuojalain (revDSG) noudattamisessa automatisoimalla suostumusten, tietojen tallentamisen ja k\u00e4ytt\u00e4j\u00e4pyynt\u00f6jen hallintaa. N\u00e4in tietosuojavaatimukset pannaan tehokkaasti t\u00e4yt\u00e4nt\u00f6\u00f6n, vastuuriskit minimoidaan ja asiakkaiden luottamus vahvistuu. <\/p>\n<h3>Edut yrityksellesi<\/h3>\n<p class=\"p1\">Kun <span class=\"s1\"><b>Tietosuojan k\u00e4ytt\u00f6tapauspaketti (revDSG)<\/b><\/span> yritykset toteuttavat Sveitsin uuden tietosuojalain vaatimukset yksinkertaisesti ja tehokkaasti, mik\u00e4 lis\u00e4\u00e4 turvallisuutta, vaatimustenmukaisuutta ja luottamusta.<\/p>\n<ul>\n<li class=\"p1\"><span class=\"s1\"><b>Lainmukainen tietojenk\u00e4sittely:<\/b><\/span> Automaattiset tietosuojaprosessit: Vastuuriskien minimointi<\/li>\n<li class=\"p1\"><span class=\"s1\"><b>L\u00e4pin\u00e4kyv\u00e4 suostumuksen hallinta:<\/b><\/span> Selke\u00e4 j\u00e4ljitett\u00e4vyys ja dokumentointi vaatimustenmukaisuuden osoittamiseksi<\/li>\n<li class=\"p1\"><span class=\"s1\"><b>Tehokkuuden lis\u00e4\u00e4minen automaation avulla:<\/b><\/span> V\u00e4hemm\u00e4n manuaalista ty\u00f6t\u00e4 tietosuojavaatimusten t\u00e4ytt\u00e4miseksi<\/li>\n<li class=\"p1\"><span class=\"s1\"><b>Enemm\u00e4n luottamusta ja asiakasturvallisuutta:<\/b><\/span> DSG:n mukaiset yritykset lis\u00e4\u00e4v\u00e4t uskottavuuttaan ja asiakasuskollisuuttaan.<\/li>\n<\/ul>\n<h3><b>Pakkauksen sis\u00e4lt\u00f6<\/b><\/h3>\n<ul>\n<li><span style=\"font-weight: 400;\">Double opt-in-kampanja revDSG:n mukaan muistutuss\u00e4hk\u00f6postilla varustettuna<\/span><\/li>\n<li style=\"font-weight: 400;\" aria-level=\"1\"><span style=\"font-weight: 400;\">revDSG:n mukaiset tekstit s\u00e4hk\u00f6postin ja verkkosivuston tietosuojaselosteita varten.<\/span><\/li>\n<li style=\"font-weight: 400;\" aria-level=\"1\"><span style=\"font-weight: 400;\">&#8221;Poista tiedot\u201d -lomake verkkosivustolle, mukaan lukien vahvistussivu (DE\/EN)<\/span><\/li>\n<li style=\"font-weight: 400;\" aria-level=\"1\"><span style=\"font-weight: 400;\">Tuki oikean ev\u00e4stebannerin asettamisessa<\/span><\/li>\n<li style=\"font-weight: 400;\" aria-level=\"1\"><span style=\"font-weight: 400;\">Henkil\u00f6kohtainen tuki erityiskysymyksiin<\/span><\/li>\n<\/ul>\n<p><a href=\"https:\/\/aivie.ch\/fi\/yleiset-ehdot\/\" target=\"_blank\" rel=\"noopener noreferrer\">Sovelletaan yleisi\u00e4<\/a> k\u00e4ytt\u00f6ehtojamme.<\/p>\n","protected":false},"excerpt":{"rendered":"<p>Perustat nopeasti ja helposti tietosuojavaatimusten mukaisen verkkosivuston, jossa on s\u00e4hk\u00f6postimarkkinointia. Paketti sis\u00e4lt\u00e4\u00e4 kaiken tarvittavan, jotta voit panna t\u00e4yt\u00e4nt\u00f6\u00f6n Sveitsin uuden tietosuojalain (revDSG) oikeudellisesti oikein. <\/p>\n<p>Tietosuojak\u00e4yt\u00e4nt\u00f6, verkkosivusto ja ev\u00e4steet sek\u00e4 uutiskirjeet ja s\u00e4hk\u00f6postimarkkinointi automaattisilla kampanjoilla.<\/p>\n","protected":false},"featured_media":26774,"comment_status":"closed","ping_status":"closed","template":"","meta":{"_acf_changed":false},"product_brand":[],"product_cat":[1235,1227],"product_tag":[],"class_list":{"0":"post-26773","1":"product","2":"type-product","3":"status-publish","4":"has-post-thumbnail","6":"product_cat-kaeyttoetapauspaketti","7":"product_cat-tietosuoja","8":"pa_brand-aivie","9":"pa_manufacturer-idea2","11":"first","12":"instock","13":"virtual","14":"taxable","15":"purchasable","16":"product-type-simple"},"acf":[],"featured_image_urls_v2":{"full":["https:\/\/cdn.aivie.ch\/media\/wp\/2023\/03\/24104016\/Datenschutz_revDSG.webp",1080,1080,false],"thumbnail":["https:\/\/cdn.aivie.ch\/media\/wp\/2023\/03\/24104016\/Datenschutz_revDSG-240x240.webp",240,240,true],"medium":["https:\/\/cdn.aivie.ch\/media\/wp\/2023\/03\/24104016\/Datenschutz_revDSG-960x960.webp",960,960,true],"medium_large":["https:\/\/cdn.aivie.ch\/media\/wp\/2023\/03\/24104016\/Datenschutz_revDSG-768x768.webp",768,768,true],"large":["https:\/\/cdn.aivie.ch\/media\/wp\/2023\/03\/24104016\/Datenschutz_revDSG.webp",990,990,false],"post-thumbnail":["https:\/\/cdn.aivie.ch\/media\/wp\/2023\/03\/24104016\/Datenschutz_revDSG.webp",1080,1080,false],"aiv_480w":["https:\/\/cdn.aivie.ch\/media\/wp\/2023\/03\/24104016\/Datenschutz_revDSG-480x480.webp",480,480,true],"woocommerce_thumbnail":["https:\/\/cdn.aivie.ch\/media\/wp\/2023\/03\/24104016\/Datenschutz_revDSG-240x240.webp",240,240,true],"woocommerce_single":["https:\/\/cdn.aivie.ch\/media\/wp\/2023\/03\/24104016\/Datenschutz_revDSG-960x960.webp",960,960,true],"woocommerce_gallery_thumbnail":["https:\/\/cdn.aivie.ch\/media\/wp\/2023\/03\/24104016\/Datenschutz_revDSG-240x240.webp",240,240,true]},"post_excerpt_stackable_v2":"<p>Perustat nopeasti ja helposti tietosuojavaatimusten mukaisen verkkosivuston, jossa on s\u00e4hk\u00f6postimarkkinointia. Paketti sis\u00e4lt\u00e4\u00e4 kaiken tarvittavan, jotta voit panna t\u00e4yt\u00e4nt\u00f6\u00f6n Sveitsin uuden tietosuojalain (revDSG) oikeudellisesti oikein. <\/p>\n<p>Tietosuojak\u00e4yt\u00e4nt\u00f6, verkkosivusto ja ev\u00e4steet sek\u00e4 uutiskirjeet ja s\u00e4hk\u00f6postimarkkinointi automaattisilla kampanjoilla.<\/p>\n","category_list_v2":"","author_info_v2":{"name":"","url":""},"comments_num_v2":"0 comments","_links":{"self":[{"href":"https:\/\/aivie.ch\/fi\/wp-json\/wp\/v2\/product\/26773","targetHints":{"allow":["GET"]}}],"collection":[{"href":"https:\/\/aivie.ch\/fi\/wp-json\/wp\/v2\/product"}],"about":[{"href":"https:\/\/aivie.ch\/fi\/wp-json\/wp\/v2\/types\/product"}],"replies":[{"embeddable":true,"href":"https:\/\/aivie.ch\/fi\/wp-json\/wp\/v2\/comments?post=26773"}],"wp:featuredmedia":[{"embeddable":true,"href":"https:\/\/aivie.ch\/fi\/wp-json\/wp\/v2\/media\/26774"}],"wp:attachment":[{"href":"https:\/\/aivie.ch\/fi\/wp-json\/wp\/v2\/media?parent=26773"}],"wp:term":[{"taxonomy":"product_brand","embeddable":true,"href":"https:\/\/aivie.ch\/fi\/wp-json\/wp\/v2\/product_brand?post=26773"},{"taxonomy":"product_cat","embeddable":true,"href":"https:\/\/aivie.ch\/fi\/wp-json\/wp\/v2\/product_cat?post=26773"},{"taxonomy":"product_tag","embeddable":true,"href":"https:\/\/aivie.ch\/fi\/wp-json\/wp\/v2\/product_tag?post=26773"}],"curies":[{"name":"wp","href":"https:\/\/api.w.org\/{rel}","templated":true}]}}