{"id":26770,"date":"2023-03-24T10:29:16","date_gmt":"2023-03-24T08:29:16","guid":{"rendered":"https:\/\/aivie.ch\/product\/tietosuojan-kaeyttoetapauspaketti-gdpr\/"},"modified":"2026-01-11T14:24:27","modified_gmt":"2026-01-11T12:24:27","slug":"tietosuojan-kaeyttoetapauspaketti-gdpr","status":"publish","type":"product","link":"https:\/\/aivie.ch\/fi\/tuote\/tietosuojan-kaeyttoetapauspaketti-gdpr\/","title":{"rendered":"Tietosuojan k\u00e4ytt\u00f6tapauspaketti GDPR"},"content":{"rendered":"<h2>Tietosuojaa noudatetaan &#8221;k\u00e4den ulottuvilla\u201d.<\/h2>\n<p class=\"p1\">The <span class=\"s1\"><b>Tietosuojan k\u00e4ytt\u00f6tapauspaketti (GDPR)<\/b><\/span> auttaa yrityksi\u00e4 tallentamaan, hallitsemaan ja k\u00e4sittelem\u00e4\u00e4n henkil\u00f6tietoja lainmukaisella tavalla. Automatisoidut suostumus- ja opt-in-prosessit varmistavat, ett\u00e4 kaikki GDPR:n tietosuojavaatimukset t\u00e4yttyv\u00e4t \u2013 l\u00e4pin\u00e4kyv\u00e4sti, tehokkaasti ja auditoitavasti. <\/p>\n<h3>Edut yrityksellesi<\/h3>\n<p class=\"p1\">Kun <span class=\"s1\"><b>tietosuojaa koskeva k\u00e4ytt\u00f6tapauspaketti (GDPR)<\/b><\/span> yritykset varmistavat, ett\u00e4 ne toimivat tietosuojas\u00e4\u00e4nn\u00f6sten mukaisesti ilman manuaalisten prosessien hallintaa \u2013 mik\u00e4 lis\u00e4\u00e4 turvallisuutta, luottamusta ja tehokkuutta.<\/p>\n<ul>\n<li class=\"p1\"><span class=\"s1\"><b>Suurin mahdollinen oikeusvarmuus:<\/b><\/span> Automaattiset GDPR-yhteensopivat prosessit v\u00e4hent\u00e4v\u00e4t vastuuriskej\u00e4.<\/li>\n<li class=\"p1\"><span class=\"s1\"><b>L\u00e4pin\u00e4kyv\u00e4 tiedonhallinta:<\/b><\/span> Selke\u00e4 j\u00e4ljitett\u00e4vyys ja k\u00e4ytt\u00e4jien suostumusten dokumentointi<\/li>\n<li class=\"p1\"><span class=\"s1\"><b>Tehokkuutta automaation avulla:<\/b><\/span> V\u00e4hemm\u00e4n manuaalista ty\u00f6t\u00e4 tietosuojavaatimusten t\u00e4ytt\u00e4miseksi<\/li>\n<li class=\"p1\"><span class=\"s1\"><b>Luottamus ja s\u00e4\u00e4nt\u00f6jen noudattaminen:<\/b><\/span> K\u00e4ytt\u00e4j\u00e4t tuntevat olonsa turvallisemmaksi ja ovat todenn\u00e4k\u00f6isemmin vuorovaikutuksessa GDPR-asetuksen mukaisten yritysten kanssa.<\/li>\n<\/ul>\n<h3>Pakkauksen sis\u00e4lt\u00f6<\/h3>\n<ul>\n<li><span style=\"font-weight: 400;\">Oikean GDPR-ev\u00e4stebannerin m\u00e4\u00e4ritt\u00e4minen<\/span><\/li>\n<li style=\"font-weight: 400;\" aria-level=\"1\"><span style=\"font-weight: 400;\">GDPR double opt-in -kampanja muistutuss\u00e4hk\u00f6postilla<\/span><\/li>\n<li style=\"font-weight: 400;\" aria-level=\"1\"><span style=\"font-weight: 400;\">S\u00e4hk\u00f6postin ja verkkosivuston GDPR-mallit r\u00e4\u00e4t\u00e4l\u00f6inti\u00e4 varten<\/span><\/li>\n<li style=\"font-weight: 400;\" aria-level=\"1\"><span style=\"font-weight: 400;\">&#8221;Poista tiedot\u201d -lomake verkkosivustolle, mukaan lukien vahvistussivu (DE\/EN)<\/span><\/li>\n<li style=\"font-weight: 400;\" aria-level=\"1\"><span style=\"font-weight: 400;\">Henkil\u00f6kohtainen tuki kysymyksiin<\/span><\/li>\n<\/ul>\n<p><a href=\"https:\/\/aivie.ch\/fi\/yleiset-ehdot\/\" target=\"_blank\" rel=\"noopener noreferrer\">Sovelletaan yleisi\u00e4<\/a> k\u00e4ytt\u00f6ehtojamme.<\/p>\n","protected":false},"excerpt":{"rendered":"<p>Perustat nopeasti ja helposti tietosuojavaatimusten mukaisen verkkosivuston, jossa on s\u00e4hk\u00f6postimarkkinointia. Paketti sis\u00e4lt\u00e4\u00e4 kaiken, mit\u00e4 tarvitset tietosuojalain (GDPR) toteuttamiseen oikeudellisesti oikein. <\/p>\n","protected":false},"featured_media":26771,"comment_status":"closed","ping_status":"closed","template":"","meta":{"_acf_changed":false},"product_brand":[],"product_cat":[1235,1227],"product_tag":[],"class_list":{"0":"post-26770","1":"product","2":"type-product","3":"status-publish","4":"has-post-thumbnail","6":"product_cat-kaeyttoetapauspaketti","7":"product_cat-tietosuoja","8":"pa_brand-aivie","9":"pa_manufacturer-idea2","11":"first","12":"instock","13":"virtual","14":"taxable","15":"purchasable","16":"product-type-simple"},"acf":[],"featured_image_urls_v2":{"full":["https:\/\/aivie.ch\/wp-content\/uploads\/2023\/03\/datenschutz_DSGVO.webp",1080,1080,false],"thumbnail":["https:\/\/aivie.ch\/wp-content\/uploads\/2023\/03\/datenschutz_DSGVO-240x240.webp",240,240,true],"medium":["https:\/\/aivie.ch\/wp-content\/uploads\/2023\/03\/datenschutz_DSGVO-960x960.webp",960,960,true],"medium_large":["https:\/\/aivie.ch\/wp-content\/uploads\/2023\/03\/datenschutz_DSGVO-768x768.webp",768,768,true],"large":["https:\/\/aivie.ch\/wp-content\/uploads\/2023\/03\/datenschutz_DSGVO.webp",990,990,false],"post-thumbnail":["https:\/\/aivie.ch\/wp-content\/uploads\/2023\/03\/datenschutz_DSGVO.webp",1080,1080,false],"aiv_480w":["https:\/\/aivie.ch\/wp-content\/uploads\/2023\/03\/datenschutz_DSGVO-480x480.webp",480,480,true],"woocommerce_thumbnail":["https:\/\/aivie.ch\/wp-content\/uploads\/2023\/03\/datenschutz_DSGVO-240x240.webp",240,240,true],"woocommerce_single":["https:\/\/aivie.ch\/wp-content\/uploads\/2023\/03\/datenschutz_DSGVO-960x960.webp",960,960,true],"woocommerce_gallery_thumbnail":["https:\/\/aivie.ch\/wp-content\/uploads\/2023\/03\/datenschutz_DSGVO-240x240.webp",240,240,true]},"post_excerpt_stackable_v2":"<p>Perustat nopeasti ja helposti tietosuojavaatimusten mukaisen verkkosivuston, jossa on s\u00e4hk\u00f6postimarkkinointia. Paketti sis\u00e4lt\u00e4\u00e4 kaiken, mit\u00e4 tarvitset tietosuojalain (GDPR) toteuttamiseen oikeudellisesti oikein. <\/p>\n","category_list_v2":"","author_info_v2":{"name":"","url":""},"comments_num_v2":"0 comments","_links":{"self":[{"href":"https:\/\/aivie.ch\/fi\/wp-json\/wp\/v2\/product\/26770","targetHints":{"allow":["GET"]}}],"collection":[{"href":"https:\/\/aivie.ch\/fi\/wp-json\/wp\/v2\/product"}],"about":[{"href":"https:\/\/aivie.ch\/fi\/wp-json\/wp\/v2\/types\/product"}],"replies":[{"embeddable":true,"href":"https:\/\/aivie.ch\/fi\/wp-json\/wp\/v2\/comments?post=26770"}],"wp:featuredmedia":[{"embeddable":true,"href":"https:\/\/aivie.ch\/fi\/wp-json\/wp\/v2\/media\/26771"}],"wp:attachment":[{"href":"https:\/\/aivie.ch\/fi\/wp-json\/wp\/v2\/media?parent=26770"}],"wp:term":[{"taxonomy":"product_brand","embeddable":true,"href":"https:\/\/aivie.ch\/fi\/wp-json\/wp\/v2\/product_brand?post=26770"},{"taxonomy":"product_cat","embeddable":true,"href":"https:\/\/aivie.ch\/fi\/wp-json\/wp\/v2\/product_cat?post=26770"},{"taxonomy":"product_tag","embeddable":true,"href":"https:\/\/aivie.ch\/fi\/wp-json\/wp\/v2\/product_tag?post=26770"}],"curies":[{"name":"wp","href":"https:\/\/api.w.org\/{rel}","templated":true}]}}