{"id":26764,"date":"2023-03-28T14:27:24","date_gmt":"2023-03-28T12:27:24","guid":{"rendered":"https:\/\/aivie.ch\/product\/tietosuojan-arviointi-ja-kaeyttoeoenotto-starter-package\/"},"modified":"2026-01-11T14:24:16","modified_gmt":"2026-01-11T12:24:16","slug":"tietosuojan-arviointi-ja-kaeyttoeoenotto-starter-package","status":"publish","type":"product","link":"https:\/\/aivie.ch\/fi\/tuote\/tietosuojan-arviointi-ja-kaeyttoeoenotto-starter-package\/","title":{"rendered":"Tietosuojan arviointi ja k\u00e4ytt\u00f6\u00f6notto Starter Package"},"content":{"rendered":"<p>Sopiva paketti kaikille, jotka haluavat nopean alkukartoituksen tietosuojan nykytilasta yrityksess\u00e4 ja tarvitsevat vain ensimm\u00e4iset perusohjeet parhaista k\u00e4yt\u00e4nn\u00f6ist\u00e4.<\/p>\n<p style=\"font-weight: 400;\">Paketti sis\u00e4lt\u00e4\u00e4:<\/p>\n<ul style=\"font-weight: 400;\">\n<li>Tunnin mittainen aloitusty\u00f6paja LEXR-asiantuntijan kanssa alustavaa arviointia varten. Nykyinen kokonaistilanne analysoidaan, yrityksen riskiprofiilit m\u00e4\u00e4ritell\u00e4\u00e4n ja kaikkiin tietosuojaan liittyviin kysymyksiin vastataan. <\/li>\n<li>Yhteenveto t\u00e4rkeimmist\u00e4 tuloksista ja teht\u00e4vist\u00e4 s\u00e4hk\u00f6postitse.<\/li>\n<li>Tietosuojaselosteen ja ev\u00e4stek\u00e4yt\u00e4nn\u00f6n mukauttaminen tarvittaessa.<\/li>\n<li>Seuraavien standardin\u00e4ytteiden l\u00e4hett\u00e4minen:\n<ul>\n<li>Tietosuojaloukkausten k\u00e4sittely\u00e4 koskeva politiikka<\/li>\n<li>Tietosuojapyynt\u00f6jen k\u00e4sittely\u00e4 koskeva politiikka<\/li>\n<li>Ohjeet markkinoinnin lainmukaista k\u00e4sittely\u00e4 varten<\/li>\n<\/ul>\n<\/li>\n<li>Keskustelu tuloksista tunnin mittaisessa ty\u00f6pajassa LEXR-asiantuntijan kanssa sek\u00e4 avointen kysymysten ja tulevaisuudenn\u00e4kymien selvitt\u00e4minen.<\/li>\n<\/ul>\n<p><a href=\"https:\/\/www.lexr.com\/de-ch\/allgemeine-geschaeftsbedingungen\/\" target=\"_blank\" rel=\"noopener\">Sovelletaan LEXR:n yleisi\u00e4 sopimusehtoja<\/a><\/p>\n","protected":false},"excerpt":{"rendered":"<p>K\u00e4yt\u00e4nn\u00f6nl\u00e4heisten oikeudellisten neuvonantajiemme kattavan oikeudellisen analyysin avulla voit nopeasti ja helposti tunnistaa tietosuojalains\u00e4\u00e4d\u00e4nn\u00f6n puutteet ja saada riskiperusteisia ratkaisuehdotuksia tarvittaviin vaatimustenmukaisuusvaatimuksiin.<\/p>\n","protected":false},"featured_media":26765,"comment_status":"open","ping_status":"closed","template":"","meta":{"_acf_changed":false},"product_brand":[],"product_cat":[1227],"product_tag":[],"class_list":{"0":"post-26764","1":"product","2":"type-product","3":"status-publish","4":"has-post-thumbnail","6":"product_cat-tietosuoja","8":"first","9":"instock","10":"taxable","11":"shipping-taxable","12":"purchasable","13":"product-type-simple"},"acf":[],"featured_image_urls_v2":{"full":["https:\/\/cdn.aivie.ch\/media\/wp\/2023\/03\/14104129\/LEXR-Visual-2.png",800,800,false],"thumbnail":["https:\/\/cdn.aivie.ch\/media\/wp\/2023\/03\/14104129\/LEXR-Visual-2-240x240.png",240,240,true],"medium":["https:\/\/cdn.aivie.ch\/media\/wp\/2023\/03\/14104129\/LEXR-Visual-2.png",800,800,false],"medium_large":["https:\/\/cdn.aivie.ch\/media\/wp\/2023\/03\/14104129\/LEXR-Visual-2-768x768.png",768,768,true],"large":["https:\/\/cdn.aivie.ch\/media\/wp\/2023\/03\/14104129\/LEXR-Visual-2.png",800,800,false],"post-thumbnail":["https:\/\/cdn.aivie.ch\/media\/wp\/2023\/03\/14104129\/LEXR-Visual-2.png",800,800,false],"aiv_480w":["https:\/\/cdn.aivie.ch\/media\/wp\/2023\/03\/14104129\/LEXR-Visual-2-480x480.png",480,480,true],"woocommerce_thumbnail":["https:\/\/cdn.aivie.ch\/media\/wp\/2023\/03\/14104129\/LEXR-Visual-2-240x240.png",240,240,true],"woocommerce_single":["https:\/\/cdn.aivie.ch\/media\/wp\/2023\/03\/14104129\/LEXR-Visual-2.png",800,800,false],"woocommerce_gallery_thumbnail":["https:\/\/cdn.aivie.ch\/media\/wp\/2023\/03\/14104129\/LEXR-Visual-2-240x240.png",240,240,true]},"post_excerpt_stackable_v2":"<p>K\u00e4yt\u00e4nn\u00f6nl\u00e4heisten oikeudellisten neuvonantajiemme kattavan oikeudellisen analyysin avulla voit nopeasti ja helposti tunnistaa tietosuojalains\u00e4\u00e4d\u00e4nn\u00f6n puutteet ja saada riskiperusteisia ratkaisuehdotuksia tarvittaviin vaatimustenmukaisuusvaatimuksiin.<\/p>\n","category_list_v2":"","author_info_v2":{"name":"","url":""},"comments_num_v2":"0 comments","_links":{"self":[{"href":"https:\/\/aivie.ch\/fi\/wp-json\/wp\/v2\/product\/26764","targetHints":{"allow":["GET"]}}],"collection":[{"href":"https:\/\/aivie.ch\/fi\/wp-json\/wp\/v2\/product"}],"about":[{"href":"https:\/\/aivie.ch\/fi\/wp-json\/wp\/v2\/types\/product"}],"replies":[{"embeddable":true,"href":"https:\/\/aivie.ch\/fi\/wp-json\/wp\/v2\/comments?post=26764"}],"wp:featuredmedia":[{"embeddable":true,"href":"https:\/\/aivie.ch\/fi\/wp-json\/wp\/v2\/media\/26765"}],"wp:attachment":[{"href":"https:\/\/aivie.ch\/fi\/wp-json\/wp\/v2\/media?parent=26764"}],"wp:term":[{"taxonomy":"product_brand","embeddable":true,"href":"https:\/\/aivie.ch\/fi\/wp-json\/wp\/v2\/product_brand?post=26764"},{"taxonomy":"product_cat","embeddable":true,"href":"https:\/\/aivie.ch\/fi\/wp-json\/wp\/v2\/product_cat?post=26764"},{"taxonomy":"product_tag","embeddable":true,"href":"https:\/\/aivie.ch\/fi\/wp-json\/wp\/v2\/product_tag?post=26764"}],"curies":[{"name":"wp","href":"https:\/\/api.w.org\/{rel}","templated":true}]}}