{"id":26748,"date":"2023-09-11T16:28:04","date_gmt":"2023-09-11T14:28:04","guid":{"rendered":"https:\/\/aivie.ch\/product\/bexio-to-google-looker-studio-liitaennaeinen\/"},"modified":"2026-01-11T14:23:29","modified_gmt":"2026-01-11T12:23:29","slug":"bexio-to-google-looker-studio-liitaennaeinen","status":"publish","type":"product","link":"https:\/\/aivie.ch\/fi\/tuote\/bexio-to-google-looker-studio-liitaennaeinen\/","title":{"rendered":"Bexio to Google Looker Studio -liit\u00e4nn\u00e4inen"},"content":{"rendered":"<h2>Bexion tietojen k\u00e4ytt\u00e4minen Google Lookerissa<\/h2>\n<p>Bexio to Google Looker Studio Connectorin avulla saat kaiken irti liiketoimintatiedoistasi ja voit tehd\u00e4 perusteltuja liiketoimintap\u00e4\u00e4t\u00f6ksi\u00e4. T\u00e4m\u00e4 tehokas integraatio antaa sinulle saumattoman p\u00e4\u00e4syn yrityksesi t\u00e4rkeimpiin resursseihin ja kenttiin, jotta voit optimoida taloudellisen suorituskyvyn. Seuraavassa on joitakin liittimemme erottuvia ominaisuuksia:  <\/p>\n<ul>\n<li><strong>Merkitykselliset kent\u00e4t<\/strong><br \/>\nIntegroinnin avulla p\u00e4\u00e4set k\u00e4siksi t\u00e4rkeimpiin resursseihin ja kenttiin. Mukaan lukien: laskut, tarjoukset, tilaukset, kulut&#8230; <\/li>\n<li><strong>Kassavirtaraportti ja<\/strong><br \/>\nIntegraation mukana tulee helppolukuinen kassavirtaraportti. Siit\u00e4 n\u00e4et, kuinka paljon rahaa olet ansainnut ja kuinka paljon olet k\u00e4ytt\u00e4nyt. Raportti sis\u00e4lt\u00e4\u00e4 my\u00f6s ennusteen.  <\/li>\n<li><strong>Suojaus<\/strong><br \/>\nLiit\u00e4nn\u00e4ll\u00e4 on vain lukuoikeus m\u00e4\u00e4ritettyihin resursseihin. Kehitt\u00e4nyt sveitsil\u00e4inen yritys Idea 2. <\/li>\n<li><strong>Helppo asennus<\/strong><br \/>\nYhdist\u00e4 Bexioon ja saat v\u00e4litt\u00f6m\u00e4sti tietoa tiedoistasi. K\u00e4yt\u00e4 olemassa olevaa raporttia, laajenna sit\u00e4 tai luo oma. Integroi Bexio muiden ulkoisten tietojen kanssa luodaksesi t\u00e4ydellisen kojelaudan.  <\/li>\n<\/ul>\n<p>Lis\u00e4tietoja l\u00f6yd\u00e4t t\u00e4\u00e4lt\u00e4: <a href=\"https:\/\/www.idea2.ch\/bexio-zu-google-looker-studio-connector\/\" target=\"_blank\" rel=\"noopener\">https:\/\/www.idea2.ch\/bexio-zu-google-looker-studio-connector\/<\/a><\/p>\n<p>&nbsp;<\/p>\n<h3>Bexio<\/h3>\n<p>Bexio, liiketoimintaohjelmisto. Yli 50 000 pienyrityst\u00e4, aloittavaa yrityst\u00e4 ja freelanceria luottaa bexion yritysohjelmistoihin. <\/p>\n<h3>Google Looker Studio<\/h3>\n<p>Avaa tietojesi potentiaali interaktiivisilla kojelaudoilla ja kiinnostavilla raporteilla, jotta voit tehd\u00e4 tietoon perustuvia, \u00e4lykk\u00e4\u00e4mpi\u00e4 liiketoimintap\u00e4\u00e4t\u00f6ksi\u00e4. Se on yksinkertaista ja ilmaista. <\/p>\n<h3>Tietosuoja<\/h3>\n<p>Liitin siirt\u00e4\u00e4 tietoja vain Bexiosta Google Looker Studioon. Saatuja tietoja ei tallenneta tai k\u00e4ytet\u00e4 mill\u00e4\u00e4n muulla tavalla. <\/p>\n","protected":false},"excerpt":{"rendered":"<p>Luo helposti ymm\u00e4rrett\u00e4vi\u00e4 raportteja Bexion tiedoista.<\/p>\n","protected":false},"featured_media":26750,"comment_status":"open","ping_status":"closed","template":"","meta":{"_acf_changed":false},"product_brand":[],"product_cat":[1275],"product_tag":[],"class_list":{"0":"post-26748","1":"product","2":"type-product","3":"status-publish","4":"has-post-thumbnail","6":"product_cat-lisaeosa","8":"first","9":"instock","10":"taxable","11":"shipping-taxable","12":"purchasable","13":"product-type-variable-subscription"},"acf":[],"featured_image_urls_v2":{"full":["https:\/\/cdn.aivie.ch\/media\/wp\/2023\/09\/12093616\/BEXIO-TO-GOOGLE-LOOKER-STUDIO-CONNECTOR-.png",800,800,false],"thumbnail":["https:\/\/cdn.aivie.ch\/media\/wp\/2023\/09\/12093616\/BEXIO-TO-GOOGLE-LOOKER-STUDIO-CONNECTOR--240x240.png",240,240,true],"medium":["https:\/\/cdn.aivie.ch\/media\/wp\/2023\/09\/12093616\/BEXIO-TO-GOOGLE-LOOKER-STUDIO-CONNECTOR-.png",800,800,false],"medium_large":["https:\/\/cdn.aivie.ch\/media\/wp\/2023\/09\/12093616\/BEXIO-TO-GOOGLE-LOOKER-STUDIO-CONNECTOR--768x768.png",768,768,true],"large":["https:\/\/cdn.aivie.ch\/media\/wp\/2023\/09\/12093616\/BEXIO-TO-GOOGLE-LOOKER-STUDIO-CONNECTOR-.png",800,800,false],"post-thumbnail":["https:\/\/cdn.aivie.ch\/media\/wp\/2023\/09\/12093616\/BEXIO-TO-GOOGLE-LOOKER-STUDIO-CONNECTOR-.png",800,800,false],"aiv_480w":["https:\/\/cdn.aivie.ch\/media\/wp\/2023\/09\/12093616\/BEXIO-TO-GOOGLE-LOOKER-STUDIO-CONNECTOR--480x480.png",480,480,true],"woocommerce_thumbnail":["https:\/\/cdn.aivie.ch\/media\/wp\/2023\/09\/12093616\/BEXIO-TO-GOOGLE-LOOKER-STUDIO-CONNECTOR--240x240.png",240,240,true],"woocommerce_single":["https:\/\/cdn.aivie.ch\/media\/wp\/2023\/09\/12093616\/BEXIO-TO-GOOGLE-LOOKER-STUDIO-CONNECTOR-.png",800,800,false],"woocommerce_gallery_thumbnail":["https:\/\/cdn.aivie.ch\/media\/wp\/2023\/09\/12093616\/BEXIO-TO-GOOGLE-LOOKER-STUDIO-CONNECTOR--240x240.png",240,240,true]},"post_excerpt_stackable_v2":"<p>Luo helposti ymm\u00e4rrett\u00e4vi\u00e4 raportteja Bexion tiedoista.<\/p>\n","category_list_v2":"","author_info_v2":{"name":"","url":""},"comments_num_v2":"0 comments","_links":{"self":[{"href":"https:\/\/aivie.ch\/fi\/wp-json\/wp\/v2\/product\/26748","targetHints":{"allow":["GET"]}}],"collection":[{"href":"https:\/\/aivie.ch\/fi\/wp-json\/wp\/v2\/product"}],"about":[{"href":"https:\/\/aivie.ch\/fi\/wp-json\/wp\/v2\/types\/product"}],"replies":[{"embeddable":true,"href":"https:\/\/aivie.ch\/fi\/wp-json\/wp\/v2\/comments?post=26748"}],"wp:featuredmedia":[{"embeddable":true,"href":"https:\/\/aivie.ch\/fi\/wp-json\/wp\/v2\/media\/26750"}],"wp:attachment":[{"href":"https:\/\/aivie.ch\/fi\/wp-json\/wp\/v2\/media?parent=26748"}],"wp:term":[{"taxonomy":"product_brand","embeddable":true,"href":"https:\/\/aivie.ch\/fi\/wp-json\/wp\/v2\/product_brand?post=26748"},{"taxonomy":"product_cat","embeddable":true,"href":"https:\/\/aivie.ch\/fi\/wp-json\/wp\/v2\/product_cat?post=26748"},{"taxonomy":"product_tag","embeddable":true,"href":"https:\/\/aivie.ch\/fi\/wp-json\/wp\/v2\/product_tag?post=26748"}],"curies":[{"name":"wp","href":"https:\/\/api.w.org\/{rel}","templated":true}]}}