{"id":26743,"date":"2023-10-17T14:42:48","date_gmt":"2023-10-17T12:42:48","guid":{"rendered":"https:\/\/aivie.ch\/product\/hubspot-aivie-migration\/"},"modified":"2026-01-11T14:23:18","modified_gmt":"2026-01-11T12:23:18","slug":"hubspot-aivie-migration","status":"publish","type":"product","link":"https:\/\/aivie.ch\/fi\/tuote\/hubspot-aivie-migration\/","title":{"rendered":"HubSpot Aivie Migration"},"content":{"rendered":"<h2>Siirtyminen HubSpotista Aivieen<\/h2>\n<p>Siirry HubSpotista Aivieen nyt ja pid\u00e4 tietosi hallinnassa. Kaikki asiakastiedot s\u00e4ilytet\u00e4\u00e4n pyynn\u00f6st\u00e4si Sveitsiss\u00e4 tai Saksassa. <\/p>\n<p>Siirry yksinkertaisesti HubSpotista Aivieen. Ilman laadun tai mukavuuden menetyst\u00e4. Ilman mit\u00e4\u00e4n vaivaa. Me hoidamme koko siirtymisen puolestasi. Sen j\u00e4lkeen voit luoda uusia uutiskirjeit\u00e4 Aivie-s\u00e4hk\u00f6postirakentajassa yksinkertaisesti vet\u00e4m\u00e4ll\u00e4 ja pudottamalla. Eik\u00e4 siin\u00e4 viel\u00e4 kaikki: Aivie antaa sinulle my\u00f6s lis\u00e4\u00e4 vaihtoehtoja.     <\/p>\n<h2>Miten siirty\u00e4 HubSpotista Aivieen?<\/h2>\n<ol>\n<li>Laita Aivie<\/li>\n<li>Testaa kaikki<\/li>\n<li>Sammuta Hubspot ja s\u00e4\u00e4st\u00e4 kustannuksia<\/li>\n<\/ol>\n<h2>Aivien k\u00e4ytt\u00f6tapaukset<\/h2>\n<ul>\n<li><a href=\"https:\/\/aivie.ch\/fi\/liidien-luominen-verkkosivuston-kautta\/\">Liidien luominen verkkosivuston kautta<\/a><\/li>\n<li><a href=\"https:\/\/aivie.ch\/fi\/automatisoi-markkinointiprosessit\/\">Automatisoi markkinointiprosessit<\/a><\/li>\n<li><a href=\"https:\/\/aivie.ch\/fi\/henkiloekohtaiset-saehkoepostit\/\">Henkil\u00f6kohtaiset s\u00e4hk\u00f6postit<\/a><\/li>\n<li><a href=\"https:\/\/aivie.ch\/fi\/lead-management-crm\/\">Lead Management (CRM)<\/a><\/li>\n<li><a href=\"https:\/\/aivie.ch\/fi\/markkinointiraportointi\/\">Markkinointiraportointi<\/a><\/li>\n<\/ul>\n<h2>HubSpotin siirtyminen<\/h2>\n<p>Kolmen siirtym\u00e4pakettimme avulla siirtyminen HubSpotista Aivieen on helppoa. Valitse paketti kertamigraatiota varten. Sen j\u00e4lkeen maksat vain Aivie <a href=\"https:\/\/aivie.ch\/fi\/hinnat-ja-paketit\/\">-hostingista.<\/a>  <\/p>\n<h3>Lite: 49.<\/h3>\n<ul>\n<li>Vie yhteystiedot HubSpotista ja tuo ne Aivieen lainmukaisella tavalla.<\/li>\n<\/ul>\n<h3>Edistyneet: 149.<\/h3>\n<ul>\n<li>Vie yhteystiedot HubSpotista ja tuo ne Aivieen lainmukaisella tavalla.<\/li>\n<li>3 mukautetun kent\u00e4n siirtyminen<\/li>\n<li>1 s\u00e4hk\u00f6postimalli, joka on luotu suunnittelemassasi mallissa mallina.<\/li>\n<\/ul>\n<h3>Asiantuntija: 500.<\/h3>\n<ul>\n<li>Vie yhteystiedot HubSpotista ja tuo ne Aivieen lainmukaisella tavalla.<\/li>\n<li>10 mukautetun kent\u00e4n siirtyminen<\/li>\n<li>3 s\u00e4hk\u00f6postipohjaa, jotka on luotu mallina suunnittelemallasi mallilla.<\/li>\n<li>Raporttien ja tilastojen vieminen ja laatiminen HubSpotista<\/li>\n<\/ul>\n<h2>Lis\u00e4tietoja<\/h2>\n<p>https:\/\/aivie.ch\/ist-aivie-eine-echte-alternative-zu-hubspot-oder-mailchimp\/<\/p>\n","protected":false},"excerpt":{"rendered":"<p>Siirtyminen HubSpotista Aivieen Siirry HubSpotista Aivieen nyt ja pid\u00e4 tietosi hallinnassa. Kaikki asiakastiedot s\u00e4ilytet\u00e4\u00e4n pyynn\u00f6st\u00e4si Sveitsiss\u00e4 tai Saksassa. Siirry yksinkertaisesti HubSpotista Aivieen. Ilman laadun tai mukavuuden menetyst\u00e4. Ilman mit\u00e4\u00e4n vaivaa. Me hoidamme koko siirtymisen puolestasi. Sen j\u00e4lkeen voit luoda uusia uutiskirjeit\u00e4 Aivie-s\u00e4hk\u00f6postirakentajassa yksinkertaisesti vet\u00e4m\u00e4ll\u00e4 ja pudottamalla. Eik\u00e4 siin\u00e4 viel\u00e4 kaikki: Aivie antaa sinulle my\u00f6s lis\u00e4\u00e4 &hellip; <a href=\"https:\/\/aivie.ch\/fi\/tuote\/hubspot-aivie-migration\/\" class=\"more-link\">Jatka lukemista <span class=\"screen-reader-text\">HubSpot Aivie Migration<\/span><\/a><\/p>\n","protected":false},"featured_media":26744,"comment_status":"closed","ping_status":"closed","template":"","meta":{"_acf_changed":false},"product_brand":[],"product_cat":[1279,1233],"product_tag":[],"class_list":{"0":"post-26743","1":"product","2":"type-product","3":"status-publish","4":"has-post-thumbnail","6":"product_cat-aivie-muuttoliike","7":"product_cat-markkinoinnin-automaatiopalvelut","9":"first","10":"instock","11":"sale","12":"taxable","13":"shipping-taxable","14":"purchasable","15":"product-type-variable","16":"has-default-attributes"},"acf":[],"featured_image_urls_v2":{"full":["https:\/\/aivie.ch\/wp-content\/uploads\/2023\/10\/Hubspot-Aivie-Migration.webp",800,800,false],"thumbnail":["https:\/\/aivie.ch\/wp-content\/uploads\/2023\/10\/Hubspot-Aivie-Migration-240x240.webp",240,240,true],"medium":["https:\/\/aivie.ch\/wp-content\/uploads\/2023\/10\/Hubspot-Aivie-Migration.webp",800,800,false],"medium_large":["https:\/\/aivie.ch\/wp-content\/uploads\/2023\/10\/Hubspot-Aivie-Migration-768x768.webp",768,768,true],"large":["https:\/\/aivie.ch\/wp-content\/uploads\/2023\/10\/Hubspot-Aivie-Migration.webp",800,800,false],"post-thumbnail":["https:\/\/aivie.ch\/wp-content\/uploads\/2023\/10\/Hubspot-Aivie-Migration.webp",800,800,false],"aiv_480w":["https:\/\/aivie.ch\/wp-content\/uploads\/2023\/10\/Hubspot-Aivie-Migration-480x480.webp",480,480,true],"woocommerce_thumbnail":["https:\/\/aivie.ch\/wp-content\/uploads\/2023\/10\/Hubspot-Aivie-Migration-240x240.webp",240,240,true],"woocommerce_single":["https:\/\/aivie.ch\/wp-content\/uploads\/2023\/10\/Hubspot-Aivie-Migration.webp",800,800,false],"woocommerce_gallery_thumbnail":["https:\/\/aivie.ch\/wp-content\/uploads\/2023\/10\/Hubspot-Aivie-Migration-240x240.webp",240,240,true]},"post_excerpt_stackable_v2":"<p>Siirtyminen HubSpotista Aivieen Siirry HubSpotista Aivieen nyt ja pid\u00e4 tietosi hallinnassa. Kaikki asiakastiedot s\u00e4ilytet\u00e4\u00e4n pyynn\u00f6st\u00e4si Sveitsiss\u00e4 tai Saksassa. Siirry yksinkertaisesti HubSpotista Aivieen. Ilman laadun tai mukavuuden menetyst\u00e4. Ilman mit\u00e4\u00e4n vaivaa. Me hoidamme koko siirtymisen puolestasi. Sen j\u00e4lkeen voit luoda uusia uutiskirjeit\u00e4 Aivie-s\u00e4hk\u00f6postirakentajassa yksinkertaisesti vet\u00e4m\u00e4ll\u00e4 ja pudottamalla. Eik\u00e4 siin\u00e4 viel\u00e4 kaikki: Aivie antaa sinulle my\u00f6s lis\u00e4\u00e4 vaihtoehtoja. Miten siirty\u00e4 HubSpotista Aivieen? Laita Aivie Testaa kaikki Sammuta Hubspot ja s\u00e4\u00e4st\u00e4 kustannuksia Aivien k\u00e4ytt\u00f6tapaukset Liidien luominen verkkosivuston kautta Automatisoi markkinointiprosessit Henkil\u00f6kohtaiset s\u00e4hk\u00f6postit Lead Management (CRM) Markkinointiraportointi HubSpotin siirtyminen Kolmen siirtym\u00e4pakettimme avulla siirtyminen HubSpotista Aivieen on helppoa. Valitse paketti kertamigraatiota varten. Sen j\u00e4lkeen maksat\u2026<\/p>\n","category_list_v2":"","author_info_v2":{"name":"","url":""},"comments_num_v2":"0 comments","_links":{"self":[{"href":"https:\/\/aivie.ch\/fi\/wp-json\/wp\/v2\/product\/26743","targetHints":{"allow":["GET"]}}],"collection":[{"href":"https:\/\/aivie.ch\/fi\/wp-json\/wp\/v2\/product"}],"about":[{"href":"https:\/\/aivie.ch\/fi\/wp-json\/wp\/v2\/types\/product"}],"replies":[{"embeddable":true,"href":"https:\/\/aivie.ch\/fi\/wp-json\/wp\/v2\/comments?post=26743"}],"wp:featuredmedia":[{"embeddable":true,"href":"https:\/\/aivie.ch\/fi\/wp-json\/wp\/v2\/media\/26744"}],"wp:attachment":[{"href":"https:\/\/aivie.ch\/fi\/wp-json\/wp\/v2\/media?parent=26743"}],"wp:term":[{"taxonomy":"product_brand","embeddable":true,"href":"https:\/\/aivie.ch\/fi\/wp-json\/wp\/v2\/product_brand?post=26743"},{"taxonomy":"product_cat","embeddable":true,"href":"https:\/\/aivie.ch\/fi\/wp-json\/wp\/v2\/product_cat?post=26743"},{"taxonomy":"product_tag","embeddable":true,"href":"https:\/\/aivie.ch\/fi\/wp-json\/wp\/v2\/product_tag?post=26743"}],"curies":[{"name":"wp","href":"https:\/\/api.w.org\/{rel}","templated":true}]}}