{"id":26735,"date":"2024-01-02T11:47:40","date_gmt":"2024-01-02T09:47:40","guid":{"rendered":"https:\/\/aivie.ch\/product\/mautic-laskeutumissivun-malli-rekisteroeidy\/"},"modified":"2026-01-11T14:22:46","modified_gmt":"2026-01-11T12:22:46","slug":"mautic-laskeutumissivun-malli-rekisteroeidy","status":"publish","type":"product","link":"https:\/\/aivie.ch\/fi\/tuote\/mautic-laskeutumissivun-malli-rekisteroeidy\/","title":{"rendered":"Mautic laskeutumissivun malli &#8221;Rekister\u00f6idy\u201d"},"content":{"rendered":"<p>S\u00e4\u00e4st\u00e4 aikaa ilman, ett\u00e4 joudut tinkim\u00e4\u00e4n monipuolisuudesta ja luovista vaihtoehdoista. Mallimme avulla voit luoda haluamasi aloitussivun nopeasti ja helposti. <\/p>\n<p>Laskeutumissivumalli toimitetaan sinulle Mauticin vakioteemana ZIP-muodossa. Se on 100-prosenttisesti yhteensopiva uuden Mautic Landingpage Editorin kanssa (versiosta 4 alkaen). <\/p>\n<p>Kaikki sis\u00e4lt\u00f6 on suunniteltu n\u00e4ytt\u00e4m\u00e4\u00e4n hyv\u00e4lt\u00e4 kaikilla laitteilla. Ne ovat reagoivia ja optimoitu n\u00e4ytett\u00e4v\u00e4ksi Retina-n\u00e4yt\u00f6ill\u00e4. <\/p>\n<p>Aloitussivupohjat on kehitetty viimeisimpien standardien ja parhaiden k\u00e4yt\u00e4nt\u00f6jen mukaisesti, ja ne on laadultaan testattu.<\/p>\n<p>Mallien yksinkertainen, itsen\u00e4inen muokkaaminen ja laajentaminen on taattu.<\/p>\n<h3>Malliin sis\u00e4ltyv\u00e4t<\/h3>\n<ol>\n<li>Laskeutumissivu<\/li>\n<li>R\u00e4\u00e4t\u00e4l\u00f6i aloitussivu CI\/CD:si mukaan.<\/li>\n<li>Lomakkeiden tyylit<\/li>\n<li>Ohjeet lomakkeiden luomiseen<\/li>\n<li>S\u00e4hk\u00f6postituki<\/li>\n<\/ol>\n<h3>Sinun etusi<\/h3>\n<ul>\n<li>Optimoitu nykyiselle Mautic-laskeutumissivun rakentajalle (GrapesJs).<\/li>\n<li>Laskeutumissivujen yksinkertainen ja nopea luominen.<\/li>\n<li>Paras k\u00e4ytt\u00e4j\u00e4kokemus<\/li>\n<li>Tuki korkean resoluution Retina-kuville<\/li>\n<li>Laadukas HTML<\/li>\n<li>6 kuukautta ilmaisia p\u00e4ivityksi\u00e4 ja tukea<\/li>\n<li>IT-asiantuntijaa tai koodin tuntemusta ei tarvita<\/li>\n<\/ul>\n<h3>Siirry uuteen Mautic-laskeutumissivumalliisi mahdollisimman nopeasti.<\/h3>\n<ol>\n<li>Osta malleja<\/li>\n<li>Tee asianmukaiset m\u00e4\u00e4ritykset v\u00e4rien, logon, fontin jne. osalta.<\/li>\n<li>L\u00e4het\u00e4mme sinulle mallit muutaman ty\u00f6p\u00e4iv\u00e4n kuluessa. Normaalisti 24 tunnin kuluessa. <\/li>\n<li>Voit luoda upeita uusia laskeutumissivuja hetkess\u00e4.<\/li>\n<\/ol>\n<p><a href=\"https:\/\/www.idea2.ch\/allgemeine-geschaeftsbedingungen\/\" target=\"_blank\" rel=\"noopener noreferrer\">Sovelletaan yleisi\u00e4<\/a> k\u00e4ytt\u00f6ehtojamme.<\/p>\n","protected":false},"excerpt":{"rendered":"<p>Mautic-laskeutumissivumalli, joka on optimoitu rekister\u00f6itymist\u00e4 varten.<\/p>\n","protected":false},"featured_media":26736,"comment_status":"closed","ping_status":"closed","template":"","meta":{"_acf_changed":false},"product_brand":[],"product_cat":[1278],"product_tag":[],"class_list":{"0":"post-26735","1":"product","2":"type-product","3":"status-publish","4":"has-post-thumbnail","6":"product_cat-mautic-laskeutumissivun-mallit","8":"first","9":"instock","10":"virtual","11":"taxable","12":"purchasable","13":"product-type-simple"},"acf":[],"featured_image_urls_v2":{"full":["https:\/\/cdn.aivie.ch\/media\/wp\/2024\/01\/02115921\/landing-page-thumbnail.png",800,800,false],"thumbnail":["https:\/\/cdn.aivie.ch\/media\/wp\/2024\/01\/02115921\/landing-page-thumbnail-240x240.png",240,240,true],"medium":["https:\/\/cdn.aivie.ch\/media\/wp\/2024\/01\/02115921\/landing-page-thumbnail.png",800,800,false],"medium_large":["https:\/\/cdn.aivie.ch\/media\/wp\/2024\/01\/02115921\/landing-page-thumbnail-768x768.png",768,768,true],"large":["https:\/\/cdn.aivie.ch\/media\/wp\/2024\/01\/02115921\/landing-page-thumbnail.png",800,800,false],"post-thumbnail":["https:\/\/cdn.aivie.ch\/media\/wp\/2024\/01\/02115921\/landing-page-thumbnail.png",800,800,false],"aiv_480w":["https:\/\/cdn.aivie.ch\/media\/wp\/2024\/01\/02115921\/landing-page-thumbnail-480x480.png",480,480,true],"woocommerce_thumbnail":["https:\/\/cdn.aivie.ch\/media\/wp\/2024\/01\/02115921\/landing-page-thumbnail-240x240.png",240,240,true],"woocommerce_single":["https:\/\/cdn.aivie.ch\/media\/wp\/2024\/01\/02115921\/landing-page-thumbnail.png",800,800,false],"woocommerce_gallery_thumbnail":["https:\/\/cdn.aivie.ch\/media\/wp\/2024\/01\/02115921\/landing-page-thumbnail-240x240.png",240,240,true]},"post_excerpt_stackable_v2":"<p>Mautic-laskeutumissivumalli, joka on optimoitu rekister\u00f6itymist\u00e4 varten.<\/p>\n","category_list_v2":"","author_info_v2":{"name":"","url":""},"comments_num_v2":"0 comments","_links":{"self":[{"href":"https:\/\/aivie.ch\/fi\/wp-json\/wp\/v2\/product\/26735","targetHints":{"allow":["GET"]}}],"collection":[{"href":"https:\/\/aivie.ch\/fi\/wp-json\/wp\/v2\/product"}],"about":[{"href":"https:\/\/aivie.ch\/fi\/wp-json\/wp\/v2\/types\/product"}],"replies":[{"embeddable":true,"href":"https:\/\/aivie.ch\/fi\/wp-json\/wp\/v2\/comments?post=26735"}],"wp:featuredmedia":[{"embeddable":true,"href":"https:\/\/aivie.ch\/fi\/wp-json\/wp\/v2\/media\/26736"}],"wp:attachment":[{"href":"https:\/\/aivie.ch\/fi\/wp-json\/wp\/v2\/media?parent=26735"}],"wp:term":[{"taxonomy":"product_brand","embeddable":true,"href":"https:\/\/aivie.ch\/fi\/wp-json\/wp\/v2\/product_brand?post=26735"},{"taxonomy":"product_cat","embeddable":true,"href":"https:\/\/aivie.ch\/fi\/wp-json\/wp\/v2\/product_cat?post=26735"},{"taxonomy":"product_tag","embeddable":true,"href":"https:\/\/aivie.ch\/fi\/wp-json\/wp\/v2\/product_tag?post=26735"}],"curies":[{"name":"wp","href":"https:\/\/api.w.org\/{rel}","templated":true}]}}