{"id":26723,"date":"2025-07-22T10:37:13","date_gmt":"2025-07-22T08:37:13","guid":{"rendered":"https:\/\/aivie.ch\/product\/tapahtuman-kaeyttoetapauspaketti\/"},"modified":"2026-01-11T14:21:21","modified_gmt":"2026-01-11T12:21:21","slug":"tapahtuman-kaeyttoetapauspaketti","status":"publish","type":"product","link":"https:\/\/aivie.ch\/fi\/tuote\/tapahtuman-kaeyttoetapauspaketti\/","title":{"rendered":"Tapahtuman k\u00e4ytt\u00f6tapauspaketti"},"content":{"rendered":"<h2>Tapahtuman k\u00e4ytt\u00f6tapauspaketti<\/h2>\n<p>Tapahtuman k\u00e4ytt\u00f6tapauspaketti auttaa yrityksi\u00e4 automatisoimaan kutsu-, ilmoittautumis-, peruutus- ja palauteprosessin yksinkertaisella ja mutkattomalla tavalla.<\/p>\n<p>Tapahtumien k\u00e4ytt\u00f6tapauspaketin avulla saat luotettavan ja automatisoidun tapahtumaviestinn\u00e4n. Yll\u00e4pid\u00e4 suhdetta asiakkaisiisi paitsi itse tapahtumilla my\u00f6s hyv\u00e4ll\u00e4 digitaalisella kokemuksella ja korkeilla laatuvaatimuksilla. Ei vastaamattomia kysymyksi\u00e4 ilmoittautumisesta palautteeseen.  <\/p>\n<h3>Edut yrityksellesi<\/h3>\n<p>T\u00e4m\u00e4n paketin avulla yritykset voivat varmistaa, ett\u00e4 niiden tapahtumat j\u00e4rjestet\u00e4\u00e4n asianmukaisesti. Kiinnostuneet osapuolet ja asiakkaat ohjataan kutsuprosessin l\u00e4pi kohdennetusti ilman suurta vaivaa yritykselle \u2013 tehokkaasti, henkil\u00f6kohtaisesti ja automatisoidusti. <\/p>\n<ul>\n<li>Suhteiden hallinta: henkil\u00f6kohtaisten asiakaskontaktien yll\u00e4pit\u00e4minen s\u00e4\u00e4nn\u00f6llisten tapahtumien avulla.<\/li>\n<li>S\u00e4\u00e4st\u00e4 aikaa ja resursseja: Automatisoidut ty\u00f6nkulut ottavat hoitaakseen toistuvan tapahtumaviestinn\u00e4n.<\/li>\n<li>Parempi analyysi ja optimointi: selke\u00e4 n\u00e4kemys tapahtumamatkailusta ja palaute siit\u00e4.<\/li>\n<\/ul>\n<h3>Sis\u00e4lt\u00f6<\/h3>\n<p><strong>Tapahtumapaketti<\/strong> sis\u00e4lt\u00e4\u00e4 seuraavat palvelut: <\/p>\n<ul>\n<li>Kampanjat (tapahtumaa varten ja palaute tapahtuman j\u00e4lkeen)<\/li>\n<li>Segmentit<\/li>\n<li>S\u00e4hk\u00f6postimallit itse t\u00e4ytett\u00e4v\u00e4ksi<\/li>\n<li>Henkil\u00f6kohtainen asennustuki<\/li>\n<li>Raportti<\/li>\n<\/ul>\n<p><a href=\"https:\/\/aivie.ch\/fi\/yleiset-ehdot\/\" target=\"_blank\" rel=\"noopener noreferrer\">Sovelletaan yleisi\u00e4<\/a> k\u00e4ytt\u00f6ehtojamme.<\/p>\n","protected":false},"excerpt":{"rendered":"<p>Tapahtuman k\u00e4ytt\u00f6tapauspaketti \u2013 P\u00e4iv\u00e4m\u00e4\u00e4r\u00e4n, kutsun, muistutuksen, kiitosviestin ja palautteen automaattinen l\u00e4hett\u00e4minen. Lead nurturing luottamuksen rakentamiseksi, mahdollisuuksien karsimiseksi ja uusien asiakkaiden hankkimiseksi. <\/p>\n","protected":false},"featured_media":26569,"comment_status":"closed","ping_status":"closed","template":"","meta":{"_acf_changed":false},"product_brand":[],"product_cat":[1235,1233],"product_tag":[],"class_list":{"0":"post-26723","1":"product","2":"type-product","3":"status-publish","4":"has-post-thumbnail","6":"product_cat-kaeyttoetapauspaketti","7":"product_cat-markkinoinnin-automaatiopalvelut","9":"first","10":"instock","11":"virtual","12":"taxable","13":"purchasable","14":"product-type-simple"},"acf":[],"featured_image_urls_v2":{"full":["https:\/\/aivie.ch\/wp-content\/uploads\/2021\/06\/Nurturing-Quick-Starter-Aivie.webp",800,800,false],"thumbnail":["https:\/\/aivie.ch\/wp-content\/uploads\/2021\/06\/Nurturing-Quick-Starter-Aivie-240x240.webp",240,240,true],"medium":["https:\/\/aivie.ch\/wp-content\/uploads\/2021\/06\/Nurturing-Quick-Starter-Aivie.webp",800,800,false],"medium_large":["https:\/\/aivie.ch\/wp-content\/uploads\/2021\/06\/Nurturing-Quick-Starter-Aivie-768x768.webp",768,768,true],"large":["https:\/\/aivie.ch\/wp-content\/uploads\/2021\/06\/Nurturing-Quick-Starter-Aivie.webp",800,800,false],"post-thumbnail":["https:\/\/aivie.ch\/wp-content\/uploads\/2021\/06\/Nurturing-Quick-Starter-Aivie.webp",800,800,false],"aiv_480w":["https:\/\/aivie.ch\/wp-content\/uploads\/2021\/06\/Nurturing-Quick-Starter-Aivie-480x480.webp",480,480,true],"woocommerce_thumbnail":["https:\/\/aivie.ch\/wp-content\/uploads\/2021\/06\/Nurturing-Quick-Starter-Aivie-240x240.webp",240,240,true],"woocommerce_single":["https:\/\/aivie.ch\/wp-content\/uploads\/2021\/06\/Nurturing-Quick-Starter-Aivie.webp",800,800,false],"woocommerce_gallery_thumbnail":["https:\/\/aivie.ch\/wp-content\/uploads\/2021\/06\/Nurturing-Quick-Starter-Aivie-240x240.webp",240,240,true]},"post_excerpt_stackable_v2":"<p>Tapahtuman k\u00e4ytt\u00f6tapauspaketti \u2013 P\u00e4iv\u00e4m\u00e4\u00e4r\u00e4n, kutsun, muistutuksen, kiitosviestin ja palautteen automaattinen l\u00e4hett\u00e4minen. Lead nurturing luottamuksen rakentamiseksi, mahdollisuuksien karsimiseksi ja uusien asiakkaiden hankkimiseksi. <\/p>\n","category_list_v2":"","author_info_v2":{"name":"","url":""},"comments_num_v2":"0 comments","_links":{"self":[{"href":"https:\/\/aivie.ch\/fi\/wp-json\/wp\/v2\/product\/26723","targetHints":{"allow":["GET"]}}],"collection":[{"href":"https:\/\/aivie.ch\/fi\/wp-json\/wp\/v2\/product"}],"about":[{"href":"https:\/\/aivie.ch\/fi\/wp-json\/wp\/v2\/types\/product"}],"replies":[{"embeddable":true,"href":"https:\/\/aivie.ch\/fi\/wp-json\/wp\/v2\/comments?post=26723"}],"wp:featuredmedia":[{"embeddable":true,"href":"https:\/\/aivie.ch\/fi\/wp-json\/wp\/v2\/media\/26569"}],"wp:attachment":[{"href":"https:\/\/aivie.ch\/fi\/wp-json\/wp\/v2\/media?parent=26723"}],"wp:term":[{"taxonomy":"product_brand","embeddable":true,"href":"https:\/\/aivie.ch\/fi\/wp-json\/wp\/v2\/product_brand?post=26723"},{"taxonomy":"product_cat","embeddable":true,"href":"https:\/\/aivie.ch\/fi\/wp-json\/wp\/v2\/product_cat?post=26723"},{"taxonomy":"product_tag","embeddable":true,"href":"https:\/\/aivie.ch\/fi\/wp-json\/wp\/v2\/product_tag?post=26723"}],"curies":[{"name":"wp","href":"https:\/\/api.w.org\/{rel}","templated":true}]}}