{"id":26573,"date":"2021-06-23T07:30:32","date_gmt":"2021-06-23T05:30:32","guid":{"rendered":"https:\/\/aivie.ch\/product\/lead-magnet-kaeyttoetapauspaketti\/"},"modified":"2026-01-11T14:19:27","modified_gmt":"2026-01-11T12:19:27","slug":"lead-magnet-kaeyttoetapauspaketti","status":"publish","type":"product","link":"https:\/\/aivie.ch\/fi\/tuote\/lead-magnet-kaeyttoetapauspaketti\/","title":{"rendered":"Lead Magnet k\u00e4ytt\u00f6tapauspaketti"},"content":{"rendered":"<h2>Lead Magnet -k\u00e4ytt\u00f6tapauspaketti<\/h2>\n<p>Lead Magnet -k\u00e4ytt\u00f6tapauspaketti auttaa yrityksi\u00e4 houkuttelemaan p\u00e4tevi\u00e4 johtohenkil\u00f6it\u00e4 kohdennetuilla kannustimilla, kuten valkoisilla papereilla, webinaareilla, tarkistuslistoilla tai eksklusiivisella sis\u00e4ll\u00f6ll\u00e4. Strategisesti j\u00e4sennellyn asiakaspolun kautta kiinnostuneille tarjotaan relevanttia lis\u00e4arvoa, joka otetaan automaattisesti talteen ja siirret\u00e4\u00e4n myyntiprosessiin. <\/p>\n<h3>Edut yrityksellesi<\/h3>\n<p>Lead Magnet -k\u00e4ytt\u00f6tapauspaketin avulla yritykset saavat jatkuvasti laadukkaita liidien hankintoja, rakentavat luottamusta ja luovat vankan perustan pitk\u00e4aikaisille asiakassuhteille.<\/p>\n<ul>\n<li>Enemm\u00e4n p\u00e4tevi\u00e4 johtolankoja: Tarjous kiinnostaa aidosti.<\/li>\n<li>Kohderyhmien tehokas puhuttelu: luottamuksen ja kiinnostuksen rakentaminen merkityksellisen sis\u00e4ll\u00f6n avulla.<\/li>\n<li>Automatisoidut prosessit: Leadsia hallitaan tehokkaasti ensimm\u00e4isest\u00e4 yhteydenotosta hoitamiseen asti<\/li>\n<li>Mitattavissa oleva menestys: selke\u00e4t suorituskykyindikaattorit menestyksen mittaamiseksi ja liidien tuottamisen optimoimiseksi.<\/li>\n<\/ul>\n<h3>Sis\u00e4lt\u00f6<\/h3>\n<p>Markkinoinnin automaation k\u00e4ytt\u00f6tapauspaketti <strong>Lead Magnet sis\u00e4lt\u00e4\u00e4<\/strong> seuraavat palvelut: <\/p>\n<ul>\n<li>2 lomaketta (DE\/EN) integroitavaksi verkkosivustolle tai laskeutumissivulle.<\/li>\n<li>Asiakirjojen (esim. PDF) l\u00e4hett\u00e4minen s\u00e4hk\u00f6postitse p\u00e4\u00e4miehelle.<\/li>\n<li>S\u00e4hk\u00f6postiosoitteen validointi kaksinkertaisen opt-in-toiminnon avulla<\/li>\n<li>Automatisoitu seuranta s\u00e4hk\u00f6postitse<\/li>\n<li>Setup s\u00e4estys<\/li>\n<li>Raportti<\/li>\n<\/ul>\n<p><a href=\"https:\/\/aivie.ch\/fi\/yleiset-ehdot\/\" target=\"_blank\" rel=\"noopener noreferrer\">Sovelletaan yleisi\u00e4<\/a> k\u00e4ytt\u00f6ehtojamme.<\/p>\n","protected":false},"excerpt":{"rendered":"<p>Leadmagneettien k\u00e4ytt\u00f6tapauspaketti: Houkuttele laadukkaita liidien houkuttelemiseksi kohdennetuilla kannustimilla.<\/p>\n","protected":false},"featured_media":26570,"comment_status":"closed","ping_status":"closed","template":"","meta":{"_acf_changed":false},"product_brand":[],"product_cat":[1235,1233],"product_tag":[],"class_list":{"0":"post-26573","1":"product","2":"type-product","3":"status-publish","4":"has-post-thumbnail","6":"product_cat-kaeyttoetapauspaketti","7":"product_cat-markkinoinnin-automaatiopalvelut","8":"pa_brand-aivie","9":"pa_manufacturer-idea2","11":"first","12":"instock","13":"taxable","14":"shipping-taxable","15":"purchasable","16":"product-type-simple"},"acf":[],"featured_image_urls_v2":{"full":["https:\/\/aivie.ch\/wp-content\/uploads\/2021\/06\/Nurturing-Quick-Starter-Aivie-1.webp",800,800,false],"thumbnail":["https:\/\/aivie.ch\/wp-content\/uploads\/2021\/06\/Nurturing-Quick-Starter-Aivie-1-240x240.webp",240,240,true],"medium":["https:\/\/aivie.ch\/wp-content\/uploads\/2021\/06\/Nurturing-Quick-Starter-Aivie-1.webp",800,800,false],"medium_large":["https:\/\/aivie.ch\/wp-content\/uploads\/2021\/06\/Nurturing-Quick-Starter-Aivie-1-768x768.webp",768,768,true],"large":["https:\/\/aivie.ch\/wp-content\/uploads\/2021\/06\/Nurturing-Quick-Starter-Aivie-1.webp",800,800,false],"post-thumbnail":["https:\/\/aivie.ch\/wp-content\/uploads\/2021\/06\/Nurturing-Quick-Starter-Aivie-1.webp",800,800,false],"aiv_480w":["https:\/\/aivie.ch\/wp-content\/uploads\/2021\/06\/Nurturing-Quick-Starter-Aivie-1-480x480.webp",480,480,true],"woocommerce_thumbnail":["https:\/\/aivie.ch\/wp-content\/uploads\/2021\/06\/Nurturing-Quick-Starter-Aivie-1-240x240.webp",240,240,true],"woocommerce_single":["https:\/\/aivie.ch\/wp-content\/uploads\/2021\/06\/Nurturing-Quick-Starter-Aivie-1.webp",800,800,false],"woocommerce_gallery_thumbnail":["https:\/\/aivie.ch\/wp-content\/uploads\/2021\/06\/Nurturing-Quick-Starter-Aivie-1-240x240.webp",240,240,true]},"post_excerpt_stackable_v2":"<p>Leadmagneettien k\u00e4ytt\u00f6tapauspaketti: Houkuttele laadukkaita liidien houkuttelemiseksi kohdennetuilla kannustimilla.<\/p>\n","category_list_v2":"","author_info_v2":{"name":"","url":""},"comments_num_v2":"0 comments","_links":{"self":[{"href":"https:\/\/aivie.ch\/fi\/wp-json\/wp\/v2\/product\/26573","targetHints":{"allow":["GET"]}}],"collection":[{"href":"https:\/\/aivie.ch\/fi\/wp-json\/wp\/v2\/product"}],"about":[{"href":"https:\/\/aivie.ch\/fi\/wp-json\/wp\/v2\/types\/product"}],"replies":[{"embeddable":true,"href":"https:\/\/aivie.ch\/fi\/wp-json\/wp\/v2\/comments?post=26573"}],"wp:featuredmedia":[{"embeddable":true,"href":"https:\/\/aivie.ch\/fi\/wp-json\/wp\/v2\/media\/26570"}],"wp:attachment":[{"href":"https:\/\/aivie.ch\/fi\/wp-json\/wp\/v2\/media?parent=26573"}],"wp:term":[{"taxonomy":"product_brand","embeddable":true,"href":"https:\/\/aivie.ch\/fi\/wp-json\/wp\/v2\/product_brand?post=26573"},{"taxonomy":"product_cat","embeddable":true,"href":"https:\/\/aivie.ch\/fi\/wp-json\/wp\/v2\/product_cat?post=26573"},{"taxonomy":"product_tag","embeddable":true,"href":"https:\/\/aivie.ch\/fi\/wp-json\/wp\/v2\/product_tag?post=26573"}],"curies":[{"name":"wp","href":"https:\/\/api.w.org\/{rel}","templated":true}]}}