{"id":26568,"date":"2021-06-23T07:30:32","date_gmt":"2021-06-23T05:30:32","guid":{"rendered":"https:\/\/aivie.ch\/product\/nurturing-kaeyttoetapauspaketti\/"},"modified":"2026-01-11T14:19:25","modified_gmt":"2026-01-11T12:19:25","slug":"nurturing-kaeyttoetapauspaketti","status":"publish","type":"product","link":"https:\/\/aivie.ch\/fi\/tuote\/nurturing-kaeyttoetapauspaketti\/","title":{"rendered":"Nurturing-k\u00e4ytt\u00f6tapauspaketti"},"content":{"rendered":"<h2>Nurturing-k\u00e4ytt\u00f6tapauspaketti<\/h2>\n<p>Nurturing-k\u00e4ytt\u00f6tapauspaketti tukee yrityksi\u00e4 ohjaamaan potentiaalisia asiakkaita myyntiprosessin l\u00e4pi kohdennetusti k\u00e4ytt\u00e4m\u00e4ll\u00e4 automatisoituja ja personoituja viestint\u00e4strategioita. Usein tarvitaan useita kosketuspisteit\u00e4, ennen kuin potentiaalinen asiakas on valmis ostamaan \u2013 juuri t\u00e4ss\u00e4 kohtaa lead nurturing tulee kyseeseen. <\/p>\n<h3>Edut yrityksellesi<\/h3>\n<p>Paketin avulla yritykset varmistavat, ett\u00e4 yht\u00e4\u00e4n liidi\u00e4 ei menetet\u00e4 ja ett\u00e4 potentiaaliset asiakkaat ohjataan ostamaan kohdennetusti, tehokkaasti, yksil\u00f6llisesti ja automatisoidusti.<\/p>\n<ul>\n<li>Enemm\u00e4n p\u00e4tevi\u00e4 johtolankoja: Vain aidosti kiinnostuneet kontaktit tulevat myyntiprosessiin.<\/li>\n<li>Korkeammat konversioluvut: Kiinnostuneet osapuolet tuntevat itsens\u00e4 paremmin relevantin sis\u00e4ll\u00f6n piiriin.<\/li>\n<li>S\u00e4\u00e4st\u00e4 aikaa ja resursseja: Automatisoidut ty\u00f6nkulut ottavat hoitaakseen toistuvat teht\u00e4v\u00e4t.<\/li>\n<li>Parempi analyysi ja optimointi: selke\u00e4 n\u00e4kemys asiakaspolusta ja liidien suorituskyvyst\u00e4.<\/li>\n<\/ul>\n<h3>Sis\u00e4lt\u00f6<\/h3>\n<p><strong>Nurturing-paketti<\/strong> sis\u00e4lt\u00e4\u00e4 seuraavat palvelut: <\/p>\n<ul>\n<li>Kampanja<\/li>\n<li>Segmentit<\/li>\n<li>S\u00e4hk\u00f6postimallit itse t\u00e4ytett\u00e4v\u00e4ksi<\/li>\n<li>Tasoj\u00e4rjestelm\u00e4 (vaiheet)<\/li>\n<li>Lead-pisteytys<\/li>\n<li>Henkil\u00f6kohtainen asennustuki<\/li>\n<li>Raportti<\/li>\n<\/ul>\n<p><a href=\"https:\/\/aivie.ch\/fi\/yleiset-ehdot\/\" target=\"_blank\" rel=\"noopener noreferrer\">Sovelletaan yleisi\u00e4<\/a> k\u00e4ytt\u00f6ehtojamme.<\/p>\n","protected":false},"excerpt":{"rendered":"<p>Nurturing-k\u00e4ytt\u00f6tapauspaketti \u2013 Automaattinen liidien hoitaminen luottamuksen rakentamiseksi, potentiaalisten asiakkaiden karsimiseksi ja uusien asiakkaiden saamiseksi.<\/p>\n","protected":false},"featured_media":26569,"comment_status":"closed","ping_status":"closed","template":"","meta":{"_acf_changed":false},"product_brand":[],"product_cat":[1235,1233],"product_tag":[],"class_list":{"0":"post-26568","1":"product","2":"type-product","3":"status-publish","4":"has-post-thumbnail","6":"product_cat-kaeyttoetapauspaketti","7":"product_cat-markkinoinnin-automaatiopalvelut","9":"first","10":"instock","11":"virtual","12":"taxable","13":"purchasable","14":"product-type-simple"},"acf":[],"featured_image_urls_v2":{"full":["https:\/\/aivie.ch\/wp-content\/uploads\/2021\/06\/Nurturing-Quick-Starter-Aivie.webp",800,800,false],"thumbnail":["https:\/\/aivie.ch\/wp-content\/uploads\/2021\/06\/Nurturing-Quick-Starter-Aivie-240x240.webp",240,240,true],"medium":["https:\/\/aivie.ch\/wp-content\/uploads\/2021\/06\/Nurturing-Quick-Starter-Aivie.webp",800,800,false],"medium_large":["https:\/\/aivie.ch\/wp-content\/uploads\/2021\/06\/Nurturing-Quick-Starter-Aivie-768x768.webp",768,768,true],"large":["https:\/\/aivie.ch\/wp-content\/uploads\/2021\/06\/Nurturing-Quick-Starter-Aivie.webp",800,800,false],"post-thumbnail":["https:\/\/aivie.ch\/wp-content\/uploads\/2021\/06\/Nurturing-Quick-Starter-Aivie.webp",800,800,false],"aiv_480w":["https:\/\/aivie.ch\/wp-content\/uploads\/2021\/06\/Nurturing-Quick-Starter-Aivie-480x480.webp",480,480,true],"woocommerce_thumbnail":["https:\/\/aivie.ch\/wp-content\/uploads\/2021\/06\/Nurturing-Quick-Starter-Aivie-240x240.webp",240,240,true],"woocommerce_single":["https:\/\/aivie.ch\/wp-content\/uploads\/2021\/06\/Nurturing-Quick-Starter-Aivie.webp",800,800,false],"woocommerce_gallery_thumbnail":["https:\/\/aivie.ch\/wp-content\/uploads\/2021\/06\/Nurturing-Quick-Starter-Aivie-240x240.webp",240,240,true]},"post_excerpt_stackable_v2":"<p>Nurturing-k\u00e4ytt\u00f6tapauspaketti \u2013 Automaattinen liidien hoitaminen luottamuksen rakentamiseksi, potentiaalisten asiakkaiden karsimiseksi ja uusien asiakkaiden saamiseksi.<\/p>\n","category_list_v2":"","author_info_v2":{"name":"","url":""},"comments_num_v2":"0 comments","_links":{"self":[{"href":"https:\/\/aivie.ch\/fi\/wp-json\/wp\/v2\/product\/26568","targetHints":{"allow":["GET"]}}],"collection":[{"href":"https:\/\/aivie.ch\/fi\/wp-json\/wp\/v2\/product"}],"about":[{"href":"https:\/\/aivie.ch\/fi\/wp-json\/wp\/v2\/types\/product"}],"replies":[{"embeddable":true,"href":"https:\/\/aivie.ch\/fi\/wp-json\/wp\/v2\/comments?post=26568"}],"wp:featuredmedia":[{"embeddable":true,"href":"https:\/\/aivie.ch\/fi\/wp-json\/wp\/v2\/media\/26569"}],"wp:attachment":[{"href":"https:\/\/aivie.ch\/fi\/wp-json\/wp\/v2\/media?parent=26568"}],"wp:term":[{"taxonomy":"product_brand","embeddable":true,"href":"https:\/\/aivie.ch\/fi\/wp-json\/wp\/v2\/product_brand?post=26568"},{"taxonomy":"product_cat","embeddable":true,"href":"https:\/\/aivie.ch\/fi\/wp-json\/wp\/v2\/product_cat?post=26568"},{"taxonomy":"product_tag","embeddable":true,"href":"https:\/\/aivie.ch\/fi\/wp-json\/wp\/v2\/product_tag?post=26568"}],"curies":[{"name":"wp","href":"https:\/\/api.w.org\/{rel}","templated":true}]}}