{"id":26562,"date":"2021-06-23T07:53:57","date_gmt":"2021-06-23T05:53:57","guid":{"rendered":"https:\/\/aivie.ch\/product\/koulutus-miten-kaeytaen-aivie-mauticia-kuin-ammattilainen\/"},"modified":"2026-01-11T14:19:07","modified_gmt":"2026-01-11T12:19:07","slug":"koulutus-miten-kaeytaen-aivie-mauticia-kuin-ammattilainen","status":"publish","type":"product","link":"https:\/\/aivie.ch\/fi\/tuote\/koulutus-miten-kaeytaen-aivie-mauticia-kuin-ammattilainen\/","title":{"rendered":"Koulutus &#8221;Miten k\u00e4yt\u00e4n Aivie\/Mauticia kuin ammattilainen?\u201d"},"content":{"rendered":"<p>Opi k\u00e4ytt\u00e4m\u00e4\u00e4n Aivieta ja Mauticia ammattilaisen tavoin ja vie uutiskirjeesi ja markkinointikampanjasi uudelle tasolle.<\/p>\n<ul>\n<li>vankka ymm\u00e4rrys markkinoinnin automaatiosta<\/li>\n<li>Deep Dive S\u00e4hk\u00f6postit: Nurturing-kampanja vs uutiskirjeet<\/li>\n<li>Aivien t\u00e4rkeimm\u00e4t toiminnot ja asetukset<\/li>\n<li>K\u00e4yt\u00e4 Aivieta verkkosivuston\/CMS:n kanssa<\/li>\n<li>T\u00e4rkeit\u00e4 kiertoteit\u00e4 ja niksej\u00e4 Aivien k\u00e4ytt\u00f6\u00f6n<\/li>\n<\/ul>\n<p>T\u00e4ss\u00e4 interaktiivisessa verkkokoulutuksessa perehdymme Aivien perusteisiin yksityiskohtaisesti. Lopussa osaat navigoida valikoissa ja t\u00e4rkeimmiss\u00e4 k\u00e4ytt\u00e4j\u00e4toiminnoissa varmasti. <\/p>\n<p>Tutustumme my\u00f6s syv\u00e4llisesti johonkin sinua kiinnostavaan aiheeseen, kuten hoitokampanjaan, automaattiseen uutiskirjeeseen, tietosuojaan, verkkosivuston seurantaan jne.<\/p>\n<p>Yksi asiakas sanoo:<\/p>\n<blockquote><p>Koulutus oli yksil\u00f6llist\u00e4 ja hyvin pitk\u00e4lti tarpeisiimme r\u00e4\u00e4t\u00e4l\u00f6ity\u00e4, mik\u00e4 oli hienoa! Ennen kaikkea siit\u00e4 oli apua, ett\u00e4 pystyin navigoimaan ja kokeilemaan asioita heti itse. <\/p>\n<p>Anna B.<\/p><\/blockquote>\n<p>Puolen p\u00e4iv\u00e4n interaktiivinen verkkokoulutus. Voidaan jakaa kahdelle p\u00e4iv\u00e4lle. Sis\u00e4lt\u00e4\u00e4 kaikki asiakirjat.   <a href=\"https:\/\/aivie.ch\/fi\/yleiset-ehdot\/\" target=\"_blank\" rel=\"noopener\">Sovelletaan yleisi\u00e4<\/a> k\u00e4ytt\u00f6ehtojamme.<\/p>\n","protected":false},"excerpt":{"rendered":"<p>Perusteellinen Aivie\/Mautic-koulutus r\u00e4\u00e4t\u00e4l\u00f6id\u00e4\u00e4n tarpeidesi mukaan.<\/p>\n","protected":false},"featured_media":26563,"comment_status":"closed","ping_status":"closed","template":"","meta":{"_acf_changed":false},"product_brand":[],"product_cat":[1226,1233],"product_tag":[1234],"class_list":{"0":"post-26562","1":"product","2":"type-product","3":"status-publish","4":"has-post-thumbnail","6":"product_cat-aivie-mautic-tyoepajat-ja-koulutuskurssit","7":"product_cat-markkinoinnin-automaatiopalvelut","8":"product_tag-koulutus","10":"first","11":"instock","12":"virtual","13":"taxable","14":"purchasable","15":"product-type-simple"},"acf":[],"featured_image_urls_v2":{"full":["https:\/\/aivie.ch\/wp-content\/uploads\/2021\/06\/workshop1.png",800,800,false],"thumbnail":["https:\/\/aivie.ch\/wp-content\/uploads\/2021\/06\/workshop1-240x240.png",240,240,true],"medium":["https:\/\/aivie.ch\/wp-content\/uploads\/2021\/06\/workshop1.png",800,800,false],"medium_large":["https:\/\/aivie.ch\/wp-content\/uploads\/2021\/06\/workshop1-768x768.png",768,768,true],"large":["https:\/\/aivie.ch\/wp-content\/uploads\/2021\/06\/workshop1.png",800,800,false],"post-thumbnail":["https:\/\/aivie.ch\/wp-content\/uploads\/2021\/06\/workshop1.png",800,800,false],"aiv_480w":["https:\/\/aivie.ch\/wp-content\/uploads\/2021\/06\/workshop1-480x480.png",480,480,true],"woocommerce_thumbnail":["https:\/\/aivie.ch\/wp-content\/uploads\/2021\/06\/workshop1-240x240.png",240,240,true],"woocommerce_single":["https:\/\/aivie.ch\/wp-content\/uploads\/2021\/06\/workshop1.png",800,800,false],"woocommerce_gallery_thumbnail":["https:\/\/aivie.ch\/wp-content\/uploads\/2021\/06\/workshop1-240x240.png",240,240,true]},"post_excerpt_stackable_v2":"<p>Perusteellinen Aivie\/Mautic-koulutus r\u00e4\u00e4t\u00e4l\u00f6id\u00e4\u00e4n tarpeidesi mukaan.<\/p>\n","category_list_v2":"","author_info_v2":{"name":"","url":""},"comments_num_v2":"0 comments","_links":{"self":[{"href":"https:\/\/aivie.ch\/fi\/wp-json\/wp\/v2\/product\/26562","targetHints":{"allow":["GET"]}}],"collection":[{"href":"https:\/\/aivie.ch\/fi\/wp-json\/wp\/v2\/product"}],"about":[{"href":"https:\/\/aivie.ch\/fi\/wp-json\/wp\/v2\/types\/product"}],"replies":[{"embeddable":true,"href":"https:\/\/aivie.ch\/fi\/wp-json\/wp\/v2\/comments?post=26562"}],"wp:featuredmedia":[{"embeddable":true,"href":"https:\/\/aivie.ch\/fi\/wp-json\/wp\/v2\/media\/26563"}],"wp:attachment":[{"href":"https:\/\/aivie.ch\/fi\/wp-json\/wp\/v2\/media?parent=26562"}],"wp:term":[{"taxonomy":"product_brand","embeddable":true,"href":"https:\/\/aivie.ch\/fi\/wp-json\/wp\/v2\/product_brand?post=26562"},{"taxonomy":"product_cat","embeddable":true,"href":"https:\/\/aivie.ch\/fi\/wp-json\/wp\/v2\/product_cat?post=26562"},{"taxonomy":"product_tag","embeddable":true,"href":"https:\/\/aivie.ch\/fi\/wp-json\/wp\/v2\/product_tag?post=26562"}],"curies":[{"name":"wp","href":"https:\/\/api.w.org\/{rel}","templated":true}]}}