{"id":26554,"date":"2021-06-23T07:30:32","date_gmt":"2021-06-23T05:30:32","guid":{"rendered":"https:\/\/aivie.ch\/product\/uutiskirjeautomaation-kaeyttoetapauspaketti\/"},"modified":"2026-01-13T11:09:13","modified_gmt":"2026-01-13T09:09:13","slug":"uutiskirjeautomaation-kaeyttoetapauspaketti","status":"publish","type":"product","link":"https:\/\/aivie.ch\/fi\/tuote\/uutiskirjeautomaation-kaeyttoetapauspaketti\/","title":{"rendered":"Uutiskirjeautomaation k\u00e4ytt\u00f6tapauspaketti"},"content":{"rendered":"<h2>Uutiskirjeen automatisointipaketti<\/h2>\n<p>Uutiskirjeautomaation k\u00e4ytt\u00f6tapauspaketin avulla yritykset voivat l\u00e4hett\u00e4\u00e4 s\u00e4\u00e4nn\u00f6llisesti relevanttia sis\u00e4lt\u00f6\u00e4 kohderyhmilleen \u2013 automatisoidusti, yksil\u00f6llisesti ja tehokkaasti. \u00c4lykk\u00e4\u00e4ll\u00e4 segmentoinnilla, dynaamisella sis\u00e4ll\u00f6ll\u00e4 ja optimoiduilla l\u00e4hetysajoilla saavutetaan korkeammat avaamis-, klikkaus- ja konversioluvut. <\/p>\n<h3>Edut yrityksellesi<\/h3>\n<p>Uutiskirjeautomaation k\u00e4ytt\u00f6tapauspaketin avulla yritykset voivat tavoittaa asiakkaansa kohdennetusti, s\u00e4\u00e4st\u00e4\u00e4 arvokasta aikaa ja tehostaa s\u00e4hk\u00f6postikampanjoita \u2013 ja saada aikaan kest\u00e4v\u00e4\u00e4 menestyst\u00e4.<\/p>\n<ul>\n<li>Suurempi asiakasuskollisuus: s\u00e4\u00e4nn\u00f6llinen ja asianmukainen viestint\u00e4 vahvistaa suhdetta kohderyhm\u00e4\u00e4n.<\/li>\n<li>Lis\u00e4\u00e4 tehokkuutta automaation avulla: s\u00e4\u00e4st\u00e4t aikaa ja resursseja \u00e4lykk\u00e4iden ty\u00f6nkulkujen avulla.<\/li>\n<li>Paremmat konversiot: yksil\u00f6llinen sis\u00e4lt\u00f6 ja optimoidut l\u00e4hetysstrategiat lis\u00e4\u00e4v\u00e4t vaikutusta.<\/li>\n<li>Tietopohjainen optimointi: selke\u00e4 n\u00e4kemys avaamisesta, klikkaamisesta ja ostok\u00e4ytt\u00e4ytymisest\u00e4.<\/li>\n<\/ul>\n<h3>Sis\u00e4lt\u00f6<\/h3>\n<p>Markkinoinnin automatisoinnin k\u00e4ytt\u00f6tapauspaketti <strong>Newsletter Automation sis\u00e4lt\u00e4\u00e4<\/strong> seuraavat palvelut: <\/p>\n<ul>\n<li>1 Automaatiokampanja<\/li>\n<li>Segmentit<\/li>\n<li>Ulkoisen l\u00e4hteen, kuten WordPress-blogin tai verkkokaupan, integrointi.<\/li>\n<li>Esimerkkis\u00e4hk\u00f6postit ja mallit<\/li>\n<li>Rekrytointilomake tilaajille (DE\/EN)<\/li>\n<li>Aloituspuhelu<\/li>\n<li>Setup s\u00e4estys<\/li>\n<li>Raportti<\/li>\n<\/ul>\n<p><a href=\"https:\/\/aivie.ch\/fi\/yleiset-ehdot\/\" target=\"_blank\" rel=\"noopener noreferrer\">Sovelletaan yleisi\u00e4<\/a> k\u00e4ytt\u00f6ehtojamme.<\/p>\n","protected":false},"excerpt":{"rendered":"<p>Uutiskirjeautomaation k\u00e4ytt\u00f6tapauspaketti: Tehokas ja henkil\u00f6kohtainen asiakasviestint\u00e4<\/p>\n","protected":false},"featured_media":26559,"comment_status":"closed","ping_status":"closed","template":"","meta":{"_acf_changed":false},"product_brand":[],"product_cat":[1235,1233],"product_tag":[],"class_list":{"0":"post-26554","1":"product","2":"type-product","3":"status-publish","4":"has-post-thumbnail","6":"product_cat-kaeyttoetapauspaketti","7":"product_cat-markkinoinnin-automaatiopalvelut","9":"first","10":"instock","11":"virtual","12":"taxable","13":"purchasable","14":"product-type-simple"},"acf":[],"featured_image_urls_v2":{"full":["https:\/\/cdn.aivie.ch\/media\/wp\/2021\/06\/15160101\/Newsletter-Statistik-Mautic-Open-Source-Marketing-Automation3-1.webp",800,800,false],"thumbnail":["https:\/\/cdn.aivie.ch\/media\/wp\/2021\/06\/15160101\/Newsletter-Statistik-Mautic-Open-Source-Marketing-Automation3-1-240x240.webp",240,240,true],"medium":["https:\/\/cdn.aivie.ch\/media\/wp\/2021\/06\/15160101\/Newsletter-Statistik-Mautic-Open-Source-Marketing-Automation3-1.webp",800,800,false],"medium_large":["https:\/\/cdn.aivie.ch\/media\/wp\/2021\/06\/15160101\/Newsletter-Statistik-Mautic-Open-Source-Marketing-Automation3-1-768x768.webp",768,768,true],"large":["https:\/\/cdn.aivie.ch\/media\/wp\/2021\/06\/15160101\/Newsletter-Statistik-Mautic-Open-Source-Marketing-Automation3-1.webp",800,800,false],"post-thumbnail":["https:\/\/cdn.aivie.ch\/media\/wp\/2021\/06\/15160101\/Newsletter-Statistik-Mautic-Open-Source-Marketing-Automation3-1.webp",800,800,false],"aiv_480w":["https:\/\/cdn.aivie.ch\/media\/wp\/2021\/06\/15160101\/Newsletter-Statistik-Mautic-Open-Source-Marketing-Automation3-1-480x480.webp",480,480,true],"woocommerce_thumbnail":["https:\/\/cdn.aivie.ch\/media\/wp\/2021\/06\/15160101\/Newsletter-Statistik-Mautic-Open-Source-Marketing-Automation3-1-240x240.webp",240,240,true],"woocommerce_single":["https:\/\/cdn.aivie.ch\/media\/wp\/2021\/06\/15160101\/Newsletter-Statistik-Mautic-Open-Source-Marketing-Automation3-1.webp",800,800,false],"woocommerce_gallery_thumbnail":["https:\/\/cdn.aivie.ch\/media\/wp\/2021\/06\/15160101\/Newsletter-Statistik-Mautic-Open-Source-Marketing-Automation3-1-240x240.webp",240,240,true]},"post_excerpt_stackable_v2":"<p>Uutiskirjeautomaation k\u00e4ytt\u00f6tapauspaketti: Tehokas ja henkil\u00f6kohtainen asiakasviestint\u00e4<\/p>\n","category_list_v2":"","author_info_v2":{"name":"","url":""},"comments_num_v2":"0 comments","_links":{"self":[{"href":"https:\/\/aivie.ch\/fi\/wp-json\/wp\/v2\/product\/26554","targetHints":{"allow":["GET"]}}],"collection":[{"href":"https:\/\/aivie.ch\/fi\/wp-json\/wp\/v2\/product"}],"about":[{"href":"https:\/\/aivie.ch\/fi\/wp-json\/wp\/v2\/types\/product"}],"replies":[{"embeddable":true,"href":"https:\/\/aivie.ch\/fi\/wp-json\/wp\/v2\/comments?post=26554"}],"wp:featuredmedia":[{"embeddable":true,"href":"https:\/\/aivie.ch\/fi\/wp-json\/wp\/v2\/media\/26559"}],"wp:attachment":[{"href":"https:\/\/aivie.ch\/fi\/wp-json\/wp\/v2\/media?parent=26554"}],"wp:term":[{"taxonomy":"product_brand","embeddable":true,"href":"https:\/\/aivie.ch\/fi\/wp-json\/wp\/v2\/product_brand?post=26554"},{"taxonomy":"product_cat","embeddable":true,"href":"https:\/\/aivie.ch\/fi\/wp-json\/wp\/v2\/product_cat?post=26554"},{"taxonomy":"product_tag","embeddable":true,"href":"https:\/\/aivie.ch\/fi\/wp-json\/wp\/v2\/product_tag?post=26554"}],"curies":[{"name":"wp","href":"https:\/\/api.w.org\/{rel}","templated":true}]}}