{"id":26552,"date":"2021-06-23T07:30:32","date_gmt":"2021-06-23T05:30:32","guid":{"rendered":"https:\/\/aivie.ch\/product\/tyoepaja-miten-laehetaen-onnistuneita-uutiskirjeitae-aivie-mauticilla\/"},"modified":"2026-01-11T14:18:19","modified_gmt":"2026-01-11T12:18:19","slug":"tyoepaja-miten-laehetaen-onnistuneita-uutiskirjeitae-aivie-mauticilla","status":"publish","type":"product","link":"https:\/\/aivie.ch\/fi\/tuote\/tyoepaja-miten-laehetaen-onnistuneita-uutiskirjeitae-aivie-mauticilla\/","title":{"rendered":"Ty\u00f6paja &#8221;Miten l\u00e4het\u00e4n onnistuneita uutiskirjeit\u00e4 Aivie\/Mauticilla?\u201d"},"content":{"rendered":"<p>Opi uutiskirjeiden markkinoinnin perusteet, toimituksen lis\u00e4\u00e4minen ja uutiskirjeiden m\u00e4\u00e4ritt\u00e4minen Aivien avulla.<\/p>\n<ul>\n<li>Miten luon onnistuneita s\u00e4hk\u00f6posteja?<\/li>\n<li>Miten luon mielekk\u00e4it\u00e4 kampanjauutiskirjeit\u00e4?<\/li>\n<li>Miten asetan oikeat tavoitteet (tuloksellinen markkinointi)?<\/li>\n<li>Miten mittaan onnistumista (suorituskyvyn seuranta)?<\/li>\n<\/ul>\n<p>Puolip\u00e4iv\u00e4inen verkkokurssi. Sis\u00e4lt\u00e4\u00e4 kaikki asiakirjat. <a href=\"https:\/\/www.idea2.ch\/allgemeine-geschaeftsbedingungen\/\" target=\"_blank\" rel=\"noopener noreferrer\">Sovelletaan yleisi\u00e4<\/a> sopimusehtojamme.  <\/p>\n","protected":false},"excerpt":{"rendered":"<p>Opi uutiskirjeiden markkinoinnin perusteet, toimituksen lis\u00e4\u00e4minen ja uutiskirjeiden m\u00e4\u00e4ritt\u00e4minen Aivien avulla. Miten luon onnistuneita s\u00e4hk\u00f6posteja? Miten luon mielekk\u00e4it\u00e4 kampanjauutiskirjeit\u00e4? Miten asetan oikeat tavoitteet (tuloksellinen markkinointi)? Miten mittaan onnistumista (suorituskyvyn seuranta)? Puolip\u00e4iv\u00e4inen verkkokurssi. Sis\u00e4lt\u00e4\u00e4 kaikki asiakirjat. Sovelletaan yleisi\u00e4 sopimusehtojamme.<\/p>\n","protected":false},"featured_media":26553,"comment_status":"closed","ping_status":"closed","template":"","meta":{"_acf_changed":false},"product_brand":[],"product_cat":[1226],"product_tag":[],"class_list":{"0":"post-26552","1":"product","2":"type-product","3":"status-publish","4":"has-post-thumbnail","6":"product_cat-aivie-mautic-tyoepajat-ja-koulutuskurssit","7":"pa_brand-aivie","8":"pa_manufacturer-idea2","10":"first","11":"instock","12":"virtual","13":"taxable","14":"purchasable","15":"product-type-simple"},"acf":[],"featured_image_urls_v2":{"full":["https:\/\/aivie.ch\/wp-content\/uploads\/2021\/06\/workshop4.png",800,800,false],"thumbnail":["https:\/\/aivie.ch\/wp-content\/uploads\/2021\/06\/workshop4-240x240.png",240,240,true],"medium":["https:\/\/aivie.ch\/wp-content\/uploads\/2021\/06\/workshop4.png",800,800,false],"medium_large":["https:\/\/aivie.ch\/wp-content\/uploads\/2021\/06\/workshop4-768x768.png",768,768,true],"large":["https:\/\/aivie.ch\/wp-content\/uploads\/2021\/06\/workshop4.png",800,800,false],"post-thumbnail":["https:\/\/aivie.ch\/wp-content\/uploads\/2021\/06\/workshop4.png",800,800,false],"aiv_480w":["https:\/\/aivie.ch\/wp-content\/uploads\/2021\/06\/workshop4-480x480.png",480,480,true],"woocommerce_thumbnail":["https:\/\/aivie.ch\/wp-content\/uploads\/2021\/06\/workshop4-240x240.png",240,240,true],"woocommerce_single":["https:\/\/aivie.ch\/wp-content\/uploads\/2021\/06\/workshop4.png",800,800,false],"woocommerce_gallery_thumbnail":["https:\/\/aivie.ch\/wp-content\/uploads\/2021\/06\/workshop4-240x240.png",240,240,true]},"post_excerpt_stackable_v2":"<p>Opi uutiskirjeiden markkinoinnin perusteet, toimituksen lis\u00e4\u00e4minen ja uutiskirjeiden m\u00e4\u00e4ritt\u00e4minen Aivien avulla. Miten luon onnistuneita s\u00e4hk\u00f6posteja? Miten luon mielekk\u00e4it\u00e4 kampanjauutiskirjeit\u00e4? Miten asetan oikeat tavoitteet (tuloksellinen markkinointi)? Miten mittaan onnistumista (suorituskyvyn seuranta)? Puolip\u00e4iv\u00e4inen verkkokurssi. Sis\u00e4lt\u00e4\u00e4 kaikki asiakirjat. Sovelletaan yleisi\u00e4 sopimusehtojamme.<\/p>\n","category_list_v2":"","author_info_v2":{"name":"","url":""},"comments_num_v2":"0 comments","_links":{"self":[{"href":"https:\/\/aivie.ch\/fi\/wp-json\/wp\/v2\/product\/26552","targetHints":{"allow":["GET"]}}],"collection":[{"href":"https:\/\/aivie.ch\/fi\/wp-json\/wp\/v2\/product"}],"about":[{"href":"https:\/\/aivie.ch\/fi\/wp-json\/wp\/v2\/types\/product"}],"replies":[{"embeddable":true,"href":"https:\/\/aivie.ch\/fi\/wp-json\/wp\/v2\/comments?post=26552"}],"wp:featuredmedia":[{"embeddable":true,"href":"https:\/\/aivie.ch\/fi\/wp-json\/wp\/v2\/media\/26553"}],"wp:attachment":[{"href":"https:\/\/aivie.ch\/fi\/wp-json\/wp\/v2\/media?parent=26552"}],"wp:term":[{"taxonomy":"product_brand","embeddable":true,"href":"https:\/\/aivie.ch\/fi\/wp-json\/wp\/v2\/product_brand?post=26552"},{"taxonomy":"product_cat","embeddable":true,"href":"https:\/\/aivie.ch\/fi\/wp-json\/wp\/v2\/product_cat?post=26552"},{"taxonomy":"product_tag","embeddable":true,"href":"https:\/\/aivie.ch\/fi\/wp-json\/wp\/v2\/product_tag?post=26552"}],"curies":[{"name":"wp","href":"https:\/\/api.w.org\/{rel}","templated":true}]}}