{"id":26548,"date":"2021-06-23T07:30:32","date_gmt":"2021-06-23T05:30:32","guid":{"rendered":"https:\/\/aivie.ch\/product\/tyoepaja-mitae-ovat-myyntisuppilot-ja-miten-ne-perustetaan-aivie-mauticin-avulla\/"},"modified":"2026-01-11T14:18:10","modified_gmt":"2026-01-11T12:18:10","slug":"tyoepaja-mitae-ovat-myyntisuppilot-ja-miten-ne-perustetaan-aivie-mauticin-avulla","status":"publish","type":"product","link":"https:\/\/aivie.ch\/fi\/tuote\/tyoepaja-mitae-ovat-myyntisuppilot-ja-miten-ne-perustetaan-aivie-mauticin-avulla\/","title":{"rendered":"Ty\u00f6paja &#8221;Mit\u00e4 ovat myyntisuppilot ja miten ne perustetaan Aivie\/Mauticin avulla?\u201d"},"content":{"rendered":"<p>Opi kaikki myyntisuppiloiden teoreettisista perusteista ja siit\u00e4, miten ne perustetaan Aivien avulla.<\/p>\n<ul>\n<li>Myyntisuppiloita koskeva uusin tiet\u00e4mys on rakennettu.<\/li>\n<li>Automatisoi\/aseta automatisoituja markkinointiprosesseja<\/li>\n<li>Digitaalisen markkinoinnin ty\u00f6kalu<\/li>\n<li>Automatisoidut kampanjat<\/li>\n<li>Aseta myyntisuppilo<\/li>\n<li>Suorituskyvyn markkinointi<\/li>\n<\/ul>\n<p>Puolip\u00e4iv\u00e4inen verkkokurssi. Sis\u00e4lt\u00e4\u00e4 kaikki asiakirjat. <a href=\"https:\/\/www.idea2.ch\/allgemeine-geschaeftsbedingungen\/\" target=\"_blank\" rel=\"noopener noreferrer\">Sovelletaan yleisi\u00e4<\/a> sopimusehtojamme.  <\/p>\n","protected":false},"excerpt":{"rendered":"<p>Opi kaikki myyntisuppiloiden teoreettisista perusteista ja siit\u00e4, miten ne perustetaan Aivien avulla. Myyntisuppiloita koskeva uusin tiet\u00e4mys on rakennettu. Automatisoi\/aseta automatisoituja markkinointiprosesseja Digitaalisen markkinoinnin ty\u00f6kalu Automatisoidut kampanjat Aseta myyntisuppilo Suorituskyvyn markkinointi Puolip\u00e4iv\u00e4inen verkkokurssi. Sis\u00e4lt\u00e4\u00e4 kaikki asiakirjat. Sovelletaan yleisi\u00e4 sopimusehtojamme.<\/p>\n","protected":false},"featured_media":26549,"comment_status":"closed","ping_status":"closed","template":"","meta":{"_acf_changed":false},"product_brand":[],"product_cat":[1226],"product_tag":[1234],"class_list":{"0":"post-26548","1":"product","2":"type-product","3":"status-publish","4":"has-post-thumbnail","6":"product_cat-aivie-mautic-tyoepajat-ja-koulutuskurssit","7":"product_tag-koulutus","9":"first","10":"instock","11":"virtual","12":"taxable","13":"purchasable","14":"product-type-simple"},"acf":[],"featured_image_urls_v2":{"full":["https:\/\/cdn.aivie.ch\/media\/wp\/2021\/06\/19131423\/workshop3.png",800,800,false],"thumbnail":["https:\/\/cdn.aivie.ch\/media\/wp\/2021\/06\/19131423\/workshop3-240x240.png",240,240,true],"medium":["https:\/\/cdn.aivie.ch\/media\/wp\/2021\/06\/19131423\/workshop3.png",800,800,false],"medium_large":["https:\/\/cdn.aivie.ch\/media\/wp\/2021\/06\/19131423\/workshop3-768x768.png",768,768,true],"large":["https:\/\/cdn.aivie.ch\/media\/wp\/2021\/06\/19131423\/workshop3.png",800,800,false],"post-thumbnail":["https:\/\/cdn.aivie.ch\/media\/wp\/2021\/06\/19131423\/workshop3.png",800,800,false],"aiv_480w":["https:\/\/cdn.aivie.ch\/media\/wp\/2021\/06\/19131423\/workshop3-480x480.png",480,480,true],"woocommerce_thumbnail":["https:\/\/cdn.aivie.ch\/media\/wp\/2021\/06\/19131423\/workshop3-240x240.png",240,240,true],"woocommerce_single":["https:\/\/cdn.aivie.ch\/media\/wp\/2021\/06\/19131423\/workshop3.png",800,800,false],"woocommerce_gallery_thumbnail":["https:\/\/cdn.aivie.ch\/media\/wp\/2021\/06\/19131423\/workshop3-240x240.png",240,240,true]},"post_excerpt_stackable_v2":"<p>Opi kaikki myyntisuppiloiden teoreettisista perusteista ja siit\u00e4, miten ne perustetaan Aivien avulla. Myyntisuppiloita koskeva uusin tiet\u00e4mys on rakennettu. Automatisoi\/aseta automatisoituja markkinointiprosesseja Digitaalisen markkinoinnin ty\u00f6kalu Automatisoidut kampanjat Aseta myyntisuppilo Suorituskyvyn markkinointi Puolip\u00e4iv\u00e4inen verkkokurssi. Sis\u00e4lt\u00e4\u00e4 kaikki asiakirjat. Sovelletaan yleisi\u00e4 sopimusehtojamme.<\/p>\n","category_list_v2":"","author_info_v2":{"name":"","url":""},"comments_num_v2":"0 comments","_links":{"self":[{"href":"https:\/\/aivie.ch\/fi\/wp-json\/wp\/v2\/product\/26548","targetHints":{"allow":["GET"]}}],"collection":[{"href":"https:\/\/aivie.ch\/fi\/wp-json\/wp\/v2\/product"}],"about":[{"href":"https:\/\/aivie.ch\/fi\/wp-json\/wp\/v2\/types\/product"}],"replies":[{"embeddable":true,"href":"https:\/\/aivie.ch\/fi\/wp-json\/wp\/v2\/comments?post=26548"}],"wp:featuredmedia":[{"embeddable":true,"href":"https:\/\/aivie.ch\/fi\/wp-json\/wp\/v2\/media\/26549"}],"wp:attachment":[{"href":"https:\/\/aivie.ch\/fi\/wp-json\/wp\/v2\/media?parent=26548"}],"wp:term":[{"taxonomy":"product_brand","embeddable":true,"href":"https:\/\/aivie.ch\/fi\/wp-json\/wp\/v2\/product_brand?post=26548"},{"taxonomy":"product_cat","embeddable":true,"href":"https:\/\/aivie.ch\/fi\/wp-json\/wp\/v2\/product_cat?post=26548"},{"taxonomy":"product_tag","embeddable":true,"href":"https:\/\/aivie.ch\/fi\/wp-json\/wp\/v2\/product_tag?post=26548"}],"curies":[{"name":"wp","href":"https:\/\/api.w.org\/{rel}","templated":true}]}}