{"id":26543,"date":"2021-06-23T07:30:32","date_gmt":"2021-06-23T05:30:32","guid":{"rendered":"https:\/\/aivie.ch\/product\/tyoepaja-mitae-ovat-hoitokampanjat-ja-miten-ne-perustetaan-aivie-mauticin-avulla\/"},"modified":"2026-01-11T14:17:59","modified_gmt":"2026-01-11T12:17:59","slug":"tyoepaja-mitae-ovat-hoitokampanjat-ja-miten-ne-perustetaan-aivie-mauticin-avulla","status":"publish","type":"product","link":"https:\/\/aivie.ch\/fi\/tuote\/tyoepaja-mitae-ovat-hoitokampanjat-ja-miten-ne-perustetaan-aivie-mauticin-avulla\/","title":{"rendered":"Ty\u00f6paja &#8221;Mit\u00e4 ovat hoitokampanjat ja miten ne perustetaan Aivie\/Mauticin avulla?\u201d"},"content":{"rendered":"<p>Kasvatuksen perusteet, ensimm\u00e4inen oma kampanja ja sen perustaminen Mauticilla. Ty\u00f6skentelemme olemassa olevien tuotteidesi ja palvelujesi kanssa. <\/p>\n<ul>\n<li>Kampanjasuunnittelun uusinta tiet\u00e4myst\u00e4 on kehitetty.<\/li>\n<li>Myyntisuppilon logiikka ymm\u00e4rret\u00e4\u00e4n, sit\u00e4 sovelletaan ja se voidaan siirt\u00e4\u00e4 muihin tuotteisiin tai palveluihin.<\/li>\n<li>Markkinoinnin automaation avulla toteutettu kampanjasuunnittelu<\/li>\n<li>tietopohja strategisia p\u00e4\u00e4t\u00f6ksi\u00e4 ja niiden etenemissuunnitelmaa varten.<\/li>\n<\/ul>\n<p>Puolip\u00e4iv\u00e4inen verkkokurssi. Sis\u00e4lt\u00e4\u00e4 kaikki asiakirjat. <a href=\"https:\/\/www.idea2.ch\/allgemeine-geschaeftsbedingungen\/\" target=\"_blank\" rel=\"noopener noreferrer\">Sovelletaan yleisi\u00e4<\/a> sopimusehtojamme.  <\/p>\n","protected":false},"excerpt":{"rendered":"<p>Kasvatuksen perusteet, ensimm\u00e4inen oma kampanja ja sen perustaminen Mauticilla. Ty\u00f6skentelemme olemassa olevien tuotteidesi ja palvelujesi kanssa. Kampanjasuunnittelun uusinta tiet\u00e4myst\u00e4 on kehitetty. Myyntisuppilon logiikka ymm\u00e4rret\u00e4\u00e4n, sit\u00e4 sovelletaan ja se voidaan siirt\u00e4\u00e4 muihin tuotteisiin tai palveluihin. Markkinoinnin automaation avulla toteutettu kampanjasuunnittelu tietopohja strategisia p\u00e4\u00e4t\u00f6ksi\u00e4 ja niiden etenemissuunnitelmaa varten. Puolip\u00e4iv\u00e4inen verkkokurssi. Sis\u00e4lt\u00e4\u00e4 kaikki asiakirjat. Sovelletaan yleisi\u00e4 sopimusehtojamme.<\/p>\n","protected":false},"featured_media":26544,"comment_status":"closed","ping_status":"closed","template":"","meta":{"_acf_changed":false},"product_brand":[],"product_cat":[1226],"product_tag":[1234],"class_list":{"0":"post-26543","1":"product","2":"type-product","3":"status-publish","4":"has-post-thumbnail","6":"product_cat-aivie-mautic-tyoepajat-ja-koulutuskurssit","7":"product_tag-koulutus","9":"first","10":"instock","11":"virtual","12":"taxable","13":"purchasable","14":"product-type-simple"},"acf":[],"featured_image_urls_v2":{"full":["https:\/\/cdn.aivie.ch\/media\/wp\/2021\/06\/19131422\/workshop6.png",800,800,false],"thumbnail":["https:\/\/cdn.aivie.ch\/media\/wp\/2021\/06\/19131422\/workshop6-240x240.png",240,240,true],"medium":["https:\/\/cdn.aivie.ch\/media\/wp\/2021\/06\/19131422\/workshop6.png",800,800,false],"medium_large":["https:\/\/cdn.aivie.ch\/media\/wp\/2021\/06\/19131422\/workshop6-768x768.png",768,768,true],"large":["https:\/\/cdn.aivie.ch\/media\/wp\/2021\/06\/19131422\/workshop6.png",800,800,false],"post-thumbnail":["https:\/\/cdn.aivie.ch\/media\/wp\/2021\/06\/19131422\/workshop6.png",800,800,false],"aiv_480w":["https:\/\/cdn.aivie.ch\/media\/wp\/2021\/06\/19131422\/workshop6-480x480.png",480,480,true],"woocommerce_thumbnail":["https:\/\/cdn.aivie.ch\/media\/wp\/2021\/06\/19131422\/workshop6-240x240.png",240,240,true],"woocommerce_single":["https:\/\/cdn.aivie.ch\/media\/wp\/2021\/06\/19131422\/workshop6.png",800,800,false],"woocommerce_gallery_thumbnail":["https:\/\/cdn.aivie.ch\/media\/wp\/2021\/06\/19131422\/workshop6-240x240.png",240,240,true]},"post_excerpt_stackable_v2":"<p>Kasvatuksen perusteet, ensimm\u00e4inen oma kampanja ja sen perustaminen Mauticilla. Ty\u00f6skentelemme olemassa olevien tuotteidesi ja palvelujesi kanssa. Kampanjasuunnittelun uusinta tiet\u00e4myst\u00e4 on kehitetty. Myyntisuppilon logiikka ymm\u00e4rret\u00e4\u00e4n, sit\u00e4 sovelletaan ja se voidaan siirt\u00e4\u00e4 muihin tuotteisiin tai palveluihin. Markkinoinnin automaation avulla toteutettu kampanjasuunnittelu tietopohja strategisia p\u00e4\u00e4t\u00f6ksi\u00e4 ja niiden etenemissuunnitelmaa varten. Puolip\u00e4iv\u00e4inen verkkokurssi. Sis\u00e4lt\u00e4\u00e4 kaikki asiakirjat. Sovelletaan yleisi\u00e4 sopimusehtojamme.<\/p>\n","category_list_v2":"","author_info_v2":{"name":"","url":""},"comments_num_v2":"0 comments","_links":{"self":[{"href":"https:\/\/aivie.ch\/fi\/wp-json\/wp\/v2\/product\/26543","targetHints":{"allow":["GET"]}}],"collection":[{"href":"https:\/\/aivie.ch\/fi\/wp-json\/wp\/v2\/product"}],"about":[{"href":"https:\/\/aivie.ch\/fi\/wp-json\/wp\/v2\/types\/product"}],"replies":[{"embeddable":true,"href":"https:\/\/aivie.ch\/fi\/wp-json\/wp\/v2\/comments?post=26543"}],"wp:featuredmedia":[{"embeddable":true,"href":"https:\/\/aivie.ch\/fi\/wp-json\/wp\/v2\/media\/26544"}],"wp:attachment":[{"href":"https:\/\/aivie.ch\/fi\/wp-json\/wp\/v2\/media?parent=26543"}],"wp:term":[{"taxonomy":"product_brand","embeddable":true,"href":"https:\/\/aivie.ch\/fi\/wp-json\/wp\/v2\/product_brand?post=26543"},{"taxonomy":"product_cat","embeddable":true,"href":"https:\/\/aivie.ch\/fi\/wp-json\/wp\/v2\/product_cat?post=26543"},{"taxonomy":"product_tag","embeddable":true,"href":"https:\/\/aivie.ch\/fi\/wp-json\/wp\/v2\/product_tag?post=26543"}],"curies":[{"name":"wp","href":"https:\/\/api.w.org\/{rel}","templated":true}]}}