{"id":26539,"date":"2021-06-23T07:30:32","date_gmt":"2021-06-23T05:30:32","guid":{"rendered":"https:\/\/aivie.ch\/product\/yritystuki-ja-konsultointi-aivie-mautic\/"},"modified":"2026-01-11T14:17:26","modified_gmt":"2026-01-11T12:17:26","slug":"yritystuki-ja-konsultointi-aivie-mautic","status":"publish","type":"product","link":"https:\/\/aivie.ch\/fi\/tuote\/yritystuki-ja-konsultointi-aivie-mautic\/","title":{"rendered":"Yritystuki ja konsultointi Aivie\/Mautic"},"content":{"rendered":"<p>Kattaa sek\u00e4 k\u00e4ytt\u00f6\u00e4 koskevat kysymykset ett\u00e4 neuvot. Tiedustelut voidaan tehd\u00e4 s\u00e4hk\u00f6postitse, puhelimitse ja videopuhelimitse. T\u00e4t\u00e4 palvelua suositellaan erityisesti alkuvaiheessa.  <\/p>\n<p>Asiakkaan suosittelu:<\/p>\n<blockquote><p>Kun aloitin Aivien k\u00e4yt\u00f6n, minut saatiin aina vastaamaan nykyist\u00e4 tiet\u00e4mystasoani, ja minulle annettiin tukea &#8221;vauhtiin p\u00e4\u00e4semisess\u00e4\u201d \u2013 sek\u00e4 k\u00e4ytt\u00f6liittym\u00e4ss\u00e4 ett\u00e4 taustalla olevan koodin ymm\u00e4rt\u00e4misess\u00e4 (esim. cronjobit, konsolin k\u00e4ytt\u00f6). My\u00f6s palaute ongelmien arvioinnista ja joidenkin Mautic-yhteis\u00f6n tarjoamien ratkaisujen (esim. liit\u00e4nn\u00e4isten) arvioinnista oli hy\u00f6dyllist\u00e4. <\/p><\/blockquote>\n<p>\u2014 Martina P.<\/p>\n<p>&nbsp;<\/p>\n<p>&nbsp;<\/p>\n<p>Hinnat kuukaudessa ilman arvonlis\u00e4veroa, voidaan peruuttaa milloin tahansa. Asiakkaille, joilla ei ole Aivie Hosting -palvelua, sovelletaan v\u00e4hint\u00e4\u00e4n 3 kuukauden voimassaoloaikaa. Sovelletaan yleisi\u00e4 k\u00e4ytt\u00f6ehtojamme.<\/p>\n","protected":false},"excerpt":{"rendered":"<p>Kattaa sek\u00e4 k\u00e4ytt\u00f6\u00e4 koskevat kysymykset ett\u00e4 neuvot. Tiedustelut voidaan tehd\u00e4 s\u00e4hk\u00f6postitse, puhelimitse ja videopuhelimitse. T\u00e4t\u00e4 palvelua suositellaan erityisesti alkuvaiheessa. Asiakkaan suosittelu: Kun aloitin Aivien k\u00e4yt\u00f6n, minut saatiin aina vastaamaan nykyist\u00e4 tiet\u00e4mystasoani, ja minulle annettiin tukea &#8221;vauhtiin p\u00e4\u00e4semisess\u00e4\u201d \u2013 sek\u00e4 k\u00e4ytt\u00f6liittym\u00e4ss\u00e4 ett\u00e4 taustalla olevan koodin ymm\u00e4rt\u00e4misess\u00e4 (esim. cronjobit, konsolin k\u00e4ytt\u00f6). My\u00f6s palaute ongelmien arvioinnista ja joidenkin &hellip; <a href=\"https:\/\/aivie.ch\/fi\/tuote\/yritystuki-ja-konsultointi-aivie-mautic\/\" class=\"more-link\">Jatka lukemista <span class=\"screen-reader-text\">Yritystuki ja konsultointi Aivie\/Mautic<\/span><\/a><\/p>\n","protected":false},"featured_media":26540,"comment_status":"closed","ping_status":"closed","template":"","meta":{"_acf_changed":false},"product_brand":[],"product_cat":[1231,1233],"product_tag":[],"class_list":{"0":"post-26539","1":"product","2":"type-product","3":"status-publish","4":"has-post-thumbnail","6":"product_cat-aivie-mautic-tuki","7":"product_cat-markkinoinnin-automaatiopalvelut","9":"first","10":"instock","11":"virtual","12":"taxable","13":"purchasable","14":"product-type-subscription"},"acf":[],"featured_image_urls_v2":{"full":["https:\/\/aivie.ch\/wp-content\/uploads\/2021\/06\/Business-Support-AivieMautic.webp",800,800,false],"thumbnail":["https:\/\/aivie.ch\/wp-content\/uploads\/2021\/06\/Business-Support-AivieMautic-240x240.webp",240,240,true],"medium":["https:\/\/aivie.ch\/wp-content\/uploads\/2021\/06\/Business-Support-AivieMautic.webp",800,800,false],"medium_large":["https:\/\/aivie.ch\/wp-content\/uploads\/2021\/06\/Business-Support-AivieMautic-768x768.webp",768,768,true],"large":["https:\/\/aivie.ch\/wp-content\/uploads\/2021\/06\/Business-Support-AivieMautic.webp",800,800,false],"post-thumbnail":["https:\/\/aivie.ch\/wp-content\/uploads\/2021\/06\/Business-Support-AivieMautic.webp",800,800,false],"aiv_480w":["https:\/\/aivie.ch\/wp-content\/uploads\/2021\/06\/Business-Support-AivieMautic-480x480.webp",480,480,true],"woocommerce_thumbnail":["https:\/\/aivie.ch\/wp-content\/uploads\/2021\/06\/Business-Support-AivieMautic-240x240.webp",240,240,true],"woocommerce_single":["https:\/\/aivie.ch\/wp-content\/uploads\/2021\/06\/Business-Support-AivieMautic.webp",800,800,false],"woocommerce_gallery_thumbnail":["https:\/\/aivie.ch\/wp-content\/uploads\/2021\/06\/Business-Support-AivieMautic-240x240.webp",240,240,true]},"post_excerpt_stackable_v2":"<p>Kattaa sek\u00e4 k\u00e4ytt\u00f6\u00e4 koskevat kysymykset ett\u00e4 neuvot. Tiedustelut voidaan tehd\u00e4 s\u00e4hk\u00f6postitse, puhelimitse ja videopuhelimitse. T\u00e4t\u00e4 palvelua suositellaan erityisesti alkuvaiheessa. Asiakkaan suosittelu: Kun aloitin Aivien k\u00e4yt\u00f6n, minut saatiin aina vastaamaan nykyist\u00e4 tiet\u00e4mystasoani, ja minulle annettiin tukea &#8221;vauhtiin p\u00e4\u00e4semisess\u00e4\u201d \u2013 sek\u00e4 k\u00e4ytt\u00f6liittym\u00e4ss\u00e4 ett\u00e4 taustalla olevan koodin ymm\u00e4rt\u00e4misess\u00e4 (esim. cronjobit, konsolin k\u00e4ytt\u00f6). My\u00f6s palaute ongelmien arvioinnista ja joidenkin Mautic-yhteis\u00f6n tarjoamien ratkaisujen (esim. liit\u00e4nn\u00e4isten) arvioinnista oli hy\u00f6dyllist\u00e4. \u2014 Martina P. &nbsp; &nbsp; Hinnat kuukaudessa ilman arvonlis\u00e4veroa, voidaan peruuttaa milloin tahansa. Asiakkaille, joilla ei ole Aivie Hosting -palvelua, sovelletaan v\u00e4hint\u00e4\u00e4n 3 kuukauden voimassaoloaikaa. Sovelletaan yleisi\u00e4 k\u00e4ytt\u00f6ehtojamme.<\/p>\n","category_list_v2":"","author_info_v2":{"name":"","url":""},"comments_num_v2":"0 comments","_links":{"self":[{"href":"https:\/\/aivie.ch\/fi\/wp-json\/wp\/v2\/product\/26539","targetHints":{"allow":["GET"]}}],"collection":[{"href":"https:\/\/aivie.ch\/fi\/wp-json\/wp\/v2\/product"}],"about":[{"href":"https:\/\/aivie.ch\/fi\/wp-json\/wp\/v2\/types\/product"}],"replies":[{"embeddable":true,"href":"https:\/\/aivie.ch\/fi\/wp-json\/wp\/v2\/comments?post=26539"}],"wp:featuredmedia":[{"embeddable":true,"href":"https:\/\/aivie.ch\/fi\/wp-json\/wp\/v2\/media\/26540"}],"wp:attachment":[{"href":"https:\/\/aivie.ch\/fi\/wp-json\/wp\/v2\/media?parent=26539"}],"wp:term":[{"taxonomy":"product_brand","embeddable":true,"href":"https:\/\/aivie.ch\/fi\/wp-json\/wp\/v2\/product_brand?post=26539"},{"taxonomy":"product_cat","embeddable":true,"href":"https:\/\/aivie.ch\/fi\/wp-json\/wp\/v2\/product_cat?post=26539"},{"taxonomy":"product_tag","embeddable":true,"href":"https:\/\/aivie.ch\/fi\/wp-json\/wp\/v2\/product_tag?post=26539"}],"curies":[{"name":"wp","href":"https:\/\/api.w.org\/{rel}","templated":true}]}}