{"id":26537,"date":"2021-06-23T07:30:32","date_gmt":"2021-06-23T05:30:32","guid":{"rendered":"https:\/\/aivie.ch\/product\/premium-chat-verkkokokous-ja-puhelintuki-aivie-mautic\/"},"modified":"2026-01-11T14:17:12","modified_gmt":"2026-01-11T12:17:12","slug":"premium-chat-verkkokokous-ja-puhelintuki-aivie-mautic","status":"publish","type":"product","link":"https:\/\/aivie.ch\/fi\/tuote\/premium-chat-verkkokokous-ja-puhelintuki-aivie-mautic\/","title":{"rendered":"Premium chat, verkkokokous ja puhelintuki Aivie\/Mautic"},"content":{"rendered":"<p>Aivie- tai Mautic Premium -tukemme tarjoaa nopean ja helpon tavan saada vastauksia kysymyksiisi. Vastaamme sinulle mahdollisimman nopeasti tiketin, s\u00e4hk\u00f6postin, chatin, verkkokokouksen tai puhelimen v\u00e4lityksell\u00e4. 24 tunnin kuluessa. Yleens\u00e4 paljon nopeammin Sveitsin toimiston aukioloaikoina.   <\/p>\n<p>Kuukausi- ja ty\u00f6ntekij\u00e4kohtaiset hinnat ilman arvonlis\u00e4veroa, voidaan peruuttaa milloin tahansa. <a href=\"https:\/\/aivie.ch\/fi\/yleiset-ehdot\/\" target=\"_blank\" rel=\"noopener noreferrer\">Sovelletaan yleisi\u00e4<\/a> sopimusehtojamme.<\/p>\n","protected":false},"excerpt":{"rendered":"<p>Aivie tai Mautic Premium Support<\/p>\n","protected":false},"featured_media":26538,"comment_status":"closed","ping_status":"closed","template":"","meta":{"_acf_changed":false},"product_brand":[],"product_cat":[1231],"product_tag":[1232],"class_list":{"0":"post-26537","1":"product","2":"type-product","3":"status-publish","4":"has-post-thumbnail","6":"product_cat-aivie-mautic-tuki","7":"product_tag-tuki","8":"pa_brand-aivie","9":"pa_manufacturer-idea2","11":"first","12":"instock","13":"virtual","14":"taxable","15":"purchasable","16":"product-type-subscription"},"acf":[],"featured_image_urls_v2":{"full":["https:\/\/cdn.aivie.ch\/media\/wp\/2021\/06\/14165359\/Premium-Chat-Online-Meeting-und-Telefon-Support-AivieMautic.webp",800,800,false],"thumbnail":["https:\/\/cdn.aivie.ch\/media\/wp\/2021\/06\/14165359\/Premium-Chat-Online-Meeting-und-Telefon-Support-AivieMautic-240x240.webp",240,240,true],"medium":["https:\/\/cdn.aivie.ch\/media\/wp\/2021\/06\/14165359\/Premium-Chat-Online-Meeting-und-Telefon-Support-AivieMautic.webp",800,800,false],"medium_large":["https:\/\/cdn.aivie.ch\/media\/wp\/2021\/06\/14165359\/Premium-Chat-Online-Meeting-und-Telefon-Support-AivieMautic-768x768.webp",768,768,true],"large":["https:\/\/cdn.aivie.ch\/media\/wp\/2021\/06\/14165359\/Premium-Chat-Online-Meeting-und-Telefon-Support-AivieMautic.webp",800,800,false],"post-thumbnail":["https:\/\/cdn.aivie.ch\/media\/wp\/2021\/06\/14165359\/Premium-Chat-Online-Meeting-und-Telefon-Support-AivieMautic.webp",800,800,false],"aiv_480w":["https:\/\/cdn.aivie.ch\/media\/wp\/2021\/06\/14165359\/Premium-Chat-Online-Meeting-und-Telefon-Support-AivieMautic-480x480.webp",480,480,true],"woocommerce_thumbnail":["https:\/\/cdn.aivie.ch\/media\/wp\/2021\/06\/14165359\/Premium-Chat-Online-Meeting-und-Telefon-Support-AivieMautic-240x240.webp",240,240,true],"woocommerce_single":["https:\/\/cdn.aivie.ch\/media\/wp\/2021\/06\/14165359\/Premium-Chat-Online-Meeting-und-Telefon-Support-AivieMautic.webp",800,800,false],"woocommerce_gallery_thumbnail":["https:\/\/cdn.aivie.ch\/media\/wp\/2021\/06\/14165359\/Premium-Chat-Online-Meeting-und-Telefon-Support-AivieMautic-240x240.webp",240,240,true]},"post_excerpt_stackable_v2":"<p>Aivie tai Mautic Premium Support<\/p>\n","category_list_v2":"","author_info_v2":{"name":"","url":""},"comments_num_v2":"0 comments","_links":{"self":[{"href":"https:\/\/aivie.ch\/fi\/wp-json\/wp\/v2\/product\/26537","targetHints":{"allow":["GET"]}}],"collection":[{"href":"https:\/\/aivie.ch\/fi\/wp-json\/wp\/v2\/product"}],"about":[{"href":"https:\/\/aivie.ch\/fi\/wp-json\/wp\/v2\/types\/product"}],"replies":[{"embeddable":true,"href":"https:\/\/aivie.ch\/fi\/wp-json\/wp\/v2\/comments?post=26537"}],"wp:featuredmedia":[{"embeddable":true,"href":"https:\/\/aivie.ch\/fi\/wp-json\/wp\/v2\/media\/26538"}],"wp:attachment":[{"href":"https:\/\/aivie.ch\/fi\/wp-json\/wp\/v2\/media?parent=26537"}],"wp:term":[{"taxonomy":"product_brand","embeddable":true,"href":"https:\/\/aivie.ch\/fi\/wp-json\/wp\/v2\/product_brand?post=26537"},{"taxonomy":"product_cat","embeddable":true,"href":"https:\/\/aivie.ch\/fi\/wp-json\/wp\/v2\/product_cat?post=26537"},{"taxonomy":"product_tag","embeddable":true,"href":"https:\/\/aivie.ch\/fi\/wp-json\/wp\/v2\/product_tag?post=26537"}],"curies":[{"name":"wp","href":"https:\/\/api.w.org\/{rel}","templated":true}]}}