{"id":26517,"date":"2021-06-23T07:32:23","date_gmt":"2021-06-23T05:32:23","guid":{"rendered":"https:\/\/aivie.ch\/product\/tyoepaja-miten-matkustan-turvallisesti-aivie-mautic-kaeyttaejaenae\/"},"modified":"2026-01-13T11:09:33","modified_gmt":"2026-01-13T09:09:33","slug":"tyoepaja-miten-matkustan-turvallisesti-aivie-mautic-kaeyttaejaenae","status":"publish","type":"product","link":"https:\/\/aivie.ch\/fi\/tuote\/tyoepaja-miten-matkustan-turvallisesti-aivie-mautic-kaeyttaejaenae\/","title":{"rendered":"Ty\u00f6paja &#8221;Miten matkustan turvallisesti Aivie\/Mautic-k\u00e4ytt\u00e4j\u00e4n\u00e4?\u201d"},"content":{"rendered":"<p>Kommunikoi tietosuojas\u00e4\u00e4nn\u00f6sten mukaisesti tai kohtele yhteystietojasi yksinkertaisesti oikeudenmukaisesti.<\/p>\n<ul>\n<li>S\u00e4hk\u00f6postimarkkinointi, mik\u00e4 toimii ja mik\u00e4 ei.<\/li>\n<li>Oikeudenmukainen tietopolitiikka<\/li>\n<li>Tietosuoja ja k\u00e4ytt\u00f6ehdot<\/li>\n<\/ul>\n<p>Saat mallin tietosuojaselostetta varten ja olet hyvin varustautunut ty\u00f6pajan j\u00e4lkeen.<\/p>\n<p>Kahden tunnin ty\u00f6paja, joka sis\u00e4lt\u00e4\u00e4 kaikki asiakirjat. <a href=\"https:\/\/www.idea2.ch\/allgemeine-geschaeftsbedingungen\/\" target=\"_blank\" rel=\"noopener noreferrer\">Sovelletaan yleisi\u00e4<\/a> sopimusehtojamme. <\/p>\n","protected":false},"excerpt":{"rendered":"<p>Kommunikoi tietosuojas\u00e4\u00e4nn\u00f6sten mukaisesti tai kohtele yhteystietojasi yksinkertaisesti oikeudenmukaisesti. S\u00e4hk\u00f6postimarkkinointi, mik\u00e4 toimii ja mik\u00e4 ei. Oikeudenmukainen tietopolitiikka Tietosuoja ja k\u00e4ytt\u00f6ehdot Saat mallin tietosuojaselostetta varten ja olet hyvin varustautunut ty\u00f6pajan j\u00e4lkeen. Kahden tunnin ty\u00f6paja, joka sis\u00e4lt\u00e4\u00e4 kaikki asiakirjat. Sovelletaan yleisi\u00e4 sopimusehtojamme.<\/p>\n","protected":false},"featured_media":26518,"comment_status":"closed","ping_status":"closed","template":"","meta":{"_acf_changed":false},"product_brand":[],"product_cat":[1226,1227],"product_tag":[],"class_list":{"0":"post-26517","1":"product","2":"type-product","3":"status-publish","4":"has-post-thumbnail","6":"product_cat-aivie-mautic-tyoepajat-ja-koulutuskurssit","7":"product_cat-tietosuoja","9":"first","10":"instock","11":"virtual","12":"taxable","13":"purchasable","14":"product-type-simple"},"acf":[],"featured_image_urls_v2":{"full":["https:\/\/cdn.aivie.ch\/media\/wp\/2021\/06\/19131424\/workshop5.png",800,800,false],"thumbnail":["https:\/\/cdn.aivie.ch\/media\/wp\/2021\/06\/19131424\/workshop5-240x240.png",240,240,true],"medium":["https:\/\/cdn.aivie.ch\/media\/wp\/2021\/06\/19131424\/workshop5.png",800,800,false],"medium_large":["https:\/\/cdn.aivie.ch\/media\/wp\/2021\/06\/19131424\/workshop5-768x768.png",768,768,true],"large":["https:\/\/cdn.aivie.ch\/media\/wp\/2021\/06\/19131424\/workshop5.png",800,800,false],"post-thumbnail":["https:\/\/cdn.aivie.ch\/media\/wp\/2021\/06\/19131424\/workshop5.png",800,800,false],"aiv_480w":["https:\/\/cdn.aivie.ch\/media\/wp\/2021\/06\/19131424\/workshop5-480x480.png",480,480,true],"woocommerce_thumbnail":["https:\/\/cdn.aivie.ch\/media\/wp\/2021\/06\/19131424\/workshop5-240x240.png",240,240,true],"woocommerce_single":["https:\/\/cdn.aivie.ch\/media\/wp\/2021\/06\/19131424\/workshop5.png",800,800,false],"woocommerce_gallery_thumbnail":["https:\/\/cdn.aivie.ch\/media\/wp\/2021\/06\/19131424\/workshop5-240x240.png",240,240,true]},"post_excerpt_stackable_v2":"<p>Kommunikoi tietosuojas\u00e4\u00e4nn\u00f6sten mukaisesti tai kohtele yhteystietojasi yksinkertaisesti oikeudenmukaisesti. S\u00e4hk\u00f6postimarkkinointi, mik\u00e4 toimii ja mik\u00e4 ei. Oikeudenmukainen tietopolitiikka Tietosuoja ja k\u00e4ytt\u00f6ehdot Saat mallin tietosuojaselostetta varten ja olet hyvin varustautunut ty\u00f6pajan j\u00e4lkeen. Kahden tunnin ty\u00f6paja, joka sis\u00e4lt\u00e4\u00e4 kaikki asiakirjat. Sovelletaan yleisi\u00e4 sopimusehtojamme.<\/p>\n","category_list_v2":"","author_info_v2":{"name":"","url":""},"comments_num_v2":"0 comments","_links":{"self":[{"href":"https:\/\/aivie.ch\/fi\/wp-json\/wp\/v2\/product\/26517","targetHints":{"allow":["GET"]}}],"collection":[{"href":"https:\/\/aivie.ch\/fi\/wp-json\/wp\/v2\/product"}],"about":[{"href":"https:\/\/aivie.ch\/fi\/wp-json\/wp\/v2\/types\/product"}],"replies":[{"embeddable":true,"href":"https:\/\/aivie.ch\/fi\/wp-json\/wp\/v2\/comments?post=26517"}],"wp:featuredmedia":[{"embeddable":true,"href":"https:\/\/aivie.ch\/fi\/wp-json\/wp\/v2\/media\/26518"}],"wp:attachment":[{"href":"https:\/\/aivie.ch\/fi\/wp-json\/wp\/v2\/media?parent=26517"}],"wp:term":[{"taxonomy":"product_brand","embeddable":true,"href":"https:\/\/aivie.ch\/fi\/wp-json\/wp\/v2\/product_brand?post=26517"},{"taxonomy":"product_cat","embeddable":true,"href":"https:\/\/aivie.ch\/fi\/wp-json\/wp\/v2\/product_cat?post=26517"},{"taxonomy":"product_tag","embeddable":true,"href":"https:\/\/aivie.ch\/fi\/wp-json\/wp\/v2\/product_tag?post=26517"}],"curies":[{"name":"wp","href":"https:\/\/api.w.org\/{rel}","templated":true}]}}