{"id":26511,"date":"2025-12-02T14:59:57","date_gmt":"2025-12-02T12:59:57","guid":{"rendered":"https:\/\/aivie.ch\/product\/mautic-plugin-saehkoepostin-ja-landingpage-builderin-rakentaja\/"},"modified":"2026-03-27T15:24:19","modified_gmt":"2026-03-27T13:24:19","slug":"mautic-plugin-saehkoepostin-ja-landingpage-builderin-rakentaja","status":"publish","type":"product","link":"https:\/\/aivie.ch\/fi\/tuote\/mautic-plugin-saehkoepostin-ja-landingpage-builderin-rakentaja\/","title":{"rendered":"Mautic Builder s\u00e4hk\u00f6postille ja Landingpagesille"},"content":{"rendered":"<h2>S\u00e4hk\u00f6postin ja laskeutumissivun rakentaja Mauticille<\/h2>\n<p>Aivie E-Mail Builder laajentaa avoimen l\u00e4hdekoodin Mautic-ratkaisua modernilla, joustavalla ja intuitiivisella ymp\u00e4rist\u00f6ll\u00e4 ammattimaiseen s\u00e4hk\u00f6postin rakentamiseen. Kehitetty markkinoijille, kehitt\u00e4jille ja tiimeille, jotka haluavat luoda kauniita, toimivia ja CI-yhteensopivia s\u00e4hk\u00f6posteja ilman kiertoteit\u00e4. <\/p>\n<h3>K\u00e4tev\u00e4 s\u00e4hk\u00f6postin luominen<\/h3>\n<p>Builder tarjoaa selke\u00e4n k\u00e4ytt\u00f6liittym\u00e4n, jonka toiminnot ovat tuttuja nykyaikaisista ty\u00f6kaluista \u2013 vain suoraan Mauticissa:<\/p>\n<ul>\n<li>Aseta ja hallitse linkkej\u00e4 helposti<\/li>\n<li>V\u00e4rit ja typografia automaattisesti CI\/CD:n mukaan.<\/li>\n<li>Uusia asetusvaihtoehtoja, kuten asetteluvaihtoehtoja, esim. t\u00e4ysleve\u00e4t kuvat mobiililaitteissa.<\/li>\n<li>Parannettu kopioi ja liit\u00e4 -logiikka sujuvaan ty\u00f6skentelyyn<\/li>\n<\/ul>\n<h3>Fiksu ja j\u00e4sennelty: Kerrokset<\/h3>\n<p>Seuraa s\u00e4hk\u00f6postisi jokaista kerrosta koko ajan. Layers Managerissa n\u00e4et milloin tahansa, miten s\u00e4hk\u00f6postisi on j\u00e4rjestetty. Voit my\u00f6s piilottaa tai siirt\u00e4\u00e4 yksitt\u00e4isi\u00e4 kerroksia.  <\/p>\n<h3>Dynaaminen sis\u00e4lt\u00f6 lis\u00e4\u00e4 relevanssia<\/h3>\n<p>Tukeudu automaattisiin moduuleihin, kuten:<\/p>\n<ul>\n<li><strong>RSS-sy\u00f6tteen lohkot uutisille<\/strong> ja blogikirjoituksille<\/li>\n<li><strong>L\u00e4ht\u00f6laskentaajastin \u2013<\/strong> ihanteellinen aikakriittisiin kampanjoihin, kuten Black Fridayn kampanjaan.<\/li>\n<li>T\u00e4ysi <strong>TWIG-tuki<\/strong> mukautettua logiikkaa ja ehtoja <strong>varten<\/strong> <\/li>\n<\/ul>\n<h3>Uudelleenk\u00e4ytett\u00e4v\u00e4t rakennuspalikat<\/h3>\n<p>Tallenna usein k\u00e4ytetyt lohkot, k\u00e4yt\u00e4 niit\u00e4 uudelleen tulevissa kampanjoissa ja pid\u00e4 muotoilu yhten\u00e4isen\u00e4.<\/p>\n<h3>Mobiili vai ty\u00f6p\u00f6yt\u00e4? Sin\u00e4 p\u00e4\u00e4t\u00e4t <\/h3>\n<p>N\u00e4yt\u00e4 tai piilota elementit loppulaitteen mukaan. N\u00e4in ulkoasu pysyy siistin\u00e4 ja selv\u00e4sti luettavana kaikkialla. <\/p>\n<h3>S\u00e4hk\u00f6postiohjelman esikatselu<\/h3>\n<p>Katso, milt\u00e4 s\u00e4hk\u00f6postisi n\u00e4ytt\u00e4\u00e4 postilaatikossa suoraan s\u00e4hk\u00f6postin rakentajassa \u2013 ennen kuin testaat tai l\u00e4het\u00e4t sen.<\/p>\n<h3>Deaktivoi seuranta yhdell\u00e4 napsautuksella<\/h3>\n<p>Joustavuus tietosuojaa tai erityisk\u00e4ytt\u00f6tilanteita varten: voit kytke\u00e4 seurannan p\u00e4\u00e4lle tai pois p\u00e4\u00e4lt\u00e4 suoraan editorissa.<\/p>\n<h3>Koodin muokkaus: Visual Studio Code suoraan integroitu<\/h3>\n<p>Kehitt\u00e4jille on tarjolla Visual Studio Code -kooditila. T\u00e4ydellinen hienos\u00e4\u00e4t\u00f6\u00f6n, mukautettuun MJML:\u00e4\u00e4n, TWIG:hen ja monimutkaisiin ulkoasuihin. <\/p>\n<ul>\n<li data-section-id=\"1rm5chk\" data-start=\"1809\" data-end=\"1865\">Vakaampi koodieditori, jossa on koodin validointi (linting) MJML:lle, TWIG:lle ja HTML:lle.<\/li>\n<li data-section-id=\"vapp9s\" data-start=\"1925\" data-end=\"1980\">MJML:n, HTML:n, TWIG:n, JavaScriptin ja CSS:n syntaksin korostus.<\/li>\n<li>Tekstin muokkauksen ja rakenteen selke\u00e4mpi erottaminen toisistaan<\/li>\n<li data-section-id=\"11vvjp1\" data-start=\"1981\" data-end=\"2034\">Integroidut usein k\u00e4ytetyt koodimoduulit nopeuttavat ty\u00f6skentely\u00e4 (tervehdys, segmentin j\u00e4senyys jne.).<\/li>\n<li data-section-id=\"11vvjp1\" data-start=\"1981\" data-end=\"2034\">Turvallinen JavaScript-tuki dynaamisille laskeutumissivuille<\/li>\n<\/ul>\n<h3 data-section-id=\"u5wded\" data-start=\"514\" data-end=\"579\">Dynaaminen sis\u00e4lt\u00f6 (TWIG)<\/h3>\n<p data-start=\"581\" data-end=\"698\">Luo eritt\u00e4in yksil\u00f6llist\u00e4 sis\u00e4lt\u00f6\u00e4, joka arvioidaan l\u00e4hetett\u00e4ess\u00e4. TWIG-integraatio rakentajassa ja koodieditorissa ei rajoita luovuuttasi: <\/p>\n<p data-start=\"922\" data-end=\"1049\">Lis\u00e4ksi dynaaminen sis\u00e4lt\u00f6, esimerkiksi RSS-sy\u00f6tteet tai uudelleenk\u00e4ytett\u00e4viss\u00e4 oleva sis\u00e4lt\u00f6, n\u00e4ytet\u00e4\u00e4n rakentajassa realistisesti.<\/p>\n<h3>GrapesJS<\/h3>\n<p>Aivien Mautic Builder perustuu avoimen l\u00e4hdekoodin GrapesJS-editoriin. Se laajentaa sit\u00e4 toiminnoilla, jotka on r\u00e4\u00e4t\u00e4l\u00f6ity erityisesti Mauticille. N\u00e4in luodaan saumaton muokkausymp\u00e4rist\u00f6, jossa markkinointitiimit voivat luoda ja mukauttaa sis\u00e4lt\u00f6\u00e4 intuitiivisesti, samalla kun taustalla oleva tekninen integraatio on t\u00e4ysin yhdenmukainen Mauticin tietorakenteiden ja toimintojen kanssa.  <\/p>\n<p>Markkinointip\u00e4\u00e4llik\u00f6ille t\u00e4m\u00e4 tarkoittaa, ett\u00e4 kampanjoita, s\u00e4hk\u00f6posteja ja sis\u00e4lt\u00f6\u00e4 voidaan luoda nopeammin ja helpommin. Samalla tekniset tiimit hy\u00f6tyv\u00e4t Mauticin syv\u00e4llisest\u00e4 integroinnista, selkeist\u00e4 tietorakenteista ja arkkitehtuurista, jota voidaan joustavasti laajentaa ja mukauttaa yksil\u00f6llisiin tarpeisiin. <\/p>\n<h3>Aivie Builder Video Demo<\/h3>\n<p>[embedyt]<br \/>\n<iframe loading=\"lazy\" title=\"The new Aivie Email- and Landingpage Builder\" width=\"990\" height=\"557\" src=\"https:\/\/www.youtube.com\/embed\/8Cw4FtI8nYc?feature=oembed\" frameborder=\"0\" allow=\"accelerometer; autoplay; clipboard-write; encrypted-media; gyroscope; picture-in-picture; web-share\" referrerpolicy=\"strict-origin-when-cross-origin\" allowfullscreen><\/iframe><\/p>\n<p><a href=\"https:\/\/aivie.ch\/fi\/yleiset-ehdot\/\" target=\"_blank\" rel=\"noopener noreferrer\">Sovelletaan yleisi\u00e4<\/a> k\u00e4ytt\u00f6ehtojamme.<\/p>\n\n<div class=\"alignfull wp-block-ugb-columns ugb-columns ugb-091e990 ugb-columns--design-plain ugb-columns--columns-2 ugb-main-block ugb-main-block--inner-center ugb--has-block-background\"><style>.ugb-091e990-content-wrapper{grid-column-gap:60px !important}.ugb-091e990.ugb-columns{background-color:#cfe7e1}.ugb-091e990.ugb-columns:before{background-color:#cfe7e1}<\/style><div class=\"ugb-inner-block ugb-inner-block--center\"><div class=\"ugb-block-content\"><div class=\"ugb-columns__item ugb-091e990-content-wrapper\">\n<div class=\"wp-block-ugb-column ugb-column ugb-d6f33f0 ugb-column--design-plain ugb-main-block\"><style>@media screen and (min-width:768px){.ugb-d6f33f0.ugb-column{margin-top:0px !important}.ugb-d6f33f0 > .ugb-inner-block > .ugb-block-content > *{justify-content:flex-end}}.ugb-d6f33f0 > .ugb-inner-block > .ugb-block-content > *{justify-content:flex-end !important}@media screen and (min-width:768px){.ugb-d6f33f0 > .ugb-inner-block > .ugb-block-content > *{padding-top:0px !important;padding-bottom:0px !important;padding-right:0px !important;padding-left:0px !important}}<\/style><div class=\"ugb-inner-block\"><div class=\"ugb-block-content\"><div class=\"ugb-column__item ugb-d6f33f0-column-wrapper\"><div class=\"ugb-column__content-wrapper\">\n<div class=\"wp-block-ugb-heading ugb-heading ugb-48550e9 ugb-main-block\"><div class=\"ugb-inner-block\"><div class=\"ugb-block-content\"><h2 class=\"ugb-heading__title\"><span style=\"color: #e63312;\" class=\"stk-highlight\">Lass deine Kontakte nicht warten.<\/span><\/h2><\/div><\/div><\/div>\n\n\n\n<figure class=\"wp-block-image size-full is-style-default\"><img decoding=\"async\" src=\"https:\/\/cdn.aivie.ch\/media\/wp\/2022\/09\/06100554\/Aivie-Free.webp\" alt=\"Marketing Automation Aivie-Free\" class=\"wp-image-11417\" title=\"\"><\/figure>\n<\/div><\/div><\/div><\/div><\/div>\n\n\n\n<div class=\"wp-block-ugb-column ugb-column ugb-6da6590 ugb-column--design-plain ugb-main-block\"><div class=\"ugb-inner-block\"><div class=\"ugb-block-content\"><div class=\"ugb-column__item ugb-6da6590-column-wrapper\"><div class=\"ugb-column__content-wrapper\">\n<div class=\"wp-block-ugb-heading ugb-heading ugb-dab8255 ugb-main-block\"><style>.ugb-dab8255 .ugb-heading__title{color:#283e4c}<\/style><div class=\"ugb-inner-block\"><div class=\"ugb-block-content\"><h2 class=\"ugb-heading__title\"><span style=\"color: #283e4c;\" class=\"ugb-highlight\">Kostenlos mit Aivie starten<\/span>.<\/h2><p class=\"ugb-heading__subtitle\">Nutze Aivie 30 Tage lang kostenlos und pr\u00fcfe wie du dank Aivie deine Kontakte gezielt erreichen kannst. Aivie bietet dir schon im Trial alle M\u00f6glichkeiten der Vollversion.<br><br>Probier es jetzt einfach aus.<\/p><\/div><\/div><\/div>\n\n\n\n<div class=\"wp-block-ugb-button ugb-button-wrapper ugb-f7ceaee ugb-main-block\"><style>.ugb-f7ceaee .ugb-block-content{justify-content:flex-start !important}.ugb-f7ceaee .ugb-inner-block{text-align:left}<\/style><div class=\"ugb-inner-block\"><div class=\"ugb-block-content\"><div class=\"ugb-button-container\"><a class=\"ugb-button1 ugb-button ugb-button--size-normal\" href=\"https:\/\/aivie.ch\/preise-pakete\/#price\" rel=\"\" title=\"\"><span class=\"ugb-button--inner\">Kostenlos starten<\/span><\/a><\/div><div class=\"ugb-button-container\"><a class=\"ugb-button2 ugb-button ugb-button--size-normal ugb-button--design-plain\" href=\"https:\/\/aivie.ch\/author\/martin\/\" rel=\"\" title=\"\"><span class=\"ugb-button--inner\">Demo vereinbaren<\/span><\/a><\/div><\/div><\/div><\/div>\n<\/div><\/div><\/div><\/div><\/div>\n<\/div><\/div><\/div><\/div>\n\n<h3 data-section-id=\"72bw7i\" data-start=\"1702\" data-end=\"1747\">Teko\u00e4lyn tukema luominen s\u00e4hk\u00f6postin ohjatun luomisen avulla<\/h3>\n<p data-start=\"1748\" data-end=\"1860\">Luo sis\u00e4lt\u00f6\u00e4 nopeammin teko\u00e4lyn avulla:<br \/>\n<a href=\"https:\/\/aivie.ch\/fi\/tuote\/mautic-e-mail-wizard-lisaeosa\/\"> https:\/\/aivie.ch\/product\/mautic-chatgpt-plugin\/<\/a><\/p>\n","protected":false},"excerpt":{"rendered":"<p>Luo nykyaikaisia, CI-yhteensopivia ja dynaamisia Mautic-s\u00e4hk\u00f6posteja ja laskeutumissivuja nopeammin kuin koskaan aiemmin \u2013 Aivien Mautic Builderin avulla.<\/p>\n","protected":false},"featured_media":24894,"comment_status":"closed","ping_status":"closed","template":"","meta":{"_acf_changed":false},"product_brand":[],"product_cat":[968],"product_tag":[1218,1219,1221,1691,1220],"class_list":{"0":"post-26511","1":"product","2":"type-product","3":"status-publish","4":"has-post-thumbnail","6":"product_cat-mautic-liitaennaeinen","7":"product_tag-aloitussivu","8":"product_tag-mautic","9":"product_tag-mjml","10":"product_tag-oksa","11":"product_tag-saehkoepostiosoite","13":"first","14":"instock","15":"downloadable","16":"virtual","17":"taxable","18":"purchasable","19":"product-type-subscription"},"acf":[],"featured_image_urls_v2":{"full":["https:\/\/cdn.aivie.ch\/media\/wp\/2025\/10\/14211523\/aivie-upgrade-neue-features-mehr-usability-und-ein-modernes-nutzererlebnis.png",1500,1000,false],"thumbnail":["https:\/\/cdn.aivie.ch\/media\/wp\/2025\/10\/14211523\/aivie-upgrade-neue-features-mehr-usability-und-ein-modernes-nutzererlebnis-240x240.png",240,240,true],"medium":["https:\/\/cdn.aivie.ch\/media\/wp\/2025\/10\/14211523\/aivie-upgrade-neue-features-mehr-usability-und-ein-modernes-nutzererlebnis-960x640.png",960,640,true],"medium_large":["https:\/\/cdn.aivie.ch\/media\/wp\/2025\/10\/14211523\/aivie-upgrade-neue-features-mehr-usability-und-ein-modernes-nutzererlebnis-768x512.png",768,512,true],"large":["https:\/\/cdn.aivie.ch\/media\/wp\/2025\/10\/14211523\/aivie-upgrade-neue-features-mehr-usability-und-ein-modernes-nutzererlebnis.png",990,660,false],"post-thumbnail":["https:\/\/cdn.aivie.ch\/media\/wp\/2025\/10\/14211523\/aivie-upgrade-neue-features-mehr-usability-und-ein-modernes-nutzererlebnis-1200x800.png",1200,800,true],"aiv_480w":["https:\/\/cdn.aivie.ch\/media\/wp\/2025\/10\/14211523\/aivie-upgrade-neue-features-mehr-usability-und-ein-modernes-nutzererlebnis-480x320.png",480,320,true],"woocommerce_thumbnail":["https:\/\/cdn.aivie.ch\/media\/wp\/2025\/10\/14211523\/aivie-upgrade-neue-features-mehr-usability-und-ein-modernes-nutzererlebnis-240x240.png",240,240,true],"woocommerce_single":["https:\/\/cdn.aivie.ch\/media\/wp\/2025\/10\/14211523\/aivie-upgrade-neue-features-mehr-usability-und-ein-modernes-nutzererlebnis-960x640.png",960,640,true],"woocommerce_gallery_thumbnail":["https:\/\/cdn.aivie.ch\/media\/wp\/2025\/10\/14211523\/aivie-upgrade-neue-features-mehr-usability-und-ein-modernes-nutzererlebnis-240x240.png",240,240,true]},"post_excerpt_stackable_v2":"<p>Luo nykyaikaisia, CI-yhteensopivia ja dynaamisia Mautic-s\u00e4hk\u00f6posteja ja laskeutumissivuja nopeammin kuin koskaan aiemmin \u2013 Aivien Mautic Builderin avulla.<\/p>\n","category_list_v2":"","author_info_v2":{"name":"","url":""},"comments_num_v2":"0 comments","_links":{"self":[{"href":"https:\/\/aivie.ch\/fi\/wp-json\/wp\/v2\/product\/26511","targetHints":{"allow":["GET"]}}],"collection":[{"href":"https:\/\/aivie.ch\/fi\/wp-json\/wp\/v2\/product"}],"about":[{"href":"https:\/\/aivie.ch\/fi\/wp-json\/wp\/v2\/types\/product"}],"replies":[{"embeddable":true,"href":"https:\/\/aivie.ch\/fi\/wp-json\/wp\/v2\/comments?post=26511"}],"wp:featuredmedia":[{"embeddable":true,"href":"https:\/\/aivie.ch\/fi\/wp-json\/wp\/v2\/media\/24894"}],"wp:attachment":[{"href":"https:\/\/aivie.ch\/fi\/wp-json\/wp\/v2\/media?parent=26511"}],"wp:term":[{"taxonomy":"product_brand","embeddable":true,"href":"https:\/\/aivie.ch\/fi\/wp-json\/wp\/v2\/product_brand?post=26511"},{"taxonomy":"product_cat","embeddable":true,"href":"https:\/\/aivie.ch\/fi\/wp-json\/wp\/v2\/product_cat?post=26511"},{"taxonomy":"product_tag","embeddable":true,"href":"https:\/\/aivie.ch\/fi\/wp-json\/wp\/v2\/product_tag?post=26511"}],"curies":[{"name":"wp","href":"https:\/\/api.w.org\/{rel}","templated":true}]}}