{"id":22401,"date":"2024-09-04T13:03:12","date_gmt":"2024-09-04T11:03:12","guid":{"rendered":"https:\/\/aivie.ch\/product\/mautic-trello-liitaennaeinen-mautic-myyntiputkesi-trellossa\/"},"modified":"2026-03-16T10:33:43","modified_gmt":"2026-03-16T08:33:43","slug":"mautic-trello-liitaennaeinen-mautic-myyntiputkesi-trellossa","status":"publish","type":"product","link":"https:\/\/aivie.ch\/fi\/tuote\/mautic-trello-liitaennaeinen-mautic-myyntiputkesi-trellossa\/","title":{"rendered":"Mautic Trello -liit\u00e4nn\u00e4inen: Mautic-myyntiputkesi Trellossa"},"content":{"rendered":"<h2>Yhteystietojen kirjoittaminen Mauticista Trelloon<\/h2>\n<p>Aivien <strong>Trello Mautic -laajennuksen<\/strong> avulla voit optimoida myyntiputkesi ja seurata teht\u00e4vi\u00e4si ja jatkotoimenpiteit\u00e4.<\/p>\n<p>Liit\u00e4nn\u00e4isen avulla voit luoda Trello-kortteja yksitt\u00e4isille kontakteille suoraan Mauticissa. Voit asettaa er\u00e4p\u00e4ivi\u00e4 varmistaaksesi, ett\u00e4 seuraat yhteydenottoja ajoissa, ja organisoida myyntiprosessin tehokkaasti Trellon k\u00e4ytt\u00e4j\u00e4yst\u00e4v\u00e4llisen ved\u00e4 ja pudota -taulun avulla. N\u00e4in n\u00e4et koko ajan, miss\u00e4 vaiheessa kontakti on.  <\/p>\n<p>Mautic Trello -lis\u00e4osa tarjoaa visuaalisen ja intuitiivisen ratkaisun, jonka avulla voit pit\u00e4\u00e4 teht\u00e4v\u00e4t aina hallinnassa, olipa kyse sitten liidien hallinnasta, edistymisen seurannasta tai kauppojen organisoinnista.<\/p>\n<p>Lis\u00e4\u00e4 tuottavuuttasi, \u00e4l\u00e4k\u00e4 j\u00e4t\u00e4 tilaisuutta k\u00e4ytt\u00e4m\u00e4tt\u00e4 Mautic Trello -laajennuksen avulla \u2013 se on uusi ratkaisusi tehokkaaseen myynninhallintaan.<\/p>\n<p>Lis\u00e4osa on esiasennettu kaikille <a href=\"https:\/\/aivie.ch\/fi\/mautic-hosting\/\">Aivie-asiakkaille<\/a>, ja se on saatavilla ilmaiseksi kaikille muille GitHubissa.<\/p>\n<p><a style=\"color: #0a9d77!important;\" href=\"https:\/\/github.com\/adiux\/mautic-trello\" target=\"_blank\" rel=\"noopener\">Mautic Trello -laajennukseen GitHubissa<\/a><\/p>\n<p><a style=\"color: #0a9d77!important;\" href=\"https:\/\/packagist.org\/packages\/aiviemarketing\/mautic-trello\" target=\"_blank\" rel=\"noopener\">Mautic Trello -lis\u00e4osaan Packagistissa<\/a><\/p>\n<p>&nbsp;<\/p>\n<h2>Aivie\/Mautic-tiedot Trellossa<\/h2>\n<p><img loading=\"lazy\" decoding=\"async\" class=\"alignnone wp-image-13854\" src=\"https:\/\/cdn.aivie.ch\/media\/wp\/2023\/06\/07123100\/add-mautic-contact-to-trello-card-min-1.gif\" alt=\"lis\u00e4t\u00e4 Aivie- tai Mautic-kontaktin Trello-korttiin.\" width=\"592\" height=\"382\" title=\"\"><\/p>\n<p>Jos haluat n\u00e4hd\u00e4 Mautic-tiedot Trellossa, suosittelemme <a style=\"color: #0a9d77!important;\" href=\"https:\/\/aivie.ch\/fi\/trello-mautic-liitaennaeisen-ohje\/\">Aivie\/Mautic PowerUp on Trello \u2013<\/a>ty\u00f6kalua.<\/p>\n<p>&nbsp;<\/p>\n\n<div class=\"alignfull wp-block-ugb-columns ugb-columns ugb-091e990 ugb-columns--design-plain ugb-columns--columns-2 ugb-main-block ugb-main-block--inner-center ugb--has-block-background\"><style>.ugb-091e990-content-wrapper{grid-column-gap:60px !important}.ugb-091e990.ugb-columns{background-color:#cfe7e1}.ugb-091e990.ugb-columns:before{background-color:#cfe7e1}<\/style><div class=\"ugb-inner-block ugb-inner-block--center\"><div class=\"ugb-block-content\"><div class=\"ugb-columns__item ugb-091e990-content-wrapper\">\n<div class=\"wp-block-ugb-column ugb-column ugb-d6f33f0 ugb-column--design-plain ugb-main-block\"><style>@media screen and (min-width:768px){.ugb-d6f33f0.ugb-column{margin-top:0px !important}.ugb-d6f33f0 > .ugb-inner-block > .ugb-block-content > *{justify-content:flex-end}}.ugb-d6f33f0 > .ugb-inner-block > .ugb-block-content > *{justify-content:flex-end !important}@media screen and (min-width:768px){.ugb-d6f33f0 > .ugb-inner-block > .ugb-block-content > *{padding-top:0px !important;padding-bottom:0px !important;padding-right:0px !important;padding-left:0px !important}}<\/style><div class=\"ugb-inner-block\"><div class=\"ugb-block-content\"><div class=\"ugb-column__item ugb-d6f33f0-column-wrapper\"><div class=\"ugb-column__content-wrapper\">\n<div class=\"wp-block-ugb-heading ugb-heading ugb-48550e9 ugb-main-block\"><div class=\"ugb-inner-block\"><div class=\"ugb-block-content\"><h2 class=\"ugb-heading__title\"><span style=\"color: #e63312;\" class=\"stk-highlight\">Lass deine Kontakte nicht warten.<\/span><\/h2><\/div><\/div><\/div>\n\n\n\n<figure class=\"wp-block-image size-full is-style-default\"><img decoding=\"async\" src=\"https:\/\/cdn.aivie.ch\/media\/wp\/2022\/09\/06100554\/Aivie-Free.webp\" alt=\"Marketing Automation Aivie-Free\" class=\"wp-image-11417\" title=\"\"><\/figure>\n<\/div><\/div><\/div><\/div><\/div>\n\n\n\n<div class=\"wp-block-ugb-column ugb-column ugb-6da6590 ugb-column--design-plain ugb-main-block\"><div class=\"ugb-inner-block\"><div class=\"ugb-block-content\"><div class=\"ugb-column__item ugb-6da6590-column-wrapper\"><div class=\"ugb-column__content-wrapper\">\n<div class=\"wp-block-ugb-heading ugb-heading ugb-dab8255 ugb-main-block\"><style>.ugb-dab8255 .ugb-heading__title{color:#283e4c}<\/style><div class=\"ugb-inner-block\"><div class=\"ugb-block-content\"><h2 class=\"ugb-heading__title\"><span style=\"color: #283e4c;\" class=\"ugb-highlight\">Kostenlos mit Aivie starten<\/span>.<\/h2><p class=\"ugb-heading__subtitle\">Nutze Aivie 30 Tage lang kostenlos und pr\u00fcfe wie du dank Aivie deine Kontakte gezielt erreichen kannst. Aivie bietet dir schon im Trial alle M\u00f6glichkeiten der Vollversion.<br><br>Probier es jetzt einfach aus.<\/p><\/div><\/div><\/div>\n\n\n\n<div class=\"wp-block-ugb-button ugb-button-wrapper ugb-f7ceaee ugb-main-block\"><style>.ugb-f7ceaee .ugb-block-content{justify-content:flex-start !important}.ugb-f7ceaee .ugb-inner-block{text-align:left}<\/style><div class=\"ugb-inner-block\"><div class=\"ugb-block-content\"><div class=\"ugb-button-container\"><a class=\"ugb-button1 ugb-button ugb-button--size-normal\" href=\"https:\/\/aivie.ch\/preise-pakete\/#price\" rel=\"\" title=\"\"><span class=\"ugb-button--inner\">Kostenlos starten<\/span><\/a><\/div><div class=\"ugb-button-container\"><a class=\"ugb-button2 ugb-button ugb-button--size-normal ugb-button--design-plain\" href=\"https:\/\/aivie.ch\/author\/martin\/\" rel=\"\" title=\"\"><span class=\"ugb-button--inner\">Demo vereinbaren<\/span><\/a><\/div><\/div><\/div><\/div>\n<\/div><\/div><\/div><\/div><\/div>\n<\/div><\/div><\/div><\/div>\n\n","protected":false},"excerpt":{"rendered":"<p>Yhdist\u00e4 Mautic-kontaktisi Trelloon, jotta voit suunnitella tehokkaasti jatkotoimia ja hallita myyntiprosessia helposti raahaamalla ja pudottamalla.<\/p>\n","protected":false},"featured_media":22402,"comment_status":"closed","ping_status":"closed","template":"","meta":{"_acf_changed":false},"product_brand":[],"product_cat":[968],"product_tag":[972,973,974,971],"class_list":{"0":"post-22401","1":"product","2":"type-product","3":"status-publish","4":"has-post-thumbnail","6":"product_cat-mautic-liitaennaeinen","7":"product_tag-crm-fi","8":"product_tag-myynti","9":"product_tag-putki","10":"product_tag-trello-fi","12":"first","13":"instock","14":"virtual","15":"taxable","16":"purchasable","17":"product-type-simple"},"acf":[],"featured_image_urls_v2":{"full":["https:\/\/cdn.aivie.ch\/media\/wp\/2022\/01\/24153916\/Mautic-mit-Trello-verbinden.png",1920,1080,false],"thumbnail":["https:\/\/cdn.aivie.ch\/media\/wp\/2022\/01\/24153916\/Mautic-mit-Trello-verbinden-240x240.png",240,240,true],"medium":["https:\/\/cdn.aivie.ch\/media\/wp\/2022\/01\/24153916\/Mautic-mit-Trello-verbinden-960x540.png",960,540,true],"medium_large":["https:\/\/cdn.aivie.ch\/media\/wp\/2022\/01\/24153916\/Mautic-mit-Trello-verbinden-768x432.png",768,432,true],"large":["https:\/\/cdn.aivie.ch\/media\/wp\/2022\/01\/24153916\/Mautic-mit-Trello-verbinden.png",990,557,false],"post-thumbnail":["https:\/\/cdn.aivie.ch\/media\/wp\/2022\/01\/24153916\/Mautic-mit-Trello-verbinden-1200x675.png",1200,675,true],"aiv_480w":["https:\/\/cdn.aivie.ch\/media\/wp\/2022\/01\/24153916\/Mautic-mit-Trello-verbinden-480x270.png",480,270,true],"woocommerce_thumbnail":["https:\/\/cdn.aivie.ch\/media\/wp\/2022\/01\/24153916\/Mautic-mit-Trello-verbinden-240x240.png",240,240,true],"woocommerce_single":["https:\/\/cdn.aivie.ch\/media\/wp\/2022\/01\/24153916\/Mautic-mit-Trello-verbinden-960x540.png",960,540,true],"woocommerce_gallery_thumbnail":["https:\/\/cdn.aivie.ch\/media\/wp\/2022\/01\/24153916\/Mautic-mit-Trello-verbinden-240x240.png",240,240,true]},"post_excerpt_stackable_v2":"<p>Yhdist\u00e4 Mautic-kontaktisi Trelloon, jotta voit suunnitella tehokkaasti jatkotoimia ja hallita myyntiprosessia helposti raahaamalla ja pudottamalla.<\/p>\n","category_list_v2":"","author_info_v2":{"name":"","url":""},"comments_num_v2":"0 comments","_links":{"self":[{"href":"https:\/\/aivie.ch\/fi\/wp-json\/wp\/v2\/product\/22401","targetHints":{"allow":["GET"]}}],"collection":[{"href":"https:\/\/aivie.ch\/fi\/wp-json\/wp\/v2\/product"}],"about":[{"href":"https:\/\/aivie.ch\/fi\/wp-json\/wp\/v2\/types\/product"}],"replies":[{"embeddable":true,"href":"https:\/\/aivie.ch\/fi\/wp-json\/wp\/v2\/comments?post=22401"}],"wp:featuredmedia":[{"embeddable":true,"href":"https:\/\/aivie.ch\/fi\/wp-json\/wp\/v2\/media\/22402"}],"wp:attachment":[{"href":"https:\/\/aivie.ch\/fi\/wp-json\/wp\/v2\/media?parent=22401"}],"wp:term":[{"taxonomy":"product_brand","embeddable":true,"href":"https:\/\/aivie.ch\/fi\/wp-json\/wp\/v2\/product_brand?post=22401"},{"taxonomy":"product_cat","embeddable":true,"href":"https:\/\/aivie.ch\/fi\/wp-json\/wp\/v2\/product_cat?post=22401"},{"taxonomy":"product_tag","embeddable":true,"href":"https:\/\/aivie.ch\/fi\/wp-json\/wp\/v2\/product_tag?post=22401"}],"curies":[{"name":"wp","href":"https:\/\/api.w.org\/{rel}","templated":true}]}}