{"id":22395,"date":"2023-06-07T11:27:40","date_gmt":"2023-06-07T09:27:40","guid":{"rendered":"https:\/\/aivie.ch\/product\/mautic-trello-power-up-asennustuki-mauticille\/"},"modified":"2026-03-24T17:43:56","modified_gmt":"2026-03-24T15:43:56","slug":"mautic-trello-power-up-asennustuki-mauticille","status":"publish","type":"product","link":"https:\/\/aivie.ch\/fi\/tuote\/mautic-trello-power-up-asennustuki-mauticille\/","title":{"rendered":"Mautic Trello Power-Up Asennustuki Mauticille"},"content":{"rendered":"<p>Aivie perustuu avoimen l\u00e4hdekoodin markkinoinnin automaatioty\u00f6kaluun Mauticiin. Mautic Trello Power-Up on 100-prosenttisesti yhteensopiva <a href=\"https:\/\/trello.com\/power-ups\/5eb100c3e1f87c13d245e5c8\" target=\"_blank\" rel=\"noopener\">tavallisen Mautic-instanssin<\/a> kanssa. Yhteys Aivien kanssa tarjoaa kuitenkin joitakin etuja: <a href=\"https:\/\/aivie.ch\/mautic-hosting\/\">Mautic Hosting<\/a>  <\/p>\n<h2>Mautic Trellon k\u00e4ynnistyksen toiminnot<\/h2>\n<p>\u2013 Merkityksellisten liidien\/yhteystietojen v\u00e4lit\u00f6n tunnistaminen<br \/>\n\u2013 Kiinnostuneiden yhteyshenkil\u00f6iden tunnistaminen<br \/>\n\u2013 T\u00e4rkeit\u00e4 tietoja suoraan Trellossa<br \/>\n\u2013 Yhdist\u00e4 kortit ja yhteystiedot helposti<br \/>\n\u2013 Tietosuoja taataan minimoidulla tiedonvaihdolla, salauksella ja oAuth2:lla.<\/p>\n<p><a href=\"https:\/\/trello.com\/power-ups\/5eb100c3e1f87c13d245e5c8\" target=\"_blank\" rel=\"noopener\">Lis\u00e4tietoja Trello Power-Upista l\u00f6yd\u00e4t t\u00e4\u00e4lt\u00e4: Mauticin tai Aivien kanssa.<\/a><\/p>\n<p>Aivie on Mautic-teknologiaan perustuvan markkinoinnin automaation toimittaja ja lis\u00e4osan kehitt\u00e4j\u00e4.<\/p>\n<p>Haluaisitko luoda Trello-kortteja kontakteillesi suoraan Mauticista? K\u00e4yt\u00e4 ilmaista <a href=\"https:\/\/github.com\/adiux\/mautic-trello\" target=\"_blank\" rel=\"noopener\">Mautic Trello -lis\u00e4osaa<\/a>. <\/p>\n","protected":false},"excerpt":{"rendered":"<p>Autamme sinua Trello <a href=\"https:\/\/aivie.ch\/mautic-mit-trello-verbinden\/\">Power-Up -asennuksessa.<\/a> K\u00e4yt\u00e4 Trelloa yhteystietojesi hallintaan: N\u00e4et kaikki olennaiset yhteystiedot CRM:st\u00e4 suoraan Trellossa.  Joten et j\u00e4\u00e4 mist\u00e4\u00e4n paitsi!<\/p>\n","protected":false},"featured_media":22396,"comment_status":"open","ping_status":"closed","template":"","meta":{"_acf_changed":false},"product_brand":[],"product_cat":[968],"product_tag":[],"class_list":{"0":"post-22395","1":"product","2":"type-product","3":"status-publish","4":"has-post-thumbnail","6":"product_cat-mautic-liitaennaeinen","8":"first","9":"instock","10":"virtual","11":"taxable","12":"purchasable","13":"product-type-simple"},"acf":[],"featured_image_urls_v2":{"full":["https:\/\/cdn.aivie.ch\/media\/wp\/2023\/06\/07153450\/Trello-Plugin.png",800,800,false],"thumbnail":["https:\/\/cdn.aivie.ch\/media\/wp\/2023\/06\/07153450\/Trello-Plugin-240x240.png",240,240,true],"medium":["https:\/\/cdn.aivie.ch\/media\/wp\/2023\/06\/07153450\/Trello-Plugin.png",800,800,false],"medium_large":["https:\/\/cdn.aivie.ch\/media\/wp\/2023\/06\/07153450\/Trello-Plugin-768x768.png",768,768,true],"large":["https:\/\/cdn.aivie.ch\/media\/wp\/2023\/06\/07153450\/Trello-Plugin.png",800,800,false],"post-thumbnail":["https:\/\/cdn.aivie.ch\/media\/wp\/2023\/06\/07153450\/Trello-Plugin.png",800,800,false],"aiv_480w":["https:\/\/cdn.aivie.ch\/media\/wp\/2023\/06\/07153450\/Trello-Plugin-480x480.png",480,480,true],"woocommerce_thumbnail":["https:\/\/cdn.aivie.ch\/media\/wp\/2023\/06\/07153450\/Trello-Plugin-240x240.png",240,240,true],"woocommerce_single":["https:\/\/cdn.aivie.ch\/media\/wp\/2023\/06\/07153450\/Trello-Plugin.png",800,800,false],"woocommerce_gallery_thumbnail":["https:\/\/cdn.aivie.ch\/media\/wp\/2023\/06\/07153450\/Trello-Plugin-240x240.png",240,240,true]},"post_excerpt_stackable_v2":"<p>Autamme sinua Trello <a href=\"https:\/\/aivie.ch\/mautic-mit-trello-verbinden\/\">Power-Up -asennuksessa.<\/a> K\u00e4yt\u00e4 Trelloa yhteystietojesi hallintaan: N\u00e4et kaikki olennaiset yhteystiedot CRM:st\u00e4 suoraan Trellossa.  Joten et j\u00e4\u00e4 mist\u00e4\u00e4n paitsi!<\/p>\n","category_list_v2":"","author_info_v2":{"name":"","url":""},"comments_num_v2":"0 comments","_links":{"self":[{"href":"https:\/\/aivie.ch\/fi\/wp-json\/wp\/v2\/product\/22395","targetHints":{"allow":["GET"]}}],"collection":[{"href":"https:\/\/aivie.ch\/fi\/wp-json\/wp\/v2\/product"}],"about":[{"href":"https:\/\/aivie.ch\/fi\/wp-json\/wp\/v2\/types\/product"}],"replies":[{"embeddable":true,"href":"https:\/\/aivie.ch\/fi\/wp-json\/wp\/v2\/comments?post=22395"}],"wp:featuredmedia":[{"embeddable":true,"href":"https:\/\/aivie.ch\/fi\/wp-json\/wp\/v2\/media\/22396"}],"wp:attachment":[{"href":"https:\/\/aivie.ch\/fi\/wp-json\/wp\/v2\/media?parent=22395"}],"wp:term":[{"taxonomy":"product_brand","embeddable":true,"href":"https:\/\/aivie.ch\/fi\/wp-json\/wp\/v2\/product_brand?post=22395"},{"taxonomy":"product_cat","embeddable":true,"href":"https:\/\/aivie.ch\/fi\/wp-json\/wp\/v2\/product_cat?post=22395"},{"taxonomy":"product_tag","embeddable":true,"href":"https:\/\/aivie.ch\/fi\/wp-json\/wp\/v2\/product_tag?post=22395"}],"curies":[{"name":"wp","href":"https:\/\/api.w.org\/{rel}","templated":true}]}}