{"id":22390,"date":"2023-03-17T17:38:53","date_gmt":"2023-03-17T15:38:53","guid":{"rendered":"https:\/\/aivie.ch\/product\/mautic-bexio-plugin\/"},"modified":"2026-03-24T18:36:04","modified_gmt":"2026-03-24T16:36:04","slug":"mautic-bexio-plugin","status":"publish","type":"product","link":"https:\/\/aivie.ch\/fi\/tuote\/mautic-bexio-plugin\/","title":{"rendered":"Mautic Bexio Plugin"},"content":{"rendered":"<p>Mautic Bexio -lis\u00e4osan avulla voit tallentaa yhteystietosi automaattisesti Bexioon ja ammattimaistaa markkinointi- ja myyntiprosessisi. T\u00e4m\u00e4n tehokkaan integraation avulla voit vied\u00e4 yhteystietosi Mauticista Bexioon joko automaattisesti kampanjoiden kautta tai manuaalisesti yhteystietosivun kautta. <\/p>\n<ul>\n<li>Synkronoi yhteystiedot kampanjoista Bexioon automaattisesti<\/li>\n<li>Synkronoi yhteystiedot manuaalisesti Bexioon<\/li>\n<li>Olemassa olevien yhteystietojen tunnistaminen Bexiossa<\/li>\n<li>Yhteensopiva Mauticin version 4 ja uudempien kanssa.<\/li>\n<\/ul>\n<p>Helpota p\u00e4ivitt\u00e4ist\u00e4 ty\u00f6t\u00e4si ja s\u00e4\u00e4st\u00e4 arvokasta aikaa ja resursseja Mautic Bexio -lis\u00e4osan avulla. Se automatisoi toistuvat teht\u00e4v\u00e4t, kuten yhteystietojen viennin Mauticista Bexioon, jotta voit keskitty\u00e4 muihin t\u00e4rkeisiin teht\u00e4viin. Samalla se varmistaa, ett\u00e4 yhteystietosi synkronoidaan alustojen v\u00e4lill\u00e4.  <\/p>\n<p>Mautic Bexio Connector on v\u00e4ltt\u00e4m\u00e4t\u00f6n ty\u00f6kalu yrityksille, jotka haluavat ammattimaistaa markkinointi- ja myyntiprosessejaan ja parantaa yhteyksien hallintaa. K\u00e4ytt\u00e4j\u00e4yst\u00e4v\u00e4llisen k\u00e4ytt\u00f6liittym\u00e4n, automatisointitoimintojen ja kehittyneen raportoinnin ansiosta Mautic Bexio -liit\u00e4nn\u00e4inen tarjoaa ihanteellisen ratkaisun yhteystietojen viemiseksi Mauticista Bexioon. Se yksinkertaistaa ty\u00f6nkulkua, lis\u00e4\u00e4 tehokkuutta ja auttaa optimoimaan liiketoimintaprosesseja.  <\/p>\n<p>Aloita jo t\u00e4n\u00e4\u00e4n ja tutustu itse t\u00e4m\u00e4n integraation tehoon. Mautic <a href=\"https:\/\/www.bexio.com\/de-CH\/?gad=1&amp;gclid=CjwKCAjwkLCkBhA9EiwAka9QRgwvE99LTkk9Kg2vzhih1Mz7EtlWxz3IbWMpfkKH1euj0i5y_v3UMxoCkWoQAvD_BwE&amp;gclsrc=aw.ds\" target=\"_blank\" rel=\"noopener\">Bexio<\/a> -lis\u00e4osa sis\u00e4ltyy kaikkiin <a href=\"https:\/\/aivie.ch\/fi\/hinnat-ja-paketit\/\">Aivie-asiakkaisiin<\/a>. <\/p>\n<p>Puuttuuko sinulta viel\u00e4 ominaisuuksia? Anna meille <a href=\"https:\/\/aivie.ch\/fi\/ota-yhteyttae\/\">palautetta ja<\/a> kehit\u00e4 lis\u00e4osaa edelleen kanssamme. <\/p>\n","protected":false},"excerpt":{"rendered":"<p><span style=\"font-weight: 400;\">K\u00e4yt\u00e4tk\u00f6 Bexiota kirjanpitoon ja haluat vied\u00e4 yhteystietosi Mauticista Bexioon? Voit yhdist\u00e4\u00e4 Mautic- ja Bexio-tilej\u00e4si muutamalla klikkauksella ja aloittaa yhteystietojen viennin Bexioon. <\/span><\/p>\n<p>*Bexio-lis\u00e4osa on jo integroitu kaikille Aivie-asiakkaille.<\/p>\n","protected":false},"featured_media":22391,"comment_status":"open","ping_status":"closed","template":"","meta":{"_acf_changed":false},"product_brand":[],"product_cat":[968],"product_tag":[],"class_list":{"0":"post-22390","1":"product","2":"type-product","3":"status-publish","4":"has-post-thumbnail","6":"product_cat-mautic-liitaennaeinen","8":"first","9":"instock","10":"virtual","11":"taxable","12":"purchasable","13":"product-type-subscription"},"acf":[],"featured_image_urls_v2":{"full":["https:\/\/cdn.aivie.ch\/media\/wp\/2023\/03\/07155623\/Bexio-Mautic-Plugin.png",800,800,false],"thumbnail":["https:\/\/cdn.aivie.ch\/media\/wp\/2023\/03\/07155623\/Bexio-Mautic-Plugin-240x240.png",240,240,true],"medium":["https:\/\/cdn.aivie.ch\/media\/wp\/2023\/03\/07155623\/Bexio-Mautic-Plugin.png",800,800,false],"medium_large":["https:\/\/cdn.aivie.ch\/media\/wp\/2023\/03\/07155623\/Bexio-Mautic-Plugin-768x768.png",768,768,true],"large":["https:\/\/cdn.aivie.ch\/media\/wp\/2023\/03\/07155623\/Bexio-Mautic-Plugin.png",800,800,false],"post-thumbnail":["https:\/\/cdn.aivie.ch\/media\/wp\/2023\/03\/07155623\/Bexio-Mautic-Plugin.png",800,800,false],"aiv_480w":["https:\/\/cdn.aivie.ch\/media\/wp\/2023\/03\/07155623\/Bexio-Mautic-Plugin-480x480.png",480,480,true],"woocommerce_thumbnail":["https:\/\/cdn.aivie.ch\/media\/wp\/2023\/03\/07155623\/Bexio-Mautic-Plugin-240x240.png",240,240,true],"woocommerce_single":["https:\/\/cdn.aivie.ch\/media\/wp\/2023\/03\/07155623\/Bexio-Mautic-Plugin.png",800,800,false],"woocommerce_gallery_thumbnail":["https:\/\/cdn.aivie.ch\/media\/wp\/2023\/03\/07155623\/Bexio-Mautic-Plugin-240x240.png",240,240,true]},"post_excerpt_stackable_v2":"<p><span style=\"font-weight: 400;\">K\u00e4yt\u00e4tk\u00f6 Bexiota kirjanpitoon ja haluat vied\u00e4 yhteystietosi Mauticista Bexioon? Voit yhdist\u00e4\u00e4 Mautic- ja Bexio-tilej\u00e4si muutamalla klikkauksella ja aloittaa yhteystietojen viennin Bexioon. <\/span><\/p>\n<p>*Bexio-lis\u00e4osa on jo integroitu kaikille Aivie-asiakkaille.<\/p>\n","category_list_v2":"","author_info_v2":{"name":"","url":""},"comments_num_v2":"0 comments","_links":{"self":[{"href":"https:\/\/aivie.ch\/fi\/wp-json\/wp\/v2\/product\/22390","targetHints":{"allow":["GET"]}}],"collection":[{"href":"https:\/\/aivie.ch\/fi\/wp-json\/wp\/v2\/product"}],"about":[{"href":"https:\/\/aivie.ch\/fi\/wp-json\/wp\/v2\/types\/product"}],"replies":[{"embeddable":true,"href":"https:\/\/aivie.ch\/fi\/wp-json\/wp\/v2\/comments?post=22390"}],"wp:featuredmedia":[{"embeddable":true,"href":"https:\/\/aivie.ch\/fi\/wp-json\/wp\/v2\/media\/22391"}],"wp:attachment":[{"href":"https:\/\/aivie.ch\/fi\/wp-json\/wp\/v2\/media?parent=22390"}],"wp:term":[{"taxonomy":"product_brand","embeddable":true,"href":"https:\/\/aivie.ch\/fi\/wp-json\/wp\/v2\/product_brand?post=22390"},{"taxonomy":"product_cat","embeddable":true,"href":"https:\/\/aivie.ch\/fi\/wp-json\/wp\/v2\/product_cat?post=22390"},{"taxonomy":"product_tag","embeddable":true,"href":"https:\/\/aivie.ch\/fi\/wp-json\/wp\/v2\/product_tag?post=22390"}],"curies":[{"name":"wp","href":"https:\/\/api.w.org\/{rel}","templated":true}]}}