{"id":22379,"date":"2023-06-07T15:59:12","date_gmt":"2023-06-07T13:59:12","guid":{"rendered":"https:\/\/aivie.ch\/product\/mautic-e-mail-wizard-lisaeosa\/"},"modified":"2026-03-27T09:28:19","modified_gmt":"2026-03-27T07:28:19","slug":"mautic-e-mail-wizard-lisaeosa","status":"publish","type":"product","link":"https:\/\/aivie.ch\/fi\/tuote\/mautic-e-mail-wizard-lisaeosa\/","title":{"rendered":"Mautic ChatGPT-liit\u00e4nn\u00e4inen"},"content":{"rendered":"<p>Mautic ChatGPT -lis\u00e4osa tarjoaa intuitiivisen k\u00e4ytt\u00f6liittym\u00e4n, jonka avulla k\u00e4ytt\u00e4j\u00e4t voivat luoda vaikuttavia s\u00e4hk\u00f6posteja. Muutamalla klikkauksella voit valita haluamasi s\u00e4hk\u00f6postityypin, kuten uutiskirjeet, kampanjat tai kiitosviestit, ja sy\u00f6tt\u00e4\u00e4 sitten henkil\u00f6kohtaisen sis\u00e4ll\u00f6n. <\/p>\n<p>Ohjatun s\u00e4hk\u00f6postin erityispiirre on sen yhteys ChatGPT AI:n kanssa. T\u00e4m\u00e4 \u00e4lyk\u00e4s tekniikka analysoi sy\u00f6tteesi ja luo automaattisesti sopivia ehdotuksia s\u00e4hk\u00f6postitekstiksi. Voit mukauttaa ehdotuksia r\u00e4\u00e4t\u00e4l\u00f6id\u00e4ksesi viestin s\u00e4vyn ja tyylin mieleiseksesi. N\u00e4in s\u00e4\u00e4st\u00e4t aikaa ja vaivaa muotoilussa ja voit silti l\u00e4hett\u00e4\u00e4 ammattimaisen n\u00e4k\u00f6isi\u00e4 s\u00e4hk\u00f6postiviestej\u00e4.   <\/p>\n<p>Koe Mautic Email Wizard -lis\u00e4osan helppous ja tehokkuus. Vain muutamalla napsautuksella voit luoda vaikuttavia s\u00e4hk\u00f6posteja ja vied\u00e4 viestinn\u00e4n seuraavalle tasolle. S\u00e4\u00e4st\u00e4 aikaa luomalla laadukkaita s\u00e4hk\u00f6posteja yhdell\u00e4 napin painalluksella ja keskity olennaiseen: s\u00e4hk\u00f6postikampanjoidesi onnistumiseen.  <\/p>\n<p>[embedyt]<br \/>\nhttps:\/\/www.youtube.com\/watch?v=3XOUcx9zl94[\/embedyt]<\/p>\n<p>*Ohjattu s\u00e4hk\u00f6postitoiminto on jo integroitu kaikkiin Aivie-asiakkaisiin.<\/p>\n<p>&nbsp;<\/p>\n<h3>K\u00e4yt\u00e4tk\u00f6 ChatGPT:t\u00e4 Mauticille?<\/h3>\n<p>Annamme ominaisuuden mielell\u00e4mme Mauticin avoimen l\u00e4hdekoodin yhteis\u00f6n k\u00e4ytt\u00f6\u00f6n, jos kiinnostusta riitt\u00e4\u00e4.<br \/>\n<script type=\"text\/javascript\" src=\"https:\/\/m.aivie.ch\/form\/generate.js?id=94\"><\/script><\/p>\n<h3>Aivie email ja laskeutumissivun rakentaja<\/h3>\n<p>Luo nykyaikaisia, CI-yhteensopivia ja dynaamisia Mautic-s\u00e4hk\u00f6posteja ja laskeutumissivuja nopeammin kuin koskaan aiemmin \u2013 Aivien Mautic Builderin avulla.<br \/>\n<a href=\"https:\/\/aivie.ch\/fi\/tuote\/mautic-plugin-saehkoepostin-ja-landingpage-builderin-rakentaja\/\">https:\/\/aivie.ch\/product\/mautic-builder-for-e-mail-und-landingpages\/<\/a><\/p>\n<p>&nbsp;<\/p>\n","protected":false},"excerpt":{"rendered":"<p>Mautic-lis\u00e4osa ChatGPT k\u00e4ytt\u00e4\u00e4 teko\u00e4ly\u00e4, joka auttaa sinua luomaan ammattimaisia uutiskirjeit\u00e4 ja s\u00e4hk\u00f6posteja. Olitpa sitten aloittelija tai kokenut s\u00e4hk\u00f6postimarkkinoija, ohjattu ohjelma on rinnallasi ja sen avulla voit luoda valmiita s\u00e4hk\u00f6posteja muutamassa minuutissa. <\/p>\n","protected":false},"featured_media":22385,"comment_status":"open","ping_status":"closed","template":"","meta":{"_acf_changed":false},"product_brand":[],"product_cat":[968],"product_tag":[1282],"class_list":{"0":"post-22379","1":"product","2":"type-product","3":"status-publish","4":"has-post-thumbnail","6":"product_cat-mautic-liitaennaeinen","7":"product_tag-chatgpt","9":"first","10":"outofstock","11":"virtual","12":"taxable","13":"product-type-subscription"},"acf":[],"featured_image_urls_v2":{"full":["https:\/\/cdn.aivie.ch\/media\/wp\/2023\/06\/07160452\/1.png",800,800,false],"thumbnail":["https:\/\/cdn.aivie.ch\/media\/wp\/2023\/06\/07160452\/1-240x240.png",240,240,true],"medium":["https:\/\/cdn.aivie.ch\/media\/wp\/2023\/06\/07160452\/1.png",800,800,false],"medium_large":["https:\/\/cdn.aivie.ch\/media\/wp\/2023\/06\/07160452\/1-768x768.png",768,768,true],"large":["https:\/\/cdn.aivie.ch\/media\/wp\/2023\/06\/07160452\/1.png",800,800,false],"post-thumbnail":["https:\/\/cdn.aivie.ch\/media\/wp\/2023\/06\/07160452\/1.png",800,800,false],"aiv_480w":["https:\/\/cdn.aivie.ch\/media\/wp\/2023\/06\/07160452\/1-480x480.png",480,480,true],"woocommerce_thumbnail":["https:\/\/cdn.aivie.ch\/media\/wp\/2023\/06\/07160452\/1-240x240.png",240,240,true],"woocommerce_single":["https:\/\/cdn.aivie.ch\/media\/wp\/2023\/06\/07160452\/1.png",800,800,false],"woocommerce_gallery_thumbnail":["https:\/\/cdn.aivie.ch\/media\/wp\/2023\/06\/07160452\/1-240x240.png",240,240,true]},"post_excerpt_stackable_v2":"<p>Mautic-lis\u00e4osa ChatGPT k\u00e4ytt\u00e4\u00e4 teko\u00e4ly\u00e4, joka auttaa sinua luomaan ammattimaisia uutiskirjeit\u00e4 ja s\u00e4hk\u00f6posteja. Olitpa sitten aloittelija tai kokenut s\u00e4hk\u00f6postimarkkinoija, ohjattu ohjelma on rinnallasi ja sen avulla voit luoda valmiita s\u00e4hk\u00f6posteja muutamassa minuutissa. <\/p>\n","category_list_v2":"","author_info_v2":{"name":"","url":""},"comments_num_v2":"0 comments","_links":{"self":[{"href":"https:\/\/aivie.ch\/fi\/wp-json\/wp\/v2\/product\/22379","targetHints":{"allow":["GET"]}}],"collection":[{"href":"https:\/\/aivie.ch\/fi\/wp-json\/wp\/v2\/product"}],"about":[{"href":"https:\/\/aivie.ch\/fi\/wp-json\/wp\/v2\/types\/product"}],"replies":[{"embeddable":true,"href":"https:\/\/aivie.ch\/fi\/wp-json\/wp\/v2\/comments?post=22379"}],"wp:featuredmedia":[{"embeddable":true,"href":"https:\/\/aivie.ch\/fi\/wp-json\/wp\/v2\/media\/22385"}],"wp:attachment":[{"href":"https:\/\/aivie.ch\/fi\/wp-json\/wp\/v2\/media?parent=22379"}],"wp:term":[{"taxonomy":"product_brand","embeddable":true,"href":"https:\/\/aivie.ch\/fi\/wp-json\/wp\/v2\/product_brand?post=22379"},{"taxonomy":"product_cat","embeddable":true,"href":"https:\/\/aivie.ch\/fi\/wp-json\/wp\/v2\/product_cat?post=22379"},{"taxonomy":"product_tag","embeddable":true,"href":"https:\/\/aivie.ch\/fi\/wp-json\/wp\/v2\/product_tag?post=22379"}],"curies":[{"name":"wp","href":"https:\/\/api.w.org\/{rel}","templated":true}]}}