{"id":22355,"date":"2023-06-13T14:00:48","date_gmt":"2023-06-13T12:00:48","guid":{"rendered":"https:\/\/aivie.ch\/product\/mautic-cal-com-plugin-optimoi-aikataulusi\/"},"modified":"2025-09-25T10:48:51","modified_gmt":"2025-09-25T08:48:51","slug":"mautic-cal-com-plugin-optimoi-aikataulusi","status":"publish","type":"product","link":"https:\/\/aivie.ch\/fi\/tuote\/mautic-cal-com-plugin-optimoi-aikataulusi\/","title":{"rendered":"Mautic Cal.com Plugin \u2013 Optimoi aikataulusi"},"content":{"rendered":"<p>Olitpa sitten itsen\u00e4isen\u00e4 ammatinharjoittajana, joudutko koordinoimaan tiimi\u00e4si tai haluatko yksinkertaisesti parantaa henkil\u00f6kohtaista ajank\u00e4yt\u00f6n suunnittelua, Mautic \u2013 Cal.com -lis\u00e4osa tarjoaa sinulle <a href=\"https:\/\/aivie.ch\/fi\/feature\/varaa-tapaamiset-cal-comin-avulla\/\">lukuisia etuja ja toimintoja<\/a>, jotka auttavat sinua j\u00e4rjest\u00e4m\u00e4\u00e4n tapaamisesi tehokkaammin.<\/p>\n<p>Mautic \u2013 Cal.com -lis\u00e4osan edut:<\/p>\n<ul>\n<li><strong>Yksinkertaistettu ajanvarauksen suunnittelu:<\/strong> Lis\u00e4osan avulla voit jakaa saatavuutesi nopeasti ja helposti. Voit luoda henkil\u00f6kohtaisen aikataulun ja antaa asiakkaille, tiimin j\u00e4senille tai kumppaneille suoran p\u00e4\u00e4syn siihen. N\u00e4in he voivat k\u00e4tev\u00e4sti ja nopeasti valita molemmille osapuolille sopivan tapaamisen ilman edestakaista aikatauluttamista.  <\/li>\n<li><strong>Automaattiset ajanvarausmuistutukset:<\/strong> Mautic \u2013 Cal.com -laajennuksen avulla voit asettaa automaattisia ajanvarausmuistutuksia. Voit l\u00e4hett\u00e4\u00e4 s\u00e4hk\u00f6postitse tai tekstiviestill\u00e4 ilmoituksia asiakkaillesi tai tiimisi j\u00e4senille varmistaaksesi, etteiv\u00e4t he unohda tapaamisia. N\u00e4in s\u00e4\u00e4st\u00e4t aikaa ja menetetyt tapaamiset v\u00e4henev\u00e4t.  <\/li>\n<li><strong>Joustava ajanhallinta:<\/strong> Liit\u00e4nn\u00e4isen avulla voit m\u00e4\u00e4ritell\u00e4 yksitt\u00e4isi\u00e4 aikav\u00e4lej\u00e4 ja k\u00e4ytett\u00e4vyyksi\u00e4. Voit ajoittaa taukoja, tehd\u00e4 lohkoja ja asettaa prioriteetteja. N\u00e4in voit hallita aikaasi t\u00e4ysin ja varmistaa, ett\u00e4 sinulla on riitt\u00e4v\u00e4sti tilaa t\u00e4rkeille teht\u00e4ville, kokouksille tai henkil\u00f6kohtaisille aktiviteeteille.  <\/li>\n<li><strong>Integrointi olemassa oleviin kalentereihin:<\/strong> Mautic \u2013 Cal.com -lis\u00e4osa voidaan synkronoida saumattomasti olemassa olevan kalenterisi kanssa (esim. Google Calendar, Outlook). Sinun ei tarvitse vaihtaa eri alustojen v\u00e4lill\u00e4, vaan voit hallita kaikkia tapaamisia yhdess\u00e4 keskitetyss\u00e4 paikassa. N\u00e4in s\u00e4\u00e4st\u00e4t aikaa ja v\u00e4lt\u00e4t p\u00e4\u00e4llekk\u00e4iset tapaamiset.  <\/li>\n<\/ul>\n<p>Kenelle Mautic \u2013 Cal.com-lis\u00e4osa sopii?<\/p>\n<p><strong>Itsen\u00e4iset ammatinharjoittajat<\/strong>: Lis\u00e4osan avulla itsen\u00e4iset ammatinharjoittajat voivat hallita tapaamisiaan tehokkaasti ja s\u00e4\u00e4st\u00e4\u00e4 aikaa. Voit ilmoittaa selke\u00e4sti saatavuudestasi ja antaa asiakkaiden varata tapaamisia suoraan. T\u00e4m\u00e4 edist\u00e4\u00e4 sujuvaa yhteisty\u00f6t\u00e4 ja parantaa tuottavuuttasi.  <\/p>\n<p><strong>Tiimikoordinaattorit:<\/strong> Lis\u00e4osa helpottaa huomattavasti tiimikokousten ja -keskustelujen suunnittelua. N\u00e4et kaikkien tiimin j\u00e4senten saatavuuden yhdell\u00e4 silm\u00e4yksell\u00e4 ja voit koordinoida tapaamiset sen mukaisesti. N\u00e4in minimoidaan ristiriidat ja varmistetaan, ett\u00e4 kaikki sujuu ongelmitta.  <\/p>\n<p><strong>Yksityishenkil\u00f6t:<\/strong> Mautic \u2013 <a href=\"https:\/\/cal.com\/\" target=\"_blank\" rel=\"noopener\">Cal.com<\/a> -laajennus on hy\u00f6dyllinen my\u00f6s henkil\u00f6kohtaiseen k\u00e4ytt\u00f6\u00f6n. Voit j\u00e4rjest\u00e4\u00e4 omat tapaamisesi ja sitoumuksesi tehokkaasti ja varmistaa, ett\u00e4 sinulla on riitt\u00e4v\u00e4sti aikaa t\u00e4rkeisiin toimintoihin. T\u00e4m\u00e4 auttaa sinua l\u00f6yt\u00e4m\u00e4\u00e4n tasapainon ty\u00f6n ja vapaa-ajan v\u00e4lill\u00e4.  <\/p>\n","protected":false},"excerpt":{"rendered":"<p>Aivie \u2013 Cal.com -laajennuksen avulla voit optimoida aikataulusi ja vied\u00e4 tapaamisten ja kokousten hallinnan uudelle tasolle. Integroi Aivie \u2013 Cal.com-lis\u00e4osa Mautics-j\u00e4rjestelm\u00e4\u00e4si. <\/p>\n<p><a href=\"https:\/\/aivie.ch\/fi\/feature\/varaa-tapaamiset-cal-comin-avulla\/\">*Cal.com-lis\u00e4osa on jo integroitu kaikkiin Aivie-asiakkaisiin.<\/a><\/p>\n","protected":false},"featured_media":22364,"comment_status":"open","ping_status":"closed","template":"","meta":{"_acf_changed":false},"product_brand":[],"product_cat":[968],"product_tag":[],"class_list":{"0":"post-22355","1":"product","2":"type-product","3":"status-publish","4":"has-post-thumbnail","6":"product_cat-mautic-liitaennaeinen","8":"first","9":"instock","10":"virtual","11":"taxable","12":"purchasable","13":"product-type-subscription"},"acf":[],"featured_image_urls_v2":{"full":["https:\/\/cdn.aivie.ch\/media\/wp\/2023\/06\/16095448\/Cal.com-Plugin.webp",800,800,false],"thumbnail":["https:\/\/cdn.aivie.ch\/media\/wp\/2023\/06\/16095448\/Cal.com-Plugin-240x240.webp",240,240,true],"medium":["https:\/\/cdn.aivie.ch\/media\/wp\/2023\/06\/16095448\/Cal.com-Plugin.webp",800,800,false],"medium_large":["https:\/\/cdn.aivie.ch\/media\/wp\/2023\/06\/16095448\/Cal.com-Plugin-768x768.webp",768,768,true],"large":["https:\/\/cdn.aivie.ch\/media\/wp\/2023\/06\/16095448\/Cal.com-Plugin.webp",800,800,false],"post-thumbnail":["https:\/\/cdn.aivie.ch\/media\/wp\/2023\/06\/16095448\/Cal.com-Plugin.webp",800,800,false],"aiv_480w":["https:\/\/cdn.aivie.ch\/media\/wp\/2023\/06\/16095448\/Cal.com-Plugin-480x480.webp",480,480,true],"woocommerce_thumbnail":["https:\/\/cdn.aivie.ch\/media\/wp\/2023\/06\/16095448\/Cal.com-Plugin-240x240.webp",240,240,true],"woocommerce_single":["https:\/\/cdn.aivie.ch\/media\/wp\/2023\/06\/16095448\/Cal.com-Plugin.webp",800,800,false],"woocommerce_gallery_thumbnail":["https:\/\/cdn.aivie.ch\/media\/wp\/2023\/06\/16095448\/Cal.com-Plugin-240x240.webp",240,240,true]},"post_excerpt_stackable_v2":"<p>Aivie \u2013 Cal.com -laajennuksen avulla voit optimoida aikataulusi ja vied\u00e4 tapaamisten ja kokousten hallinnan uudelle tasolle. Integroi Aivie \u2013 Cal.com-lis\u00e4osa Mautics-j\u00e4rjestelm\u00e4\u00e4si. <\/p>\n<p><a href=\"https:\/\/aivie.ch\/fi\/feature\/varaa-tapaamiset-cal-comin-avulla\/\">*Cal.com-lis\u00e4osa on jo integroitu kaikkiin Aivie-asiakkaisiin.<\/a><\/p>\n","category_list_v2":"","author_info_v2":{"name":"","url":""},"comments_num_v2":"0 comments","_links":{"self":[{"href":"https:\/\/aivie.ch\/fi\/wp-json\/wp\/v2\/product\/22355","targetHints":{"allow":["GET"]}}],"collection":[{"href":"https:\/\/aivie.ch\/fi\/wp-json\/wp\/v2\/product"}],"about":[{"href":"https:\/\/aivie.ch\/fi\/wp-json\/wp\/v2\/types\/product"}],"replies":[{"embeddable":true,"href":"https:\/\/aivie.ch\/fi\/wp-json\/wp\/v2\/comments?post=22355"}],"wp:featuredmedia":[{"embeddable":true,"href":"https:\/\/aivie.ch\/fi\/wp-json\/wp\/v2\/media\/22364"}],"wp:attachment":[{"href":"https:\/\/aivie.ch\/fi\/wp-json\/wp\/v2\/media?parent=22355"}],"wp:term":[{"taxonomy":"product_brand","embeddable":true,"href":"https:\/\/aivie.ch\/fi\/wp-json\/wp\/v2\/product_brand?post=22355"},{"taxonomy":"product_cat","embeddable":true,"href":"https:\/\/aivie.ch\/fi\/wp-json\/wp\/v2\/product_cat?post=22355"},{"taxonomy":"product_tag","embeddable":true,"href":"https:\/\/aivie.ch\/fi\/wp-json\/wp\/v2\/product_tag?post=22355"}],"curies":[{"name":"wp","href":"https:\/\/api.w.org\/{rel}","templated":true}]}}