{"id":28520,"date":"2026-02-17T12:13:17","date_gmt":"2026-02-17T10:13:17","guid":{"rendered":"https:\/\/aivie.ch\/tietosuoja-aiviessae\/"},"modified":"2026-04-02T19:21:40","modified_gmt":"2026-04-02T17:21:40","slug":"tietosuoja-aiviessae","status":"publish","type":"page","link":"https:\/\/aivie.ch\/fi\/tietosuoja-aiviessae\/","title":{"rendered":"Tietosuoja Aivie:ss\u00e4"},"content":{"rendered":"\n<p>T\u00e4ll\u00e4 sivulla kuvataan, miten Aivie k\u00e4sittelee henkil\u00f6tietoja asiakkaiden puolesta.<br\/>Se on tarkoitettu viitteeksi, jotta yritykset voivat helposti linkitt\u00e4\u00e4 n\u00e4m\u00e4 tiedot omiin tietosuojak\u00e4yt\u00e4nt\u00f6ihins\u00e4.<\/p>\n\n<p><strong>Lyhyesti sanottuna: asiakkaat<\/strong> pysyv\u00e4t rekisterinpit\u00e4jin\u00e4. Aivie on henkil\u00f6tietojen k\u00e4sittelij\u00e4 ja k\u00e4sittelee tietoja ainoastaan ohjeiden mukaisesti ja sovittuun tarkoitukseen. <\/p>\n\n<h2 class=\"wp-block-heading\" id=\"einfuehrung\">Johdanto<\/h2>\n\n<p>Aivie on markkinoinnin automaatioty\u00f6kalu. Yritykset k\u00e4ytt\u00e4v\u00e4t Aivieta kontaktien hallintaan,<br\/>kohderyhmien segmentointiin ja automaattisen viestinn\u00e4n l\u00e4hett\u00e4miseen s\u00e4hk\u00f6postin, tekstiviestien tai push-kanavien kautta. <\/p>\n\n<p>Aivie on is\u00e4nn\u00f6ity ratkaisu. Aivie k\u00e4sittelee henkil\u00f6tietoja asiakkaan puolesta. Asiakas on edelleen vastuussa yhteystietojensa sis\u00e4ll\u00f6st\u00e4, tarkoituksesta, laillisuudesta, s\u00e4ilytt\u00e4misvelvoitteista ja avoimuudesta.  <\/p>\n\n<h2 class=\"wp-block-heading\" id=\"use-cases\">Esimerkkej\u00e4 k\u00e4ytt\u00f6tapauksista<\/h2>\n\n<p>Aivieta k\u00e4ytet\u00e4\u00e4n tyypillisesti markkinoinnin ja asiakasviestinn\u00e4n automatisointiin mitattavasti ja tehokkaasti.<br\/>Esimerkkej\u00e4:<\/p>\n\n<ul class=\"wp-block-list\">\n<li><strong>Uutiskirjeet ja kampanjat: Segmentoidut<\/strong> s\u00e4hk\u00f6postikampanjat, joiden avaukset ja klikkaukset ovat mitattavissa.<\/li>\n\n\n\n<li><strong>Liidien luominen: laskeutumissivut<\/strong> ja lomakkeet, jotka ker\u00e4\u00e4v\u00e4t liidit ja muuttavat ne listoiksi tai segmenteiksi.<\/li>\n\n\n\n<li><strong>Lead nurturing: automatisoidut<\/strong> reitit kiinnostuksen, k\u00e4ytt\u00e4ytymisen tai suppilovaiheen mukaan.<\/li>\n\n\n\n<li><strong>Tapahtumaviestint\u00e4: vahvistukset<\/strong>, jatkotoimenpiteet, tapahtumainformaatio.<\/li>\n\n\n\n<li><strong>Uudelleenaktivointi: Automaattiset<\/strong> kampanjat, jos matkoja ei ole tehty tai ne on peruutettu.<\/li>\n\n\n\n<li><strong>Suostumus ja mieltymykset:<\/strong> Suostumuksen ja viestint\u00e4asetusten hallinta<\/li>\n<\/ul>\n\n<h2 class=\"wp-block-heading\" id=\"was-aivie-macht\">Mit\u00e4 tietoja k\u00e4sitell\u00e4\u00e4n Aivien kanssa<\/h2>\n\n<p>Aivie on suunniteltu siten, ett\u00e4 asiakkaat voivat itse hallita tietojenk\u00e4sittely\u00e4. Se, mit\u00e4 tietoja ker\u00e4t\u00e4\u00e4n,<br\/>riippuu kokoonpanosta, lomakkeista ja k\u00e4ytetyist\u00e4 toiminnoista. <\/p>\n\n<h3 class=\"wp-block-heading\">Tyypilliset tietoluokat<\/h3>\n\n<ul class=\"wp-block-list\">\n<li><strong>Tunnistetiedot: esim.<\/strong> nimi, s\u00e4hk\u00f6postiosoite.<\/li>\n\n\n\n<li><strong>Analyyttiset tiedot: esim.<\/strong> reaktiot kampanjoihin, avaukset, klikkaukset, konversiot.<\/li>\n\n\n\n<li><strong>Tekniset tiedot: esim.<\/strong> IP-osoite, laite- ja selaintiedot, lokitiedot turvallista toimintaa varten.<\/li>\n\n\n\n<li><strong>Asiakkaan m\u00e4\u00e4rittelem\u00e4t profiilitiedot: esim.<\/strong> yritys, rooli, kiinnostuksen kohteet, suostumuksen tila.<\/li>\n<\/ul>\n\n<p>Asianomaiset henkil\u00f6t ovat tyypillisesti Aivien asiakkaiden yhteyshenkil\u00f6it\u00e4, johtohenkil\u00f6it\u00e4 tai asiakkaita.<\/p>\n\n<h2 class=\"wp-block-heading\" id=\"rollen\">Roolit ja vastuualueet<\/h2>\n\n<p>P\u00e4\u00e4s\u00e4\u00e4nt\u00f6isesti:<\/p>\n\n<ul class=\"wp-block-list\">\n<li><strong>Vastuuhenkil\u00f6t:<\/strong> Aivie-asiakkaat, jotka k\u00e4ytt\u00e4v\u00e4t Aivieta yrityksess\u00e4\u00e4n.<\/li>\n\n\n\n<li><strong>Prosessori: Aivie<\/strong> by Idea 2 Collective GmbH<\/li>\n<\/ul>\n\n<p>Aivie k\u00e4sittelee henkil\u00f6tietoja ainoastaan rekisterinpit\u00e4j\u00e4n dokumentoitujen ohjeiden mukaisesti.<br\/>K\u00e4sittely omiin tarkoituksiin on suljettu pois.<\/p>\n\n<h3 class=\"wp-block-heading\">Ota yhteytt\u00e4<\/h3>\n\n<p>Idea 2 Collective GmbH<br\/>Wengistrasse 6<br\/><a href=\"mailto:legal@aivie.ch\"> CH 8004 Z\u00fcrich<br\/> legal@aivie.ch<\/a><\/p>\n\n<h2 class=\"wp-block-heading\">Tietosuoja ja tietojen riippumattomuus<\/h2>\n\n<p>Asiakkaat pysyv\u00e4t aina tietojensa omistajina. Aivie k\u00e4sittelee henkil\u00f6tietoja yksinomaan asiakkaan puolesta eik\u00e4 siirr\u00e4 k\u00e4ytt\u00f6oikeuksia kolmansille osapuolille. Tiedot voidaan vied\u00e4, siirt\u00e4\u00e4 tai poistaa kokonaan sopimuksen p\u00e4\u00e4ttymisen j\u00e4lkeen.  <\/p>\n\n<h2 class=\"wp-block-heading\" id=\"datenschutz-sicherheit\">Tietosuoja ja tietoturva<\/h2>\n\n<p>Aivie suojaa tilaustiedot eritt\u00e4in huolellisesti. Yritys on j\u00e4rjest\u00e4ytynyt siten, ett\u00e4 vain henkil\u00f6ille, jotka tarvitsevat niit\u00e4 ehdottomasti toiminnan ja tuen kannalta, my\u00f6nnet\u00e4\u00e4n p\u00e4\u00e4sy,<br\/>. P\u00e4\u00e4sy my\u00f6nnet\u00e4\u00e4n need-to-know-periaatteella.  <\/p>\n\n<h3 class=\"wp-block-heading\">Luottamuksellisuus ja p\u00e4\u00e4sy<\/h3>\n\n<ul class=\"wp-block-list\">\n<li>Henkil\u00f6t, joilla on oikeus tutustua tietoihin, ovat velvollisia s\u00e4ilytt\u00e4m\u00e4\u00e4n luottamuksellisuuden.<\/li>\n\n\n\n<li>Jaettuja k\u00e4ytt\u00e4j\u00e4tilej\u00e4 v\u00e4ltet\u00e4\u00e4n<\/li>\n\n\n\n<li>Oikeudet jaetaan roolipohjaisesti ja minimiperusteisesti.<\/li>\n<\/ul>\n\n<h3 class=\"wp-block-heading\">Asiakastuki<\/h3>\n\n<p>Aivie tukee asiakkaita rekister\u00f6ityjen oikeuksien ja velvollisuuksien t\u00e4ytt\u00e4misess\u00e4.<br\/>N\u00e4ihin kuuluvat tietojen antaminen, oikaiseminen, poistaminen, rajoittaminen ja tietojen siirrett\u00e4vyys,<br\/>silt\u00e4 osin kuin se on tarpeen tilausten k\u00e4sittelyn yhteydess\u00e4.<\/p>\n\n<h3 class=\"wp-block-heading\">Tietosuojatapahtumien k\u00e4sittely<\/h3>\n\n<p>Jos henkil\u00f6tietojen tietoturvaloukkaus tapahtuu, Aivie ilmoittaa siit\u00e4 rekisterinpit\u00e4j\u00e4lle v\u00e4litt\u00f6m\u00e4sti saatuaan siit\u00e4 tiedon.<br\/>Ilmoituksen on sis\u00e4llett\u00e4v\u00e4 ainakin tietoturvaloukkauksen luonne, mahdolliset seuraukset ja jo toteutetut tai suunnitellut vastatoimet.<\/p>\n\n<h2 class=\"wp-block-heading\" id=\"infrastruktur-sicherheit\">Infrastruktuuri ja turvallisuusarkkitehtuuri<\/h2>\n\n<p>Alusta on suunniteltu varmistamaan turvallisuus, skaalautuvuus ja j\u00e4ljitett\u00e4vyys infrastruktuuri- ja sovellustasolla. Seuraavassa on yleiskatsaus keskeisiin turvamekanismeihin. <\/p>\n\n<h3 class=\"wp-block-heading\">Pilvi-infrastruktuuri<\/h3>\n\n<ul class=\"wp-block-list\">\n<li>Hosting pilvipalvelualustalla ja sijainnit asetusten mukaan (esim. Sveitsi).<\/li>\n\n\n\n<li>Maailmanlaajuinen, eritt\u00e4in k\u00e4ytett\u00e4viss\u00e4 oleva verkkoarkkitehtuuri, jossa on redundantteja komponentteja.<\/li>\n\n\n\n<li>Sovelluksen, tiedostoj\u00e4rjestelm\u00e4n, tietokannan, v\u00e4limuistin ja s\u00e4hk\u00f6posti-infrastruktuurin erottaminen toisistaan.<\/li>\n\n\n\n<li>Erillisprojektit asiakkaiden erityisvaatimuksia varten mahdollisia<\/li>\n<\/ul>\n\n<h3 class=\"wp-block-heading\">Salaus<\/h3>\n\n<ul class=\"wp-block-list\">\n<li>Kaikkien tietojen salaus TLS <strong>:ll\u00e4 siirron aikana.<\/strong> <\/li>\n\n\n\n<li>Kaiken <strong>levossa olevan<\/strong> tiedon salaus <strong>infrastruktuurin<\/strong> ja tallennuksen <strong>tasolla.<\/strong> <\/li>\n\n\n\n<li>Tuki asiakkaan hallinnoimille salausavaimille lis\u00e4\u00e4ntyneit\u00e4 vaatimuksia varten.<\/li>\n\n\n\n<li>Erillinen avaintenhallinta ja selke\u00e4sti m\u00e4\u00e4ritellyt k\u00e4ytt\u00f6oikeudet.<\/li>\n<\/ul>\n\n<h3 class=\"wp-block-heading\">P\u00e4\u00e4synvalvonta ja identiteetinhallinta<\/h3>\n\n<ul class=\"wp-block-list\">\n<li>roolipohjainen p\u00e4\u00e4synvalvonta need-to-know-periaatteen mukaisesti<\/li>\n\n\n\n<li>Yksityiskohtainen oikeuksien jakaminen projekti- ja j\u00e4rjestelm\u00e4tasolla<\/li>\n\n\n\n<li>Jaettujen k\u00e4ytt\u00e4j\u00e4tilien v\u00e4ltt\u00e4minen<\/li>\n\n\n\n<li>Lupien s\u00e4\u00e4nn\u00f6llinen tarkistaminen ja mukauttaminen<\/li>\n<\/ul>\n\n<h3 class=\"wp-block-heading\">Audit-lokit ja -seuranta<\/h3>\n\n<ul class=\"wp-block-list\">\n<li>Merkityksellisten j\u00e4rjestelm\u00e4- ja datak\u00e4yntien kirjaaminen<\/li>\n\n\n\n<li>Infrastruktuurin ja sovellusten mittareiden seuranta<\/li>\n\n\n\n<li>Muutosten j\u00e4ljitett\u00e4vyys konfiguraatioon ja valtuutuksiin.<\/li>\n\n\n\n<li>Tarvittaessa tekninen perusta rikosteknist\u00e4 analyysia varten<\/li>\n<\/ul>\n\n<h3 class=\"wp-block-heading\">Verkon turvallisuus<\/h3>\n\n<ul class=\"wp-block-list\">\n<li>Segmentoitu verkkoarkkitehtuuri<\/li>\n\n\n\n<li>Palomuuri ja liikenteen valvontamekanismit<\/li>\n\n\n\n<li>Tunkeutumisen havaitseminen ja uhkien havaitseminen pilvitasolla<\/li>\n\n\n\n<li>Zero Trust -periaate p\u00e4\u00e4synvalvonnassa<\/li>\n<\/ul>\n\n<h3 class=\"wp-block-heading\">Varmuuskopiot ja palauttaminen<\/h3>\n\n<ul class=\"wp-block-list\">\n<li>Tietokannan, tiedostojen ja asiaankuuluvien j\u00e4rjestelm\u00e4komponenttien s\u00e4\u00e4nn\u00f6lliset varmuuskopiot.<\/li>\n\n\n\n<li>M\u00e4\u00e4ritellyt palautusprosessit<\/li>\n\n\n\n<li>Fyysisesti ja loogisesti erilliset varmuuskopiointitallennuspaikat (sama laillinen tila).<\/li>\n<\/ul>\n\n<h3 class=\"wp-block-heading\">Turvallinen ohjelmistokehitys<\/h3>\n\n<ul class=\"wp-block-list\">\n<li>Hyv\u00e4ksi havaittujen kehitysstandardien k\u00e4ytt\u00f6<\/li>\n\n\n\n<li>S\u00e4\u00e4nn\u00f6lliset p\u00e4ivitykset ja tietoturvakorjaukset<\/li>\n\n\n\n<li>Valvotut k\u00e4ytt\u00f6\u00f6notot m\u00e4\u00e4ritellyill\u00e4 julkaisuprosesseilla<\/li>\n\n\n\n<li>Kehitys-, testi- ja tuotantoymp\u00e4rist\u00f6jen erottaminen toisistaan<\/li>\n<\/ul>\n\n<h3 class=\"wp-block-heading\">Tietokeskusten fyysinen turvallisuus<\/h3>\n\n<ul class=\"wp-block-list\">\n<li>Monikerroksinen p\u00e4\u00e4synvalvonta<\/li>\n\n\n\n<li>24\/7 valvonta<\/li>\n\n\n\n<li>Biometriset p\u00e4\u00e4syj\u00e4rjestelm\u00e4t<\/li>\n\n\n\n<li>Sivuston redundanssi korkean k\u00e4ytett\u00e4vyyden varmistamiseksi<\/li>\n<\/ul>\n\n<h3 class=\"wp-block-heading\">Tietojen erist\u00e4minen s\u00e4\u00e4nnellyill\u00e4 toimialoilla<\/h3>\n\n<p>Asiakkaille, joilla on tiukempia s\u00e4\u00e4ntelyvaatimuksia esimerkiksi rahoitus- tai viranomaisymp\u00e4rist\u00f6ss\u00e4,<br\/>-tietoja voidaan k\u00e4ytt\u00e4\u00e4 erillisiss\u00e4 projekteissa. N\u00e4in asiakkaat voidaan erottaa selke\u00e4sti loogisesti ja organisatorisesti toisistaan ja toteuttaa yksil\u00f6llisi\u00e4 k\u00e4ytt\u00f6oikeuskonsepteja. <\/p>\n\n<h3 class=\"wp-block-heading\">Organisaation turvallisuustoimenpiteet<\/h3>\n\n<ul class=\"wp-block-list\">\n<li>Dokumentoitu turvallisuuskonsepti<\/li>\n\n\n\n<li>M\u00e4\u00e4ritellyt roolit ja vastuualueet<\/li>\n\n\n\n<li>Toiminnan jatkuvuutta ja uudelleenk\u00e4ynnist\u00e4mist\u00e4 koskevat prosessit<\/li>\n\n\n\n<li>S\u00e4\u00e4nn\u00f6llinen koulutus ja ty\u00f6ntekij\u00f6iden valistaminen<\/li>\n\n\n\n<li>Hallittu muutoksenhallinta<\/li>\n<\/ul>\n\n<h2 class=\"wp-block-heading\">Tietojen varastointi: Sveitsi, Saksa tai valitsemasi paikka.<\/h2>\n\n<p>Ymm\u00e4rr\u00e4mme, ett\u00e4 tietojesi sijaintipaikka ei ole vain tekninen vaan my\u00f6s oikeudellinen p\u00e4\u00e4t\u00f6s. Siksi Aivie mukautuu compliance-strategiaasi. <\/p>\n\n<p>Infrastruktuurimme on suunniteltu pit\u00e4m\u00e4\u00e4n tietosi sinun laink\u00e4ytt\u00f6alueellasi:<\/p>\n\n<p><strong>Sveitsist\u00e4 tuleville asiakkaille:<\/strong><\/p>\n\n<ul class=\"wp-block-list\">\n<li><strong>Sijainti:<\/strong> <strong>Z\u00fcrich.<\/strong><\/li>\n\n\n\n<li><strong>Etu: Tietosi<\/strong> pysyv\u00e4t taatusti Sveitsin maaper\u00e4ll\u00e4. Ihanteellinen <strong>nDSG<\/strong>:n noudattamiseen <strong>ja<\/strong> toimialoille, joilla on tiukat vaatimukset (rahoitus, terveydenhuolto, viranomaiset). <\/li>\n<\/ul>\n\n<p><strong>Asiakkaat Saksasta ja EU:sta:<\/strong><\/p>\n\n<ul class=\"wp-block-list\">\n<li><strong>Sijainti:<\/strong> <strong>Frankfurt.<\/strong><\/li>\n\n\n\n<li><strong>Etu: Tietojasi<\/strong> s\u00e4ilytet\u00e4\u00e4n yksinomaan Saksassa sijaitsevilla palvelimilla. T\u00e4m\u00e4 takaa <strong>GDPR<\/strong>:n t\u00e4ydellisen noudattamisen <strong>ja<\/strong> varmistaa, ett\u00e4 tietoja ei tallenneta kolmansiin maihin. <\/li>\n<\/ul>\n\n<p>Huomautus: K\u00e4yt\u00e4mme AWS:n erikoistunutta infrastruktuuria s\u00e4hk\u00f6postien tekniseen toimittamiseen. Koska s\u00e4hk\u00f6postiviestit maailmanlaajuisena v\u00e4lineen\u00e4 ylitt\u00e4v\u00e4t joka tapauksessa kansalliset rajat (esim. heti kun vastaanottaja k\u00e4ytt\u00e4\u00e4 kansainv\u00e4list\u00e4 palveluntarjoajaa, kuten Gmailia tai Outlookia), asetamme t\u00e4ss\u00e4 yhteydess\u00e4 etusijalle toimituksen mahdollisimman hyv\u00e4n laadun (toimitettavuuden). N\u00e4in varmistetaan, ett\u00e4 viestisi saapuvat perille luotettavasti eiv\u00e4tk\u00e4 p\u00e4\u00e4dy roskapostiin. Tietosuojaa noudatetaan t\u00e4ysim\u00e4\u00e4r\u00e4isesti (DSG, DSGVO).   <\/p>\n\n<h2 class=\"wp-block-heading\" id=\"unterauftragsverarbeiter\">Aliprosessori<\/h2>\n\n<p>Aivie k\u00e4ytt\u00e4\u00e4 aliprosessoreita alustan turvalliseen k\u00e4ytt\u00f6\u00f6n ja tiettyjen aliprosessien tarjoamiseen. Kaikkia aliprosessoijia sitoo sopimus. <\/p>\n\n<p>Aivie tiedottaa asiakkaille v\u00e4hint\u00e4\u00e4n 2 <strong>viikkoa ennen<\/strong> alihankkijoita koskevia suunniteltuja muutoksia osoitteessa<br\/>, jotta vastalauseet voidaan esitt\u00e4\u00e4.<\/p>\n\n<h3 class=\"wp-block-heading\">Nykyiset alihankkijat<\/h3>\n\n<figure class=\"wp-block-table\"><table><thead><tr><th>Aliprosessori<\/th><th>Toiminta<\/th><th>Jalostuksen sijainti<\/th><\/tr><\/thead><tbody><tr><td>Google (Google Ireland Limited)<\/td><td>Markkinoinnin automaatioratkaisun is\u00e4nn\u00f6inti<\/td><td>Z\u00fcrich, Frankfurt tai jokin muu valitsemasi paikka.<\/td><\/tr><tr><td>Amazon Web Services (AWS EMEA)<\/td><td>S\u00e4hk\u00f6postil\u00e4hetys<\/td><td>Frankfurt<\/td><\/tr><\/tbody><\/table><\/figure>\n\n<p>Huomautus:<br\/>Jos siirto kolmanteen maahan on tarpeen k\u00e4ytetyn infrastruktuurin puitteissa, se tapahtuu vain lakis\u00e4\u00e4teisten vaatimusten mukaisesti ja asianmukaisilla takeilla, kuten vakiosopimuslausekkeilla.<\/p>\n\n<h3 class=\"wp-block-heading\">Valinnaiset aliprosessorit<\/h3>\n\n<p>Tietyt Aivie-alustan toiminnot hy\u00f6dynt\u00e4v\u00e4t valinnaisia integraatioita kolmansien osapuolien kanssa, erityisesti teko\u00e4lyn alalla.<\/p>\n\n<p>N\u00e4it\u00e4 toimintoja k\u00e4ytet\u00e4\u00e4n vain silloin, kun asiakas valitsee ne aktiivisesti sovelluksessa.<\/p>\n\n<p>Aivie v\u00e4litt\u00e4\u00e4 tietoja n\u00e4ille kolmansille osapuolille vain asiakkaan aloitteesta ja asiakkaan ohjeiden mukaisesti. Oletusarvoisesti henkil\u00f6tietoja ei v\u00e4litet\u00e4, ellei asiakas sit\u00e4 nimenomaisesti pyyd\u00e4. <\/p>\n\n<p>Sit\u00e4 k\u00e4ytet\u00e4\u00e4n ainoastaan asiakkaan aktiivisen valinnan yhteydess\u00e4, ja se voidaan poistaa k\u00e4yt\u00f6st\u00e4 maailmanlaajuisesti.<\/p>\n\n<p>Aivie on suunniteltu siten, ett\u00e4 ulkoisia palveluja k\u00e4ytett\u00e4ess\u00e4 v\u00e4litet\u00e4\u00e4n vain kulloiseenkin tarkoitukseen tarvittavat tiedot, ja se tukee asiakkaita rajoittamaan tietojen vaihdon v\u00e4ltt\u00e4m\u00e4tt\u00f6m\u00e4\u00e4n minimiin.<\/p>\n\n<p>Seuraavia aliprosessoreita voidaan k\u00e4ytt\u00e4\u00e4 osana valinnaisten toimintojen k\u00e4ytt\u00f6\u00e4.<\/p>\n\n<figure class=\"wp-block-table\"><table><thead><tr><th>Aliprosessori<\/th><th>Toiminta<\/th><th>Jalostuksen sijainti<\/th><\/tr><\/thead><tbody><tr><td>OpenAI (ChatGPT)<\/td><td>Sis\u00e4ll\u00f6n (esim. s\u00e4hk\u00f6postit, tekstit) luominen ja k\u00e4sittely osana valinnaisia teko\u00e4lytoimintoja.  <\/td><td>Maailmanlaajuinen<\/td><\/tr><tr><td>Google (Gemini)<\/td><td>Tietojen luominen ja k\u00e4sittely osana valinnaisia teko\u00e4lytoimintoja.  <\/td><td>EU<\/td><\/tr><\/tbody><\/table><\/figure>\n\n<h2 class=\"wp-block-heading\">Suoja Yhdysvaltain pilvilakia ja kolmansien osapuolten p\u00e4\u00e4sy\u00e4 vastaan<\/h2>\n\n<p>Riippumatta siit\u00e4, miss\u00e4 tiedot sijaitsevat: Koska rakennamme globaalin pilvi-infrastruktuurin varaan, monet asiakkaat ovat huolissaan Yhdysvaltain viranomaisten p\u00e4\u00e4syst\u00e4 k\u00e4siksi tietoihin (US Cloud Act).<\/p>\n\n<p>Turvallisuusarkkitehtuurimme est\u00e4\u00e4 t\u00e4m\u00e4n riskin teknisesti. Emme luota vain sopimuksiin vaan my\u00f6s <strong>salaukseen ja tietojen riippumattomuuteen:<\/strong> <\/p>\n\n<h3 class=\"wp-block-heading\">1. oletussalaus (Encryption by Default, oletussalaus)<\/h3>\n\n<p>Kaikki tiedot salataan sek\u00e4 siirron aikana (kuljetuksen aikana) ett\u00e4 kiintolevyill\u00e4 (levossa). Infrastruktuurin tarjoaja n\u00e4kee vain salatut tietolohkot, mutta ei koskaan luettavissa olevia henkil\u00f6- tai markkinointitietoja. <\/p>\n\n<h3 class=\"wp-block-heading\">2. Sinun tietosi, sinun avaimesi (CMEK, HYOK).<\/h3>\n\n<p>Jotta voimme tehokkaasti poistaa Yhdysvaltain pilvilakiin liittyv\u00e4n riskin, tuemme <strong>asiakkaan hallinnoimia salausavaimia (CMEK<\/strong> ) ja omaa avainta (HYOK).<\/p>\n\n<ul class=\"wp-block-list\">\n<li><strong>Periaate:<\/strong> Pilvipalveluntarjoajalla ei ole hallussaan <strong>avainta<\/strong> tietojen salauksen purkamiseen, vaan <strong>sit\u00e4<\/strong> hallinnoidaan erikseen.<\/li>\n\n\n\n<li><strong>Tietoturva: Jopa<\/strong> siin\u00e4 teoreettisessa tapauksessa, ett\u00e4 tietojen luovuttamista palveluntarjoajalle koskeva virallinen m\u00e4\u00e4r\u00e4ys annettaisiin, luovutetut tiedot olisivat arvotonta tiedonhukkaa ilman avaintasi.<\/li>\n<\/ul>\n\n<p>Toisin sanoen, sinulla on avain tietoihin.<\/p>\n\n<p><em>Huomautus: T\u00e4m\u00e4 toiminto on saatavana valinnaisena lis\u00e4osana.<\/em><\/p>\n\n<h3 class=\"wp-block-heading\">3. infrastruktuurin ja sovelluksen erottaminen toisistaan<\/h3>\n\n<p>K\u00e4yt\u00e4mme pilvi-infrastruktuuria puhtaana &#8221;digitaalisena datakeskuksena\u201d. Tietokantojen looginen hallinta ja k\u00e4ytt\u00f6oikeus hoidetaan yksinomaan Aivie-sovelluksen ja Sveitsiss\u00e4 sijaitsevan tiimimme avulla. <\/p>\n\n<h2 class=\"wp-block-heading\" id=\"avv\">Tilausten k\u00e4sittelysopimus (AVV)<\/h2>\n\n<p>Aivie toimittaa pyynn\u00f6st\u00e4 tilauksen k\u00e4sittelysopimuksen, jotta sopimussuhteeseen liittyv\u00e4t oikeudet ja velvollisuudet voidaan s\u00e4\u00e4nnell\u00e4 sitovasti.<\/p>\n\n<h3 class=\"wp-block-heading\">Mit\u00e4 AVV:ll\u00e4 s\u00e4\u00e4nnell\u00e4\u00e4n<\/h3>\n\n<ul class=\"wp-block-list\">\n<li>K\u00e4sittelyn kohde, kesto, tyyppi ja tarkoitus<\/li>\n\n\n\n<li>K\u00e4sittely ainoastaan dokumentoitujen ohjeiden mukaisesti<\/li>\n\n\n\n<li>Luottamuksellisuus ja p\u00e4\u00e4syn rajoittaminen<\/li>\n\n\n\n<li>Tekniset ja organisatoriset toimenpiteet ja niiden kehitt\u00e4minen<\/li>\n\n\n\n<li>Alihankkijoiden k\u00e4ytt\u00f6 ja vaihtaminen ennakkoilmoituksella<\/li>\n\n\n\n<li>Tuki rekister\u00f6idyn oikeuksille ja rekisterinpit\u00e4jien velvollisuuksille<\/li>\n\n\n\n<li>Vastuuhenkil\u00f6iden valvonta- ja tarkastusoikeudet<\/li>\n\n\n\n<li>Tietojen poistaminen tai palauttaminen sopimuksen p\u00e4\u00e4ttymisen j\u00e4lkeen.<\/li>\n<\/ul>\n\n<p>Pyynt\u00f6 AVV: <a href=\"mailto:legal@aivie.ch?subject=AVV%20Anfrage\">legal@aivie.ch<\/a><\/p>\n\n<h2 class=\"wp-block-heading\" id=\"zertifizierungen\">Sertifikaatit ja vaatimustenmukaisuus<\/h2>\n\n<p>Infrastruktuuripalveluntarjoajallamme Google Cloudilla on laajat turvallisuus- ja vaatimustenmukaisuussertifioinnit, mukaan lukien ISO 27001 sek\u00e4 SOC 1-, SOC 2- ja SOC 3 -testiraportit. Aivie ei itse yll\u00e4pid\u00e4 omia palvelinkeskuksiaan, eik\u00e4 sill\u00e4 ole riippumatonta ISO 27001 -sertifiointia. Aivie t\u00e4ytt\u00e4\u00e4 kuitenkin asiaankuuluvat vaatimukset my\u00f6s ilman omaa sertifiointia.  <\/p>\n\n<p>Aivie k\u00e4ytt\u00e4\u00e4 n\u00e4it\u00e4 tarkastettuja infrastruktuurin valvontatoimia alustan turvallisen toiminnan teknisen\u00e4 perustana. Sertifioinnit koskevat erityisesti fyysisen tietokeskuksen turvallisuutta, verkon suojausta, salausta, p\u00e4\u00e4synhallintaa ja tarkastettavuutta. <\/p>\n\n<h3 class=\"wp-block-heading\">Esimerkkej\u00e4 asiaa koskevista todistuksista ja standardeista<\/h3>\n\n<ul class=\"wp-block-list\">\n<li>DSG ja DSGVO<\/li>\n\n\n\n<li>ISO 27001, ISO 27017 ja ISO 27018.<\/li>\n\n\n\n<li>ISAE 3000 Type 2 -raportti (FINMA)<\/li>\n\n\n\n<li>SOC 1, SOC 2 ja SOC 3.<\/li>\n\n\n\n<li>C5 ja CSA STAR<\/li>\n<\/ul>\n\n<p>Lis\u00e4tietoja Google Cloud Platform -sertifioinneista ja auditointiraporteista l\u00f6ytyy t\u00e4\u00e4lt\u00e4:<a href=\"https:\/\/cloud.google.com\/security\/compliance\" target=\"_blank\" rel=\"noopener noreferrer\"><br\/>Google Cloud Compliance<\/a> Overview.<\/p>\n\n<h2 class=\"wp-block-heading\" id=\"dsg-dsgvo\">DSG:n ja DSGVO:n vaatimustenmukaisuus<\/h2>\n\n<p>Aivie on rakenteeltaan sellainen, ett\u00e4 asiakkaat voivat t\u00e4ytt\u00e4\u00e4 Sveitsin tietosuojavaltuutetun ja EU:n yleisen tietosuoja-asetuksen vaatimukset.<br\/>EU:n n\u00e4k\u00f6kulmasta Sveitsiss\u00e4 on tunnustetusti riitt\u00e4v\u00e4 tietosuojan taso.<\/p>\n\n<h3 class=\"wp-block-heading\">Mit\u00e4 asiakkaat tyypillisesti toteuttavat itse<\/h3>\n\n<ul class=\"wp-block-list\">\n<li>Oikeusperusta ja velvollisuus ilmoittaa yhteystiedoista<\/li>\n\n\n\n<li>Ev\u00e4steiden suostumukset omalla verkkosivustollasi, jos k\u00e4ytet\u00e4\u00e4n seurantatekniikoita.<\/li>\n\n\n\n<li>S\u00e4ilytysajat ja sis\u00e4iset prosessit tietojen antamista, poistamista tai vastustamista varten<\/li>\n<\/ul>\n\n<h2 class=\"wp-block-heading\" id=\"linking\">Tekstimoduuli omaa tietosuojak\u00e4yt\u00e4nt\u00f6\u00e4si varten<\/h2>\n\n<p>Jotta k\u00e4vij\u00e4t ymm\u00e4rt\u00e4isiv\u00e4t nopeasti, miten Aivie toimii tietojenk\u00e4sittelij\u00e4n\u00e4, seuraava huomautus voidaan sis\u00e4llytt\u00e4\u00e4 omiin tietosuojak\u00e4yt\u00e4nt\u00f6ihisi.<br\/>Laita linkki t\u00e4lle sivulle.<\/p>\n\n<h3 class=\"wp-block-heading\">Esimerkki tietosuojaa koskevasta tekstimoduulista<\/h3>\n\n<blockquote class=\"wp-block-quote is-layout-flow wp-block-quote-is-layout-flow\">\n<p>K\u00e4yt\u00e4mme Aivieta markkinoinnin automaatioty\u00f6kaluna uutiskirjeiden, kampanjoiden ja automatisoitujen viestint\u00e4kanavien toimittamiseen.<br\/>Aivie k\u00e4sittelee henkil\u00f6tietoja puolestamme ja yksinomaan ohjeidemme mukaisesti.<br\/>Yksityiskohtaiset tiedot tietosuojasta, tietoturvasta, alihankkijoista ja tietojenk\u00e4sittelysopimuksesta on<a href=\"https:\/\/aivie.ch\/fi\/tietosuoja-aiviessae\/\" rel=\"noopener\">kuvattu t\u00e4\u00e4ll\u00e4:<br\/>https:\/\/aivie.ch\/datenschutz-aivie<\/a>.<\/p>\n<\/blockquote>\n\n<h2 class=\"wp-block-heading\" id=\"stand\">St\u00e4ndi<\/h2>\n\n<p>Tilanne: 2. huhtikuuta 2026<\/p>\n","protected":false},"excerpt":{"rendered":"<p>T\u00e4ll\u00e4 sivulla kuvataan, miten Aivie k\u00e4sittelee henkil\u00f6tietoja asiakkaiden puolesta.Se on tarkoitettu viitteeksi, jotta yritykset voivat helposti linkitt\u00e4\u00e4 n\u00e4m\u00e4 tiedot omiin tietosuojak\u00e4yt\u00e4nt\u00f6ihins\u00e4. Lyhyesti sanottuna: asiakkaat pysyv\u00e4t rekisterinpit\u00e4jin\u00e4. Aivie on henkil\u00f6tietojen k\u00e4sittelij\u00e4 ja k\u00e4sittelee tietoja ainoastaan ohjeiden mukaisesti ja sovittuun tarkoitukseen. Johdanto Aivie on markkinoinnin automaatioty\u00f6kalu. Yritykset k\u00e4ytt\u00e4v\u00e4t Aivieta kontaktien hallintaan,kohderyhmien segmentointiin ja automaattisen viestinn\u00e4n l\u00e4hett\u00e4miseen s\u00e4hk\u00f6postin, &hellip; <a href=\"https:\/\/aivie.ch\/fi\/tietosuoja-aiviessae\/\" class=\"more-link\">Jatka lukemista <span class=\"screen-reader-text\">Tietosuoja Aivie:ss\u00e4<\/span><\/a><\/p>\n","protected":false},"author":1,"featured_media":0,"parent":0,"menu_order":0,"comment_status":"closed","ping_status":"closed","template":"","meta":{"_acf_changed":false,"footnotes":""},"class_list":["post-28520","page","type-page","status-publish","hentry"],"acf":[],"featured_image_urls_v2":{"full":"","thumbnail":"","medium":"","medium_large":"","large":"","post-thumbnail":"","aiv_480w":"","woocommerce_thumbnail":"","woocommerce_single":"","woocommerce_gallery_thumbnail":""},"post_excerpt_stackable_v2":"<p>T\u00e4ll\u00e4 sivulla kuvataan, miten Aivie k\u00e4sittelee henkil\u00f6tietoja asiakkaiden puolesta.Se on tarkoitettu viitteeksi, jotta yritykset voivat helposti linkitt\u00e4\u00e4 n\u00e4m\u00e4 tiedot omiin tietosuojak\u00e4yt\u00e4nt\u00f6ihins\u00e4. Lyhyesti sanottuna: asiakkaat pysyv\u00e4t rekisterinpit\u00e4jin\u00e4. Aivie on henkil\u00f6tietojen k\u00e4sittelij\u00e4 ja k\u00e4sittelee tietoja ainoastaan ohjeiden mukaisesti ja sovittuun tarkoitukseen. Johdanto Aivie on markkinoinnin automaatioty\u00f6kalu. Yritykset k\u00e4ytt\u00e4v\u00e4t Aivieta kontaktien hallintaan,kohderyhmien segmentointiin ja automaattisen viestinn\u00e4n l\u00e4hett\u00e4miseen s\u00e4hk\u00f6postin, tekstiviestien tai push-kanavien kautta. Aivie on is\u00e4nn\u00f6ity ratkaisu. Aivie k\u00e4sittelee henkil\u00f6tietoja asiakkaan puolesta. Asiakas on edelleen vastuussa yhteystietojensa sis\u00e4ll\u00f6st\u00e4, tarkoituksesta, laillisuudesta, s\u00e4ilytt\u00e4misvelvoitteista ja avoimuudesta. Esimerkkej\u00e4 k\u00e4ytt\u00f6tapauksista Aivieta k\u00e4ytet\u00e4\u00e4n tyypillisesti markkinoinnin ja asiakasviestinn\u00e4n automatisointiin mitattavasti ja tehokkaasti.Esimerkkej\u00e4: Uutiskirjeet ja kampanjat: Segmentoidut s\u00e4hk\u00f6postikampanjat, joiden avaukset ja klikkaukset\u2026<\/p>\n","category_list_v2":"","author_info_v2":{"name":"Adrian Schimpf","url":"https:\/\/aivie.ch\/fi\/author\/adrian\/"},"comments_num_v2":"0 comments","_links":{"self":[{"href":"https:\/\/aivie.ch\/fi\/wp-json\/wp\/v2\/pages\/28520","targetHints":{"allow":["GET"]}}],"collection":[{"href":"https:\/\/aivie.ch\/fi\/wp-json\/wp\/v2\/pages"}],"about":[{"href":"https:\/\/aivie.ch\/fi\/wp-json\/wp\/v2\/types\/page"}],"author":[{"embeddable":true,"href":"https:\/\/aivie.ch\/fi\/wp-json\/wp\/v2\/users\/1"}],"replies":[{"embeddable":true,"href":"https:\/\/aivie.ch\/fi\/wp-json\/wp\/v2\/comments?post=28520"}],"version-history":[{"count":25,"href":"https:\/\/aivie.ch\/fi\/wp-json\/wp\/v2\/pages\/28520\/revisions"}],"predecessor-version":[{"id":29464,"href":"https:\/\/aivie.ch\/fi\/wp-json\/wp\/v2\/pages\/28520\/revisions\/29464"}],"wp:attachment":[{"href":"https:\/\/aivie.ch\/fi\/wp-json\/wp\/v2\/media?parent=28520"}],"curies":[{"name":"wp","href":"https:\/\/api.w.org\/{rel}","templated":true}]}}