{"id":28423,"date":"2026-02-12T13:29:30","date_gmt":"2026-02-12T11:29:30","guid":{"rendered":"https:\/\/aivie.ch\/managed-mautic-hosting-onko-vaihto-sen-arvoinen-sinulle\/"},"modified":"2026-02-12T13:42:31","modified_gmt":"2026-02-12T11:42:31","slug":"managed-mautic-hosting-onko-vaihto-sen-arvoinen-sinulle","status":"publish","type":"page","link":"https:\/\/aivie.ch\/fi\/managed-mautic-hosting-onko-vaihto-sen-arvoinen-sinulle\/","title":{"rendered":"Managed Mautic Hosting \u2013 Onko vaihto sen arvoinen sinulle?"},"content":{"rendered":"\n<div class=\"alignfull wp-block-ugb-columns ugb-columns ugb-f174274 ugb-columns--design-plain ugb-columns--columns-2 ugb-main-block ugb-main-block--inner-center ugb--has-block-background ugb--has-background-overlay\"><style>.ugb-f174274 > .ugb-inner-block > .ugb-block-content > .ugb-columns__item{grid-template-columns:0.88fr 1.12fr !important}.ugb-f174274.ugb-columns{background-image:url(https:\/\/cdn.aivie.ch\/media\/wp\/2021\/06\/19131702\/pattern-company-960w.png);background-position:top left;background-repeat:no-repeat;background-size:47% !important}.ugb-f174274.ugb-columns:before{opacity:0.5}<\/style><div class=\"ugb-inner-block ugb-inner-block--center\"><div class=\"ugb-block-content\"><div class=\"ugb-columns__item ugb-f174274-content-wrapper\">\n<div class=\"wp-block-ugb-column ugb-column ugb-3b6a10a ugb-column--design-plain ugb-main-block\"><div class=\"ugb-inner-block\"><div class=\"ugb-block-content\"><div class=\"ugb-column__item ugb-3b6a10a-column-wrapper\"><div class=\"ugb-column__content-wrapper\">\n<figure class=\"wp-block-image size-full\"><img loading=\"lazy\" decoding=\"async\" width=\"600\" height=\"400\" src=\"https:\/\/cdn.aivie.ch\/media\/wp\/2021\/09\/24102203\/DoubleOptIn_03.png\" alt=\"Yksinkertainen kaksinkertainen opt in Aivien kanssa\" class=\"wp-image-5552\" title=\"\" srcset=\"https:\/\/cdn.aivie.ch\/media\/wp\/2021\/09\/24102203\/DoubleOptIn_03.png 600w, https:\/\/cdn.aivie.ch\/media\/wp\/2021\/09\/24102203\/DoubleOptIn_03-480x320.png 480w\" sizes=\"auto, (max-width: 600px) 100vw, 600px\" \/><\/figure>\n<\/div><\/div><\/div><\/div><\/div>\n\n\n\n<div class=\"wp-block-ugb-column ugb-column ugb-e4b2525 ugb-column--design-plain ugb-main-block\"><style>@media screen and (min-width:768px){.ugb-e4b2525 > .ugb-inner-block > .ugb-block-content > *{justify-content:center}}.ugb-e4b2525 > .ugb-inner-block > .ugb-block-content > *{justify-content:center !important}@media screen and (min-width:768px){.ugb-e4b2525 > .ugb-inner-block > .ugb-block-content > *{padding-top:20px !important;padding-bottom:20px !important;padding-right:20px !important;padding-left:20px !important}}<\/style><div class=\"ugb-inner-block\"><div class=\"ugb-block-content\"><div class=\"ugb-column__item ugb-e4b2525-column-wrapper\"><div class=\"ugb-column__content-wrapper\">\n<div class=\"wp-block-ugb-heading ugb-heading ugb-e1026e4 ugb-main-block\"><div class=\"ugb-inner-block\"><div class=\"ugb-block-content\"><h1 class=\"ugb-heading__title\">Managed Mautic Hosting \u2013 Onko vaihto sen arvoinen sinulle?<\/h1><p class=\"ugb-heading__subtitle\">K\u00e4yt\u00e4t Mauticia itse is\u00e4nn\u00f6inniss\u00e4. Se toimii \u2013 useimmiten. <br\/><br\/>Mutta todellinen kysymys on:<br\/>S\u00e4\u00e4st\u00e4\u00e4k\u00f6 Managed Mautic Hosting aikaa, riskej\u00e4 ja piilokustannuksia?<br\/><br\/>Juuri t\u00e4m\u00e4n saat selville t\u00e4m\u00e4n lyhyen potentiaalianalyysin avulla.<\/p><\/div><\/div><\/div>\n\n\n\n<div class=\"wp-block-stackable-button-group stk-block-button-group stk-block stk-46caa18\" data-block-id=\"46caa18\"><div class=\"stk-row stk-inner-blocks stk-block-content stk-button-group\">\n<div class=\"wp-block-stackable-button stk-block-button stk-block stk-66de1a8\" data-block-id=\"66de1a8\"><a class=\"stk-link stk-button stk--hover-effect-darken\" href=\"#start\"><span class=\"stk-button__inner-text\">Suorita potentiaalianalyysi<\/span><\/a><\/div>\n<\/div><\/div>\n\n\n\n<div class=\"aligncenter wp-block-ugb-container ugb-container ugb-f74cc05 ugb-container--v2 ugb-container--design-basic ugb-main-block\"><style>.ugb-f74cc05-wrapper.ugb-container__wrapper{background-color:#283e4c !important}.ugb-f74cc05-wrapper.ugb-container__wrapper:before{background-color:#283e4c !important}.ugb-f74cc05-content-wrapper > h1,.ugb-f74cc05-content-wrapper > h2,.ugb-f74cc05-content-wrapper > h3,.ugb-f74cc05-content-wrapper > h4,.ugb-f74cc05-content-wrapper > h5,.ugb-f74cc05-content-wrapper > h6{color:#ffffff}.ugb-f74cc05-content-wrapper > p,.ugb-f74cc05-content-wrapper > ol li,.ugb-f74cc05-content-wrapper > ul li{color:#ffffff}<\/style><div class=\"ugb-inner-block\"><div class=\"ugb-block-content\"><div class=\"ugb-container__wrapper ugb-f74cc05-wrapper\"><div class=\"ugb-container__side\"><div class=\"ugb-container__content-wrapper ugb-f74cc05-content-wrapper\">\n<div class=\"alignfull wp-block-ugb-icon-list ugb-icon-list ugb-c71e24a ugb-icon-list--v2 ugb-main-block ugb-main-block--inner-center ugb--has-block-background\"><style>.ugb-c71e24a li{color:#ffffff;--icon-size:8px !important}.ugb-c71e24a li::before{width:8px !important;height:8px !important;background-image:url('data:image\/svg+xml;base64,PHN2ZyBkYXRhLXByZWZpeD0iZmFzIiBkYXRhLWljb249ImNpcmNsZSIgY2xhc3M9InN2Zy1pbmxpbmUtLWZhIGZhLWNpcmNsZSBmYS13LTE2IiByb2xlPSJpbWciIHhtbG5zPSJodHRwOi8vd3d3LnczLm9yZy8yMDAwL3N2ZyIgdmlld0JveD0iMCAwIDUxMiA1MTIiIHN0eWxlPSJmaWxsOiAjZTYzMzEyICFpbXBvcnRhbnQ7IGNvbG9yOiAjZTYzMzEyICFpbXBvcnRhbnQiPjxwYXRoIGZpbGw9IiNlNjMzMTIiIGQ9Ik0yNTYgOEMxMTkgOCA4IDExOSA4IDI1NnMxMTEgMjQ4IDI0OCAyNDggMjQ4LTExMSAyNDgtMjQ4UzM5MyA4IDI1NiA4eiIgc3Ryb2tlPSIjZTYzMzEyIiBzdHlsZT0iZmlsbDogcmdiKDIzMCwgNTEsIDE4KTsgc3Ryb2tlOiByZ2IoMjMwLCA1MSwgMTgpOyIvPjwvc3ZnPg==')}.ugb-c71e24a.ugb-icon-list ul{columns:1}.ugb-c71e24a.ugb-icon-list{background-color:#283e4c}.ugb-c71e24a{padding:0 !important}.ugb-c71e24a.ugb-icon-list:before{background-color:#283e4c}.ugb-c71e24a .ugb-block-title{color:#ffffff;text-align:left}<\/style><div class=\"ugb-inner-block ugb-inner-block--center\"><h3 class=\"ugb-block-title\">Kun olet suorittanut sen, tied\u00e4t sen:<\/h3><div class=\"ugb-block-content\"><ul><li>Onko itseis\u00e4nn\u00f6inti vakaa ja ammattimainen?<\/li><li>Ovatko piilotetut riskit olemassa<\/li><li>Onko Managed Mautic Hosting strategisesti j\u00e4rkev\u00e4\u00e4 sinulle?<\/li><li>Kuinka suuri optimointipotentiaalisi on<\/li><\/ul><\/div><\/div><\/div>\n<\/div><\/div><\/div><\/div><\/div><\/div>\n<\/div><\/div><\/div><\/div><\/div>\n<\/div><\/div><\/div><\/div>\n\n<div class=\"alignfull wp-block-ugb-columns ugb-columns aiv-lead-center ugb-c288156 ugb-columns--design-plain ugb-columns--columns-3 ugb-main-block ugb-main-block--inner-center ugb--has-block-background ugb--has-background-overlay\"><style>.ugb-c288156 > .ugb-inner-block > .ugb-block-content > .ugb-columns__item{grid-template-columns:1.20fr 1.20fr 0.60fr !important}.ugb-c288156.ugb-columns{background-color:#EFF0F1;background-image:url(https:\/\/cdn.aivie.ch\/media\/wp\/2021\/06\/19131659\/pattern-mario-480w.png);background-position:bottom left;background-repeat:no-repeat;background-size:523px !important}.ugb-c288156.ugb-columns:before{background-color:#EFF0F1;opacity:0.5}<\/style><div class=\"ugb-inner-block ugb-inner-block--center\"><h2 class=\"ugb-block-title ugb-block-title--with-subtitle\">Miksi tarkistaa Managed Mautic Hosting lainkaan?<\/h2><p class=\"ugb-block-description\"><br>Lisenssi on ilmainen. Toiminta ei ole.<br>T\u00e4m\u00e4 analyysi auttaa sinua ymm\u00e4rt\u00e4m\u00e4\u00e4n, s\u00e4\u00e4st\u00e4tk\u00f6 todella \u2013<br>vai haittaako nykyinen j\u00e4rjestelm\u00e4si sinua pitk\u00e4ll\u00e4 aikav\u00e4lill\u00e4. <\/p><div class=\"ugb-block-content\"><div class=\"ugb-columns__item ugb-c288156-content-wrapper\">\n<div class=\"wp-block-ugb-column ugb-column ugb-2680bba ugb-column--design-plain ugb-main-block\"><div class=\"ugb-inner-block\"><div class=\"ugb-block-content\"><div class=\"ugb-column__item ugb-2680bba-column-wrapper\"><div class=\"ugb-column__content-wrapper\">\n<h3 class=\"wp-block-heading\" id=\"h-neue-konzepte\">Tied\u00e4tk\u00f6 todelliset kustannukset?<\/h3>\n\n\n\n<p>Monet tiimit aliarvioivat itse is\u00e4nn\u00f6innin todelliset k\u00e4ytt\u00f6kustannukset (TCO):<\/p>\n\n\n\n<ul class=\"wp-block-list\">\n<li>IT-aika p\u00e4ivityksi\u00e4 ja varmuuskopioita varten<\/li>\n\n\n\n<li>Vianm\u00e4\u00e4ritys virheiden varalta<\/li>\n\n\n\n<li>Roskapostiongelmat ja toimitettavuusriskit<\/li>\n\n\n\n<li>Riippuvuus yksil\u00f6ist\u00e4<\/li>\n\n\n\n<li>Tietosuojaan liittyv\u00e4 ep\u00e4varmuus<\/li>\n<\/ul>\n<\/div><\/div><\/div><\/div><\/div>\n\n\n\n<div class=\"wp-block-ugb-column ugb-column ugb-fd5862e ugb-column--design-plain ugb-main-block\"><div class=\"ugb-inner-block\"><div class=\"ugb-block-content\"><div class=\"ugb-column__item ugb-fd5862e-column-wrapper\"><div class=\"ugb-column__content-wrapper\">\n<h3 class=\"wp-block-heading\" id=\"h-fur-wen\">Kenelle?<\/h3>\n\n\n\n<p>Markkinointip\u00e4\u00e4llik\u00f6ille, jotka k\u00e4ytt\u00e4v\u00e4t Mauticia ja haluavat tiet\u00e4\u00e4 lis\u00e4\u00e4:<\/p>\n\n\n\n<ul class=\"wp-block-list\">\n<li>Onko itse is\u00e4nn\u00f6inti todella viel\u00e4 j\u00e4rkev\u00e4\u00e4<\/li>\n\n\n\n<li>Ovatko toimitettavuus ja suorituskyky optimaaliset<\/li>\n\n\n\n<li>kuluttavatko p\u00e4ivitykset ja teknologia tarpeettomasti resursseja<\/li>\n\n\n\n<li>Onko asennus turvallinen ja s\u00e4\u00e4nt\u00f6jenmukainen pitk\u00e4ll\u00e4 aikav\u00e4lill\u00e4?<\/li>\n\n\n\n<li>Olisiko ammattimaisesti hallinnoitu Mautic-hosting taloudellisesti j\u00e4rkev\u00e4\u00e4?<\/li>\n<\/ul>\n<\/div><\/div><\/div><\/div><\/div>\n\n\n\n<div class=\"wp-block-ugb-column ugb-column ugb-cbfdfe6 ugb-column--design-plain ugb-main-block\"><div class=\"ugb-inner-block\"><div class=\"ugb-block-content\"><div class=\"ugb-column__item ugb-cbfdfe6-column-wrapper\"><div class=\"ugb-column__content-wrapper\">\n<figure class=\"wp-block-image size-full is-resized\"><img loading=\"lazy\" decoding=\"async\" width=\"600\" height=\"400\" src=\"https:\/\/cdn.aivie.ch\/media\/wp\/2021\/08\/19131548\/DoubleOptIn_00.webp\" alt=\"Kaksinkertainen opt-in\" class=\"wp-image-1748\" style=\"width:245px;height:163px\" title=\"\" srcset=\"https:\/\/cdn.aivie.ch\/media\/wp\/2021\/08\/19131548\/DoubleOptIn_00.webp 600w, https:\/\/cdn.aivie.ch\/media\/wp\/2021\/08\/19131548\/DoubleOptIn_00-480x320.webp 480w\" sizes=\"auto, (max-width: 600px) 100vw, 600px\" \/><\/figure>\n\n\n\n<p><\/p>\n<\/div><\/div><\/div><\/div><\/div>\n<\/div><\/div><\/div><\/div>\n\n<div class=\"alignfull wp-block-ugb-columns ugb-columns aiv-col-2 ugb-cf3e01c ugb-columns--design-plain ugb-columns--columns-2 ugb-main-block ugb-main-block--inner-center ugb--has-block-background\" id=\"start\"><style>.ugb-cf3e01c-content-wrapper{grid-column-gap:60px !important}.ugb-cf3e01c.ugb-columns{background-color:#cfe7e1}.ugb-cf3e01c.ugb-columns:before{background-color:#cfe7e1}<\/style><div class=\"ugb-inner-block ugb-inner-block--center\"><div class=\"ugb-block-content\"><div class=\"ugb-columns__item ugb-cf3e01c-content-wrapper\">\n<div class=\"wp-block-ugb-column ugb-column ugb-3447d90 ugb-column--design-plain ugb-main-block\"><div class=\"ugb-inner-block\"><div class=\"ugb-block-content\"><div class=\"ugb-column__item ugb-3447d90-column-wrapper\"><div class=\"ugb-column__content-wrapper\">\n<div class=\"wp-block-ugb-heading ugb-heading ugb-566060f ugb-main-block\"><style>.ugb-566060f .ugb-heading__title{color:#e63312}<\/style><div class=\"ugb-inner-block\"><div class=\"ugb-block-content\"><h2 class=\"ugb-heading__title\">Miten Managed Mautic Hosting -potentiaalianalyysi toimii?<\/h2><p class=\"ugb-heading__subtitle\">1. Arvostelet 5 lausumaa asteikolla 1-5<br\/>2. Laskemme pistem\u00e4\u00e4r\u00e4si<br\/>3. Saat rehellisen suosituksen<br\/><br\/>Tarkoituksena ei ole &#8221;myyd\u00e4\u201d sinulle jotain. Vaan antaa sinulle selkeytt\u00e4. <\/p><\/div><\/div><\/div>\n<\/div><\/div><\/div><\/div><\/div>\n\n\n\n<div class=\"wp-block-ugb-column ugb-column ugb-5836e2f ugb-column--design-plain ugb-main-block\" id=\"join\"><div class=\"ugb-inner-block\"><div class=\"ugb-block-content\"><div class=\"ugb-column__item ugb-5836e2f-column-wrapper\"><div class=\"ugb-column__content-wrapper\">\n<div class=\"wp-block-ugb-heading ugb-heading ugb-0ddda24 ugb-main-block\"><style>.ugb-0ddda24 .ugb-heading__title{color:#283e4c}<\/style><div class=\"ugb-inner-block\"><div class=\"ugb-block-content\"><h2 class=\"ugb-heading__title\"><span style=\"color: #283e4c;\" class=\"ugb-highlight\">Aloita potentiaalianalyysi nyt<\/span><\/h2><\/div><\/div><\/div>\n\n\n<script type=\"text\/javascript\" src=\"https:\/\/m.aivie.ch\/form\/generate.js?id=114\"><\/script>\n<\/div><\/div><\/div><\/div><\/div>\n<\/div><\/div><\/div><\/div>\n\n<div class=\"alignfull wp-block-ugb-columns ugb-columns ugb-091e990 ugb-columns--design-plain ugb-columns--columns-2 ugb-main-block ugb-main-block--inner-center ugb--has-block-background\"><style>.ugb-091e990-content-wrapper{grid-column-gap:60px !important}.ugb-091e990.ugb-columns{background-color:#EFF0F1}.ugb-091e990.ugb-columns:before{background-color:#EFF0F1}<\/style><div class=\"ugb-inner-block ugb-inner-block--center\"><div class=\"ugb-block-content\"><div class=\"ugb-columns__item ugb-091e990-content-wrapper\">\n<div class=\"wp-block-ugb-column ugb-column ugb-6da6590 ugb-column--design-plain ugb-main-block\"><div class=\"ugb-inner-block\"><div class=\"ugb-block-content\"><div class=\"ugb-column__item ugb-6da6590-column-wrapper\"><div class=\"ugb-column__content-wrapper\">\n<div class=\"wp-block-ugb-heading ugb-heading ugb-dab8255 ugb-main-block\"><style>.ugb-dab8255 .ugb-heading__title{color:#283e4c}<\/style><div class=\"ugb-inner-block\"><div class=\"ugb-block-content\"><h2 class=\"ugb-heading__title\"><span style=\"color: #283e4c;\" class=\"ugb-highlight\">Haluatko pit\u00e4\u00e4 Mauticin \u2013 mutta hoitaa sit\u00e4 ammattimaisesti?<\/span><\/h2><\/div><\/div><\/div>\n\n\n\n<p>Managed Mautic Hosting tarkoittaa:<\/p>\n\n\n\n<ul class=\"wp-block-list\">\n<li>Ei teknist\u00e4 stressi\u00e4<\/li>\n\n\n\n<li>Suunniteltavat kustannukset<\/li>\n\n\n\n<li>Puhdas toimitettavuus<\/li>\n\n\n\n<li>Sveitsin hosting &amp; tietosuoja<\/li>\n\n\n\n<li>Keskity markkinointiin palvelimien sijaan<\/li>\n<\/ul>\n\n\n\n<div class=\"wp-block-ugb-button ugb-button-wrapper ugb-f7ceaee ugb-main-block\"><style>.ugb-f7ceaee .ugb-block-content{justify-content:flex-start !important}.ugb-f7ceaee .ugb-inner-block{text-align:left}<\/style><div class=\"ugb-inner-block\"><div class=\"ugb-block-content\"><div class=\"ugb-button-container\"><a class=\"ugb-button1 ugb-button ugb-button--size-normal\" href=\"https:\/\/aivie.ch\/fi\/mautic-hosting\/\" rel=\"\" title=\"\"><span class=\"ugb-button--inner\">Lis\u00e4tietoja Managed Mautic Hosting -palvelusta<\/span><\/a><\/div><\/div><\/div><\/div>\n\n\n\n<p style=\"font-size:12px\">* Sis\u00e4lt\u00e4\u00e4 30 p\u00e4iv\u00e4n kokeiluvaiheen, jossa on 200-5000 kontaktia.<\/p>\n<\/div><\/div><\/div><\/div><\/div>\n\n\n\n<div class=\"wp-block-ugb-column ugb-column ugb-d6f33f0 ugb-column--design-plain ugb-main-block\"><style>@media screen and (min-width:768px){.ugb-d6f33f0.ugb-column{margin-top:0px !important}.ugb-d6f33f0 > .ugb-inner-block > .ugb-block-content > *{justify-content:center}}.ugb-d6f33f0 > .ugb-inner-block > .ugb-block-content > *{justify-content:center !important}@media screen and (min-width:768px){.ugb-d6f33f0 > .ugb-inner-block > .ugb-block-content > *{padding-top:0px !important;padding-bottom:0px !important;padding-right:0px !important;padding-left:0px !important}}<\/style><div class=\"ugb-inner-block\"><div class=\"ugb-block-content\"><div class=\"ugb-column__item ugb-d6f33f0-column-wrapper\"><div class=\"ugb-column__content-wrapper\">\n<figure class=\"wp-block-image size-full is-style-default\"><img loading=\"lazy\" decoding=\"async\" width=\"600\" height=\"400\" src=\"https:\/\/cdn.aivie.ch\/media\/wp\/2021\/09\/24102203\/DoubleOptIn_03.png\" alt=\"\" class=\"wp-image-5552\" title=\"\" srcset=\"https:\/\/cdn.aivie.ch\/media\/wp\/2021\/09\/24102203\/DoubleOptIn_03.png 600w, https:\/\/cdn.aivie.ch\/media\/wp\/2021\/09\/24102203\/DoubleOptIn_03-480x320.png 480w\" sizes=\"auto, (max-width: 600px) 100vw, 600px\" \/><\/figure>\n<\/div><\/div><\/div><\/div><\/div>\n<\/div><\/div><\/div><\/div>\n\n<div class=\"wp-block-stackable-columns alignfull stk-block-columns stk-block stk-514dc0e stk-block-background\" data-block-id=\"514dc0e\"><style>.stk-514dc0e {background-color:#283e4c !important;padding-top:80px !important;padding-bottom:80px !important;margin-bottom:0px !important;}.stk-514dc0e:before{background-color:#283e4c !important;}.stk-514dc0e-column{--stk-column-gap:10px !important;}<\/style><div class=\"stk-row stk-inner-blocks stk-block-content stk-content-align stk-514dc0e-column\">\n<div class=\"wp-block-stackable-column stk-block-column stk-column stk-block stk-47205a5\" data-v=\"4\" data-block-id=\"47205a5\"><div class=\"stk-column-wrapper stk-block-column__content stk-container stk-47205a5-container stk--no-background stk--no-padding\"><div class=\"stk-block-content stk-inner-blocks stk-47205a5-inner-blocks\">\n<div class=\"wp-block-stackable-image stk-block-image has-text-align-right stk-block stk-57f59a8\" data-block-id=\"57f59a8\"><style>.stk-57f59a8 .stk-img-wrapper{width:313px !important;}<\/style><figure><span class=\"stk-img-wrapper stk-image--shape-stretch\"><img loading=\"lazy\" decoding=\"async\" class=\"stk-img wp-image-15194\" src=\"https:\/\/cdn.aivie.ch\/media\/wp\/2023\/09\/08102739\/Customer-Case-Ferris-Labs.jpeg\" width=\"800\" height=\"800\" alt=\"Felix - Asiakastapaus Ferris Ai\" title=\"\" srcset=\"https:\/\/cdn.aivie.ch\/media\/wp\/2023\/09\/08102739\/Customer-Case-Ferris-Labs.jpeg 800w, https:\/\/cdn.aivie.ch\/media\/wp\/2023\/09\/08102739\/Customer-Case-Ferris-Labs-240x240.jpeg 240w, https:\/\/cdn.aivie.ch\/media\/wp\/2023\/09\/08102739\/Customer-Case-Ferris-Labs-768x768.jpeg 768w, https:\/\/cdn.aivie.ch\/media\/wp\/2023\/09\/08102739\/Customer-Case-Ferris-Labs-480x480.jpeg 480w\" sizes=\"auto, (max-width: 800px) 100vw, 800px\" \/><\/span><\/figure><\/div>\n<\/div><\/div><\/div>\n\n\n\n<div class=\"wp-block-stackable-column stk-block-column stk-column stk-block stk-4bd404f\" data-v=\"4\" data-block-id=\"4bd404f\"><div class=\"stk-column-wrapper stk-block-column__content stk-container stk-4bd404f-container stk--no-background stk--no-padding\"><div class=\"stk-block-content stk-inner-blocks stk-4bd404f-inner-blocks\">\n<p class=\"has-text-align-left has-red-color has-text-color has-large-font-size\"><span style=\"color: #ffffff;\" class=\"stk-highlight\">&#8221;Olemme kaksinkertaistaneet yhteydet.\u201d<\/span><\/p>\n\n\n\n<p class=\"has-text-align-left has-red-color has-text-color has-large-font-size\"><span style=\"color: #ffffff;\" class=\"stk-highlight\">&#8221;Minulla oli nopeasti hauskaa, koska minulla on vapaus koota ty\u00f6kalu ja palvelut tarpeen mukaan.\u201d<\/span><\/p>\n\n\n\n<p class=\"has-text-align-left has-red-color has-text-color\"><span style=\"color: #ffffff;\" class=\"stk-highlight\">Felix Caprez,<\/span> <span style=\"color: #ffffff;\" class=\"stk-highlight\">Ferris AI<\/span><\/p>\n\n\n\n<div class=\"wp-block-stackable-button-group stk-block-button-group stk-block stk-f927ee0\" data-block-id=\"f927ee0\"><div class=\"stk-row stk-inner-blocks stk-block-content stk-button-group\">\n<div class=\"wp-block-stackable-button stk-block-button stk-block stk-8fb4ccf\" data-block-id=\"8fb4ccf\"><a class=\"stk-link stk-button stk--hover-effect-darken\" href=\"https:\/\/aivie.ch\/fi\/ferris-labs-on-kaksinkertaistanut-yhteystietonsa-marketing-automation-case\/\"><span class=\"stk-button__inner-text\">Asiakastapaukseen<\/span><\/a><\/div>\n<\/div><\/div>\n<\/div><\/div><\/div>\n<\/div><\/div>\n","protected":false},"excerpt":{"rendered":"<p>Managed Mautic Hosting \u2013 Onko vaihto sen arvoinen sinulle? K\u00e4yt\u00e4t Mauticia itse is\u00e4nn\u00f6inniss\u00e4. Se toimii \u2013 useimmiten. Mutta todellinen kysymys on:S\u00e4\u00e4st\u00e4\u00e4k\u00f6 Managed Mautic Hosting aikaa, riskej\u00e4 ja piilokustannuksia? Juuri t\u00e4m\u00e4n saat selville t\u00e4m\u00e4n lyhyen potentiaalianalyysin avulla. Suorita potentiaalianalyysi Kun olet suorittanut sen, tied\u00e4t sen: Onko itseis\u00e4nn\u00f6inti vakaa ja ammattimainen? Ovatko piilotetut riskit olemassa Onko Managed &hellip; <a href=\"https:\/\/aivie.ch\/fi\/managed-mautic-hosting-onko-vaihto-sen-arvoinen-sinulle\/\" class=\"more-link\">Jatka lukemista <span class=\"screen-reader-text\">Managed Mautic Hosting \u2013 Onko vaihto sen arvoinen sinulle?<\/span><\/a><\/p>\n","protected":false},"author":1,"featured_media":0,"parent":0,"menu_order":0,"comment_status":"closed","ping_status":"closed","template":"front-page.php","meta":{"_acf_changed":false,"footnotes":""},"class_list":["post-28423","page","type-page","status-publish","hentry"],"acf":[],"featured_image_urls_v2":{"full":"","thumbnail":"","medium":"","medium_large":"","large":"","post-thumbnail":"","aiv_480w":"","woocommerce_thumbnail":"","woocommerce_single":"","woocommerce_gallery_thumbnail":""},"post_excerpt_stackable_v2":"<p>Managed Mautic Hosting \u2013 Onko vaihto sen arvoinen sinulle?K\u00e4yt\u00e4t Mauticia itse is\u00e4nn\u00f6inniss\u00e4. Se toimii \u2013 useimmiten. Mutta todellinen kysymys on:S\u00e4\u00e4st\u00e4\u00e4k\u00f6 Managed Mautic Hosting aikaa, riskej\u00e4 ja piilokustannuksia?Juuri t\u00e4m\u00e4n saat selville t\u00e4m\u00e4n lyhyen potentiaalianalyysin avulla. Suorita potentiaalianalyysi Kun olet suorittanut sen, tied\u00e4t sen:Onko itseis\u00e4nn\u00f6inti vakaa ja ammattimainen?Ovatko piilotetut riskit olemassaOnko Managed Mautic Hosting strategisesti j\u00e4rkev\u00e4\u00e4 sinulle?Kuinka suuri optimointipotentiaalisi on Miksi tarkistaa Managed Mautic Hosting lainkaan?Lisenssi on ilmainen. Toiminta ei ole.T\u00e4m\u00e4 analyysi auttaa sinua ymm\u00e4rt\u00e4m\u00e4\u00e4n, s\u00e4\u00e4st\u00e4tk\u00f6 todella \u2013vai haittaako nykyinen j\u00e4rjestelm\u00e4si sinua pitk\u00e4ll\u00e4 aikav\u00e4lill\u00e4. Tied\u00e4tk\u00f6 todelliset kustannukset? Monet tiimit aliarvioivat itse is\u00e4nn\u00f6innin todelliset k\u00e4ytt\u00f6kustannukset (TCO): IT-aika p\u00e4ivityksi\u00e4 ja varmuuskopioita varten Vianm\u00e4\u00e4ritys virheiden\u2026<\/p>\n","category_list_v2":"","author_info_v2":{"name":"Adrian Schimpf","url":"https:\/\/aivie.ch\/fi\/author\/adrian\/"},"comments_num_v2":"0 comments","_links":{"self":[{"href":"https:\/\/aivie.ch\/fi\/wp-json\/wp\/v2\/pages\/28423","targetHints":{"allow":["GET"]}}],"collection":[{"href":"https:\/\/aivie.ch\/fi\/wp-json\/wp\/v2\/pages"}],"about":[{"href":"https:\/\/aivie.ch\/fi\/wp-json\/wp\/v2\/types\/page"}],"author":[{"embeddable":true,"href":"https:\/\/aivie.ch\/fi\/wp-json\/wp\/v2\/users\/1"}],"replies":[{"embeddable":true,"href":"https:\/\/aivie.ch\/fi\/wp-json\/wp\/v2\/comments?post=28423"}],"version-history":[{"count":4,"href":"https:\/\/aivie.ch\/fi\/wp-json\/wp\/v2\/pages\/28423\/revisions"}],"predecessor-version":[{"id":28457,"href":"https:\/\/aivie.ch\/fi\/wp-json\/wp\/v2\/pages\/28423\/revisions\/28457"}],"wp:attachment":[{"href":"https:\/\/aivie.ch\/fi\/wp-json\/wp\/v2\/media?parent=28423"}],"curies":[{"name":"wp","href":"https:\/\/api.w.org\/{rel}","templated":true}]}}