{"id":27121,"date":"2026-01-11T14:43:38","date_gmt":"2026-01-11T12:43:38","guid":{"rendered":"https:\/\/aivie.ch\/markkinoinnin-automaation-hakkerit\/"},"modified":"2026-01-11T14:43:39","modified_gmt":"2026-01-11T12:43:39","slug":"markkinoinnin-automaation-hakkerit","status":"publish","type":"page","link":"https:\/\/aivie.ch\/fi\/markkinoinnin-automaation-hakkerit\/","title":{"rendered":"Markkinoinnin automaation hakkerit"},"content":{"rendered":"\n<div class=\"wp-block-stackable-columns stk-block-columns stk-block stk-2c5daff\" data-block-id=\"2c5daff\"><style>.stk-2c5daff{margin-top:60px !important;margin-right:auto !important;margin-bottom:40px !important;margin-left:auto !important}.stk-2c5daff-column{max-width:90% !important}<\/style><div class=\"stk-row stk-inner-blocks has-text-align-center stk-block-content stk-content-align stk-2c5daff-column\">\n<div class=\"wp-block-stackable-column stk-block-column stk-column stk-block stk-c61e27b\" data-v=\"4\" data-block-id=\"c61e27b\"><style>.stk-c61e27b-container{max-width:600px !important}<\/style><div class=\"stk-column-wrapper stk-block-column__content stk-container stk-c61e27b-container stk--no-background stk--no-padding\"><div class=\"stk-block-content stk-inner-blocks stk-c61e27b-inner-blocks\">\n<h1 class=\"wp-block-heading\" id=\"h-marketing-automation-hacks\">Markkinoinnin automaation hakkerit<\/h1>\n\n\n\n<p>Tehosta markkinoinnin automaation tuntemustasi nopeilla ja helpoilla hakkeroinneillamme. Opi optimoimaan strategiat hetkess\u00e4 ja saamaan parempia tuloksia heti. Valmistaudu viem\u00e4\u00e4n markkinoinnin automaatio seuraavalle tasolle!\u201d  <\/p>\n<\/div><\/div><\/div>\n<\/div><\/div>\n\n<div class=\"wp-block-stackable-columns stk-block-columns stk-block stk-2778ad6 stk-block-background stk--has-background-overlay\" data-block-id=\"2778ad6\"><style>.stk-2778ad6{background-color:#ffffff !important;background-image:url(https:\/\/cdn.aivie.ch\/media\/wp\/2021\/06\/19131702\/pattern-company-960w.png) !important;background-position:bottom right !important;background-repeat:no-repeat !important;background-size:41% !important;max-width:900px !important}.stk-2778ad6:before{background-color:#ffffff !important;opacity:0.5 !important}.stk-2778ad6-column{max-width:90% !important}<\/style><div class=\"stk-row stk-inner-blocks stk-block-content stk-content-align stk-2778ad6-column\">\n<div class=\"wp-block-stackable-column stk-block-column stk-column stk-block stk-54272af\" data-v=\"4\" data-block-id=\"54272af\"><div class=\"stk-column-wrapper stk-block-column__content stk-container stk-54272af-container stk--no-background stk--no-padding\"><div class=\"stk-block-content stk-inner-blocks stk-54272af-inner-blocks\">\n<h2 class=\"wp-block-heading\" id=\"h-aktuelle-hacks\">Nykyiset hakkerit<\/h2>\n\n\n\n<div class=\"wp-block-stackable-posts stk-block-posts stk-block stk-ca8ef9f is-style-default\" data-v=\"2\" data-block-id=\"ca8ef9f\"><style>.stk-ca8ef9f{margin-bottom:40px !important}.stk-ca8ef9f .stk-img-wrapper{width:100% !important}<\/style><div class=\"stk-inner-blocks stk-content-align stk-ca8ef9f-column\"><div class=\"stk-block-posts__items\"><div class=\"stk-block-posts__item\"><div class=\"stk-container stk-ca8ef9f-container stk--no-background stk--no-padding\"><article><a href=\"https:\/\/aivie.ch\/fi\/marketing-automation-hack\/aikaa-saeaestaevae-voima-miten-hallita-rinnakkaisten-asiakaskiertojen-vaivannaekoe-markkinoinnin-automaation-avulla\/\" class=\"stk-block-posts__image-link\"><figure class=\"stk-img-wrapper stk-image--shape-stretch\"><img loading=\"lazy\" decoding=\"async\" width=\"990\" height=\"990\" src=\"https:\/\/cdn.aivie.ch\/media\/wp\/2023\/11\/30132645\/Hack-4.png\" class=\"attachment-large size-large wp-post-image\" alt=\"\" srcset=\"https:\/\/cdn.aivie.ch\/media\/wp\/2023\/11\/30132645\/Hack-4.png 1080w, https:\/\/cdn.aivie.ch\/media\/wp\/2023\/11\/30132645\/Hack-4-240x240.png 240w, https:\/\/cdn.aivie.ch\/media\/wp\/2023\/11\/30132645\/Hack-4-960x960.png 960w, https:\/\/cdn.aivie.ch\/media\/wp\/2023\/11\/30132645\/Hack-4-768x768.png 768w, https:\/\/cdn.aivie.ch\/media\/wp\/2023\/11\/30132645\/Hack-4-480x480.png 480w\" sizes=\"auto, (max-width: 990px) 100vw, 990px\" title=\"\"><\/figure><\/a><div class=\"stk-block-posts__category stk-subtitle\"><\/div><div class=\"stk-block-posts__excerpt\">Mietitk\u00f6, onko rinnakkaisten asiakaspolkujen yll\u00e4pit\u00e4miseen liittyv\u00e4 vaiva k\u00e4ym\u00e4ss\u00e4 liian suureksi? Sana &#8221;automaatio\u201d voi olla harhaanjohtava, mutta markkinoinnin automaatio tarkoittaa itse asiassa ty\u00f6t\u00e4. Sis\u00e4ll\u00f6n, kuten blogien, lyijymagneettien ja s\u00e4hk\u00f6postiviestien, luominen vaatii aikaa ja luovuutta \u2013 t\u00e4ss\u00e4 ei teko\u00e4ly voi t\u00e4ll\u00e4 hetkell\u00e4 auttaa. T\u00e4rkeint\u00e4 on kuitenkin se, ett\u00e4 luot t\u00e4m\u00e4n sis\u00e4ll\u00f6n vain kerran. Jos aiemmin loit uutiskirjeen&#8230;<\/div><a class=\"stk-block-posts__readmore\" href=\"https:\/\/aivie.ch\/fi\/marketing-automation-hack\/aikaa-saeaestaevae-voima-miten-hallita-rinnakkaisten-asiakaskiertojen-vaivannaekoe-markkinoinnin-automaation-avulla\/\">Details<\/a><\/article><\/div><\/div><div class=\"stk-block-posts__item\"><div class=\"stk-container stk-ca8ef9f-container stk--no-background stk--no-padding\"><article><a href=\"https:\/\/aivie.ch\/fi\/marketing-automation-hack\/vaehemmaen-on-enemmaen-miksi-vaehemmaen-kontakteja-voi-merkitae-enemmaen-markkinoinnin-automaatiossa\/\" class=\"stk-block-posts__image-link\"><figure class=\"stk-img-wrapper stk-image--shape-stretch\"><img loading=\"lazy\" decoding=\"async\" width=\"990\" height=\"990\" src=\"https:\/\/cdn.aivie.ch\/media\/wp\/2023\/12\/30132332\/Hack-1.png\" class=\"attachment-large size-large wp-post-image\" alt=\"\" srcset=\"https:\/\/cdn.aivie.ch\/media\/wp\/2023\/12\/30132332\/Hack-1.png 1080w, https:\/\/cdn.aivie.ch\/media\/wp\/2023\/12\/30132332\/Hack-1-240x240.png 240w, https:\/\/cdn.aivie.ch\/media\/wp\/2023\/12\/30132332\/Hack-1-960x960.png 960w, https:\/\/cdn.aivie.ch\/media\/wp\/2023\/12\/30132332\/Hack-1-768x768.png 768w, https:\/\/cdn.aivie.ch\/media\/wp\/2023\/12\/30132332\/Hack-1-480x480.png 480w\" sizes=\"auto, (max-width: 990px) 100vw, 990px\" title=\"\"><\/figure><\/a><div class=\"stk-block-posts__category stk-subtitle\"><\/div><div class=\"stk-block-posts__excerpt\">Luuletko, ett\u00e4 se ei kannata, jos sinulla on vain muutama kontakti? Unohda massat \u2013 ratkaisevaa on se, kuinka paljon aikaa s\u00e4\u00e4styy ja kuinka paljon asiakasmatka hy\u00f6tyy siit\u00e4. Erityisesti nuorille yrityksille on t\u00e4rke\u00e4\u00e4 oppia mahdollisimman paljon siit\u00e4, mitk\u00e4 viestit her\u00e4tt\u00e4v\u00e4t vastakaikua kontakteissa. Monet palveluntarjoajat k\u00e4ytt\u00e4v\u00e4t hintamalleja, joissa kustannukset kasvavat yhteydenottojen m\u00e4\u00e4r\u00e4n my\u00f6t\u00e4. Mutta t\u00e4ss\u00e4 on juju:&#8230;<\/div><a class=\"stk-block-posts__readmore\" href=\"https:\/\/aivie.ch\/fi\/marketing-automation-hack\/vaehemmaen-on-enemmaen-miksi-vaehemmaen-kontakteja-voi-merkitae-enemmaen-markkinoinnin-automaatiossa\/\">Details<\/a><\/article><\/div><\/div><div class=\"stk-block-posts__item\"><div class=\"stk-container stk-ca8ef9f-container stk--no-background stk--no-padding\"><article><a href=\"https:\/\/aivie.ch\/fi\/marketing-automation-hack\/luova-monimuotoisuus-miksi-markkinoinnin-automatisoinnissa-ei-kannata-luottaa-vain-saehkoeposteihin\/\" class=\"stk-block-posts__image-link\"><figure class=\"stk-img-wrapper stk-image--shape-stretch\"><img loading=\"lazy\" decoding=\"async\" width=\"990\" height=\"990\" src=\"https:\/\/cdn.aivie.ch\/media\/wp\/2023\/11\/30133104\/Hack-5.png\" class=\"attachment-large size-large wp-post-image\" alt=\"\" srcset=\"https:\/\/cdn.aivie.ch\/media\/wp\/2023\/11\/30133104\/Hack-5.png 1080w, https:\/\/cdn.aivie.ch\/media\/wp\/2023\/11\/30133104\/Hack-5-240x240.png 240w, https:\/\/cdn.aivie.ch\/media\/wp\/2023\/11\/30133104\/Hack-5-960x960.png 960w, https:\/\/cdn.aivie.ch\/media\/wp\/2023\/11\/30133104\/Hack-5-768x768.png 768w, https:\/\/cdn.aivie.ch\/media\/wp\/2023\/11\/30133104\/Hack-5-480x480.png 480w\" sizes=\"auto, (max-width: 990px) 100vw, 990px\" title=\"\"><\/figure><\/a><div class=\"stk-block-posts__category stk-subtitle\"><\/div><div class=\"stk-block-posts__excerpt\">Luuletko, ett\u00e4 markkinoinnin automaatio on vain s\u00e4hk\u00f6posteja? Ei lainkaan! Mit\u00e4 useampia kanavia integroit, sit\u00e4 vakuuttavampia kampanjoistasi voi tulla. \u00c4l\u00e4 l\u00e4het\u00e4 vain s\u00e4hk\u00f6posteja \u2013 ajattele laajemmin! K\u00e4yt\u00e4 tekstiviestej\u00e4, WhatsApp-viestej\u00e4 tai sovelluksen sis\u00e4isi\u00e4 viestej\u00e4 vuorovaikutuksessa yhteystietojesi kanssa. Haluaisitko mieluummin l\u00e4hett\u00e4\u00e4 jotain konkreettista? Ei ongelmaa! L\u00e4het\u00e4 henkil\u00f6kohtaisia postikortteja tai ehk\u00e4 jopa sveitsil\u00e4inen armeijan puukko valituille yhteyshenkil\u00f6ille. Mahdollisuudet ovat&#8230;<\/div><a class=\"stk-block-posts__readmore\" href=\"https:\/\/aivie.ch\/fi\/marketing-automation-hack\/luova-monimuotoisuus-miksi-markkinoinnin-automatisoinnissa-ei-kannata-luottaa-vain-saehkoeposteihin\/\">Details<\/a><\/article><\/div><\/div><div class=\"stk-block-posts__item\"><div class=\"stk-container stk-ca8ef9f-container stk--no-background stk--no-padding\"><article><a href=\"https:\/\/aivie.ch\/fi\/marketing-automation-hack\/sinun-menestyksesi-sinun-saeaentoesi-kuinka-viedae-markkinointikampanjasi-seuraavalle-tasolle-aelykkaeaen-automaation-avulla\/\" class=\"stk-block-posts__image-link\"><figure class=\"stk-img-wrapper stk-image--shape-stretch\"><img loading=\"lazy\" decoding=\"async\" width=\"990\" height=\"990\" src=\"https:\/\/cdn.aivie.ch\/media\/wp\/2023\/11\/30120344\/Hack.png\" class=\"attachment-large size-large wp-post-image\" alt=\"\" srcset=\"https:\/\/cdn.aivie.ch\/media\/wp\/2023\/11\/30120344\/Hack.png 1080w, https:\/\/cdn.aivie.ch\/media\/wp\/2023\/11\/30120344\/Hack-240x240.png 240w, https:\/\/cdn.aivie.ch\/media\/wp\/2023\/11\/30120344\/Hack-960x960.png 960w, https:\/\/cdn.aivie.ch\/media\/wp\/2023\/11\/30120344\/Hack-768x768.png 768w, https:\/\/cdn.aivie.ch\/media\/wp\/2023\/11\/30120344\/Hack-480x480.png 480w\" sizes=\"auto, (max-width: 990px) 100vw, 990px\" title=\"\"><\/figure><\/a><div class=\"stk-block-posts__category stk-subtitle\"><\/div><div class=\"stk-block-posts__excerpt\">Haluatko todella, ett\u00e4 markkinointikampanjasi menee l\u00e4pi katon? Silloin kaikki alkaa selkeist\u00e4 liiketoiminnallisista tavoitteista. Miksi luotat markkinoinnin automaatioon? T\u00e4m\u00e4 on kampanjasi liikkeellepaneva voima. Mutta siin\u00e4 ei ole viel\u00e4 kaikki \u2013 tarkastele koko asiakaspolkua ja suunnittele se ajatuksiesi mukaan. M\u00e4\u00e4rittele kanavat ja kosketuspisteet, joiden kautta voit olla suoraan vuorovaikutuksessa asiakkaidesi kanssa. Siirry henkil\u00f6si rooliin ja mieti, mit\u00e4&#8230;<\/div><a class=\"stk-block-posts__readmore\" href=\"https:\/\/aivie.ch\/fi\/marketing-automation-hack\/sinun-menestyksesi-sinun-saeaentoesi-kuinka-viedae-markkinointikampanjasi-seuraavalle-tasolle-aelykkaeaen-automaation-avulla\/\">Details<\/a><\/article><\/div><\/div><div class=\"stk-block-posts__item\"><div class=\"stk-container stk-ca8ef9f-container stk--no-background stk--no-padding\"><article><a href=\"https:\/\/aivie.ch\/fi\/marketing-automation-hack\/sinun-menestystarinasi-miksi-markkinoinnin-automaatio-sopii-jokaiselle-organisaatiolle\/\" class=\"stk-block-posts__image-link\"><figure class=\"stk-img-wrapper stk-image--shape-stretch\"><img loading=\"lazy\" decoding=\"async\" width=\"990\" height=\"990\" src=\"https:\/\/cdn.aivie.ch\/media\/wp\/2023\/11\/30125818\/Hack-3.png\" class=\"attachment-large size-large wp-post-image\" alt=\"\" srcset=\"https:\/\/cdn.aivie.ch\/media\/wp\/2023\/11\/30125818\/Hack-3.png 1080w, https:\/\/cdn.aivie.ch\/media\/wp\/2023\/11\/30125818\/Hack-3-240x240.png 240w, https:\/\/cdn.aivie.ch\/media\/wp\/2023\/11\/30125818\/Hack-3-960x960.png 960w, https:\/\/cdn.aivie.ch\/media\/wp\/2023\/11\/30125818\/Hack-3-768x768.png 768w, https:\/\/cdn.aivie.ch\/media\/wp\/2023\/11\/30125818\/Hack-3-480x480.png 480w\" sizes=\"auto, (max-width: 990px) 100vw, 990px\" title=\"\"><\/figure><\/a><div class=\"stk-block-posts__category stk-subtitle\"><\/div><div class=\"stk-block-posts__excerpt\">Luuletko, ett\u00e4 markkinoinnin automatisointi on vain tiettyj\u00e4 organisaatioita varten? Unohda se! N\u00e4m\u00e4 \u00e4lykk\u00e4\u00e4t konseptit sopivat kaikille organisaatioille, jotka haluavat rakentaa menestyksekk\u00e4\u00e4sti suhteita kontakteihinsa verkossa. Myitp\u00e4 sitten jotain perinteisess\u00e4 mieless\u00e4 tai halusitpa vain jakaa t\u00e4rke\u00e4n viestin \u2013 markkinoinnin automatisoinnin avulla voit kehitt\u00e4\u00e4 vahvoja suhteita kontakteihisi askel askeleelta. T\u00e4m\u00e4 on korvaamatonta riippumatta liiketoimintasi tarkoituksesta. Kuka tahansa oletkin&#8230;<\/div><a class=\"stk-block-posts__readmore\" href=\"https:\/\/aivie.ch\/fi\/marketing-automation-hack\/sinun-menestystarinasi-miksi-markkinoinnin-automaatio-sopii-jokaiselle-organisaatiolle\/\">Details<\/a><\/article><\/div><\/div><\/div><div class=\"stk-inner-blocks\"><\/div><\/div><\/div>\n<\/div><\/div><\/div>\n<\/div><\/div>\n\n<div class=\"wp-block-stackable-columns alignfull stk-block-columns stk-block stk-80883a5 stk-block-background\" data-block-id=\"80883a5\"><style>.stk-80883a5{background-color:#cfe7e1 !important;padding-top:80px !important;padding-bottom:80px !important;margin-top:0px !important;margin-bottom:0px !important}.stk-80883a5:before{background-color:#cfe7e1 !important}.stk-80883a5-column{--stk-column-gap:60px !important}<\/style><div class=\"stk-row stk-inner-blocks stk-block-content stk-content-align stk-80883a5-column\">\n<div class=\"wp-block-stackable-column stk-block-column stk-column stk-block stk-a84d2af\" data-v=\"4\" data-block-id=\"a84d2af\"><div class=\"stk-column-wrapper stk-block-column__content stk-container stk-a84d2af-container stk--no-background stk--no-padding\"><div class=\"stk-block-content stk-inner-blocks stk-a84d2af-inner-blocks\">\n<h2 class=\"wp-block-heading\" id=\"h-marketing-automation-einfach-gemacht\">Markkinoinnin automatisointi helposti.<\/h2>\n\n\n\n<p>Kirjoita vain s\u00e4hk\u00f6postiosoitteesi ja saat heti p\u00e4\u00e4syn kaikkiin aiempiin ja tuleviin strategioihin ja vinkkeihin. \u00c4l\u00e4 missaa tilaisuutta parantaa markkinointitiet\u00e4myst\u00e4si jatkuvasti!\u201d <\/p>\n<\/div><\/div><\/div>\n\n\n\n<div class=\"wp-block-stackable-column stk-block-column stk-column stk-block stk-78cc069\" data-v=\"4\" data-block-id=\"78cc069\"><div class=\"stk-column-wrapper stk-block-column__content stk-container stk-78cc069-container stk--no-background stk--no-padding\"><div class=\"stk-block-content stk-inner-blocks stk-78cc069-inner-blocks\">\n<div class=\"wp-block-stackable-heading stk-block-heading stk-block-heading--v2 stk-block stk-57881db\" id=\"span-style-color-283-e-4-c-class-ugb-highlight-jetzt-anmelden-und-mehr-wissen-span\" data-block-id=\"57881db\"><style>.stk-57881db{margin-bottom:40px !important}<\/style><h2 class=\"stk-block-heading__text\"><span style=\"color: #283e4c;\" class=\"ugb-highlight\">Rekister\u00f6idy nyt ja opi lis\u00e4\u00e4<\/span><\/h2><\/div>\n\n\n<script type=\"text\/javascript\" src=\"https:\/\/m.aivie.ch\/form\/generate.js?id=74\"><\/script>\n<\/div><\/div><\/div>\n<\/div><\/div>\n","protected":false},"excerpt":{"rendered":"<p>Markkinoinnin automaation hakkerit Tehosta markkinoinnin automaation tuntemustasi nopeilla ja helpoilla hakkeroinneillamme. Opi optimoimaan strategiat hetkess\u00e4 ja saamaan parempia tuloksia heti. Valmistaudu viem\u00e4\u00e4n markkinoinnin automaatio seuraavalle tasolle!\u201d Nykyiset hakkerit Mietitk\u00f6, onko rinnakkaisten asiakaspolkujen yll\u00e4pit\u00e4miseen liittyv\u00e4 vaiva k\u00e4ym\u00e4ss\u00e4 liian suureksi? Sana &#8221;automaatio\u201d voi olla harhaanjohtava, mutta markkinoinnin automaatio tarkoittaa itse asiassa ty\u00f6t\u00e4. Sis\u00e4ll\u00f6n, kuten blogien, lyijymagneettien ja &hellip; <a href=\"https:\/\/aivie.ch\/fi\/markkinoinnin-automaation-hakkerit\/\" class=\"more-link\">Jatka lukemista <span class=\"screen-reader-text\">Markkinoinnin automaation hakkerit<\/span><\/a><\/p>\n","protected":false},"author":1,"featured_media":0,"parent":0,"menu_order":0,"comment_status":"closed","ping_status":"closed","template":"front-page.php","meta":{"_acf_changed":false,"footnotes":""},"class_list":["post-27121","page","type-page","status-publish","hentry"],"acf":[],"featured_image_urls_v2":{"full":"","thumbnail":"","medium":"","medium_large":"","large":"","post-thumbnail":"","aiv_480w":"","woocommerce_thumbnail":"","woocommerce_single":"","woocommerce_gallery_thumbnail":""},"post_excerpt_stackable_v2":"<p>Markkinoinnin automaation hakkerit Tehosta markkinoinnin automaation tuntemustasi nopeilla ja helpoilla hakkeroinneillamme. Opi optimoimaan strategiat hetkess\u00e4 ja saamaan parempia tuloksia heti. Valmistaudu viem\u00e4\u00e4n markkinoinnin automaatio seuraavalle tasolle!\u201d Nykyiset hakkerit Luuletko, ett\u00e4 markkinoinnin automatisointi on vain tiettyj\u00e4 organisaatioita varten? Unohda se! N\u00e4m\u00e4 \u00e4lykk\u00e4\u00e4t konseptit sopivat kaikille organisaatioille, jotka haluavat rakentaa menestyksekk\u00e4\u00e4sti suhteita kontakteihinsa verkossa. Myitp\u00e4 sitten jotain perinteisess\u00e4 mieless\u00e4 tai halusitpa vain jakaa t\u00e4rke\u00e4n viestin \u2013 markkinoinnin automatisoinnin avulla voit kehitt\u00e4\u00e4 vahvoja suhteita kontakteihisi askel askeleelta. T\u00e4m\u00e4 on korvaamatonta riippumatta liiketoimintasi tarkoituksesta. Kuka tahansa oletkin&#8230;DetailsMietitk\u00f6, onko rinnakkaisten asiakaspolkujen yll\u00e4pit\u00e4miseen liittyv\u00e4 vaiva k\u00e4ym\u00e4ss\u00e4 liian suureksi? Sana &#8221;automaatio\u201d voi olla harhaanjohtava, mutta markkinoinnin automaatio\u2026<\/p>\n","category_list_v2":"","author_info_v2":{"name":"Adrian Schimpf","url":"https:\/\/aivie.ch\/fi\/author\/adrian\/"},"comments_num_v2":"0 comments","_links":{"self":[{"href":"https:\/\/aivie.ch\/fi\/wp-json\/wp\/v2\/pages\/27121","targetHints":{"allow":["GET"]}}],"collection":[{"href":"https:\/\/aivie.ch\/fi\/wp-json\/wp\/v2\/pages"}],"about":[{"href":"https:\/\/aivie.ch\/fi\/wp-json\/wp\/v2\/types\/page"}],"author":[{"embeddable":true,"href":"https:\/\/aivie.ch\/fi\/wp-json\/wp\/v2\/users\/1"}],"replies":[{"embeddable":true,"href":"https:\/\/aivie.ch\/fi\/wp-json\/wp\/v2\/comments?post=27121"}],"version-history":[{"count":1,"href":"https:\/\/aivie.ch\/fi\/wp-json\/wp\/v2\/pages\/27121\/revisions"}],"predecessor-version":[{"id":27123,"href":"https:\/\/aivie.ch\/fi\/wp-json\/wp\/v2\/pages\/27121\/revisions\/27123"}],"wp:attachment":[{"href":"https:\/\/aivie.ch\/fi\/wp-json\/wp\/v2\/media?parent=27121"}],"curies":[{"name":"wp","href":"https:\/\/api.w.org\/{rel}","templated":true}]}}